{"id":31979,"date":"2025-06-10T10:21:02","date_gmt":"2025-06-10T09:21:02","guid":{"rendered":"https:\/\/www.fld-lille.fr\/?page_id=31979"},"modified":"2025-10-22T14:25:44","modified_gmt":"2025-10-22T13:25:44","slug":"courses","status":"publish","type":"page","link":"https:\/\/www.fld-lille.fr\/en\/courses\/","title":{"rendered":"Courses"},"content":{"rendered":"<div class=\"wpb-content-wrapper\"><p>[vc_row][vc_column][vc_column_text css=&#8221;&#8221;]Find out more about our law courses at our two university campuses in Lille and Issy-les-Moulineaux.<br \/>\nIf you would like to ask our students any questions about undergraduate studies and life at the FLD, please contact them.<\/p>\n<p style=\"text-align: center;\"><strong><span style=\"color: #ff0000;\"><a class=\"button-secondary\" style=\"color: #ff0000;\" href=\"https:\/\/www.fld-lille.fr\/nos-ambassadeurs\/\" target=\"_blank\" rel=\"noopener\">Contact our students<\/a><\/span><\/strong><\/p>\n<p>[\/vc_column_text][\/vc_column][\/vc_row][vc_row][vc_column][vc_column_text css=&#8221;&#8221;]<\/p>\n<h2><span style=\"color: #ff0000;\">Bachelor<\/span><\/h2>\n<p>[\/vc_column_text][\/vc_column][\/vc_row][vc_row][vc_column width=&#8221;1\/4&#8243;]<div class=\"formation-box\">\n  <a href=\"https:\/\/www.fld-lille.fr\/en\/course\/european-ll-b-in-law-lille\/\"  target=\"_blank\" rel=\"noopener\" class=\"formation\" style=\"background-image:url('https:\/\/www.fld-lille.fr\/wp-content\/uploads\/2020\/02\/DSC_0842-scaled-400x375-c-default.jpg')\">\n    <div class=\"formation-content\">\n      <h2 class=\"formation-title\">European LL.B. in Law<\/h2>      <p class=\"formation-subtitle\">Lille<\/p>    <\/div>\n  <\/a>\n<\/div>\n[\/vc_column][vc_column width=&#8221;1\/4&#8243;]<div class=\"formation-box\">\n  <a href=\"https:\/\/www.fld-lille.fr\/en\/course\/european-ll-b-in-law-issy\/\"  target=\"_blank\" rel=\"noopener\" class=\"formation\" style=\"background-image:url('https:\/\/www.fld-lille.fr\/wp-content\/uploads\/2016\/11\/fld-campus-international-400x375-c-default.jpg')\">\n    <div class=\"formation-content\">\n      <h2 class=\"formation-title\">European LL.B. in Law<\/h2>      <p class=\"formation-subtitle\">Issy-les-Moulineaux<\/p>    <\/div>\n  <\/a>\n<\/div>\n[\/vc_column][vc_column width=&#8221;1\/4&#8243;]<div class=\"formation-box\">\n  <a href=\"https:\/\/www.fld-lille.fr\/en\/course\/law-media-l-lb\/\"  target=\"_blank\" rel=\"noopener\" class=\"formation\" style=\"background-image:url('https:\/\/www.fld-lille.fr\/wp-content\/uploads\/2025\/09\/gros-plan-sur-un-journaliste-prenant-une-interview-scaled-400x375-c-default.jpg')\">\n    <div class=\"formation-content\">\n      <h2 class=\"formation-title\">Law &amp; Media L.L.B.<\/h2>      <p class=\"formation-subtitle\">Issy-les-Moulineaux<\/p>    <\/div>\n  <\/a>\n<\/div>\n[\/vc_column][vc_column width=&#8221;1\/4&#8243;][\/vc_column][\/vc_row][vc_row][vc_column][vc_column_text css=&#8221;&#8221;]<\/p>\n<h2><span style=\"color: #ff0000;\">Master<\/span><\/h2>\n<p>[\/vc_column_text][\/vc_column][\/vc_row][vc_row][vc_column width=&#8221;1\/4&#8243;]<div class=\"formation-box\">\n  <a href=\"https:\/\/www.fld-lille.fr\/en\/course\/llm-business-law\/\"  target=\"_blank\" rel=\"noopener\" class=\"formation\" style=\"background-image:url('https:\/\/www.fld-lille.fr\/wp-content\/uploads\/2025\/02\/businessman-signing-important-contract-papers-scaled-400x375-c-default.jpg')\">\n    <div class=\"formation-content\">\n      <h2 class=\"formation-title\">Master in Business Law<\/h2>      <p class=\"formation-subtitle\">Issy-les-Moulineaux<\/p>    <\/div>\n  <\/a>\n<\/div>\n[\/vc_column][vc_column width=&#8221;1\/4&#8243;]<div class=\"formation-box\">\n  <a href=\"https:\/\/www.fld-lille.fr\/en\/course\/llm-franco-german-and-business-law\/\"  target=\"_blank\" rel=\"noopener\" class=\"formation\" style=\"background-image:url('https:\/\/www.fld-lille.fr\/wp-content\/uploads\/2025\/06\/comFLD2025_ILM.HD-42-scaled-400x375-c-default.jpg')\">\n    <div class=\"formation-content\">\n      <h2 class=\"formation-title\">Master in Franco-German &amp; European<br \/>\nBusiness Law<\/h2>      <p class=\"formation-subtitle\">Issy-les-Moulineaux<\/p>    <\/div>\n  <\/a>\n<\/div>\n[\/vc_column][vc_column width=&#8221;1\/4&#8243;]<div class=\"formation-box\">\n  <a href=\"https:\/\/www.fld-lille.fr\/en\/course\/ll-m-international-european-law-100-in-english\/\"  target=\"_blank\" rel=\"noopener\" class=\"formation\" style=\"background-image:url('https:\/\/www.fld-lille.fr\/wp-content\/uploads\/2025\/06\/addendumFLDlille.HD-7-scaled-400x375-c-default.jpg')\">\n    <div class=\"formation-content\">\n      <h2 class=\"formation-title\">Master in European Law &amp; Litigation<\/h2>      <p class=\"formation-subtitle\">Lille<\/p>    <\/div>\n  <\/a>\n<\/div>\n[\/vc_column][vc_column width=&#8221;1\/4&#8243;]<div class=\"formation-box\">\n  <a href=\"https:\/\/www.fld-lille.fr\/en\/course\/llm-international-and-european-law-human-rights-security-development\/\"  target=\"_blank\" rel=\"noopener\" class=\"formation\" style=\"background-image:url('https:\/\/www.fld-lille.fr\/wp-content\/uploads\/2025\/06\/FLDlille.spring2025.HD-53-scaled-400x375-c-default.jpg')\">\n    <div class=\"formation-content\">\n      <h2 class=\"formation-title\">Master in International &amp; European Law<br \/>\nHuman Rights, Security &amp; Development<\/h2>      <p class=\"formation-subtitle\">Lille<\/p>    <\/div>\n  <\/a>\n<\/div>\n[\/vc_column][\/vc_row][vc_row][vc_column width=&#8221;1\/4&#8243;]<div class=\"formation-box\">\n  <a href=\"https:\/\/www.fld-lille.fr\/en\/course\/masters-law-governance-technology\/\"  target=\"_blank\" rel=\"noopener\" class=\"formation\" style=\"background-image:url('https:\/\/www.fld-lille.fr\/wp-content\/uploads\/2022\/11\/NUMERIQUE-1-scaled-400x375-c-default.jpeg')\">\n    <div class=\"formation-content\">\n      <h2 class=\"formation-title\">Master in Law, Governance &amp; Technology<\/h2>      <p class=\"formation-subtitle\">Issy-les-Moulineaux<\/p>    <\/div>\n  <\/a>\n<\/div>\n[\/vc_column][vc_column width=&#8221;1\/4&#8243;]<div class=\"formation-box\">\n  <a href=\"https:\/\/www.fld-lille.fr\/en\/course\/llm-international-european-law-business-competition-law\/\"  target=\"_blank\" rel=\"noopener\" class=\"formation\" style=\"background-image:url('https:\/\/www.fld-lille.fr\/wp-content\/uploads\/2025\/06\/FLDlille.spring2025.HD-64-scaled-400x375-c-default.jpg')\">\n    <div class=\"formation-content\">\n      <h2 class=\"formation-title\">Master in International and European Law<br \/>\nBusiness &amp; Competition Law<\/h2>      <p class=\"formation-subtitle\">Lille<\/p>    <\/div>\n  <\/a>\n<\/div>\n[\/vc_column][vc_column width=&#8221;1\/4&#8243;][\/vc_column][vc_column width=&#8221;1\/4&#8243;][\/vc_column][\/vc_row][vc_row][vc_column][vc_column_text css=&#8221;&#8221;]<\/p>\n<h2><span style=\"color: #ff0000;\">Dual degree with EDHEC<\/span><\/h2>\n<p>[\/vc_column_text][\/vc_column][\/vc_row][vc_row][vc_column width=&#8221;1\/4&#8243;]<div class=\"formation-box\">\n  <a href=\"https:\/\/www.fld-lille.fr\/en\/course\/llb-in-business-law-and-management\/\"  target=\"_blank\" rel=\"noopener\" class=\"formation\" style=\"background-image:url('https:\/\/www.fld-lille.fr\/wp-content\/uploads\/2023\/01\/group-of-diverse-people-having-business-meeting-400x375-c-default.jpg')\">\n    <div class=\"formation-content\">\n      <h2 class=\"formation-title\">Business Law &amp; Management<\/p>\n<p>EDHEC<\/h2>      <p class=\"formation-subtitle\">Lille<\/p>    <\/div>\n  <\/a>\n<\/div>\n[\/vc_column][vc_column width=&#8221;1\/4&#8243;]<div class=\"formation-box\">\n  <a href=\"https:\/\/www.fld-lille.fr\/en\/course\/international-law-finance\/\"  target=\"_blank\" rel=\"noopener\" class=\"formation\" style=\"background-image:url('https:\/\/www.fld-lille.fr\/wp-content\/uploads\/2022\/11\/DSC08764-flo-3-400x375-c-default.jpg')\">\n    <div class=\"formation-content\">\n      <h2 class=\"formation-title\">International Law &amp; Finance<\/p>\n<p>EDHEC<\/h2>      <p class=\"formation-subtitle\">Issy-les-Moulineaux<\/p>    <\/div>\n  <\/a>\n<\/div>\n[\/vc_column][vc_column width=&#8221;1\/4&#8243;]<div class=\"formation-box\">\n  <a href=\"https:\/\/www.fld-lille.fr\/en\/course\/llb-english-french-law\/\"  target=\"_blank\" rel=\"noopener\" class=\"formation\" style=\"background-image:url('https:\/\/www.fld-lille.fr\/wp-content\/uploads\/2025\/09\/ChatGPT-Image-12-sept.-2025-15_42_16-400x375-c-default.png')\">\n    <div class=\"formation-content\">\n      <h2 class=\"formation-title\">L.L.B. English &amp; French Law<\/p>\n<p>ESSEX<\/h2>      <p class=\"formation-subtitle\">Lille<\/p>    <\/div>\n  <\/a>\n<\/div>\n[\/vc_column][vc_column width=&#8221;1\/4&#8243;][\/vc_column][\/vc_row][vc_row][vc_column][vc_column_text css=&#8221;&#8221;]<\/p>\n<h2><span style=\"color: #ff0000;\">Graduate Diploma<\/span><\/h2>\n<p>[\/vc_column_text][\/vc_column][\/vc_row][vc_row][vc_column width=&#8221;1\/4&#8243;]<div class=\"formation-box\">\n  <a href=\"https:\/\/www.fld-lille.fr\/en\/course\/graduate-diploma-law-and-digital-technologies\/\"  target=\"_blank\" rel=\"noopener\" class=\"formation\" style=\"background-image:url('https:\/\/www.fld-lille.fr\/wp-content\/uploads\/2021\/04\/DU-400x375-c-default.jpg')\">\n    <div class=\"formation-content\">\n      <h2 class=\"formation-title\">Law &amp; Digital Technologies<\/h2>      <p class=\"formation-subtitle\">Issy-les-Moulineaux<\/p>    <\/div>\n  <\/a>\n<\/div>\n[\/vc_column][vc_column width=&#8221;1\/4&#8243;]<div class=\"formation-box\">\n  <a href=\"https:\/\/www.fld-lille.fr\/en\/course\/international-and-business-ethics\/\"  target=\"_blank\" rel=\"noopener\" class=\"formation\" style=\"background-image:url('https:\/\/www.fld-lille.fr\/wp-content\/uploads\/2023\/01\/businessman-working-with-documentation-at-desk-400x375-c-default.jpg')\">\n    <div class=\"formation-content\">\n      <h2 class=\"formation-title\">International Compliance and Business Ethics<\/h2>      <p class=\"formation-subtitle\">Lille<\/p>    <\/div>\n  <\/a>\n<\/div>\n[\/vc_column][vc_column width=&#8221;1\/4&#8243;][\/vc_column][vc_column width=&#8221;1\/4&#8243;][\/vc_column][\/vc_row]<\/p>\n<\/div>","protected":false},"excerpt":{"rendered":"<p>[vc_row][vc_column][vc_column_text css=&#8221;&#8221;]Find out more about our law courses at our two university campuses in Lille and Issy-les-Moulineaux. If you would like to ask our students any questions about undergraduate studies and life at the FLD, please contact them. Contact our students [\/vc_column_text][\/vc_column][\/vc_row][vc_row][vc_column][vc_column_text css=&#8221;&#8221;] Bachelor [\/vc_column_text][\/vc_column][\/vc_row][vc_row][vc_column width=&#8221;1\/4&#8243;][\/vc_column][vc_column width=&#8221;1\/4&#8243;][\/vc_column][vc_column width=&#8221;1\/4&#8243;][\/vc_column][vc_column width=&#8221;1\/4&#8243;][\/vc_column][\/vc_row][vc_row][vc_column][vc_column_text css=&#8221;&#8221;] Master [\/vc_column_text][\/vc_column][\/vc_row][vc_row][vc_column width=&#8221;1\/4&#8243;][\/vc_column][vc_column width=&#8221;1\/4&#8243;][\/vc_column][vc_column width=&#8221;1\/4&#8243;][\/vc_column][vc_column [&hellip;]<\/p>\n","protected":false},"author":38,"featured_media":0,"parent":0,"menu_order":0,"comment_status":"closed","ping_status":"closed","template":"","meta":{"_acf_changed":false,"footnotes":""},"class_list":["post-31979","page","type-page","status-publish","hentry"],"acf":[],"yoast_head":"<!-- This site is optimized with the Yoast SEO plugin v27.3 - https:\/\/yoast.com\/product\/yoast-seo-wordpress\/ -->\n<title>Courses - Facult\u00e9 de droit<\/title>\n<meta name=\"robots\" content=\"index, follow, max-snippet:-1, max-image-preview:large, max-video-preview:-1\" \/>\n<link rel=\"canonical\" href=\"https:\/\/www.fld-lille.fr\/en\/courses\/\" \/>\n<meta property=\"og:locale\" content=\"en_US\" \/>\n<meta property=\"og:type\" content=\"article\" \/>\n<meta property=\"og:title\" content=\"Courses - Facult\u00e9 de droit\" \/>\n<meta property=\"og:description\" content=\"[vc_row][vc_column][vc_column_text css=&#8221;&#8221;]Find out more about our law courses at our two university campuses in Lille and Issy-les-Moulineaux. If you would like to ask our students any questions about undergraduate studies and life at the FLD, please contact them. Contact our students [\/vc_column_text][\/vc_column][\/vc_row][vc_row][vc_column][vc_column_text css=&#8221;&#8221;] Bachelor [\/vc_column_text][\/vc_column][\/vc_row][vc_row][vc_column width=&#8221;1\/4&#8243;][\/vc_column][vc_column width=&#8221;1\/4&#8243;][\/vc_column][vc_column width=&#8221;1\/4&#8243;][\/vc_column][vc_column width=&#8221;1\/4&#8243;][\/vc_column][\/vc_row][vc_row][vc_column][vc_column_text css=&#8221;&#8221;] Master [\/vc_column_text][\/vc_column][\/vc_row][vc_row][vc_column width=&#8221;1\/4&#8243;][\/vc_column][vc_column width=&#8221;1\/4&#8243;][\/vc_column][vc_column width=&#8221;1\/4&#8243;][\/vc_column][vc_column [&hellip;]\" \/>\n<meta property=\"og:url\" content=\"https:\/\/www.fld-lille.fr\/en\/courses\/\" \/>\n<meta property=\"og:site_name\" content=\"Facult\u00e9 de droit\" \/>\n<meta property=\"article:publisher\" content=\"https:\/\/www.facebook.com\/FLDLilleParis\/\" \/>\n<meta property=\"article:modified_time\" content=\"2025-10-22T13:25:44+00:00\" \/>\n<meta name=\"twitter:card\" content=\"summary_large_image\" \/>\n<meta name=\"twitter:label1\" content=\"Est. reading time\" \/>\n\t<meta name=\"twitter:data1\" content=\"4 minutes\" \/>\n<script type=\"application\/ld+json\" class=\"yoast-schema-graph\">{\"@context\":\"https:\\\/\\\/schema.org\",\"@graph\":[{\"@type\":\"WebPage\",\"@id\":\"https:\\\/\\\/www.fld-lille.fr\\\/en\\\/courses\\\/\",\"url\":\"https:\\\/\\\/www.fld-lille.fr\\\/en\\\/courses\\\/\",\"name\":\"Courses - Facult\u00e9 de droit\",\"isPartOf\":{\"@id\":\"https:\\\/\\\/www.fld-lille.fr\\\/#website\"},\"datePublished\":\"2025-06-10T09:21:02+00:00\",\"dateModified\":\"2025-10-22T13:25:44+00:00\",\"breadcrumb\":{\"@id\":\"https:\\\/\\\/www.fld-lille.fr\\\/en\\\/courses\\\/#breadcrumb\"},\"inLanguage\":\"en-US\",\"potentialAction\":[{\"@type\":\"ReadAction\",\"target\":[\"https:\\\/\\\/www.fld-lille.fr\\\/en\\\/courses\\\/\"]}]},{\"@type\":\"BreadcrumbList\",\"@id\":\"https:\\\/\\\/www.fld-lille.fr\\\/en\\\/courses\\\/#breadcrumb\",\"itemListElement\":[{\"@type\":\"ListItem\",\"position\":1,\"name\":\"Accueil\",\"item\":\"https:\\\/\\\/www.fld-lille.fr\\\/en\\\/\"},{\"@type\":\"ListItem\",\"position\":2,\"name\":\"Courses\"}]},{\"@type\":\"WebSite\",\"@id\":\"https:\\\/\\\/www.fld-lille.fr\\\/#website\",\"url\":\"https:\\\/\\\/www.fld-lille.fr\\\/\",\"name\":\"Facult\u00e9 de droit\",\"description\":\"Les facult\u00e9s de l&#039;Universit\u00e9 Catholique de Lille\",\"potentialAction\":[{\"@type\":\"SearchAction\",\"target\":{\"@type\":\"EntryPoint\",\"urlTemplate\":\"https:\\\/\\\/www.fld-lille.fr\\\/?s={search_term_string}\"},\"query-input\":{\"@type\":\"PropertyValueSpecification\",\"valueRequired\":true,\"valueName\":\"search_term_string\"}}],\"inLanguage\":\"en-US\"}]}<\/script>\n<!-- \/ Yoast SEO plugin. -->","yoast_head_json":{"title":"Courses - Facult\u00e9 de droit","robots":{"index":"index","follow":"follow","max-snippet":"max-snippet:-1","max-image-preview":"max-image-preview:large","max-video-preview":"max-video-preview:-1"},"canonical":"https:\/\/www.fld-lille.fr\/en\/courses\/","og_locale":"en_US","og_type":"article","og_title":"Courses - Facult\u00e9 de droit","og_description":"[vc_row][vc_column][vc_column_text css=&#8221;&#8221;]Find out more about our law courses at our two university campuses in Lille and Issy-les-Moulineaux. If you would like to ask our students any questions about undergraduate studies and life at the FLD, please contact them. Contact our students [\/vc_column_text][\/vc_column][\/vc_row][vc_row][vc_column][vc_column_text css=&#8221;&#8221;] Bachelor [\/vc_column_text][\/vc_column][\/vc_row][vc_row][vc_column width=&#8221;1\/4&#8243;][\/vc_column][vc_column width=&#8221;1\/4&#8243;][\/vc_column][vc_column width=&#8221;1\/4&#8243;][\/vc_column][vc_column width=&#8221;1\/4&#8243;][\/vc_column][\/vc_row][vc_row][vc_column][vc_column_text css=&#8221;&#8221;] Master [\/vc_column_text][\/vc_column][\/vc_row][vc_row][vc_column width=&#8221;1\/4&#8243;][\/vc_column][vc_column width=&#8221;1\/4&#8243;][\/vc_column][vc_column width=&#8221;1\/4&#8243;][\/vc_column][vc_column [&hellip;]","og_url":"https:\/\/www.fld-lille.fr\/en\/courses\/","og_site_name":"Facult\u00e9 de droit","article_publisher":"https:\/\/www.facebook.com\/FLDLilleParis\/","article_modified_time":"2025-10-22T13:25:44+00:00","twitter_card":"summary_large_image","twitter_misc":{"Est. reading time":"4 minutes"},"schema":{"@context":"https:\/\/schema.org","@graph":[{"@type":"WebPage","@id":"https:\/\/www.fld-lille.fr\/en\/courses\/","url":"https:\/\/www.fld-lille.fr\/en\/courses\/","name":"Courses - Facult\u00e9 de droit","isPartOf":{"@id":"https:\/\/www.fld-lille.fr\/#website"},"datePublished":"2025-06-10T09:21:02+00:00","dateModified":"2025-10-22T13:25:44+00:00","breadcrumb":{"@id":"https:\/\/www.fld-lille.fr\/en\/courses\/#breadcrumb"},"inLanguage":"en-US","potentialAction":[{"@type":"ReadAction","target":["https:\/\/www.fld-lille.fr\/en\/courses\/"]}]},{"@type":"BreadcrumbList","@id":"https:\/\/www.fld-lille.fr\/en\/courses\/#breadcrumb","itemListElement":[{"@type":"ListItem","position":1,"name":"Accueil","item":"https:\/\/www.fld-lille.fr\/en\/"},{"@type":"ListItem","position":2,"name":"Courses"}]},{"@type":"WebSite","@id":"https:\/\/www.fld-lille.fr\/#website","url":"https:\/\/www.fld-lille.fr\/","name":"Facult\u00e9 de droit","description":"Les facult\u00e9s de l&#039;Universit\u00e9 Catholique de Lille","potentialAction":[{"@type":"SearchAction","target":{"@type":"EntryPoint","urlTemplate":"https:\/\/www.fld-lille.fr\/?s={search_term_string}"},"query-input":{"@type":"PropertyValueSpecification","valueRequired":true,"valueName":"search_term_string"}}],"inLanguage":"en-US"}]}},"_links":{"self":[{"href":"https:\/\/www.fld-lille.fr\/en\/wp-json\/wp\/v2\/pages\/31979","targetHints":{"allow":["GET"]}}],"collection":[{"href":"https:\/\/www.fld-lille.fr\/en\/wp-json\/wp\/v2\/pages"}],"about":[{"href":"https:\/\/www.fld-lille.fr\/en\/wp-json\/wp\/v2\/types\/page"}],"author":[{"embeddable":true,"href":"https:\/\/www.fld-lille.fr\/en\/wp-json\/wp\/v2\/users\/38"}],"replies":[{"embeddable":true,"href":"https:\/\/www.fld-lille.fr\/en\/wp-json\/wp\/v2\/comments?post=31979"}],"version-history":[{"count":18,"href":"https:\/\/www.fld-lille.fr\/en\/wp-json\/wp\/v2\/pages\/31979\/revisions"}],"predecessor-version":[{"id":33766,"href":"https:\/\/www.fld-lille.fr\/en\/wp-json\/wp\/v2\/pages\/31979\/revisions\/33766"}],"wp:attachment":[{"href":"https:\/\/www.fld-lille.fr\/en\/wp-json\/wp\/v2\/media?parent=31979"}],"curies":[{"name":"wp","href":"https:\/\/api.w.org\/{rel}","templated":true}]}}