{"id":26513,"date":"2024-02-14T10:45:55","date_gmt":"2024-02-14T09:45:55","guid":{"rendered":"https:\/\/www.fld-lille.fr\/?page_id=26513"},"modified":"2026-01-20T14:53:22","modified_gmt":"2026-01-20T13:53:22","slug":"lille-campus","status":"publish","type":"page","link":"https:\/\/www.fld-lille.fr\/en\/lille-campus\/","title":{"rendered":"Lille Campus"},"content":{"rendered":"<div class=\"wpb-content-wrapper\"><p>[vc_row][vc_column][vc_column_text css=&#8221;&#8221;]<\/p>\n<h4 style=\"text-align: left;\"><span style=\"color: #ff0000;\">Lille Campus<\/span><\/h4>\n<p><iframe loading=\"lazy\" src=\"\/\/www.youtube.com\/embed\/-8IUTrqZegA\" width=\"560\" height=\"314\" allowfullscreen=\"allowfullscreen\"><\/iframe>[\/vc_column_text][\/vc_column][\/vc_row][vc_row][vc_column width=&#8221;1\/2&#8243;][vc_column_text]<\/p>\n<h3 style=\"text-align: center;\">LIFE ON CAMPUS<\/h3>\n<ul>\n<li>A chaplaincy is available for students use, it is a place of praire, discussion and reflection.<\/li>\n<li>The Disabled Reception Mission (MAH) was created to come to the aide of those students impaired by a disability or requiring specific assistance.<\/li>\n<li>Holders of student cards can access the campus gymnasia and sports centres (with subscription)<\/li>\n<\/ul>\n<p><a class=\"button\" href=\"http:\/\/lesfacultes.univ-catholille.fr\/sinformer\/vie-lilloise\" target=\"_blank\" rel=\"noopener noreferrer\">DISCOVER THE CITY OF LILLE<\/a><\/p>\n<p><a class=\"button-secondary\" href=\"https:\/\/lesfacultes.univ-catholille.fr\/en\/campus\" target=\"_blank\" rel=\"noopener\">DISCOVER THE CAMPUS<\/a>[\/vc_column_text][vc_column_text]<\/p>\n<h3 style=\"text-align: center;\">STUDYING<\/h3>\n<ul>\n<li>The Biblioth\u00e8que Vauban,\u00a0<i>Vauban Library<\/i>\u00a0is open from Monday to Saturday and is an excellent place to study, carry out research or borrow documents. It is accessible to all students of the university, to professor-researchers and administrative personnel of the Universit\u00e9 Catholique de Lille.<\/li>\n<li>Many workrooms are open to students on campus. These allow students to study alone or in groups.<\/li>\n<\/ul>\n<p>[\/vc_column_text][\/vc_column][vc_column width=&#8221;1\/2&#8243;][vc_column_text]<\/p>\n<h3 style=\"text-align: center;\">ACCESSIBILITY<\/h3>\n<ul>\n<li>Accommodation is available for students in university halls of residence and also through private landlords\/individuals.<\/li>\n<li>The campus is located approximately 15 minutes on foot from the city center, allowing students to be right in the heart of this vibrant cultural and commercial metropolis with its many events and shops.<\/li>\n<li>The city centre is also accessible by public transport, there are 2 bus lines and one metro line which serve the campus. You can find more info on transports\u00a0<a href=\"https:\/\/www.ilevia.fr\/fr\/\" target=\"_blank\" rel=\"noopener\">here<\/a><\/li>\n<li>Students can find on the campus academic materials allowing them to print their work. There are a number of amenities around the university, permitting students to do shopping, or relax with a drink<\/li>\n<\/ul>\n<p>[\/vc_column_text][vc_column_text]<\/p>\n<h3 style=\"text-align: center;\">EATING<\/h3>\n<ul>\n<li>The school restaurant is composed of nine different outlets and allows students with their service cards to eat varied and balanced meals all through the year.<\/li>\n<li>Around the campus there are a number of places to eat (restaurants, brasseries, sandwich shops, bars, local shops\u2026)<\/li>\n<\/ul>\n<p>[\/vc_column_text][\/vc_column][\/vc_row]<\/p>\n<\/div>","protected":false},"excerpt":{"rendered":"<p>[vc_row][vc_column][vc_column_text css=&#8221;&#8221;] Lille Campus [\/vc_column_text][\/vc_column][\/vc_row][vc_row][vc_column width=&#8221;1\/2&#8243;][vc_column_text] LIFE ON CAMPUS A chaplaincy is available for students use, it is a place of praire, discussion and reflection. The Disabled Reception Mission (MAH) was created to come to the aide of those students impaired by a disability or requiring specific assistance. Holders of student cards can access the [&hellip;]<\/p>\n","protected":false},"author":38,"featured_media":0,"parent":0,"menu_order":6,"comment_status":"closed","ping_status":"closed","template":"","meta":{"_acf_changed":false,"footnotes":""},"class_list":["post-26513","page","type-page","status-publish","hentry"],"acf":[],"yoast_head":"<!-- This site is optimized with the Yoast SEO plugin v27.3 - https:\/\/yoast.com\/product\/yoast-seo-wordpress\/ -->\n<title>Lille Campus - Facult\u00e9 de droit<\/title>\n<meta name=\"robots\" content=\"index, follow, max-snippet:-1, max-image-preview:large, max-video-preview:-1\" \/>\n<link rel=\"canonical\" href=\"https:\/\/www.fld-lille.fr\/en\/lille-campus\/\" \/>\n<meta property=\"og:locale\" content=\"en_US\" \/>\n<meta property=\"og:type\" content=\"article\" \/>\n<meta property=\"og:title\" content=\"Lille Campus - Facult\u00e9 de droit\" \/>\n<meta property=\"og:description\" content=\"[vc_row][vc_column][vc_column_text css=&#8221;&#8221;] Lille Campus [\/vc_column_text][\/vc_column][\/vc_row][vc_row][vc_column width=&#8221;1\/2&#8243;][vc_column_text] LIFE ON CAMPUS A chaplaincy is available for students use, it is a place of praire, discussion and reflection. The Disabled Reception Mission (MAH) was created to come to the aide of those students impaired by a disability or requiring specific assistance. Holders of student cards can access the [&hellip;]\" \/>\n<meta property=\"og:url\" content=\"https:\/\/www.fld-lille.fr\/en\/lille-campus\/\" \/>\n<meta property=\"og:site_name\" content=\"Facult\u00e9 de droit\" \/>\n<meta property=\"article:publisher\" content=\"https:\/\/www.facebook.com\/FLDLilleParis\/\" \/>\n<meta property=\"article:modified_time\" content=\"2026-01-20T13:53:22+00:00\" \/>\n<meta name=\"twitter:card\" content=\"summary_large_image\" \/>\n<meta name=\"twitter:label1\" content=\"Est. reading time\" \/>\n\t<meta name=\"twitter:data1\" content=\"2 minutes\" \/>\n<script type=\"application\/ld+json\" class=\"yoast-schema-graph\">{\"@context\":\"https:\\\/\\\/schema.org\",\"@graph\":[{\"@type\":\"WebPage\",\"@id\":\"https:\\\/\\\/www.fld-lille.fr\\\/en\\\/lille-campus\\\/\",\"url\":\"https:\\\/\\\/www.fld-lille.fr\\\/en\\\/lille-campus\\\/\",\"name\":\"Lille Campus - Facult\u00e9 de droit\",\"isPartOf\":{\"@id\":\"https:\\\/\\\/www.fld-lille.fr\\\/#website\"},\"datePublished\":\"2024-02-14T09:45:55+00:00\",\"dateModified\":\"2026-01-20T13:53:22+00:00\",\"breadcrumb\":{\"@id\":\"https:\\\/\\\/www.fld-lille.fr\\\/en\\\/lille-campus\\\/#breadcrumb\"},\"inLanguage\":\"en-US\",\"potentialAction\":[{\"@type\":\"ReadAction\",\"target\":[\"https:\\\/\\\/www.fld-lille.fr\\\/en\\\/lille-campus\\\/\"]}]},{\"@type\":\"BreadcrumbList\",\"@id\":\"https:\\\/\\\/www.fld-lille.fr\\\/en\\\/lille-campus\\\/#breadcrumb\",\"itemListElement\":[{\"@type\":\"ListItem\",\"position\":1,\"name\":\"Accueil\",\"item\":\"https:\\\/\\\/www.fld-lille.fr\\\/en\\\/\"},{\"@type\":\"ListItem\",\"position\":2,\"name\":\"Lille Campus\"}]},{\"@type\":\"WebSite\",\"@id\":\"https:\\\/\\\/www.fld-lille.fr\\\/#website\",\"url\":\"https:\\\/\\\/www.fld-lille.fr\\\/\",\"name\":\"Facult\u00e9 de droit\",\"description\":\"Les facult\u00e9s de l&#039;Universit\u00e9 Catholique de Lille\",\"potentialAction\":[{\"@type\":\"SearchAction\",\"target\":{\"@type\":\"EntryPoint\",\"urlTemplate\":\"https:\\\/\\\/www.fld-lille.fr\\\/?s={search_term_string}\"},\"query-input\":{\"@type\":\"PropertyValueSpecification\",\"valueRequired\":true,\"valueName\":\"search_term_string\"}}],\"inLanguage\":\"en-US\"}]}<\/script>\n<!-- \/ Yoast SEO plugin. -->","yoast_head_json":{"title":"Lille Campus - Facult\u00e9 de droit","robots":{"index":"index","follow":"follow","max-snippet":"max-snippet:-1","max-image-preview":"max-image-preview:large","max-video-preview":"max-video-preview:-1"},"canonical":"https:\/\/www.fld-lille.fr\/en\/lille-campus\/","og_locale":"en_US","og_type":"article","og_title":"Lille Campus - Facult\u00e9 de droit","og_description":"[vc_row][vc_column][vc_column_text css=&#8221;&#8221;] Lille Campus [\/vc_column_text][\/vc_column][\/vc_row][vc_row][vc_column width=&#8221;1\/2&#8243;][vc_column_text] LIFE ON CAMPUS A chaplaincy is available for students use, it is a place of praire, discussion and reflection. The Disabled Reception Mission (MAH) was created to come to the aide of those students impaired by a disability or requiring specific assistance. Holders of student cards can access the [&hellip;]","og_url":"https:\/\/www.fld-lille.fr\/en\/lille-campus\/","og_site_name":"Facult\u00e9 de droit","article_publisher":"https:\/\/www.facebook.com\/FLDLilleParis\/","article_modified_time":"2026-01-20T13:53:22+00:00","twitter_card":"summary_large_image","twitter_misc":{"Est. reading time":"2 minutes"},"schema":{"@context":"https:\/\/schema.org","@graph":[{"@type":"WebPage","@id":"https:\/\/www.fld-lille.fr\/en\/lille-campus\/","url":"https:\/\/www.fld-lille.fr\/en\/lille-campus\/","name":"Lille Campus - Facult\u00e9 de droit","isPartOf":{"@id":"https:\/\/www.fld-lille.fr\/#website"},"datePublished":"2024-02-14T09:45:55+00:00","dateModified":"2026-01-20T13:53:22+00:00","breadcrumb":{"@id":"https:\/\/www.fld-lille.fr\/en\/lille-campus\/#breadcrumb"},"inLanguage":"en-US","potentialAction":[{"@type":"ReadAction","target":["https:\/\/www.fld-lille.fr\/en\/lille-campus\/"]}]},{"@type":"BreadcrumbList","@id":"https:\/\/www.fld-lille.fr\/en\/lille-campus\/#breadcrumb","itemListElement":[{"@type":"ListItem","position":1,"name":"Accueil","item":"https:\/\/www.fld-lille.fr\/en\/"},{"@type":"ListItem","position":2,"name":"Lille Campus"}]},{"@type":"WebSite","@id":"https:\/\/www.fld-lille.fr\/#website","url":"https:\/\/www.fld-lille.fr\/","name":"Facult\u00e9 de droit","description":"Les facult\u00e9s de l&#039;Universit\u00e9 Catholique de Lille","potentialAction":[{"@type":"SearchAction","target":{"@type":"EntryPoint","urlTemplate":"https:\/\/www.fld-lille.fr\/?s={search_term_string}"},"query-input":{"@type":"PropertyValueSpecification","valueRequired":true,"valueName":"search_term_string"}}],"inLanguage":"en-US"}]}},"_links":{"self":[{"href":"https:\/\/www.fld-lille.fr\/en\/wp-json\/wp\/v2\/pages\/26513","targetHints":{"allow":["GET"]}}],"collection":[{"href":"https:\/\/www.fld-lille.fr\/en\/wp-json\/wp\/v2\/pages"}],"about":[{"href":"https:\/\/www.fld-lille.fr\/en\/wp-json\/wp\/v2\/types\/page"}],"author":[{"embeddable":true,"href":"https:\/\/www.fld-lille.fr\/en\/wp-json\/wp\/v2\/users\/38"}],"replies":[{"embeddable":true,"href":"https:\/\/www.fld-lille.fr\/en\/wp-json\/wp\/v2\/comments?post=26513"}],"version-history":[{"count":10,"href":"https:\/\/www.fld-lille.fr\/en\/wp-json\/wp\/v2\/pages\/26513\/revisions"}],"predecessor-version":[{"id":34594,"href":"https:\/\/www.fld-lille.fr\/en\/wp-json\/wp\/v2\/pages\/26513\/revisions\/34594"}],"wp:attachment":[{"href":"https:\/\/www.fld-lille.fr\/en\/wp-json\/wp\/v2\/media?parent=26513"}],"curies":[{"name":"wp","href":"https:\/\/api.w.org\/{rel}","templated":true}]}}