{"id":22968,"date":"2023-01-27T17:35:58","date_gmt":"2023-01-27T16:35:58","guid":{"rendered":"https:\/\/www.fld-lille.fr\/?page_id=22968"},"modified":"2023-07-13T14:45:04","modified_gmt":"2023-07-13T13:45:04","slug":"what-about-our-graduates","status":"publish","type":"page","link":"https:\/\/www.fld-lille.fr\/en\/what-about-our-graduates\/","title":{"rendered":"What about our graduates?"},"content":{"rendered":"<div class=\"wpb-content-wrapper\"><p>[vc_row][vc_column][vc_column_text]<\/p>\n<h1>What about our graduates ?<\/h1>\n<p>[\/vc_column_text][vc_column_text]The FLD alumni network brings together all the graduates of the Faculty of Law (FLD) of the Lille and Issy-les-Moulineaux campuses of the Universit\u00e9 Catholique de Lille.[\/vc_column_text][vc_row_inner][vc_column_inner width=&#8221;1\/2&#8243;][vc_single_image image=&#8221;740&#8243; img_size=&#8221;full&#8221;][\/vc_column_inner][vc_column_inner width=&#8221;1\/2&#8243;][vc_column_text]The FLD Alumni Association, in conjunction with the faculty administration, organises convivial and professional events with the aim of strengthening links between students and graduates.[\/vc_column_text][vc_column_text]This association brings together more than 7,000 legal professionals representing all the professions in this field: lawyers, notaries, bailiffs, magistrates, jurists, human resources managers, court-appointed administrators, police officers, liquidators, public finance inspectors, etc.[\/vc_column_text][\/vc_column_inner][\/vc_row_inner][\/vc_column][\/vc_row][vc_row css=&#8221;.vc_custom_1480682521294{margin-top: 40px !important;margin-bottom: 40px !important;}&#8221;][vc_column]<div class=\"frame\">\n  <p style=\"text-align: center;\">To receive all the latest news from the faculty and the associations, don&#8217;t forget to <a class=\"button button-secondary\" href=\"https:\/\/fld-alumni.com\/\" target=\"_blank\" rel=\"noopener noreferrer\">UPDATE YOUR ALUMNI PROFIL<\/a><\/p>\n\n<\/div>\n[vc_column_text]<\/p>\n<h2>As an FLD Alumni, you can also :<\/h2>\n<p>[\/vc_column_text][\/vc_column][\/vc_row][vc_row][vc_column width=&#8221;1\/2&#8243;][vc_column_text]<\/p>\n<h3>Benefit from a network of over 7,000 professionals<\/h3>\n<p>Activate your profile and take advantage of the opportunities of the FLD network with the Alumni community. Access job offers, find former students, explore the map of student locations from your computer or smartphone.<\/p>\n<p>The <strong>FLD Alumni mobile application<\/strong> is available on IOS and Android, don&#8217;t forget to download it!<\/p>\n<p><a class=\"button-secondary\" href=\"https:\/\/fld-alumni.com\/\" target=\"_blank\" rel=\"noopener noreferrer\">JOIN THE fld ALUMNI NETWORK<\/a><\/p>\n<p>[\/vc_column_text][vc_column_text]<\/p>\n<h3>Find a candidate or share a job offer<\/h3>\n<p>The FLD enables you to publish your work-study, internship, VIE and first job offers on Jobteaser free of charge and in a targeted manner.<\/p>\n<p><a class=\"button button-secondary\" href=\"https:\/\/lacatholille.jobteaser.com\" target=\"_blank\" rel=\"noopener noreferrer\">Jobteaser<\/a>[\/vc_column_text][vc_column_text]<\/p>\n<h3>Share your experience<\/h3>\n<p>Come and share your experience with students during our networking events, afterwork or workshops.<br \/>\nTell us more about your career development, your daily life, your links with other functions, your experience, the work\/life balance, your pay, etc.[\/vc_column_text][\/vc_column][vc_column width=&#8221;1\/2&#8243;][vc_column_text]<\/p>\n<h3>Attend our next Alumni Garden Party<\/h3>\n<p>More commonly known as our &#8220;alumni cocktail&#8221;, the event that brings together the community of former students of the FLD has evolved and has been transformed into a garden party. An annual, friendly and festive evening in the gardens of the Faculty of Medicine and Maieutics.<br \/>\nAll of our classes from the Lille and Issy-les-Moulineaux campuses are invited to come back to the University to meet up, see their teachers again and, above all, to network.<\/p>\n<p>See you in JUNE ![\/vc_column_text][vc_column_text]<\/p>\n<h3>Attend your graduation ceremony<\/h3>\n<p>Each year, the graduation ceremony honours our graduates of Bachelor&#8217;s, Master&#8217;s and Graduate diplomas during a prestigious evening. The young professionals meet a few months after the end of their studies in the heart of the university with their parents and their internship tutors to celebrate their success.[\/vc_column_text][\/vc_column][\/vc_row][vc_row][vc_column][vc_row_inner][vc_column_inner][vc_column_text]<\/p>\n<h2>Alumni testimonials<\/h2>\n<p>[\/vc_column_text][\/vc_column_inner][\/vc_row_inner][\/vc_column][\/vc_row][vc_row][vc_column width=&#8221;1\/2&#8243;][vc_column_text css_animation=&#8221;appear&#8221;]<\/p>\n<h3 style=\"text-align: center;\">Jean-Baptiste DEHAINE &#8211; Hospital Director<\/h3>\n<p>After obtaining his law degree from the FLD, Jean-Baptiste went on to do a Master 1 in public law and then a Master 2 in medical liability law. As part of this Master&#8217;s programme, he did a work placement in the legal department of the St Quentin hospital, which offered him a job as head of public procurement several months after he had completed his Master&#8217;s 2. &#8220;I hesitated to accept the position. I contacted Lina Williatte, the person in charge of my Masters 2, who advised me to accept.<\/p>\n<p>Jean-Baptiste worked in this role for three years before being offered the position of hospital director. &#8220;The director of the St Quentin hospital contacted me because he needed a director for two establishments attached to his hospital centre&#8221;. So Jean-Baptiste took and passed the competitive examination for hospital attach\u00e9 and director.<\/p>\n<p>He is now in charge of two establishments: the Bohain-en-Vermandois retirement home (152 beds) and the Guise hospital centre (300 beds). &#8220;You might think that a management position isn&#8217;t reserved for lawyers, but my job requires a solid knowledge of the law, such as patient law and human resources&#8221;.[\/vc_column_text][\/vc_column][vc_column width=&#8221;1\/2&#8243;][vc_column_text css_animation=&#8221;appear&#8221;]<\/p>\n<h3 style=\"text-align: center;\">Mathilde BOURGOIN &#8211; Police commissioner<\/h3>\n<p>When she started studying at the Faculty of Law, Mathilde already had a fixed career plan: to become a police commissioner. &#8220;My many work placements strengthened my idea of joining the national police force&#8221;. When I graduated, Mathilde enrolled in the Master 1 in Public Law, followed by the Master 2 in Legal and Administrative Professions. &#8220;This Master&#8217;s offers a lot of training, both oral and written, which prepared me very well for the competitive examinations for police officer and police commissioner&#8221;. During this year of the Master&#8217;s programme, Mathilde passed both the officer&#8217;s and commissioner&#8217;s examinations.<\/p>\n<p>She then joined the Ecole Sup\u00e9rieure National de Police (ESNP), alternating between work experience and schooling, with the aim of becoming police commissioner. Her first post was as deputy head of the Roubaix division, followed by a spell as deputy head of urban security in Lille. Mathilde is now a police commissioner with the Direction D\u00e9partementale de la S\u00e9curit\u00e9 Publique du Nord, and has fond memories of her years at the FLD: &#8220;I loved the community life at the FLD, and being president of the BDE for two years was a great way to develop.[\/vc_column_text][\/vc_column][\/vc_row][vc_row][vc_column width=&#8221;1\/2&#8243;][vc_column_text css_animation=&#8221;appear&#8221;]<\/p>\n<h3 style=\"text-align: center;\">Marion THEL &#8211; Project and Marketing Manager<\/h3>\n<p>Marion followed the European law course. After obtaining her bachelor&#8217;s degree at the FLD, she decided to enrol in a master&#8217;s 1 and then a master&#8217;s 2 in business law in partnership with EDHEC, with the aim of becoming a business lawyer. &#8220;Throughout my studies at the FLD, I did work placements in a number of law firms. However, during her Master 2 year, Marion decided to change her plans.<\/p>\n<p>So she sat the entrance exam for the Ecole Sup\u00e9rieure de Commerce de Paris (ESCP-E), which she passed. &#8220;Joining a business school gave me the opportunity to do different things, and not just remain confined to the legal world&#8221;. Marion is now contract project manager at AxoDeco mobilier, a furniture distributor in France. I&#8217;m in charge of product development, responsible for results and I also set the brand&#8217;s objectives&#8221;.[\/vc_column_text][\/vc_column][vc_column width=&#8221;1\/2&#8243;][vc_column_text css_animation=&#8221;none&#8221;]<\/p>\n<h3 style=\"text-align: center;\">L\u00e9o OLIVIER &#8211; Member of the Lille Bar<\/h3>\n<p>L\u00e9o OLIVIER &#8211; Member of the Lille Bar<\/p>\n<p>At the end of the Masters in Health Law and Medical Liability, I joined the North-Western School of Lawyers (IXAD), and I am now a lawyer at the Lille Bar.<\/p>\n<p>This Master&#8217;s programme provided an opportunity for enriching exchanges between students and professionals from different backgrounds and professional sectors.<\/p>\n<p>Within the framework of the Master&#8217;s association and with the support of the FLD, we were free to organise several events combining access to rights and health (awareness-raising activities, symposium, participation in international competitions).<\/p>\n<p>Today, as a lawyer at the LILLE Bar, I practise in some of the areas taught in the Master II course, both as an advisor and in litigation.[\/vc_column_text][\/vc_column][\/vc_row][vc_row][vc_column width=&#8221;1\/2&#8243;][vc_column_text css_animation=&#8221;appear&#8221;]<\/p>\n<h3 style=\"text-align: center;\">Ondine PREVOTEAU &#8211; Partner at BIGNON LEBRAY<\/h3>\n<p>This podcast looks at the career of Ondine, a business lawyer and former student at the FLD, class of 2003. In this episode, Ondine talks about the vast range of possibilities offered by law studies, the importance of remaining open to the different specialities in law and the need to follow your own desires !<\/p>\n<p>Listen to the episode on <a href=\"https:\/\/deezer.page.link\/Westr58kaeekFz4P8\" target=\"_blank\" rel=\"noopener\">Deezer<\/a> or <a href=\"https:\/\/open.spotify.com\/episode\/4OMhDZDyrwJBdPisyDwGrB?si=LrCFLC1MTgaqLBnQucvkSg&amp;dl_branch=1\" target=\"_blank\" rel=\"noopener\">Spotify<\/a>[\/vc_column_text][\/vc_column][vc_column width=&#8221;1\/2&#8243;][vc_column_text css_animation=&#8221;appear&#8221;]<\/p>\n<h3 style=\"text-align: center;\">Meet Maxence LUYCKX<\/h3>\n<p>Former student and employment lawyer at FIDAL, discover his interview on our YouTube channel <a href=\"https:\/\/youtu.be\/tHasMvhyMMQ\" target=\"_blank\" rel=\"noopener noreferrer\">ici<\/a>[\/vc_column_text][\/vc_column][\/vc_row][vc_row][vc_column]<div class=\"frame\">\n  <h4>For any questions, please contact :<\/h4>\n<p>Armelle LEROY, Alumni Network officer<br \/>\n<a href=\"mailto:armelle.leroy@univ-catholille.fr\">armelle.leroy@univ-catholille.fr<\/a><br \/>\n03 59 30 25 66<\/p>\n\n<\/div>\n[\/vc_column][\/vc_row]<\/p>\n<\/div>","protected":false},"excerpt":{"rendered":"<p>[vc_row][vc_column][vc_column_text] What about our graduates ? [\/vc_column_text][vc_column_text]The FLD alumni network brings together all the graduates of the Faculty of Law (FLD) of the Lille and Issy-les-Moulineaux campuses of the Universit\u00e9 Catholique de Lille.[\/vc_column_text][vc_row_inner][vc_column_inner width=&#8221;1\/2&#8243;][vc_single_image image=&#8221;740&#8243; img_size=&#8221;full&#8221;][\/vc_column_inner][vc_column_inner width=&#8221;1\/2&#8243;][vc_column_text]The FLD Alumni Association, in conjunction with the faculty administration, organises convivial and professional events with the aim of [&hellip;]<\/p>\n","protected":false},"author":38,"featured_media":0,"parent":0,"menu_order":3,"comment_status":"closed","ping_status":"closed","template":"","meta":{"_acf_changed":false,"footnotes":""},"class_list":["post-22968","page","type-page","status-publish","hentry"],"acf":[],"yoast_head":"<!-- This site is optimized with the Yoast SEO plugin v27.3 - https:\/\/yoast.com\/product\/yoast-seo-wordpress\/ -->\n<title>What about our graduates? - Facult\u00e9 de droit<\/title>\n<meta name=\"robots\" content=\"index, follow, max-snippet:-1, max-image-preview:large, max-video-preview:-1\" \/>\n<link rel=\"canonical\" href=\"https:\/\/www.fld-lille.fr\/en\/what-about-our-graduates\/\" \/>\n<meta property=\"og:locale\" content=\"en_US\" \/>\n<meta property=\"og:type\" content=\"article\" \/>\n<meta property=\"og:title\" content=\"What about our graduates? - Facult\u00e9 de droit\" \/>\n<meta property=\"og:description\" content=\"[vc_row][vc_column][vc_column_text] What about our graduates ? [\/vc_column_text][vc_column_text]The FLD alumni network brings together all the graduates of the Faculty of Law (FLD) of the Lille and Issy-les-Moulineaux campuses of the Universit\u00e9 Catholique de Lille.[\/vc_column_text][vc_row_inner][vc_column_inner width=&#8221;1\/2&#8243;][vc_single_image image=&#8221;740&#8243; img_size=&#8221;full&#8221;][\/vc_column_inner][vc_column_inner width=&#8221;1\/2&#8243;][vc_column_text]The FLD Alumni Association, in conjunction with the faculty administration, organises convivial and professional events with the aim of [&hellip;]\" \/>\n<meta property=\"og:url\" content=\"https:\/\/www.fld-lille.fr\/en\/what-about-our-graduates\/\" \/>\n<meta property=\"og:site_name\" content=\"Facult\u00e9 de droit\" \/>\n<meta property=\"article:publisher\" content=\"https:\/\/www.facebook.com\/FLDLilleParis\/\" \/>\n<meta property=\"article:modified_time\" content=\"2023-07-13T13:45:04+00:00\" \/>\n<meta name=\"twitter:card\" content=\"summary_large_image\" \/>\n<meta name=\"twitter:label1\" content=\"Est. reading time\" \/>\n\t<meta name=\"twitter:data1\" content=\"7 minutes\" \/>\n<script type=\"application\/ld+json\" class=\"yoast-schema-graph\">{\"@context\":\"https:\\\/\\\/schema.org\",\"@graph\":[{\"@type\":\"WebPage\",\"@id\":\"https:\\\/\\\/www.fld-lille.fr\\\/en\\\/what-about-our-graduates\\\/\",\"url\":\"https:\\\/\\\/www.fld-lille.fr\\\/en\\\/what-about-our-graduates\\\/\",\"name\":\"What about our graduates? - Facult\u00e9 de droit\",\"isPartOf\":{\"@id\":\"https:\\\/\\\/www.fld-lille.fr\\\/#website\"},\"datePublished\":\"2023-01-27T16:35:58+00:00\",\"dateModified\":\"2023-07-13T13:45:04+00:00\",\"breadcrumb\":{\"@id\":\"https:\\\/\\\/www.fld-lille.fr\\\/en\\\/what-about-our-graduates\\\/#breadcrumb\"},\"inLanguage\":\"en-US\",\"potentialAction\":[{\"@type\":\"ReadAction\",\"target\":[\"https:\\\/\\\/www.fld-lille.fr\\\/en\\\/what-about-our-graduates\\\/\"]}]},{\"@type\":\"BreadcrumbList\",\"@id\":\"https:\\\/\\\/www.fld-lille.fr\\\/en\\\/what-about-our-graduates\\\/#breadcrumb\",\"itemListElement\":[{\"@type\":\"ListItem\",\"position\":1,\"name\":\"Accueil\",\"item\":\"https:\\\/\\\/www.fld-lille.fr\\\/en\\\/\"},{\"@type\":\"ListItem\",\"position\":2,\"name\":\"What about our graduates?\"}]},{\"@type\":\"WebSite\",\"@id\":\"https:\\\/\\\/www.fld-lille.fr\\\/#website\",\"url\":\"https:\\\/\\\/www.fld-lille.fr\\\/\",\"name\":\"Facult\u00e9 de droit\",\"description\":\"Les facult\u00e9s de l&#039;Universit\u00e9 Catholique de Lille\",\"potentialAction\":[{\"@type\":\"SearchAction\",\"target\":{\"@type\":\"EntryPoint\",\"urlTemplate\":\"https:\\\/\\\/www.fld-lille.fr\\\/?s={search_term_string}\"},\"query-input\":{\"@type\":\"PropertyValueSpecification\",\"valueRequired\":true,\"valueName\":\"search_term_string\"}}],\"inLanguage\":\"en-US\"}]}<\/script>\n<!-- \/ Yoast SEO plugin. -->","yoast_head_json":{"title":"What about our graduates? - Facult\u00e9 de droit","robots":{"index":"index","follow":"follow","max-snippet":"max-snippet:-1","max-image-preview":"max-image-preview:large","max-video-preview":"max-video-preview:-1"},"canonical":"https:\/\/www.fld-lille.fr\/en\/what-about-our-graduates\/","og_locale":"en_US","og_type":"article","og_title":"What about our graduates? - Facult\u00e9 de droit","og_description":"[vc_row][vc_column][vc_column_text] What about our graduates ? [\/vc_column_text][vc_column_text]The FLD alumni network brings together all the graduates of the Faculty of Law (FLD) of the Lille and Issy-les-Moulineaux campuses of the Universit\u00e9 Catholique de Lille.[\/vc_column_text][vc_row_inner][vc_column_inner width=&#8221;1\/2&#8243;][vc_single_image image=&#8221;740&#8243; img_size=&#8221;full&#8221;][\/vc_column_inner][vc_column_inner width=&#8221;1\/2&#8243;][vc_column_text]The FLD Alumni Association, in conjunction with the faculty administration, organises convivial and professional events with the aim of [&hellip;]","og_url":"https:\/\/www.fld-lille.fr\/en\/what-about-our-graduates\/","og_site_name":"Facult\u00e9 de droit","article_publisher":"https:\/\/www.facebook.com\/FLDLilleParis\/","article_modified_time":"2023-07-13T13:45:04+00:00","twitter_card":"summary_large_image","twitter_misc":{"Est. reading time":"7 minutes"},"schema":{"@context":"https:\/\/schema.org","@graph":[{"@type":"WebPage","@id":"https:\/\/www.fld-lille.fr\/en\/what-about-our-graduates\/","url":"https:\/\/www.fld-lille.fr\/en\/what-about-our-graduates\/","name":"What about our graduates? - Facult\u00e9 de droit","isPartOf":{"@id":"https:\/\/www.fld-lille.fr\/#website"},"datePublished":"2023-01-27T16:35:58+00:00","dateModified":"2023-07-13T13:45:04+00:00","breadcrumb":{"@id":"https:\/\/www.fld-lille.fr\/en\/what-about-our-graduates\/#breadcrumb"},"inLanguage":"en-US","potentialAction":[{"@type":"ReadAction","target":["https:\/\/www.fld-lille.fr\/en\/what-about-our-graduates\/"]}]},{"@type":"BreadcrumbList","@id":"https:\/\/www.fld-lille.fr\/en\/what-about-our-graduates\/#breadcrumb","itemListElement":[{"@type":"ListItem","position":1,"name":"Accueil","item":"https:\/\/www.fld-lille.fr\/en\/"},{"@type":"ListItem","position":2,"name":"What about our graduates?"}]},{"@type":"WebSite","@id":"https:\/\/www.fld-lille.fr\/#website","url":"https:\/\/www.fld-lille.fr\/","name":"Facult\u00e9 de droit","description":"Les facult\u00e9s de l&#039;Universit\u00e9 Catholique de Lille","potentialAction":[{"@type":"SearchAction","target":{"@type":"EntryPoint","urlTemplate":"https:\/\/www.fld-lille.fr\/?s={search_term_string}"},"query-input":{"@type":"PropertyValueSpecification","valueRequired":true,"valueName":"search_term_string"}}],"inLanguage":"en-US"}]}},"_links":{"self":[{"href":"https:\/\/www.fld-lille.fr\/en\/wp-json\/wp\/v2\/pages\/22968","targetHints":{"allow":["GET"]}}],"collection":[{"href":"https:\/\/www.fld-lille.fr\/en\/wp-json\/wp\/v2\/pages"}],"about":[{"href":"https:\/\/www.fld-lille.fr\/en\/wp-json\/wp\/v2\/types\/page"}],"author":[{"embeddable":true,"href":"https:\/\/www.fld-lille.fr\/en\/wp-json\/wp\/v2\/users\/38"}],"replies":[{"embeddable":true,"href":"https:\/\/www.fld-lille.fr\/en\/wp-json\/wp\/v2\/comments?post=22968"}],"version-history":[{"count":6,"href":"https:\/\/www.fld-lille.fr\/en\/wp-json\/wp\/v2\/pages\/22968\/revisions"}],"predecessor-version":[{"id":24715,"href":"https:\/\/www.fld-lille.fr\/en\/wp-json\/wp\/v2\/pages\/22968\/revisions\/24715"}],"wp:attachment":[{"href":"https:\/\/www.fld-lille.fr\/en\/wp-json\/wp\/v2\/media?parent=22968"}],"curies":[{"name":"wp","href":"https:\/\/api.w.org\/{rel}","templated":true}]}}