{"id":22947,"date":"2023-01-27T16:03:41","date_gmt":"2023-01-27T15:03:41","guid":{"rendered":"https:\/\/www.fld-lille.fr\/?page_id=22947"},"modified":"2023-01-27T16:04:19","modified_gmt":"2023-01-27T15:04:19","slug":"employment-at-fld","status":"publish","type":"page","link":"https:\/\/www.fld-lille.fr\/en\/employment-at-fld\/","title":{"rendered":"Employment at the FLD"},"content":{"rendered":"<div class=\"wpb-content-wrapper\"><p>[vc_row][vc_column][vc_column_text]<\/p>\n<h1 class=\"red\">Employment at the FLD<\/h1>\n<p>[\/vc_column_text][vc_column_text]The Faculty of Law is recognised by all professionals in the legal and judicial world.<br \/>\nIn just a few years, it has become an essential reference for access to the many professions<br \/>\nto the many professions to which the law can lead.[\/vc_column_text][vc_row_inner][vc_column_inner width=&#8221;1\/3&#8243;][vc_column_text]<\/p>\n<h3 style=\"text-align: center;\">87 %<br \/>\nof our students<br \/>\nhave found a job<\/h3>\n<p style=\"text-align: center;\">or attend an application school (CFPA, ENM&#8230;) within 6 months of graduation (class of 2019-2020)<\/p>\n<p>[\/vc_column_text][\/vc_column_inner][vc_column_inner width=&#8221;1\/3&#8243;][vc_column_text]<\/p>\n<h3 style=\"text-align: center;\">100% success rate<br \/>\nin the notary exam<\/h3>\n<p style=\"text-align: center;\">Since 2018, 100% of our students<br \/>\nfollowing the Masters 2 in Legal and Judicial Professions, INFN course, were admitted to the entrance exam<br \/>\nto the Professional Training Centre<br \/>\nfor Notaries.<\/p>\n<p>[\/vc_column_text][\/vc_column_inner][vc_column_inner width=&#8221;1\/3&#8243;][vc_column_text]<\/p>\n<h3 style=\"text-align: center;\">\u00a045% des \u00e9tudiants ayant suivi la Pr\u00e9pAvocats r\u00e9ussissent le concours CRFPA<\/h3>\n<p style=\"text-align: center;\">Le taux r\u00e9gional des IEJ est de 23,5 %<br \/>\nLe taux national est de 26%<\/p>\n<p>[\/vc_column_text][\/vc_column_inner][\/vc_row_inner][vc_column_text]The Faculty makes it a point of honour to support students throughout their studies in the realisation of their professional project.[\/vc_column_text][vc_row_inner][vc_column_inner width=&#8221;1\/3&#8243;][vc_column_text]<\/p>\n<h3 style=\"text-align: center;\">Teaching based on practical cases, concrete files, company games, etc.<\/h3>\n<p>[\/vc_column_text][\/vc_column_inner][vc_column_inner width=&#8221;1\/3&#8243;][vc_column_text]<\/p>\n<h3 style=\"text-align: center;\">8 mock trials or eloquence competitions<\/h3>\n<p>[\/vc_column_text][\/vc_column_inner][vc_column_inner width=&#8221;1\/3&#8243;][vc_column_text]<\/p>\n<h3 style=\"text-align: center;\">Up to 6 months internship in Master<\/h3>\n<p>[\/vc_column_text][\/vc_column_inner][\/vc_row_inner][\/vc_column][\/vc_row][vc_row][vc_column][vc_column_text]<\/p>\n<h2 class=\"red\">Professional integration within our Masters 2 &#8211; Class of 2020<\/h2>\n<p>[\/vc_column_text][vc_row_inner][vc_column_inner width=&#8221;1\/3&#8243;][vc_column_text]<\/p>\n<ul style=\"list-style-type: disc;\">\n<li>Masters in Business Law Practice: 93<\/li>\n<li>Masters in Tax Law and Engineering: 91<\/li>\n<li>Masters in Law and HR management: 92% (initial) &#8211; 91% (sandwich course)<\/li>\n<li>Masters in Law and asset management: 100% (initial)<\/li>\n<\/ul>\n<p>[\/vc_column_text][\/vc_column_inner][vc_column_inner width=&#8221;1\/3&#8243;][vc_column_text]<\/p>\n<ul>\n<li style=\"font-weight: 400;\">Masters in Medical liability law: 89%<\/li>\n<li style=\"font-weight: 400;\">Masters in Legal and judicial professions: 100%<\/li>\n<li style=\"font-weight: 400;\">Masters in Criminal Law: 91%<\/li>\n<li style=\"font-weight: 400;\">Masters in Business Law and Corporate Risk Management: 85% (sandwich course)<\/li>\n<\/ul>\n<p>[\/vc_column_text][\/vc_column_inner][vc_column_inner width=&#8221;1\/3&#8243;][vc_column_text]<\/p>\n<ul style=\"list-style-type: disc;\">\n<li>Masters in Legal and administrative professions: 100%<\/li>\n<li>Masters in Business and Competition Law (international &amp; European law): 82%<\/li>\n<li>Masters in Human rights, security and development (international &amp; European law): 89%<\/li>\n<\/ul>\n<p>[\/vc_column_text][\/vc_column_inner][\/vc_row_inner][\/vc_column][\/vc_row][vc_row][vc_column][vc_column_text]<\/p>\n<h2 class=\"red\">Where do our 3rd year Bachelors students go?<\/h2>\n<p>[\/vc_column_text][vc_row_inner][vc_column_inner width=&#8221;1\/2&#8243;][vc_column_text]<\/p>\n<h3 style=\"text-align: center;\">47% of our 3rd year Bachelors students<br \/>\nenrol in a Masters programme at the FLD<\/h3>\n<p>[\/vc_column_text][\/vc_column_inner][vc_column_inner width=&#8221;1\/2&#8243;][vc_column_text]<\/p>\n<h3 style=\"text-align: center;\">53% of our 3rd year Bachelors students<br \/>\ncontinue their studies<\/h3>\n<p style=\"text-align: center;\">in regional, national and international universities and schools (Universities of Aix-Marseille, Caen, Montpellier, Grenoble, Lille, Lyon, Rennes, Toulouse, Tours&#8230;, SKEMA, EDHEC, ESSCA&#8230;)<\/p>\n<p>[\/vc_column_text][\/vc_column_inner][\/vc_row_inner][\/vc_column][\/vc_row]<\/p>\n<\/div>","protected":false},"excerpt":{"rendered":"<p>[vc_row][vc_column][vc_column_text] Employment at the FLD [\/vc_column_text][vc_column_text]The Faculty of Law is recognised by all professionals in the legal and judicial world. In just a few years, it has become an essential reference for access to the many professions to the many professions to which the law can lead.[\/vc_column_text][vc_row_inner][vc_column_inner width=&#8221;1\/3&#8243;][vc_column_text] 87 % of our students have found [&hellip;]<\/p>\n","protected":false},"author":38,"featured_media":0,"parent":0,"menu_order":2,"comment_status":"closed","ping_status":"closed","template":"","meta":{"_acf_changed":false,"footnotes":""},"class_list":["post-22947","page","type-page","status-publish","hentry"],"acf":[],"yoast_head":"<!-- This site is optimized with the Yoast SEO plugin v27.4 - https:\/\/yoast.com\/product\/yoast-seo-wordpress\/ -->\n<title>Employment at the FLD - Facult\u00e9 de droit<\/title>\n<meta name=\"robots\" content=\"index, follow, max-snippet:-1, max-image-preview:large, max-video-preview:-1\" \/>\n<link rel=\"canonical\" href=\"https:\/\/www.fld-lille.fr\/en\/employment-at-fld\/\" \/>\n<meta property=\"og:locale\" content=\"en_US\" \/>\n<meta property=\"og:type\" content=\"article\" \/>\n<meta property=\"og:title\" content=\"Employment at the FLD - Facult\u00e9 de droit\" \/>\n<meta property=\"og:description\" content=\"[vc_row][vc_column][vc_column_text] Employment at the FLD [\/vc_column_text][vc_column_text]The Faculty of Law is recognised by all professionals in the legal and judicial world. In just a few years, it has become an essential reference for access to the many professions to the many professions to which the law can lead.[\/vc_column_text][vc_row_inner][vc_column_inner width=&#8221;1\/3&#8243;][vc_column_text] 87 % of our students have found [&hellip;]\" \/>\n<meta property=\"og:url\" content=\"https:\/\/www.fld-lille.fr\/en\/employment-at-fld\/\" \/>\n<meta property=\"og:site_name\" content=\"Facult\u00e9 de droit\" \/>\n<meta property=\"article:publisher\" content=\"https:\/\/www.facebook.com\/FLDLilleParis\/\" \/>\n<meta property=\"article:modified_time\" content=\"2023-01-27T15:04:19+00:00\" \/>\n<meta name=\"twitter:card\" content=\"summary_large_image\" \/>\n<meta name=\"twitter:label1\" content=\"Est. reading time\" \/>\n\t<meta name=\"twitter:data1\" content=\"2 minutes\" \/>\n<script type=\"application\/ld+json\" class=\"yoast-schema-graph\">{\"@context\":\"https:\\\/\\\/schema.org\",\"@graph\":[{\"@type\":\"WebPage\",\"@id\":\"https:\\\/\\\/www.fld-lille.fr\\\/en\\\/employment-at-fld\\\/\",\"url\":\"https:\\\/\\\/www.fld-lille.fr\\\/en\\\/employment-at-fld\\\/\",\"name\":\"Employment at the FLD - Facult\u00e9 de droit\",\"isPartOf\":{\"@id\":\"https:\\\/\\\/www.fld-lille.fr\\\/#website\"},\"datePublished\":\"2023-01-27T15:03:41+00:00\",\"dateModified\":\"2023-01-27T15:04:19+00:00\",\"breadcrumb\":{\"@id\":\"https:\\\/\\\/www.fld-lille.fr\\\/en\\\/employment-at-fld\\\/#breadcrumb\"},\"inLanguage\":\"en-US\",\"potentialAction\":[{\"@type\":\"ReadAction\",\"target\":[\"https:\\\/\\\/www.fld-lille.fr\\\/en\\\/employment-at-fld\\\/\"]}]},{\"@type\":\"BreadcrumbList\",\"@id\":\"https:\\\/\\\/www.fld-lille.fr\\\/en\\\/employment-at-fld\\\/#breadcrumb\",\"itemListElement\":[{\"@type\":\"ListItem\",\"position\":1,\"name\":\"Accueil\",\"item\":\"https:\\\/\\\/www.fld-lille.fr\\\/en\\\/\"},{\"@type\":\"ListItem\",\"position\":2,\"name\":\"Employment at the FLD\"}]},{\"@type\":\"WebSite\",\"@id\":\"https:\\\/\\\/www.fld-lille.fr\\\/#website\",\"url\":\"https:\\\/\\\/www.fld-lille.fr\\\/\",\"name\":\"Facult\u00e9 de droit\",\"description\":\"Les facult\u00e9s de l&#039;Universit\u00e9 Catholique de Lille\",\"potentialAction\":[{\"@type\":\"SearchAction\",\"target\":{\"@type\":\"EntryPoint\",\"urlTemplate\":\"https:\\\/\\\/www.fld-lille.fr\\\/?s={search_term_string}\"},\"query-input\":{\"@type\":\"PropertyValueSpecification\",\"valueRequired\":true,\"valueName\":\"search_term_string\"}}],\"inLanguage\":\"en-US\"}]}<\/script>\n<!-- \/ Yoast SEO plugin. -->","yoast_head_json":{"title":"Employment at the FLD - Facult\u00e9 de droit","robots":{"index":"index","follow":"follow","max-snippet":"max-snippet:-1","max-image-preview":"max-image-preview:large","max-video-preview":"max-video-preview:-1"},"canonical":"https:\/\/www.fld-lille.fr\/en\/employment-at-fld\/","og_locale":"en_US","og_type":"article","og_title":"Employment at the FLD - Facult\u00e9 de droit","og_description":"[vc_row][vc_column][vc_column_text] Employment at the FLD [\/vc_column_text][vc_column_text]The Faculty of Law is recognised by all professionals in the legal and judicial world. In just a few years, it has become an essential reference for access to the many professions to the many professions to which the law can lead.[\/vc_column_text][vc_row_inner][vc_column_inner width=&#8221;1\/3&#8243;][vc_column_text] 87 % of our students have found [&hellip;]","og_url":"https:\/\/www.fld-lille.fr\/en\/employment-at-fld\/","og_site_name":"Facult\u00e9 de droit","article_publisher":"https:\/\/www.facebook.com\/FLDLilleParis\/","article_modified_time":"2023-01-27T15:04:19+00:00","twitter_card":"summary_large_image","twitter_misc":{"Est. reading time":"2 minutes"},"schema":{"@context":"https:\/\/schema.org","@graph":[{"@type":"WebPage","@id":"https:\/\/www.fld-lille.fr\/en\/employment-at-fld\/","url":"https:\/\/www.fld-lille.fr\/en\/employment-at-fld\/","name":"Employment at the FLD - Facult\u00e9 de droit","isPartOf":{"@id":"https:\/\/www.fld-lille.fr\/#website"},"datePublished":"2023-01-27T15:03:41+00:00","dateModified":"2023-01-27T15:04:19+00:00","breadcrumb":{"@id":"https:\/\/www.fld-lille.fr\/en\/employment-at-fld\/#breadcrumb"},"inLanguage":"en-US","potentialAction":[{"@type":"ReadAction","target":["https:\/\/www.fld-lille.fr\/en\/employment-at-fld\/"]}]},{"@type":"BreadcrumbList","@id":"https:\/\/www.fld-lille.fr\/en\/employment-at-fld\/#breadcrumb","itemListElement":[{"@type":"ListItem","position":1,"name":"Accueil","item":"https:\/\/www.fld-lille.fr\/en\/"},{"@type":"ListItem","position":2,"name":"Employment at the FLD"}]},{"@type":"WebSite","@id":"https:\/\/www.fld-lille.fr\/#website","url":"https:\/\/www.fld-lille.fr\/","name":"Facult\u00e9 de droit","description":"Les facult\u00e9s de l&#039;Universit\u00e9 Catholique de Lille","potentialAction":[{"@type":"SearchAction","target":{"@type":"EntryPoint","urlTemplate":"https:\/\/www.fld-lille.fr\/?s={search_term_string}"},"query-input":{"@type":"PropertyValueSpecification","valueRequired":true,"valueName":"search_term_string"}}],"inLanguage":"en-US"}]}},"_links":{"self":[{"href":"https:\/\/www.fld-lille.fr\/en\/wp-json\/wp\/v2\/pages\/22947","targetHints":{"allow":["GET"]}}],"collection":[{"href":"https:\/\/www.fld-lille.fr\/en\/wp-json\/wp\/v2\/pages"}],"about":[{"href":"https:\/\/www.fld-lille.fr\/en\/wp-json\/wp\/v2\/types\/page"}],"author":[{"embeddable":true,"href":"https:\/\/www.fld-lille.fr\/en\/wp-json\/wp\/v2\/users\/38"}],"replies":[{"embeddable":true,"href":"https:\/\/www.fld-lille.fr\/en\/wp-json\/wp\/v2\/comments?post=22947"}],"version-history":[{"count":3,"href":"https:\/\/www.fld-lille.fr\/en\/wp-json\/wp\/v2\/pages\/22947\/revisions"}],"predecessor-version":[{"id":22950,"href":"https:\/\/www.fld-lille.fr\/en\/wp-json\/wp\/v2\/pages\/22947\/revisions\/22950"}],"wp:attachment":[{"href":"https:\/\/www.fld-lille.fr\/en\/wp-json\/wp\/v2\/media?parent=22947"}],"curies":[{"name":"wp","href":"https:\/\/api.w.org\/{rel}","templated":true}]}}