{"id":22392,"date":"2023-01-05T12:12:24","date_gmt":"2023-01-05T11:12:24","guid":{"rendered":"https:\/\/www.fld-lille.fr\/?page_id=22392"},"modified":"2024-02-14T11:31:04","modified_gmt":"2024-02-14T10:31:04","slug":"faq-admissions-registration","status":"publish","type":"page","link":"https:\/\/www.fld-lille.fr\/en\/faqs\/faq-admissions-registration\/","title":{"rendered":"FAQ Admissions\/Registration"},"content":{"rendered":"<div class=\"wpb-content-wrapper\"><p>[vc_row el_id=&#8221;tranche grand titre de page&#8221;][vc_column][vc_column_text]<\/p>\n<h1>FAQ Admissions\/Registration<\/h1>\n<p>All the answers to your questions about admissions and enrolment in our various courses can be found in this FAQ.[\/vc_column_text][\/vc_column][\/vc_row][vc_row][vc_column][vc_column_text]<\/p>\n<h2>Are your degrees recognised by the french state?<\/h2>\n<p>[\/vc_column_text][vc_column_text]The agreement (official partnership between universities) with the University of Toulouse Capitole (State University, in other words public) allows us to deliver State diplomas. At the end of your studies or during the course of your studies, any other training course from a public university likely to interest you can therefore be considered.[\/vc_column_text][vc_separator][\/vc_column][\/vc_row][vc_row][vc_column][vc_column_text]<\/p>\n<h2>What are the qualifications issued at the FLD?<\/h2>\n<p>[\/vc_column_text][vc_column_text]The diplomas obtained are &#8220;Law&#8221; degrees completed by the course or speciality chosen by the student. Our diplomas are state diplomas delivered by the University of Toulouse Capitole.[\/vc_column_text][vc_separator][\/vc_column][\/vc_row][vc_row][vc_column][vc_column_text]<\/p>\n<h2>How can I apply for a programme at the FLD ?<\/h2>\n<p>[\/vc_column_text][vc_column_text]All information about application for international students can be found <a href=\"https:\/\/www.fld-lille.fr\/en\/application-for-international-students\/\" target=\"_blank\" rel=\"noopener\">here<\/a>[\/vc_column_text][vc_separator][\/vc_column][\/vc_row]<\/p>\n<\/div>","protected":false},"excerpt":{"rendered":"<p>[vc_row el_id=&#8221;tranche grand titre de page&#8221;][vc_column][vc_column_text] FAQ Admissions\/Registration All the answers to your questions about admissions and enrolment in our various courses can be found in this FAQ.[\/vc_column_text][\/vc_column][\/vc_row][vc_row][vc_column][vc_column_text] Are your degrees recognised by the french state? [\/vc_column_text][vc_column_text]The agreement (official partnership between universities) with the University of Toulouse Capitole (State University, in other words public) allows [&hellip;]<\/p>\n","protected":false},"author":38,"featured_media":0,"parent":22283,"menu_order":5,"comment_status":"closed","ping_status":"closed","template":"","meta":{"_acf_changed":false,"footnotes":""},"class_list":["post-22392","page","type-page","status-publish","hentry"],"acf":[],"yoast_head":"<!-- This site is optimized with the Yoast SEO plugin v27.3 - https:\/\/yoast.com\/product\/yoast-seo-wordpress\/ -->\n<title>FAQ Admissions\/Registration - Facult\u00e9 de droit<\/title>\n<meta name=\"robots\" content=\"index, follow, max-snippet:-1, max-image-preview:large, max-video-preview:-1\" \/>\n<link rel=\"canonical\" href=\"https:\/\/www.fld-lille.fr\/en\/faqs\/faq-admissions-registration\/\" \/>\n<meta property=\"og:locale\" content=\"en_US\" \/>\n<meta property=\"og:type\" content=\"article\" \/>\n<meta property=\"og:title\" content=\"FAQ Admissions\/Registration - Facult\u00e9 de droit\" \/>\n<meta property=\"og:description\" content=\"[vc_row el_id=&#8221;tranche grand titre de page&#8221;][vc_column][vc_column_text] FAQ Admissions\/Registration All the answers to your questions about admissions and enrolment in our various courses can be found in this FAQ.[\/vc_column_text][\/vc_column][\/vc_row][vc_row][vc_column][vc_column_text] Are your degrees recognised by the french state? [\/vc_column_text][vc_column_text]The agreement (official partnership between universities) with the University of Toulouse Capitole (State University, in other words public) allows [&hellip;]\" \/>\n<meta property=\"og:url\" content=\"https:\/\/www.fld-lille.fr\/en\/faqs\/faq-admissions-registration\/\" \/>\n<meta property=\"og:site_name\" content=\"Facult\u00e9 de droit\" \/>\n<meta property=\"article:publisher\" content=\"https:\/\/www.facebook.com\/FLDLilleParis\/\" \/>\n<meta property=\"article:modified_time\" content=\"2024-02-14T10:31:04+00:00\" \/>\n<meta name=\"twitter:card\" content=\"summary_large_image\" \/>\n<meta name=\"twitter:label1\" content=\"Est. reading time\" \/>\n\t<meta name=\"twitter:data1\" content=\"1 minute\" \/>\n<script type=\"application\/ld+json\" class=\"yoast-schema-graph\">{\"@context\":\"https:\\\/\\\/schema.org\",\"@graph\":[{\"@type\":\"WebPage\",\"@id\":\"https:\\\/\\\/www.fld-lille.fr\\\/en\\\/faqs\\\/faq-admissions-registration\\\/\",\"url\":\"https:\\\/\\\/www.fld-lille.fr\\\/en\\\/faqs\\\/faq-admissions-registration\\\/\",\"name\":\"FAQ Admissions\\\/Registration - Facult\u00e9 de droit\",\"isPartOf\":{\"@id\":\"https:\\\/\\\/www.fld-lille.fr\\\/#website\"},\"datePublished\":\"2023-01-05T11:12:24+00:00\",\"dateModified\":\"2024-02-14T10:31:04+00:00\",\"breadcrumb\":{\"@id\":\"https:\\\/\\\/www.fld-lille.fr\\\/en\\\/faqs\\\/faq-admissions-registration\\\/#breadcrumb\"},\"inLanguage\":\"en-US\",\"potentialAction\":[{\"@type\":\"ReadAction\",\"target\":[\"https:\\\/\\\/www.fld-lille.fr\\\/en\\\/faqs\\\/faq-admissions-registration\\\/\"]}]},{\"@type\":\"BreadcrumbList\",\"@id\":\"https:\\\/\\\/www.fld-lille.fr\\\/en\\\/faqs\\\/faq-admissions-registration\\\/#breadcrumb\",\"itemListElement\":[{\"@type\":\"ListItem\",\"position\":1,\"name\":\"Accueil\",\"item\":\"https:\\\/\\\/www.fld-lille.fr\\\/en\\\/\"},{\"@type\":\"ListItem\",\"position\":2,\"name\":\"FAQs\",\"item\":\"https:\\\/\\\/www.fld-lille.fr\\\/en\\\/faqs\\\/\"},{\"@type\":\"ListItem\",\"position\":3,\"name\":\"FAQ Admissions\\\/Registration\"}]},{\"@type\":\"WebSite\",\"@id\":\"https:\\\/\\\/www.fld-lille.fr\\\/#website\",\"url\":\"https:\\\/\\\/www.fld-lille.fr\\\/\",\"name\":\"Facult\u00e9 de droit\",\"description\":\"Les facult\u00e9s de l&#039;Universit\u00e9 Catholique de Lille\",\"potentialAction\":[{\"@type\":\"SearchAction\",\"target\":{\"@type\":\"EntryPoint\",\"urlTemplate\":\"https:\\\/\\\/www.fld-lille.fr\\\/?s={search_term_string}\"},\"query-input\":{\"@type\":\"PropertyValueSpecification\",\"valueRequired\":true,\"valueName\":\"search_term_string\"}}],\"inLanguage\":\"en-US\"}]}<\/script>\n<!-- \/ Yoast SEO plugin. -->","yoast_head_json":{"title":"FAQ Admissions\/Registration - Facult\u00e9 de droit","robots":{"index":"index","follow":"follow","max-snippet":"max-snippet:-1","max-image-preview":"max-image-preview:large","max-video-preview":"max-video-preview:-1"},"canonical":"https:\/\/www.fld-lille.fr\/en\/faqs\/faq-admissions-registration\/","og_locale":"en_US","og_type":"article","og_title":"FAQ Admissions\/Registration - Facult\u00e9 de droit","og_description":"[vc_row el_id=&#8221;tranche grand titre de page&#8221;][vc_column][vc_column_text] FAQ Admissions\/Registration All the answers to your questions about admissions and enrolment in our various courses can be found in this FAQ.[\/vc_column_text][\/vc_column][\/vc_row][vc_row][vc_column][vc_column_text] Are your degrees recognised by the french state? [\/vc_column_text][vc_column_text]The agreement (official partnership between universities) with the University of Toulouse Capitole (State University, in other words public) allows [&hellip;]","og_url":"https:\/\/www.fld-lille.fr\/en\/faqs\/faq-admissions-registration\/","og_site_name":"Facult\u00e9 de droit","article_publisher":"https:\/\/www.facebook.com\/FLDLilleParis\/","article_modified_time":"2024-02-14T10:31:04+00:00","twitter_card":"summary_large_image","twitter_misc":{"Est. reading time":"1 minute"},"schema":{"@context":"https:\/\/schema.org","@graph":[{"@type":"WebPage","@id":"https:\/\/www.fld-lille.fr\/en\/faqs\/faq-admissions-registration\/","url":"https:\/\/www.fld-lille.fr\/en\/faqs\/faq-admissions-registration\/","name":"FAQ Admissions\/Registration - Facult\u00e9 de droit","isPartOf":{"@id":"https:\/\/www.fld-lille.fr\/#website"},"datePublished":"2023-01-05T11:12:24+00:00","dateModified":"2024-02-14T10:31:04+00:00","breadcrumb":{"@id":"https:\/\/www.fld-lille.fr\/en\/faqs\/faq-admissions-registration\/#breadcrumb"},"inLanguage":"en-US","potentialAction":[{"@type":"ReadAction","target":["https:\/\/www.fld-lille.fr\/en\/faqs\/faq-admissions-registration\/"]}]},{"@type":"BreadcrumbList","@id":"https:\/\/www.fld-lille.fr\/en\/faqs\/faq-admissions-registration\/#breadcrumb","itemListElement":[{"@type":"ListItem","position":1,"name":"Accueil","item":"https:\/\/www.fld-lille.fr\/en\/"},{"@type":"ListItem","position":2,"name":"FAQs","item":"https:\/\/www.fld-lille.fr\/en\/faqs\/"},{"@type":"ListItem","position":3,"name":"FAQ Admissions\/Registration"}]},{"@type":"WebSite","@id":"https:\/\/www.fld-lille.fr\/#website","url":"https:\/\/www.fld-lille.fr\/","name":"Facult\u00e9 de droit","description":"Les facult\u00e9s de l&#039;Universit\u00e9 Catholique de Lille","potentialAction":[{"@type":"SearchAction","target":{"@type":"EntryPoint","urlTemplate":"https:\/\/www.fld-lille.fr\/?s={search_term_string}"},"query-input":{"@type":"PropertyValueSpecification","valueRequired":true,"valueName":"search_term_string"}}],"inLanguage":"en-US"}]}},"_links":{"self":[{"href":"https:\/\/www.fld-lille.fr\/en\/wp-json\/wp\/v2\/pages\/22392","targetHints":{"allow":["GET"]}}],"collection":[{"href":"https:\/\/www.fld-lille.fr\/en\/wp-json\/wp\/v2\/pages"}],"about":[{"href":"https:\/\/www.fld-lille.fr\/en\/wp-json\/wp\/v2\/types\/page"}],"author":[{"embeddable":true,"href":"https:\/\/www.fld-lille.fr\/en\/wp-json\/wp\/v2\/users\/38"}],"replies":[{"embeddable":true,"href":"https:\/\/www.fld-lille.fr\/en\/wp-json\/wp\/v2\/comments?post=22392"}],"version-history":[{"count":7,"href":"https:\/\/www.fld-lille.fr\/en\/wp-json\/wp\/v2\/pages\/22392\/revisions"}],"predecessor-version":[{"id":26523,"href":"https:\/\/www.fld-lille.fr\/en\/wp-json\/wp\/v2\/pages\/22392\/revisions\/26523"}],"up":[{"embeddable":true,"href":"https:\/\/www.fld-lille.fr\/en\/wp-json\/wp\/v2\/pages\/22283"}],"wp:attachment":[{"href":"https:\/\/www.fld-lille.fr\/en\/wp-json\/wp\/v2\/media?parent=22392"}],"curies":[{"name":"wp","href":"https:\/\/api.w.org\/{rel}","templated":true}]}}