{"id":22387,"date":"2023-01-05T12:08:27","date_gmt":"2023-01-05T11:08:27","guid":{"rendered":"https:\/\/www.fld-lille.fr\/?page_id=22387"},"modified":"2023-02-08T17:13:23","modified_gmt":"2023-02-08T16:13:23","slug":"faq-funding-your-studies","status":"publish","type":"page","link":"https:\/\/www.fld-lille.fr\/en\/faqs\/faq-funding-your-studies\/","title":{"rendered":"FAQ Funding your studies"},"content":{"rendered":"<div class=\"wpb-content-wrapper\"><p>[vc_row el_id=&#8221;tranche grand titre de page&#8221;][vc_column][vc_column_text]<\/p>\n<h1>FAQ Funding your studies<\/h1>\n<p>Below you will find all the answers to your questions about education funding.<br \/>\nFor more specific and personal questions, we invite you to contact us via our <a class=\"button-secondary button\" href=\"https:\/\/www.fld-lille.fr\/en\/contact\/\" target=\"_blank\" rel=\"noopener\">CONTACT FORM<\/a>[\/vc_column_text][\/vc_column][\/vc_row][vc_row el_id=&#8221;tranche 1 question&#8221;][vc_column][vc_column_text]<\/p>\n<h2>How much are the tuition fees?<\/h2>\n<p>[\/vc_column_text][vc_column_text]The cost of tuition is between 3 030 and 10 530 \u20ac per year (excluding ancillary costs). The cost of tuition is based on resources, the composition of the tax household and CROUS subsidy indices. It is possible to get a direct estimation of the costs thanks to our online calculator accessible via <a href=\"https:\/\/lesfacultes.univ-catholille.fr\/fr\/sinscrire\/estimer-vos-frais-de-scolarite\" target=\"_blank\" rel=\"noopener\">this link<\/a>[\/vc_column_text][vc_separator el_id=&#8221;separateur marquant la fin du contenu de la question&#8221;][\/vc_column][\/vc_row][vc_row][vc_column][vc_column_text]<\/p>\n<h2>Do school fees have to be paid in one go?<\/h2>\n<p>[\/vc_column_text][vc_column_text]It is possible to pay in 3 or 6 instalments. A fee of 41 euros is charged for multiple payments.[\/vc_column_text][vc_separator][\/vc_column][\/vc_row][vc_row][vc_column][vc_column_text]<\/p>\n<h2>Are there any scholarship opportunities?<\/h2>\n<p>[\/vc_column_text][vc_column_text]Because the cost of schooling should not be an obstacle, the Universit\u00e9 Catholique de Lille offers several financial grants, under certain criteria.<\/p>\n<p>Here are the grants available: <a href=\"https:\/\/lesfacultes.univ-catholille.fr\/fr\/sinscrire\/bourses-les-facultes\" target=\"_blank\" rel=\"noopener\">https:\/\/lesfacultes.univ-catholille.fr\/fr\/sinscrire\/bourses-les-facultes<\/a>[\/vc_column_text][vc_separator][\/vc_column][\/vc_row]<\/p>\n<\/div>","protected":false},"excerpt":{"rendered":"<p>[vc_row el_id=&#8221;tranche grand titre de page&#8221;][vc_column][vc_column_text] FAQ Funding your studies Below you will find all the answers to your questions about education funding. For more specific and personal questions, we invite you to contact us via our CONTACT FORM[\/vc_column_text][\/vc_column][\/vc_row][vc_row el_id=&#8221;tranche 1 question&#8221;][vc_column][vc_column_text] How much are the tuition fees? [\/vc_column_text][vc_column_text]The cost of tuition is between 3 [&hellip;]<\/p>\n","protected":false},"author":38,"featured_media":0,"parent":22283,"menu_order":2,"comment_status":"closed","ping_status":"closed","template":"","meta":{"_acf_changed":false,"footnotes":""},"class_list":["post-22387","page","type-page","status-publish","hentry"],"acf":[],"yoast_head":"<!-- This site is optimized with the Yoast SEO plugin v27.3 - https:\/\/yoast.com\/product\/yoast-seo-wordpress\/ -->\n<title>FAQ Funding your studies - Facult\u00e9 de droit<\/title>\n<meta name=\"robots\" content=\"index, follow, max-snippet:-1, max-image-preview:large, max-video-preview:-1\" \/>\n<link rel=\"canonical\" href=\"https:\/\/www.fld-lille.fr\/en\/faqs\/faq-funding-your-studies\/\" \/>\n<meta property=\"og:locale\" content=\"en_US\" \/>\n<meta property=\"og:type\" content=\"article\" \/>\n<meta property=\"og:title\" content=\"FAQ Funding your studies - Facult\u00e9 de droit\" \/>\n<meta property=\"og:description\" content=\"[vc_row el_id=&#8221;tranche grand titre de page&#8221;][vc_column][vc_column_text] FAQ Funding your studies Below you will find all the answers to your questions about education funding. For more specific and personal questions, we invite you to contact us via our CONTACT FORM[\/vc_column_text][\/vc_column][\/vc_row][vc_row el_id=&#8221;tranche 1 question&#8221;][vc_column][vc_column_text] How much are the tuition fees? [\/vc_column_text][vc_column_text]The cost of tuition is between 3 [&hellip;]\" \/>\n<meta property=\"og:url\" content=\"https:\/\/www.fld-lille.fr\/en\/faqs\/faq-funding-your-studies\/\" \/>\n<meta property=\"og:site_name\" content=\"Facult\u00e9 de droit\" \/>\n<meta property=\"article:publisher\" content=\"https:\/\/www.facebook.com\/FLDLilleParis\/\" \/>\n<meta property=\"article:modified_time\" content=\"2023-02-08T16:13:23+00:00\" \/>\n<meta name=\"twitter:card\" content=\"summary_large_image\" \/>\n<meta name=\"twitter:label1\" content=\"Est. reading time\" \/>\n\t<meta name=\"twitter:data1\" content=\"1 minute\" \/>\n<script type=\"application\/ld+json\" class=\"yoast-schema-graph\">{\"@context\":\"https:\\\/\\\/schema.org\",\"@graph\":[{\"@type\":\"WebPage\",\"@id\":\"https:\\\/\\\/www.fld-lille.fr\\\/en\\\/faqs\\\/faq-funding-your-studies\\\/\",\"url\":\"https:\\\/\\\/www.fld-lille.fr\\\/en\\\/faqs\\\/faq-funding-your-studies\\\/\",\"name\":\"FAQ Funding your studies - Facult\u00e9 de droit\",\"isPartOf\":{\"@id\":\"https:\\\/\\\/www.fld-lille.fr\\\/#website\"},\"datePublished\":\"2023-01-05T11:08:27+00:00\",\"dateModified\":\"2023-02-08T16:13:23+00:00\",\"breadcrumb\":{\"@id\":\"https:\\\/\\\/www.fld-lille.fr\\\/en\\\/faqs\\\/faq-funding-your-studies\\\/#breadcrumb\"},\"inLanguage\":\"en-US\",\"potentialAction\":[{\"@type\":\"ReadAction\",\"target\":[\"https:\\\/\\\/www.fld-lille.fr\\\/en\\\/faqs\\\/faq-funding-your-studies\\\/\"]}]},{\"@type\":\"BreadcrumbList\",\"@id\":\"https:\\\/\\\/www.fld-lille.fr\\\/en\\\/faqs\\\/faq-funding-your-studies\\\/#breadcrumb\",\"itemListElement\":[{\"@type\":\"ListItem\",\"position\":1,\"name\":\"Accueil\",\"item\":\"https:\\\/\\\/www.fld-lille.fr\\\/en\\\/\"},{\"@type\":\"ListItem\",\"position\":2,\"name\":\"FAQs\",\"item\":\"https:\\\/\\\/www.fld-lille.fr\\\/en\\\/faqs\\\/\"},{\"@type\":\"ListItem\",\"position\":3,\"name\":\"FAQ Funding your studies\"}]},{\"@type\":\"WebSite\",\"@id\":\"https:\\\/\\\/www.fld-lille.fr\\\/#website\",\"url\":\"https:\\\/\\\/www.fld-lille.fr\\\/\",\"name\":\"Facult\u00e9 de droit\",\"description\":\"Les facult\u00e9s de l&#039;Universit\u00e9 Catholique de Lille\",\"potentialAction\":[{\"@type\":\"SearchAction\",\"target\":{\"@type\":\"EntryPoint\",\"urlTemplate\":\"https:\\\/\\\/www.fld-lille.fr\\\/?s={search_term_string}\"},\"query-input\":{\"@type\":\"PropertyValueSpecification\",\"valueRequired\":true,\"valueName\":\"search_term_string\"}}],\"inLanguage\":\"en-US\"}]}<\/script>\n<!-- \/ Yoast SEO plugin. -->","yoast_head_json":{"title":"FAQ Funding your studies - Facult\u00e9 de droit","robots":{"index":"index","follow":"follow","max-snippet":"max-snippet:-1","max-image-preview":"max-image-preview:large","max-video-preview":"max-video-preview:-1"},"canonical":"https:\/\/www.fld-lille.fr\/en\/faqs\/faq-funding-your-studies\/","og_locale":"en_US","og_type":"article","og_title":"FAQ Funding your studies - Facult\u00e9 de droit","og_description":"[vc_row el_id=&#8221;tranche grand titre de page&#8221;][vc_column][vc_column_text] FAQ Funding your studies Below you will find all the answers to your questions about education funding. For more specific and personal questions, we invite you to contact us via our CONTACT FORM[\/vc_column_text][\/vc_column][\/vc_row][vc_row el_id=&#8221;tranche 1 question&#8221;][vc_column][vc_column_text] How much are the tuition fees? [\/vc_column_text][vc_column_text]The cost of tuition is between 3 [&hellip;]","og_url":"https:\/\/www.fld-lille.fr\/en\/faqs\/faq-funding-your-studies\/","og_site_name":"Facult\u00e9 de droit","article_publisher":"https:\/\/www.facebook.com\/FLDLilleParis\/","article_modified_time":"2023-02-08T16:13:23+00:00","twitter_card":"summary_large_image","twitter_misc":{"Est. reading time":"1 minute"},"schema":{"@context":"https:\/\/schema.org","@graph":[{"@type":"WebPage","@id":"https:\/\/www.fld-lille.fr\/en\/faqs\/faq-funding-your-studies\/","url":"https:\/\/www.fld-lille.fr\/en\/faqs\/faq-funding-your-studies\/","name":"FAQ Funding your studies - Facult\u00e9 de droit","isPartOf":{"@id":"https:\/\/www.fld-lille.fr\/#website"},"datePublished":"2023-01-05T11:08:27+00:00","dateModified":"2023-02-08T16:13:23+00:00","breadcrumb":{"@id":"https:\/\/www.fld-lille.fr\/en\/faqs\/faq-funding-your-studies\/#breadcrumb"},"inLanguage":"en-US","potentialAction":[{"@type":"ReadAction","target":["https:\/\/www.fld-lille.fr\/en\/faqs\/faq-funding-your-studies\/"]}]},{"@type":"BreadcrumbList","@id":"https:\/\/www.fld-lille.fr\/en\/faqs\/faq-funding-your-studies\/#breadcrumb","itemListElement":[{"@type":"ListItem","position":1,"name":"Accueil","item":"https:\/\/www.fld-lille.fr\/en\/"},{"@type":"ListItem","position":2,"name":"FAQs","item":"https:\/\/www.fld-lille.fr\/en\/faqs\/"},{"@type":"ListItem","position":3,"name":"FAQ Funding your studies"}]},{"@type":"WebSite","@id":"https:\/\/www.fld-lille.fr\/#website","url":"https:\/\/www.fld-lille.fr\/","name":"Facult\u00e9 de droit","description":"Les facult\u00e9s de l&#039;Universit\u00e9 Catholique de Lille","potentialAction":[{"@type":"SearchAction","target":{"@type":"EntryPoint","urlTemplate":"https:\/\/www.fld-lille.fr\/?s={search_term_string}"},"query-input":{"@type":"PropertyValueSpecification","valueRequired":true,"valueName":"search_term_string"}}],"inLanguage":"en-US"}]}},"_links":{"self":[{"href":"https:\/\/www.fld-lille.fr\/en\/wp-json\/wp\/v2\/pages\/22387","targetHints":{"allow":["GET"]}}],"collection":[{"href":"https:\/\/www.fld-lille.fr\/en\/wp-json\/wp\/v2\/pages"}],"about":[{"href":"https:\/\/www.fld-lille.fr\/en\/wp-json\/wp\/v2\/types\/page"}],"author":[{"embeddable":true,"href":"https:\/\/www.fld-lille.fr\/en\/wp-json\/wp\/v2\/users\/38"}],"replies":[{"embeddable":true,"href":"https:\/\/www.fld-lille.fr\/en\/wp-json\/wp\/v2\/comments?post=22387"}],"version-history":[{"count":4,"href":"https:\/\/www.fld-lille.fr\/en\/wp-json\/wp\/v2\/pages\/22387\/revisions"}],"predecessor-version":[{"id":23209,"href":"https:\/\/www.fld-lille.fr\/en\/wp-json\/wp\/v2\/pages\/22387\/revisions\/23209"}],"up":[{"embeddable":true,"href":"https:\/\/www.fld-lille.fr\/en\/wp-json\/wp\/v2\/pages\/22283"}],"wp:attachment":[{"href":"https:\/\/www.fld-lille.fr\/en\/wp-json\/wp\/v2\/media?parent=22387"}],"curies":[{"name":"wp","href":"https:\/\/api.w.org\/{rel}","templated":true}]}}