{"id":22322,"date":"2023-01-05T11:32:06","date_gmt":"2023-01-05T10:32:06","guid":{"rendered":"https:\/\/www.fld-lille.fr\/?page_id=22322"},"modified":"2023-01-10T16:39:39","modified_gmt":"2023-01-10T15:39:39","slug":"faq-apprenticeship","status":"publish","type":"page","link":"https:\/\/www.fld-lille.fr\/en\/faqs\/faq-apprenticeship\/","title":{"rendered":"FAQ Apprenticeship"},"content":{"rendered":"<div class=\"wpb-content-wrapper\"><p>[vc_row][vc_column][vc_column_text]<\/p>\n<h1>FAQ Apprenticeship<\/h1>\n<p>Apprenticeship training allows students to learn a trade and to integrate more easily into the life and culture of the company. It is a training system based on an alternating practical and theoretical phase. It is a real gateway to employment and professional integration.<\/p>\n<p><strong>Apprenticeship training comprises two types of contract:<br \/>\n<\/strong>the apprenticeship contract and the professionalisation contract, both of which meet the same objective of increasing the employee&#8217;s skills by combining work in a company with theoretical training.[\/vc_column_text][\/vc_column][\/vc_row][vc_row el_id=&#8221;TOPIC &#8211; la fld sur parcoursup&#8221; css=&#8221;.vc_custom_1587114448529{padding-top: 40px !important;}&#8221;][vc_column][vc_column_text]<\/p>\n<h2><span style=\"color: #333333;\">Why choose an apprenticeship programme?<br \/>\n<\/span><\/h2>\n<p>[\/vc_column_text][\/vc_column][\/vc_row][vc_row][vc_column][vc_column_text]<\/p>\n<h2>What are the advantages of choosing an apprenticeship programme?<\/h2>\n<p>[\/vc_column_text][vc_column_text]Apprenticeship trainings allow students to develop a complete professional project thanks to a diploma or qualification course and practical experience in a company.<\/p>\n<p>There are many advantages for students choosing this kind of programme:<\/p>\n<ul>\n<li>Obtaining a degree or qualification from a wide range of professions;<\/li>\n<li>Benefiting from free training costs as they are paid by the company;<\/li>\n<li>Putting theoretical lessons into practice;<\/li>\n<li>Being paid during training as an employee; To have easier access to employment, thanks to the professional experience acquired in a company.<\/li>\n<\/ul>\n<p>[\/vc_column_text][vc_separator][\/vc_column][\/vc_row][vc_row][vc_column][vc_column_text]<\/p>\n<h2>What are the advantages for the employer?<\/h2>\n<p>[\/vc_column_text][vc_column_text]Recruiting a work-study student has many advantages for a company, such as training a future employee, teaching him or her a trade and integrating him or her into the life and culture of the company. It means recruiting a person capable of adapting to the needs of the company. In addition, financial advantages are offered to the employer who recruits a work-study student.[\/vc_column_text][vc_separator][\/vc_column][\/vc_row][vc_row el_id=&#8221;TOPIC &#8211; Voeux&#8221; css=&#8221;.vc_custom_1587114250231{padding-top: 40px !important;}&#8221;][vc_column][vc_column_text]<\/p>\n<h2><span style=\"color: #333333;\">The apprenticeship contract<br \/>\n<\/span><\/h2>\n<p>[\/vc_column_text][\/vc_column][\/vc_row][vc_row][vc_column][vc_column_text]<\/p>\n<h2>Who for?<\/h2>\n<p>[\/vc_column_text][vc_column_text]<\/p>\n<ul>\n<li>Students aged between 16 and 29;<\/li>\n<li>Certain groups may enter apprenticeships after the age of 29:<\/li>\n<li>apprentices preparing for a diploma or title higher than the one obtained;<\/li>\n<li>Disabled workers;<\/li>\n<li>people who are planning to set up or take over a business<\/li>\n<li>high-level sportsmen and women.<\/li>\n<\/ul>\n<p>[\/vc_column_text][vc_separator][\/vc_column][\/vc_row][vc_row][vc_column][vc_column_text]<\/p>\n<h2>Which employers?<\/h2>\n<p>[\/vc_column_text][vc_column_text]<\/p>\n<ul>\n<li>Companies in the craft, commercial, industrial and agricultural sectors, as well as employers in associations and the liberal professions;<\/li>\n<li>Employers in the non-industrial and commercial public sector (State, territorial and hospital civil services, as well as public administrative establishments).<\/li>\n<\/ul>\n<p>[\/vc_column_text][vc_separator][\/vc_column][\/vc_row][vc_row el_id=&#8221;TOPIC &#8211; Completer dossiers et confirmer voeux&#8221; css=&#8221;.vc_custom_1587114955369{padding-top: 40px !important;}&#8221;][vc_column][vc_column_text]<\/p>\n<h2><span style=\"color: #333333;\">Professionalization contract<br \/>\n<\/span><\/h2>\n<p>[\/vc_column_text][\/vc_column][\/vc_row][vc_row][vc_column][vc_column_text]<\/p>\n<h2>Who for?<\/h2>\n<p>[\/vc_column_text][vc_column_text]<\/p>\n<ul>\n<li>Young people aged 16-25;<\/li>\n<li>Jobseekers aged 26 and over;<\/li>\n<li>Recipients of the revenu de solidarit\u00e9 active (RSA), the allocation de solidarit\u00e9 sp\u00e9cifique (ASS) or the allocation aux adultes handicap\u00e9s (AAH)<\/li>\n<li>Recipients of the single-parent allowance (API) in the overseas departments and communities of Saint-Barth\u00e9lemy, Saint-Martin and Saint Pierre-et-Miquelon;<\/li>\n<li>People who have benefited from a subsidised contract.<\/li>\n<\/ul>\n<p>[\/vc_column_text][vc_separator][\/vc_column][\/vc_row][vc_row][vc_column][vc_column_text]<\/p>\n<h2>Which employers?<\/h2>\n<p>[\/vc_column_text][vc_column_text]<\/p>\n<ul>\n<li>All employers subject to the financing of continuing vocational training.The State, local authorities and their public administrative establishments may not conclude professionalisation contracts.<\/li>\n<\/ul>\n<p>[\/vc_column_text][vc_separator][\/vc_column][\/vc_row][vc_row el_id=&#8221;TOPIC &#8211; Fiche avenir&#8221; css=&#8221;.vc_custom_1587115202396{padding-top: 40px !important;}&#8221;][vc_column][vc_column_text]<\/p>\n<h2><span style=\"color: #333333;\">What working conditions? What is the role of each?<br \/>\n<\/span><\/h2>\n<p>[\/vc_column_text][\/vc_column][\/vc_row][vc_row][vc_column][vc_column_text]<\/p>\n<h2>What are the working conditions of the &#8220;work-study&#8221; student?<\/h2>\n<p>[\/vc_column_text][vc_column_text]The work-study student, called &#8220;alternant&#8221; in France, is an employee in his own right. As such, the laws, regulations and collective agreement of the professional branch as well as that of the company are applicable to them under the same conditions as to other employees.<br \/>\nWorking hours are identical to those of other employees. The employer must allow the trainee to follow theoretical and professional courses. This training time is included in the actual working time.[\/vc_column_text][vc_separator][\/vc_column][\/vc_row][vc_row][vc_column][vc_column_text]<\/p>\n<h2>What is the role of the employer?<\/h2>\n<p>[\/vc_column_text][vc_column_text]<\/p>\n<ul>\n<li>to promote the professional integration of the trainee in the company;<\/li>\n<li>to give him the necessary means for practical training;<\/li>\n<li>to enable the tutor or apprenticeship master to provide support for the work-study student, while carrying out his own work. The arrival of an apprenticeship trainee in the company requires the employer to appoint a tutor or apprenticeship master, depending on the contract chosen, who will accompany the trainee in his or her practical and theoretical training.<\/li>\n<\/ul>\n<p>[\/vc_column_text][vc_separator][\/vc_column][\/vc_row][vc_row][vc_column][vc_column_text]<\/p>\n<h2>What is the role of the work-study student?<\/h2>\n<p>[\/vc_column_text][vc_column_text]<\/p>\n<ul>\n<li>To follow the training assiduously;<\/li>\n<li>To integrate well into the company;<\/li>\n<li>To respect the organisation of the company and the training institution.<\/li>\n<\/ul>\n<p>[\/vc_column_text][vc_separator][\/vc_column][\/vc_row][vc_row][vc_column][vc_column_text]<\/p>\n<h2>What is the role of the FLD?<\/h2>\n<p>[\/vc_column_text][vc_column_text]<\/p>\n<ul>\n<li>ensure the theoretical training of the work-study student for the acquisition of the degree concerned;<\/li>\n<li>ensuring and closely monitoring the partnership with the company.<\/li>\n<\/ul>\n<p>[\/vc_column_text][vc_separator][\/vc_column][\/vc_row][vc_row][vc_column][vc_column_text]<\/p>\n<h2>What is the role of the tutor or the apprenticeship supervisor?<\/h2>\n<p>[\/vc_column_text][vc_column_text]The task of the apprenticeship supervisor is to contribute to the acquisition by the work-study student in the company of skills corresponding to the qualification sought and the title or diploma prepared for in the training course. He is therefore the one who :<\/p>\n<ul>\n<li>welcomes the work-study student to the company,<\/li>\n<li>introduces the work-study student to the company&#8217;s staff and activities,<\/li>\n<li>informs the work-study student of all the company&#8217;s internal rules and practices,<\/li>\n<li>accompany the work-study student in discovering the job,<\/li>\n<li>organises and plans the workstation for the alternating student,<\/li>\n<li>enables the work-study student to acquire the professional knowledge needed to carry out the job,<\/li>\n<li>keeps abreast of the work-study student&#8217;s training path and the results obtained,<\/li>\n<li>remains in contact with the training organisation for monitoring the work-study student in the company,<\/li>\n<li>assesses the acquisition of the work-study student&#8217;s professional skills.<\/li>\n<\/ul>\n<p>[\/vc_column_text][vc_separator][\/vc_column][\/vc_row]<\/p>\n<\/div>","protected":false},"excerpt":{"rendered":"<p>[vc_row][vc_column][vc_column_text] FAQ Apprenticeship Apprenticeship training allows students to learn a trade and to integrate more easily into the life and culture of the company. It is a training system based on an alternating practical and theoretical phase. It is a real gateway to employment and professional integration. Apprenticeship training comprises two types of contract: the [&hellip;]<\/p>\n","protected":false},"author":38,"featured_media":0,"parent":22283,"menu_order":1,"comment_status":"closed","ping_status":"closed","template":"","meta":{"_acf_changed":false,"footnotes":""},"class_list":["post-22322","page","type-page","status-publish","hentry"],"acf":[],"yoast_head":"<!-- This site is optimized with the Yoast SEO plugin v27.4 - https:\/\/yoast.com\/product\/yoast-seo-wordpress\/ -->\n<title>FAQ Apprenticeship - Facult\u00e9 de droit<\/title>\n<meta name=\"robots\" content=\"index, follow, max-snippet:-1, max-image-preview:large, max-video-preview:-1\" \/>\n<link rel=\"canonical\" href=\"https:\/\/www.fld-lille.fr\/en\/faqs\/faq-apprenticeship\/\" \/>\n<meta property=\"og:locale\" content=\"en_US\" \/>\n<meta property=\"og:type\" content=\"article\" \/>\n<meta property=\"og:title\" content=\"FAQ Apprenticeship - Facult\u00e9 de droit\" \/>\n<meta property=\"og:description\" content=\"[vc_row][vc_column][vc_column_text] FAQ Apprenticeship Apprenticeship training allows students to learn a trade and to integrate more easily into the life and culture of the company. It is a training system based on an alternating practical and theoretical phase. It is a real gateway to employment and professional integration. Apprenticeship training comprises two types of contract: the [&hellip;]\" \/>\n<meta property=\"og:url\" content=\"https:\/\/www.fld-lille.fr\/en\/faqs\/faq-apprenticeship\/\" \/>\n<meta property=\"og:site_name\" content=\"Facult\u00e9 de droit\" \/>\n<meta property=\"article:publisher\" content=\"https:\/\/www.facebook.com\/FLDLilleParis\/\" \/>\n<meta property=\"article:modified_time\" content=\"2023-01-10T15:39:39+00:00\" \/>\n<meta name=\"twitter:card\" content=\"summary_large_image\" \/>\n<meta name=\"twitter:label1\" content=\"Est. reading time\" \/>\n\t<meta name=\"twitter:data1\" content=\"5 minutes\" \/>\n<script type=\"application\/ld+json\" class=\"yoast-schema-graph\">{\"@context\":\"https:\\\/\\\/schema.org\",\"@graph\":[{\"@type\":\"WebPage\",\"@id\":\"https:\\\/\\\/www.fld-lille.fr\\\/en\\\/faqs\\\/faq-apprenticeship\\\/\",\"url\":\"https:\\\/\\\/www.fld-lille.fr\\\/en\\\/faqs\\\/faq-apprenticeship\\\/\",\"name\":\"FAQ Apprenticeship - Facult\u00e9 de droit\",\"isPartOf\":{\"@id\":\"https:\\\/\\\/www.fld-lille.fr\\\/#website\"},\"datePublished\":\"2023-01-05T10:32:06+00:00\",\"dateModified\":\"2023-01-10T15:39:39+00:00\",\"breadcrumb\":{\"@id\":\"https:\\\/\\\/www.fld-lille.fr\\\/en\\\/faqs\\\/faq-apprenticeship\\\/#breadcrumb\"},\"inLanguage\":\"en-US\",\"potentialAction\":[{\"@type\":\"ReadAction\",\"target\":[\"https:\\\/\\\/www.fld-lille.fr\\\/en\\\/faqs\\\/faq-apprenticeship\\\/\"]}]},{\"@type\":\"BreadcrumbList\",\"@id\":\"https:\\\/\\\/www.fld-lille.fr\\\/en\\\/faqs\\\/faq-apprenticeship\\\/#breadcrumb\",\"itemListElement\":[{\"@type\":\"ListItem\",\"position\":1,\"name\":\"Accueil\",\"item\":\"https:\\\/\\\/www.fld-lille.fr\\\/en\\\/\"},{\"@type\":\"ListItem\",\"position\":2,\"name\":\"FAQs\",\"item\":\"https:\\\/\\\/www.fld-lille.fr\\\/en\\\/faqs\\\/\"},{\"@type\":\"ListItem\",\"position\":3,\"name\":\"FAQ Apprenticeship\"}]},{\"@type\":\"WebSite\",\"@id\":\"https:\\\/\\\/www.fld-lille.fr\\\/#website\",\"url\":\"https:\\\/\\\/www.fld-lille.fr\\\/\",\"name\":\"Facult\u00e9 de droit\",\"description\":\"Les facult\u00e9s de l&#039;Universit\u00e9 Catholique de Lille\",\"potentialAction\":[{\"@type\":\"SearchAction\",\"target\":{\"@type\":\"EntryPoint\",\"urlTemplate\":\"https:\\\/\\\/www.fld-lille.fr\\\/?s={search_term_string}\"},\"query-input\":{\"@type\":\"PropertyValueSpecification\",\"valueRequired\":true,\"valueName\":\"search_term_string\"}}],\"inLanguage\":\"en-US\"}]}<\/script>\n<!-- \/ Yoast SEO plugin. -->","yoast_head_json":{"title":"FAQ Apprenticeship - Facult\u00e9 de droit","robots":{"index":"index","follow":"follow","max-snippet":"max-snippet:-1","max-image-preview":"max-image-preview:large","max-video-preview":"max-video-preview:-1"},"canonical":"https:\/\/www.fld-lille.fr\/en\/faqs\/faq-apprenticeship\/","og_locale":"en_US","og_type":"article","og_title":"FAQ Apprenticeship - Facult\u00e9 de droit","og_description":"[vc_row][vc_column][vc_column_text] FAQ Apprenticeship Apprenticeship training allows students to learn a trade and to integrate more easily into the life and culture of the company. It is a training system based on an alternating practical and theoretical phase. It is a real gateway to employment and professional integration. Apprenticeship training comprises two types of contract: the [&hellip;]","og_url":"https:\/\/www.fld-lille.fr\/en\/faqs\/faq-apprenticeship\/","og_site_name":"Facult\u00e9 de droit","article_publisher":"https:\/\/www.facebook.com\/FLDLilleParis\/","article_modified_time":"2023-01-10T15:39:39+00:00","twitter_card":"summary_large_image","twitter_misc":{"Est. reading time":"5 minutes"},"schema":{"@context":"https:\/\/schema.org","@graph":[{"@type":"WebPage","@id":"https:\/\/www.fld-lille.fr\/en\/faqs\/faq-apprenticeship\/","url":"https:\/\/www.fld-lille.fr\/en\/faqs\/faq-apprenticeship\/","name":"FAQ Apprenticeship - Facult\u00e9 de droit","isPartOf":{"@id":"https:\/\/www.fld-lille.fr\/#website"},"datePublished":"2023-01-05T10:32:06+00:00","dateModified":"2023-01-10T15:39:39+00:00","breadcrumb":{"@id":"https:\/\/www.fld-lille.fr\/en\/faqs\/faq-apprenticeship\/#breadcrumb"},"inLanguage":"en-US","potentialAction":[{"@type":"ReadAction","target":["https:\/\/www.fld-lille.fr\/en\/faqs\/faq-apprenticeship\/"]}]},{"@type":"BreadcrumbList","@id":"https:\/\/www.fld-lille.fr\/en\/faqs\/faq-apprenticeship\/#breadcrumb","itemListElement":[{"@type":"ListItem","position":1,"name":"Accueil","item":"https:\/\/www.fld-lille.fr\/en\/"},{"@type":"ListItem","position":2,"name":"FAQs","item":"https:\/\/www.fld-lille.fr\/en\/faqs\/"},{"@type":"ListItem","position":3,"name":"FAQ Apprenticeship"}]},{"@type":"WebSite","@id":"https:\/\/www.fld-lille.fr\/#website","url":"https:\/\/www.fld-lille.fr\/","name":"Facult\u00e9 de droit","description":"Les facult\u00e9s de l&#039;Universit\u00e9 Catholique de Lille","potentialAction":[{"@type":"SearchAction","target":{"@type":"EntryPoint","urlTemplate":"https:\/\/www.fld-lille.fr\/?s={search_term_string}"},"query-input":{"@type":"PropertyValueSpecification","valueRequired":true,"valueName":"search_term_string"}}],"inLanguage":"en-US"}]}},"_links":{"self":[{"href":"https:\/\/www.fld-lille.fr\/en\/wp-json\/wp\/v2\/pages\/22322","targetHints":{"allow":["GET"]}}],"collection":[{"href":"https:\/\/www.fld-lille.fr\/en\/wp-json\/wp\/v2\/pages"}],"about":[{"href":"https:\/\/www.fld-lille.fr\/en\/wp-json\/wp\/v2\/types\/page"}],"author":[{"embeddable":true,"href":"https:\/\/www.fld-lille.fr\/en\/wp-json\/wp\/v2\/users\/38"}],"replies":[{"embeddable":true,"href":"https:\/\/www.fld-lille.fr\/en\/wp-json\/wp\/v2\/comments?post=22322"}],"version-history":[{"count":5,"href":"https:\/\/www.fld-lille.fr\/en\/wp-json\/wp\/v2\/pages\/22322\/revisions"}],"predecessor-version":[{"id":22325,"href":"https:\/\/www.fld-lille.fr\/en\/wp-json\/wp\/v2\/pages\/22322\/revisions\/22325"}],"up":[{"embeddable":true,"href":"https:\/\/www.fld-lille.fr\/en\/wp-json\/wp\/v2\/pages\/22283"}],"wp:attachment":[{"href":"https:\/\/www.fld-lille.fr\/en\/wp-json\/wp\/v2\/media?parent=22322"}],"curies":[{"name":"wp","href":"https:\/\/api.w.org\/{rel}","templated":true}]}}