{"id":22319,"date":"2023-01-05T11:17:18","date_gmt":"2023-01-05T10:17:18","guid":{"rendered":"https:\/\/www.fld-lille.fr\/?page_id=22319"},"modified":"2023-01-11T10:53:32","modified_gmt":"2023-01-11T09:53:32","slug":"faq-studying-at-the-fld","status":"publish","type":"page","link":"https:\/\/www.fld-lille.fr\/en\/faqs\/faq-studying-at-the-fld\/","title":{"rendered":"FAQ Studying at the FLD"},"content":{"rendered":"<div class=\"wpb-content-wrapper\"><p>[vc_row el_id=&#8221;tranche grand titre de page&#8221;][vc_column][vc_column_text]<\/p>\n<h1>FAQ Studying at the FLD<\/h1>\n<p>By joining our Faculty, you will be joining the leading private higher education law faculty in France, with nearly 2,500 students on our 2 campuses, 7 degree courses, 16 masters and 8 Graduate diplomas and 2 programmes in partnership with business schools.[\/vc_column_text][\/vc_column][\/vc_row][vc_row el_id=&#8221;tranche 1 question&#8221;][vc_column][vc_column_text]<\/p>\n<h2>Where is the Faculty located?<\/h2>\n<p>[\/vc_column_text][vc_column_text]Our Faculty has a campus in Lille and, since 2009, a campus in Issy-les-Moulineaux. It offers its 3,500 students the guarantee of optimal working conditions to ensure the success of each student.<br \/>\nThe Lille Campus is located at 60 boulevard Vauban in Lille. The Issy-les-Moulineaux Campus is located at 35 rue Gabriel P\u00e9ri in Issy Les Moulineaux.[\/vc_column_text][vc_separator el_id=&#8221;separateur marquant la fin du contenu de la question&#8221;][\/vc_column][\/vc_row][vc_row][vc_column][vc_column_text]<\/p>\n<h2>Do I have to be Catholic to join the FLD?<\/h2>\n<p>[\/vc_column_text][vc_column_text]The Universit\u00e9 Catholique de Lille is a private higher education institution which holds the Catholic values of humanism, openness and tolerance&#8230; This means welcoming and respecting all religious persuasions.[\/vc_column_text][vc_separator][\/vc_column][\/vc_row][vc_row][vc_column][vc_column_text]<\/p>\n<h2>How is the transition from high school to university?<\/h2>\n<p>[\/vc_column_text][vc_column_text]When joining the FLD, all 1st year students go through a three-week transition period to familiarise themselves with legal studies and facilitate their immersion.[\/vc_column_text][vc_separator][\/vc_column][\/vc_row][vc_row][vc_column][vc_column_text]<\/p>\n<h2>Do I need to pursue a Master&#8217;s degree at the FLD?<\/h2>\n<h2><\/h2>\n<p>[\/vc_column_text][vc_column_text]The FLD offers several master&#8217;s degrees in different fields of study. However, if you wish to study in another speciality not offered by the FLD, your diploma allows you to apply to other universities. Indeed, all our diplomas are recognised by the State, in agreement (partnership) with the Toulouse 1 Capitole University (public university), which allows you to access any training related to your degree.[\/vc_column_text][vc_separator][\/vc_column][\/vc_row]<\/p>\n<\/div>","protected":false},"excerpt":{"rendered":"<p>[vc_row el_id=&#8221;tranche grand titre de page&#8221;][vc_column][vc_column_text] FAQ Studying at the FLD By joining our Faculty, you will be joining the leading private higher education law faculty in France, with nearly 2,500 students on our 2 campuses, 7 degree courses, 16 masters and 8 Graduate diplomas and 2 programmes in partnership with business schools.[\/vc_column_text][\/vc_column][\/vc_row][vc_row el_id=&#8221;tranche 1 [&hellip;]<\/p>\n","protected":false},"author":38,"featured_media":0,"parent":22283,"menu_order":6,"comment_status":"closed","ping_status":"closed","template":"","meta":{"_acf_changed":false,"footnotes":""},"class_list":["post-22319","page","type-page","status-publish","hentry"],"acf":[],"yoast_head":"<!-- This site is optimized with the Yoast SEO plugin v27.3 - https:\/\/yoast.com\/product\/yoast-seo-wordpress\/ -->\n<title>FAQ Studying at the FLD - Facult\u00e9 de droit<\/title>\n<meta name=\"robots\" content=\"index, follow, max-snippet:-1, max-image-preview:large, max-video-preview:-1\" \/>\n<link rel=\"canonical\" href=\"https:\/\/www.fld-lille.fr\/en\/faqs\/faq-studying-at-the-fld\/\" \/>\n<meta property=\"og:locale\" content=\"en_US\" \/>\n<meta property=\"og:type\" content=\"article\" \/>\n<meta property=\"og:title\" content=\"FAQ Studying at the FLD - Facult\u00e9 de droit\" \/>\n<meta property=\"og:description\" content=\"[vc_row el_id=&#8221;tranche grand titre de page&#8221;][vc_column][vc_column_text] FAQ Studying at the FLD By joining our Faculty, you will be joining the leading private higher education law faculty in France, with nearly 2,500 students on our 2 campuses, 7 degree courses, 16 masters and 8 Graduate diplomas and 2 programmes in partnership with business schools.[\/vc_column_text][\/vc_column][\/vc_row][vc_row el_id=&#8221;tranche 1 [&hellip;]\" \/>\n<meta property=\"og:url\" content=\"https:\/\/www.fld-lille.fr\/en\/faqs\/faq-studying-at-the-fld\/\" \/>\n<meta property=\"og:site_name\" content=\"Facult\u00e9 de droit\" \/>\n<meta property=\"article:publisher\" content=\"https:\/\/www.facebook.com\/FLDLilleParis\/\" \/>\n<meta property=\"article:modified_time\" content=\"2023-01-11T09:53:32+00:00\" \/>\n<meta name=\"twitter:card\" content=\"summary_large_image\" \/>\n<meta name=\"twitter:label1\" content=\"Est. reading time\" \/>\n\t<meta name=\"twitter:data1\" content=\"2 minutes\" \/>\n<script type=\"application\/ld+json\" class=\"yoast-schema-graph\">{\"@context\":\"https:\\\/\\\/schema.org\",\"@graph\":[{\"@type\":\"WebPage\",\"@id\":\"https:\\\/\\\/www.fld-lille.fr\\\/en\\\/faqs\\\/faq-studying-at-the-fld\\\/\",\"url\":\"https:\\\/\\\/www.fld-lille.fr\\\/en\\\/faqs\\\/faq-studying-at-the-fld\\\/\",\"name\":\"FAQ Studying at the FLD - Facult\u00e9 de droit\",\"isPartOf\":{\"@id\":\"https:\\\/\\\/www.fld-lille.fr\\\/#website\"},\"datePublished\":\"2023-01-05T10:17:18+00:00\",\"dateModified\":\"2023-01-11T09:53:32+00:00\",\"breadcrumb\":{\"@id\":\"https:\\\/\\\/www.fld-lille.fr\\\/en\\\/faqs\\\/faq-studying-at-the-fld\\\/#breadcrumb\"},\"inLanguage\":\"en-US\",\"potentialAction\":[{\"@type\":\"ReadAction\",\"target\":[\"https:\\\/\\\/www.fld-lille.fr\\\/en\\\/faqs\\\/faq-studying-at-the-fld\\\/\"]}]},{\"@type\":\"BreadcrumbList\",\"@id\":\"https:\\\/\\\/www.fld-lille.fr\\\/en\\\/faqs\\\/faq-studying-at-the-fld\\\/#breadcrumb\",\"itemListElement\":[{\"@type\":\"ListItem\",\"position\":1,\"name\":\"Accueil\",\"item\":\"https:\\\/\\\/www.fld-lille.fr\\\/en\\\/\"},{\"@type\":\"ListItem\",\"position\":2,\"name\":\"FAQs\",\"item\":\"https:\\\/\\\/www.fld-lille.fr\\\/en\\\/faqs\\\/\"},{\"@type\":\"ListItem\",\"position\":3,\"name\":\"FAQ Studying at the FLD\"}]},{\"@type\":\"WebSite\",\"@id\":\"https:\\\/\\\/www.fld-lille.fr\\\/#website\",\"url\":\"https:\\\/\\\/www.fld-lille.fr\\\/\",\"name\":\"Facult\u00e9 de droit\",\"description\":\"Les facult\u00e9s de l&#039;Universit\u00e9 Catholique de Lille\",\"potentialAction\":[{\"@type\":\"SearchAction\",\"target\":{\"@type\":\"EntryPoint\",\"urlTemplate\":\"https:\\\/\\\/www.fld-lille.fr\\\/?s={search_term_string}\"},\"query-input\":{\"@type\":\"PropertyValueSpecification\",\"valueRequired\":true,\"valueName\":\"search_term_string\"}}],\"inLanguage\":\"en-US\"}]}<\/script>\n<!-- \/ Yoast SEO plugin. -->","yoast_head_json":{"title":"FAQ Studying at the FLD - Facult\u00e9 de droit","robots":{"index":"index","follow":"follow","max-snippet":"max-snippet:-1","max-image-preview":"max-image-preview:large","max-video-preview":"max-video-preview:-1"},"canonical":"https:\/\/www.fld-lille.fr\/en\/faqs\/faq-studying-at-the-fld\/","og_locale":"en_US","og_type":"article","og_title":"FAQ Studying at the FLD - Facult\u00e9 de droit","og_description":"[vc_row el_id=&#8221;tranche grand titre de page&#8221;][vc_column][vc_column_text] FAQ Studying at the FLD By joining our Faculty, you will be joining the leading private higher education law faculty in France, with nearly 2,500 students on our 2 campuses, 7 degree courses, 16 masters and 8 Graduate diplomas and 2 programmes in partnership with business schools.[\/vc_column_text][\/vc_column][\/vc_row][vc_row el_id=&#8221;tranche 1 [&hellip;]","og_url":"https:\/\/www.fld-lille.fr\/en\/faqs\/faq-studying-at-the-fld\/","og_site_name":"Facult\u00e9 de droit","article_publisher":"https:\/\/www.facebook.com\/FLDLilleParis\/","article_modified_time":"2023-01-11T09:53:32+00:00","twitter_card":"summary_large_image","twitter_misc":{"Est. reading time":"2 minutes"},"schema":{"@context":"https:\/\/schema.org","@graph":[{"@type":"WebPage","@id":"https:\/\/www.fld-lille.fr\/en\/faqs\/faq-studying-at-the-fld\/","url":"https:\/\/www.fld-lille.fr\/en\/faqs\/faq-studying-at-the-fld\/","name":"FAQ Studying at the FLD - Facult\u00e9 de droit","isPartOf":{"@id":"https:\/\/www.fld-lille.fr\/#website"},"datePublished":"2023-01-05T10:17:18+00:00","dateModified":"2023-01-11T09:53:32+00:00","breadcrumb":{"@id":"https:\/\/www.fld-lille.fr\/en\/faqs\/faq-studying-at-the-fld\/#breadcrumb"},"inLanguage":"en-US","potentialAction":[{"@type":"ReadAction","target":["https:\/\/www.fld-lille.fr\/en\/faqs\/faq-studying-at-the-fld\/"]}]},{"@type":"BreadcrumbList","@id":"https:\/\/www.fld-lille.fr\/en\/faqs\/faq-studying-at-the-fld\/#breadcrumb","itemListElement":[{"@type":"ListItem","position":1,"name":"Accueil","item":"https:\/\/www.fld-lille.fr\/en\/"},{"@type":"ListItem","position":2,"name":"FAQs","item":"https:\/\/www.fld-lille.fr\/en\/faqs\/"},{"@type":"ListItem","position":3,"name":"FAQ Studying at the FLD"}]},{"@type":"WebSite","@id":"https:\/\/www.fld-lille.fr\/#website","url":"https:\/\/www.fld-lille.fr\/","name":"Facult\u00e9 de droit","description":"Les facult\u00e9s de l&#039;Universit\u00e9 Catholique de Lille","potentialAction":[{"@type":"SearchAction","target":{"@type":"EntryPoint","urlTemplate":"https:\/\/www.fld-lille.fr\/?s={search_term_string}"},"query-input":{"@type":"PropertyValueSpecification","valueRequired":true,"valueName":"search_term_string"}}],"inLanguage":"en-US"}]}},"_links":{"self":[{"href":"https:\/\/www.fld-lille.fr\/en\/wp-json\/wp\/v2\/pages\/22319","targetHints":{"allow":["GET"]}}],"collection":[{"href":"https:\/\/www.fld-lille.fr\/en\/wp-json\/wp\/v2\/pages"}],"about":[{"href":"https:\/\/www.fld-lille.fr\/en\/wp-json\/wp\/v2\/types\/page"}],"author":[{"embeddable":true,"href":"https:\/\/www.fld-lille.fr\/en\/wp-json\/wp\/v2\/users\/38"}],"replies":[{"embeddable":true,"href":"https:\/\/www.fld-lille.fr\/en\/wp-json\/wp\/v2\/comments?post=22319"}],"version-history":[{"count":3,"href":"https:\/\/www.fld-lille.fr\/en\/wp-json\/wp\/v2\/pages\/22319\/revisions"}],"predecessor-version":[{"id":22745,"href":"https:\/\/www.fld-lille.fr\/en\/wp-json\/wp\/v2\/pages\/22319\/revisions\/22745"}],"up":[{"embeddable":true,"href":"https:\/\/www.fld-lille.fr\/en\/wp-json\/wp\/v2\/pages\/22283"}],"wp:attachment":[{"href":"https:\/\/www.fld-lille.fr\/en\/wp-json\/wp\/v2\/media?parent=22319"}],"curies":[{"name":"wp","href":"https:\/\/api.w.org\/{rel}","templated":true}]}}