{"id":22308,"date":"2023-01-05T11:00:55","date_gmt":"2023-01-05T10:00:55","guid":{"rendered":"https:\/\/www.fld-lille.fr\/?page_id=22308"},"modified":"2023-01-11T10:37:42","modified_gmt":"2023-01-11T09:37:42","slug":"faq-student-services-student-life","status":"publish","type":"page","link":"https:\/\/www.fld-lille.fr\/en\/faqs\/faq-student-services-student-life\/","title":{"rendered":"FAQ Student services \/ Student life"},"content":{"rendered":"<div class=\"wpb-content-wrapper\"><p>[vc_row el_id=&#8221;tranche grand titre de page&#8221;][vc_column][vc_column_text]<\/p>\n<h1>FAQ Student services \/ Student life<\/h1>\n<p><a href=\"#services-a-l-etudiant\">Student services<\/a>\u00a0\/ <a href=\"#vie-etudiante\">Student life<\/a>[\/vc_column_text][\/vc_column][\/vc_row][vc_row el_id=&#8221;services-a-l-etudiant&#8221;][vc_column][vc_column_text]<\/p>\n<h1><span style=\"color: #001000;\">Student services<\/span><\/h1>\n<p>[\/vc_column_text][\/vc_column][\/vc_row][vc_row el_id=&#8221;tranche 1 question&#8221;][vc_column][vc_column_text]<\/p>\n<h2>Where to stay on the Lille campus?<\/h2>\n<p>[\/vc_column_text][vc_column_text]With 1,620 rooms and studios, the All logement manages 19 university accomodations, in the heart of the campus, in the city centre and on the outskirts. Beyond simple accommodation, the residences are above all places of life, work, sharing and conviviality.[\/vc_column_text][vc_separator el_id=&#8221;separateur marquant la fin du contenu de la question&#8221;][\/vc_column][\/vc_row][vc_row][vc_column][vc_column_text]<\/p>\n<h2>Who do I apply for accomodation?<\/h2>\n<p>[\/vc_column_text][vc_column_text]All procedures are done online. Click here to access the list of residences: <a href=\"https:\/\/www.all-lacatho.fr\/fr\/liste-residences\" target=\"_blank\" rel=\"noopener noreferrer\">list of student accomodations<\/a><\/p>\n<p>More info here : <a href=\"https:\/\/www.all-lacatho.fr\/en\/content\/category\/2-faq-logement\" target=\"_blank\" rel=\"noopener noreferrer\">student accomodation<\/a>[\/vc_column_text][vc_separator][\/vc_column][\/vc_row][vc_row][vc_column][vc_column_text]<\/p>\n<h2>When should I start applying for an accomodation?<\/h2>\n<p>[\/vc_column_text][vc_column_text]It is strongly advised to book your accommodation a few months in advance. Registrations are open from mid-April before the start of the academic year.[\/vc_column_text][vc_separator][\/vc_column][\/vc_row][vc_row][vc_column][vc_column_text]<\/p>\n<h2>I am not yet sure whether I have the baccalaureate or whether I will be able to attend a course at the Universit\u00e9 Catholique de Lille. Should I make an accomodation booking?<\/h2>\n<p>[\/vc_column_text][vc_column_text]We advise you to make a booking request despite your uncertainties. If you do not integrate a school or a faculty of the Universit\u00e9 Catholique de Lille, you will have the possibility to cancel your application until 15 days before the beginning of your contract. The All logement will reimburse you the full amount of the application fee.[\/vc_column_text][vc_separator][\/vc_column][\/vc_row][vc_row][vc_column][vc_column_text]<\/p>\n<h2>Are the All logement accommodations eligible for CAF housing benefits?<\/h2>\n<p>[\/vc_column_text][vc_column_text]It is indeed possible to receive CAF assistance. You should first apply for housing benefit on the <a href=\"https:\/\/www.caf.fr\/\" target=\"_blank\" rel=\"noopener\">CAF website<\/a>. The All logement will provide you with the necessary documents to establish your file.[\/vc_column_text][vc_separator][\/vc_column][\/vc_row][vc_row][vc_column][vc_column_text]<\/p>\n<h2>Where to eat on the Lille campus?<\/h2>\n<p>[\/vc_column_text][vc_column_text]<strong>The All resto offers 7 food outlets<\/strong> on the campus of the Universit\u00e9 Catholique de Lille. Open from Monday to Friday, the All resto offers a variety of menus accessible to all expectations and budgets. Traditional, world cuisine, fast food, vegetarian, salads, sandwiches, on the spot or to take away are proposed to the students in a friendly environment.<br \/>\nThe meal plan costs 3.30\u20ac (student rate) and payment is made with the student card.[\/vc_column_text][vc_separator][\/vc_column][\/vc_row][vc_row][vc_column][vc_column_text]<\/p>\n<h2>How does the ALL Card work?<\/h2>\n<p>[\/vc_column_text][vc_column_text]<strong>The All Card<\/strong> is an electronic wallet that works as a means of payment in the All Resto university restaurants. In addition to your meals, it allows you to pay for your All sport subscription. This card is essential if you wish to use the fitness room as it serves as an access badge.<br \/>\nVia your secure personal space on the internet, you can top up your All Card, consult your balance and view all your expenses. You will receive your Services All Card when you register (only if you have requested it).[\/vc_column_text][vc_separator][\/vc_column][\/vc_row][vc_row][vc_column][vc_column_text]<\/p>\n<h2>Where can I do sports on the Lille Campus?<\/h2>\n<p>[\/vc_column_text][vc_column_text]The All sport offers you 3 sports structures:<\/p>\n<p><strong>A sports hall<\/strong> &#8211; 125 rue Meurein in Lille. Monday to Thursday from 7.30am to 9.30pm and Friday from 7.30am to 7.30pm. Saturdays from 10.30am to 1.30pm. The gym is accessible with the All Services Card.<br \/>\nRegistration on the All Sport website: https:\/\/www.all-lacatho.fr\/fr\/inscription-sport?id_category=9<br \/>\n&gt;Cardio training and weight training area<br \/>\n&gt;Fitness \/ Abs \/ Body Sculpt \/ Boxing \/ Yoga&#8230;<\/p>\n<p><strong>A gym<\/strong> &#8211; 10 rue Colson in Lille. It is open to sports associations and schools for the practice of team sports.<\/p>\n<p><strong>A sports complex<\/strong> &#8211; Place du G\u00e9n\u00e9ral de Gaulle in Enneti\u00e8res-en-Weppes. Located at the gates of Lille, it covers more than 7 hectares and offers a wide range of indoor and outdoor sports activities: fitness, bodybuilding, football, badminton, tennis, table tennis, handball, p\u00e9tanque, rugby, volleyball, basketball and archery. It is open to sports associations and schools.[\/vc_column_text][vc_separator][\/vc_column][\/vc_row][vc_row][vc_column][vc_column_text]<\/p>\n<h2>Where to get health care on the Lille Campus?<\/h2>\n<p>[\/vc_column_text][vc_column_text]The CPSU (Centre Polyvalent de Sant\u00e9 Universitaire) has two centres: All Sant\u00e9 and All Solidarit\u00e9.<\/p>\n<ul>\n<li>The All sant\u00e9 offers general medical, gynaecological and nursing consultations as well as psychological assistance. General medical consultations are without appointment.<\/li>\n<li>The social workers at the All solidarit\u00e9 receive you by appointment to inform you and help you with your applications (grants, housing, financial aid, or any other questions). They will listen to you, provide support and guidance in complete confidentiality.<\/li>\n<\/ul>\n<p>More infor here: <a href=\"https:\/\/www.all-lacatho.fr\/fr\/contact?id_category=8\" target=\"_blank\" rel=\"noopener noreferrer\">https:\/\/www.all-lacatho.fr\/fr\/contact?id_category=8<\/a>[\/vc_column_text][vc_separator][\/vc_column][\/vc_row][vc_row el_id=&#8221;vie-etudiante&#8221; css=&#8221;.vc_custom_1586955915470{padding-top: 30px !important;}&#8221;][vc_column][vc_column_text]<\/p>\n<h1><span style=\"color: #001000;\">Student life<\/span><\/h1>\n<p>[\/vc_column_text][\/vc_column][\/vc_row][vc_row][vc_column][vc_column_text]<\/p>\n<h2>Are there any humanitarian associations on campus?<\/h2>\n<p>[\/vc_column_text][vc_column_text]Several social and humanitarian associations are active on our campuses. At the beginning of each academic year, they recruit new members to be able to carry out even more actions throughout the year. Here are some of them. This list is not exhaustive and if you have a project that is close to your heart, do not hesitate to contact Mr <a href=\"remy.eripret@univ-catholille.fr\" target=\"_blank\" rel=\"noopener\">R\u00e9my ERIPRET<\/a>, our student life officer and MAH correspondent.<\/p>\n<ul>\n<li><strong>Earth<\/strong> is committed to the protection of the environment<\/li>\n<li><strong>Solid&#8217;Act<\/strong> carries out actions such as marauding, humanitarian trips&#8230;<\/li>\n<li><strong>Unicef Campus<\/strong> to implement information relays<\/li>\n<li><strong>Sourire d&#8217;enfants au Congo<\/strong> supports orphans in need<\/li>\n<li><strong>Humanitarian Help Office &#8211; Humani&#8217;care<\/strong> participates in solidarity actions in collaboration with other associations<\/li>\n<\/ul>\n<p>[\/vc_column_text][vc_separator][\/vc_column][\/vc_row][vc_row][vc_column][vc_column_text]<\/p>\n<h2>Does the faculty value student engagement?<\/h2>\n<p>[\/vc_column_text][vc_column_text]Associative and extra-university experiences, whether they are societal, cultural, sporting or humanitarian, contribute to the development of our students&#8217; human and professional skills. Our faculty therefore places these commitments at the very heart of the educational project by taking them into account and valuing them in the university curriculum.[\/vc_column_text][vc_separator][\/vc_column][\/vc_row]<\/p>\n<\/div>","protected":false},"excerpt":{"rendered":"<p>[vc_row el_id=&#8221;tranche grand titre de page&#8221;][vc_column][vc_column_text] FAQ Student services \/ Student life Student services\u00a0\/ Student life[\/vc_column_text][\/vc_column][\/vc_row][vc_row el_id=&#8221;services-a-l-etudiant&#8221;][vc_column][vc_column_text] Student services [\/vc_column_text][\/vc_column][\/vc_row][vc_row el_id=&#8221;tranche 1 question&#8221;][vc_column][vc_column_text] Where to stay on the Lille campus? [\/vc_column_text][vc_column_text]With 1,620 rooms and studios, the All logement manages 19 university accomodations, in the heart of the campus, in the city centre and on the [&hellip;]<\/p>\n","protected":false},"author":38,"featured_media":0,"parent":22283,"menu_order":3,"comment_status":"closed","ping_status":"closed","template":"","meta":{"_acf_changed":false,"footnotes":""},"class_list":["post-22308","page","type-page","status-publish","hentry"],"acf":[],"yoast_head":"<!-- This site is optimized with the Yoast SEO plugin v27.4 - https:\/\/yoast.com\/product\/yoast-seo-wordpress\/ -->\n<title>FAQ Student services \/ Student life - Facult\u00e9 de droit<\/title>\n<meta name=\"robots\" content=\"index, follow, max-snippet:-1, max-image-preview:large, max-video-preview:-1\" \/>\n<link rel=\"canonical\" href=\"https:\/\/www.fld-lille.fr\/en\/faqs\/faq-student-services-student-life\/\" \/>\n<meta property=\"og:locale\" content=\"en_US\" \/>\n<meta property=\"og:type\" content=\"article\" \/>\n<meta property=\"og:title\" content=\"FAQ Student services \/ Student life - Facult\u00e9 de droit\" \/>\n<meta property=\"og:description\" content=\"[vc_row el_id=&#8221;tranche grand titre de page&#8221;][vc_column][vc_column_text] FAQ Student services \/ Student life Student services\u00a0\/ Student life[\/vc_column_text][\/vc_column][\/vc_row][vc_row el_id=&#8221;services-a-l-etudiant&#8221;][vc_column][vc_column_text] Student services [\/vc_column_text][\/vc_column][\/vc_row][vc_row el_id=&#8221;tranche 1 question&#8221;][vc_column][vc_column_text] Where to stay on the Lille campus? [\/vc_column_text][vc_column_text]With 1,620 rooms and studios, the All logement manages 19 university accomodations, in the heart of the campus, in the city centre and on the [&hellip;]\" \/>\n<meta property=\"og:url\" content=\"https:\/\/www.fld-lille.fr\/en\/faqs\/faq-student-services-student-life\/\" \/>\n<meta property=\"og:site_name\" content=\"Facult\u00e9 de droit\" \/>\n<meta property=\"article:publisher\" content=\"https:\/\/www.facebook.com\/FLDLilleParis\/\" \/>\n<meta property=\"article:modified_time\" content=\"2023-01-11T09:37:42+00:00\" \/>\n<meta name=\"twitter:card\" content=\"summary_large_image\" \/>\n<meta name=\"twitter:label1\" content=\"Est. reading time\" \/>\n\t<meta name=\"twitter:data1\" content=\"5 minutes\" \/>\n<script type=\"application\/ld+json\" class=\"yoast-schema-graph\">{\"@context\":\"https:\\\/\\\/schema.org\",\"@graph\":[{\"@type\":\"WebPage\",\"@id\":\"https:\\\/\\\/www.fld-lille.fr\\\/en\\\/faqs\\\/faq-student-services-student-life\\\/\",\"url\":\"https:\\\/\\\/www.fld-lille.fr\\\/en\\\/faqs\\\/faq-student-services-student-life\\\/\",\"name\":\"FAQ Student services \\\/ Student life - Facult\u00e9 de droit\",\"isPartOf\":{\"@id\":\"https:\\\/\\\/www.fld-lille.fr\\\/#website\"},\"datePublished\":\"2023-01-05T10:00:55+00:00\",\"dateModified\":\"2023-01-11T09:37:42+00:00\",\"breadcrumb\":{\"@id\":\"https:\\\/\\\/www.fld-lille.fr\\\/en\\\/faqs\\\/faq-student-services-student-life\\\/#breadcrumb\"},\"inLanguage\":\"en-US\",\"potentialAction\":[{\"@type\":\"ReadAction\",\"target\":[\"https:\\\/\\\/www.fld-lille.fr\\\/en\\\/faqs\\\/faq-student-services-student-life\\\/\"]}]},{\"@type\":\"BreadcrumbList\",\"@id\":\"https:\\\/\\\/www.fld-lille.fr\\\/en\\\/faqs\\\/faq-student-services-student-life\\\/#breadcrumb\",\"itemListElement\":[{\"@type\":\"ListItem\",\"position\":1,\"name\":\"Accueil\",\"item\":\"https:\\\/\\\/www.fld-lille.fr\\\/en\\\/\"},{\"@type\":\"ListItem\",\"position\":2,\"name\":\"FAQs\",\"item\":\"https:\\\/\\\/www.fld-lille.fr\\\/en\\\/faqs\\\/\"},{\"@type\":\"ListItem\",\"position\":3,\"name\":\"FAQ Student services \\\/ Student life\"}]},{\"@type\":\"WebSite\",\"@id\":\"https:\\\/\\\/www.fld-lille.fr\\\/#website\",\"url\":\"https:\\\/\\\/www.fld-lille.fr\\\/\",\"name\":\"Facult\u00e9 de droit\",\"description\":\"Les facult\u00e9s de l&#039;Universit\u00e9 Catholique de Lille\",\"potentialAction\":[{\"@type\":\"SearchAction\",\"target\":{\"@type\":\"EntryPoint\",\"urlTemplate\":\"https:\\\/\\\/www.fld-lille.fr\\\/?s={search_term_string}\"},\"query-input\":{\"@type\":\"PropertyValueSpecification\",\"valueRequired\":true,\"valueName\":\"search_term_string\"}}],\"inLanguage\":\"en-US\"}]}<\/script>\n<!-- \/ Yoast SEO plugin. -->","yoast_head_json":{"title":"FAQ Student services \/ Student life - Facult\u00e9 de droit","robots":{"index":"index","follow":"follow","max-snippet":"max-snippet:-1","max-image-preview":"max-image-preview:large","max-video-preview":"max-video-preview:-1"},"canonical":"https:\/\/www.fld-lille.fr\/en\/faqs\/faq-student-services-student-life\/","og_locale":"en_US","og_type":"article","og_title":"FAQ Student services \/ Student life - Facult\u00e9 de droit","og_description":"[vc_row el_id=&#8221;tranche grand titre de page&#8221;][vc_column][vc_column_text] FAQ Student services \/ Student life Student services\u00a0\/ Student life[\/vc_column_text][\/vc_column][\/vc_row][vc_row el_id=&#8221;services-a-l-etudiant&#8221;][vc_column][vc_column_text] Student services [\/vc_column_text][\/vc_column][\/vc_row][vc_row el_id=&#8221;tranche 1 question&#8221;][vc_column][vc_column_text] Where to stay on the Lille campus? [\/vc_column_text][vc_column_text]With 1,620 rooms and studios, the All logement manages 19 university accomodations, in the heart of the campus, in the city centre and on the [&hellip;]","og_url":"https:\/\/www.fld-lille.fr\/en\/faqs\/faq-student-services-student-life\/","og_site_name":"Facult\u00e9 de droit","article_publisher":"https:\/\/www.facebook.com\/FLDLilleParis\/","article_modified_time":"2023-01-11T09:37:42+00:00","twitter_card":"summary_large_image","twitter_misc":{"Est. reading time":"5 minutes"},"schema":{"@context":"https:\/\/schema.org","@graph":[{"@type":"WebPage","@id":"https:\/\/www.fld-lille.fr\/en\/faqs\/faq-student-services-student-life\/","url":"https:\/\/www.fld-lille.fr\/en\/faqs\/faq-student-services-student-life\/","name":"FAQ Student services \/ Student life - Facult\u00e9 de droit","isPartOf":{"@id":"https:\/\/www.fld-lille.fr\/#website"},"datePublished":"2023-01-05T10:00:55+00:00","dateModified":"2023-01-11T09:37:42+00:00","breadcrumb":{"@id":"https:\/\/www.fld-lille.fr\/en\/faqs\/faq-student-services-student-life\/#breadcrumb"},"inLanguage":"en-US","potentialAction":[{"@type":"ReadAction","target":["https:\/\/www.fld-lille.fr\/en\/faqs\/faq-student-services-student-life\/"]}]},{"@type":"BreadcrumbList","@id":"https:\/\/www.fld-lille.fr\/en\/faqs\/faq-student-services-student-life\/#breadcrumb","itemListElement":[{"@type":"ListItem","position":1,"name":"Accueil","item":"https:\/\/www.fld-lille.fr\/en\/"},{"@type":"ListItem","position":2,"name":"FAQs","item":"https:\/\/www.fld-lille.fr\/en\/faqs\/"},{"@type":"ListItem","position":3,"name":"FAQ Student services \/ Student life"}]},{"@type":"WebSite","@id":"https:\/\/www.fld-lille.fr\/#website","url":"https:\/\/www.fld-lille.fr\/","name":"Facult\u00e9 de droit","description":"Les facult\u00e9s de l&#039;Universit\u00e9 Catholique de Lille","potentialAction":[{"@type":"SearchAction","target":{"@type":"EntryPoint","urlTemplate":"https:\/\/www.fld-lille.fr\/?s={search_term_string}"},"query-input":{"@type":"PropertyValueSpecification","valueRequired":true,"valueName":"search_term_string"}}],"inLanguage":"en-US"}]}},"_links":{"self":[{"href":"https:\/\/www.fld-lille.fr\/en\/wp-json\/wp\/v2\/pages\/22308","targetHints":{"allow":["GET"]}}],"collection":[{"href":"https:\/\/www.fld-lille.fr\/en\/wp-json\/wp\/v2\/pages"}],"about":[{"href":"https:\/\/www.fld-lille.fr\/en\/wp-json\/wp\/v2\/types\/page"}],"author":[{"embeddable":true,"href":"https:\/\/www.fld-lille.fr\/en\/wp-json\/wp\/v2\/users\/38"}],"replies":[{"embeddable":true,"href":"https:\/\/www.fld-lille.fr\/en\/wp-json\/wp\/v2\/comments?post=22308"}],"version-history":[{"count":8,"href":"https:\/\/www.fld-lille.fr\/en\/wp-json\/wp\/v2\/pages\/22308\/revisions"}],"predecessor-version":[{"id":22316,"href":"https:\/\/www.fld-lille.fr\/en\/wp-json\/wp\/v2\/pages\/22308\/revisions\/22316"}],"up":[{"embeddable":true,"href":"https:\/\/www.fld-lille.fr\/en\/wp-json\/wp\/v2\/pages\/22283"}],"wp:attachment":[{"href":"https:\/\/www.fld-lille.fr\/en\/wp-json\/wp\/v2\/media?parent=22308"}],"curies":[{"name":"wp","href":"https:\/\/api.w.org\/{rel}","templated":true}]}}