{"id":22291,"date":"2023-01-05T09:52:09","date_gmt":"2023-01-05T08:52:09","guid":{"rendered":"https:\/\/www.fld-lille.fr\/?page_id=22291"},"modified":"2024-02-14T11:48:27","modified_gmt":"2024-02-14T10:48:27","slug":"le-career-center","status":"publish","type":"page","link":"https:\/\/www.fld-lille.fr\/en\/le-career-center\/","title":{"rendered":"The Career Center"},"content":{"rendered":"<div class=\"wpb-content-wrapper\"><p>[vc_row][vc_column][vc_column_text]<\/p>\n<h1 class=\"red\">The Career Center<\/h1>\n<p>[\/vc_column_text][vc_column_text]<\/p>\n<p style=\"text-align: left;\">The Career Center is a place dedicated to all students and graduates of the faculties of the Universit\u00e9 Catholique de Lille.<br \/>\nThe aim is to support them in defining and shaping their professional project and their career.<\/p>\n<p>[\/vc_column_text][vc_row_inner][vc_column_inner width=&#8221;1\/2&#8243;][vc_column_text]Available as soon as you start studying at the Universit\u00e9 Catholique de Lille and throughout your professional life, the Career Center is staffed by recruitment and career management experts and business specialists.[\/vc_column_text][\/vc_column_inner][vc_column_inner width=&#8221;1\/2&#8243;][vc_column_text]Equipped with modern and appropriate tools, its aim is to guide students, graduates and employees, to provide them with advice and to develop useful networks.[\/vc_column_text][\/vc_column_inner][\/vc_row_inner][vc_single_image image=&#8221;749&#8243; img_size=&#8221;large&#8221; alignment=&#8221;center&#8221;][vc_row_inner][vc_column_inner width=&#8221;1\/2&#8243;][vc_column_text]The Career Center provides collective and individual support for students in their pursuit of studies. It is a bridge between courses, techniques for writing a CV and a cover letter, searching for internships and jobs, preparing for interviews, work experience, etc.[\/vc_column_text][\/vc_column_inner][vc_column_inner width=&#8221;1\/2&#8243;][vc_column_text]This service centralises internships, work-study and job offers, organises events such as workshops to help students make the right choices for their studies and put their career plans into action.[\/vc_column_text][\/vc_column_inner][\/vc_row_inner][\/vc_column][\/vc_row][vc_row][vc_column width=&#8221;1\/2&#8243;]<div class=\"quote-light\">\n  <p class=\"quote-light-text\">\u00ab Par exemple, le Jobdating que nous proposons depuis 6 ans est tr\u00e8s attendu aussi bien par les \u00e9tudiants que les entreprises. Cette demi-journ\u00e9e r\u00e9pond aux besoins de l\u2019ensemble des fonctions des entreprises. Les entreprises peuvent voir en une apr\u00e8s-midi un maximum de candidats qualifi\u00e9s et disposent de leur CV. Ce dispositif participe \u00e0 l\u2019int\u00e9gration de nos jeunes dipl\u00f4m\u00e9s dont 83 %* trouvent un emploi dans les 6 mois apr\u00e8s l\u2019obtention de leur master 2 \u00bb<\/p>\n  <p class=\"quote-light-attribution\">St\u00e9phanie B\u00e9diez Co-responsable du Career Center des Facult\u00e9s de l\u2019Universit\u00e9 Catholique de Lille.<\/p>\n<\/div>\n[\/vc_column][vc_column width=&#8221;1\/2&#8243;][vc_single_image image=&#8221;747&#8243; img_size=&#8221;full&#8221;][vc_column_text]<i>*(average placement rate within the Faculties of the Universit\u00e9 Catholique de Lille)<\/i>[\/vc_column_text][\/vc_column][\/vc_row][vc_row][vc_column][vc_column_text]<\/p>\n<h2 class=\"red\">First steps in the professional world<\/h2>\n<p>[\/vc_column_text][vc_column_text]D\u00e8s la premi\u00e8re ann\u00e9e de licence, la Facult\u00e9 de Droit (FLD) associe \u00e0 ses cursus des stages obligatoires. Plus l&#8217;\u00e9tudiant appr\u00e9hende t\u00f4t le monde du travail, plus il d\u00e9couvre la r\u00e9alit\u00e9 des m\u00e9tiers et plus il acquiert, dans le m\u00eame temps, des comp\u00e9tences qui s\u00e9duiront les recruteurs.[\/vc_column_text][\/vc_column][\/vc_row][vc_row][vc_column width=&#8221;1\/2&#8243;][vc_column_text]During the bachelor&#8217;s degree, an 8-weeks internship has to be carried out in order to validate their studies. Students have the choice of doing their placement in a single structure or splitting this period as they wish to discover different structures and professions.<\/p>\n<p>In the Master&#8217;s programme, the emphasis is on the completion of an internship, known as a long-term internship, particularly in the Master&#8217;s 2 programme where a minimum of 2 to 3 months&#8217; internship is compulsory (depending on the Master&#8217;s programme). However, in reality, the vast majority of students carry out a 5 to 6 month internship in order to acquire a first real experience that will open the doors to their future employment.<\/p>\n<p>This internship enables them to apply their theoretical knowledge in real-life situations and assess their operational capabilities.[\/vc_column_text][\/vc_column][vc_column width=&#8221;1\/2&#8243;][vc_single_image image=&#8221;6763&#8243; img_size=&#8221;large&#8221; alignment=&#8221;right&#8221;][\/vc_column][\/vc_row][vc_row][vc_column width=&#8221;1\/2&#8243;][vc_single_image image=&#8221;6764&#8243; img_size=&#8221;large&#8221; alignment=&#8221;center&#8221;][\/vc_column][vc_column width=&#8221;1\/2&#8243;]<div class=\"quote-light\">\n  <p class=\"quote-light-text\">Whether they are an opportunity to discover a profession, a structure or even a sector of activity, or a chance to acquire your first professional skills, work placements are an integral part of your university career. It is compulsory for students to undertake a work placement from the bachelor's level. The minimum duration is 2 months over the 3 years of the degree, but I often advise them to do one a year to build up their CVs from the start of their studies and refine their career plans.<br \/>\nDenis SIMON, Head of the Corporate department<\/p>\n  <p class=\"quote-light-attribution\"><\/p>\n<\/div>\n[\/vc_column][\/vc_row][vc_row][vc_column][vc_column_text]<\/p>\n<h3>If you have any questions, please contact us:<\/h3>\n<p>[\/vc_column_text][\/vc_column][\/vc_row][vc_row][vc_column width=&#8221;1\/2&#8243;]<div class=\"frame\">\n  <p><span style=\"color: #ff0000;\"><strong>ISSY-LES-MOULINEAUX CAMPUS<\/strong><\/span><\/p>\n<p><strong>Suzette GOMES<\/strong><br \/>\nHead of Corporate Relations<br \/>\n<a href=\"mailto:suzette.gomes@univ-catholille.fr\" target=\"_blank\" rel=\"noopener\">suzette.gomes@univ-catholille.fr<\/a><\/p>\n\n<\/div>\n[\/vc_column][vc_column width=&#8221;1\/2&#8243;]<div class=\"frame\">\n  <p><span style=\"color: #ff0000;\"><strong>LILLE CAMPUS<\/strong><\/span><\/p>\n<p><strong>Aude ALLARD<\/strong><br \/>\nHead of Corporate Relations<br \/>\n<a href=\"mailto:aude.allard@univ-catholille.fr\" target=\"_blank\" rel=\"noopener\">aude.allard@univ-catholille.fr<\/a><\/p>\n\n<\/div>\n[\/vc_column][\/vc_row]<\/p>\n<\/div>","protected":false},"excerpt":{"rendered":"<p>[vc_row][vc_column][vc_column_text] The Career Center [\/vc_column_text][vc_column_text] The Career Center is a place dedicated to all students and graduates of the faculties of the Universit\u00e9 Catholique de Lille. The aim is to support them in defining and shaping their professional project and their career. [\/vc_column_text][vc_row_inner][vc_column_inner width=&#8221;1\/2&#8243;][vc_column_text]Available as soon as you start studying at the Universit\u00e9 Catholique de [&hellip;]<\/p>\n","protected":false},"author":38,"featured_media":0,"parent":0,"menu_order":1,"comment_status":"closed","ping_status":"closed","template":"","meta":{"_acf_changed":false,"footnotes":""},"class_list":["post-22291","page","type-page","status-publish","hentry"],"acf":[],"yoast_head":"<!-- This site is optimized with the Yoast SEO plugin v27.4 - https:\/\/yoast.com\/product\/yoast-seo-wordpress\/ -->\n<title>The Career Center - Facult\u00e9 de droit<\/title>\n<meta name=\"robots\" content=\"index, follow, max-snippet:-1, max-image-preview:large, max-video-preview:-1\" \/>\n<link rel=\"canonical\" href=\"https:\/\/www.fld-lille.fr\/en\/le-career-center\/\" \/>\n<meta property=\"og:locale\" content=\"en_US\" \/>\n<meta property=\"og:type\" content=\"article\" \/>\n<meta property=\"og:title\" content=\"The Career Center - Facult\u00e9 de droit\" \/>\n<meta property=\"og:description\" content=\"[vc_row][vc_column][vc_column_text] The Career Center [\/vc_column_text][vc_column_text] The Career Center is a place dedicated to all students and graduates of the faculties of the Universit\u00e9 Catholique de Lille. The aim is to support them in defining and shaping their professional project and their career. [\/vc_column_text][vc_row_inner][vc_column_inner width=&#8221;1\/2&#8243;][vc_column_text]Available as soon as you start studying at the Universit\u00e9 Catholique de [&hellip;]\" \/>\n<meta property=\"og:url\" content=\"https:\/\/www.fld-lille.fr\/en\/le-career-center\/\" \/>\n<meta property=\"og:site_name\" content=\"Facult\u00e9 de droit\" \/>\n<meta property=\"article:publisher\" content=\"https:\/\/www.facebook.com\/FLDLilleParis\/\" \/>\n<meta property=\"article:modified_time\" content=\"2024-02-14T10:48:27+00:00\" \/>\n<meta name=\"twitter:card\" content=\"summary_large_image\" \/>\n<meta name=\"twitter:label1\" content=\"Est. reading time\" \/>\n\t<meta name=\"twitter:data1\" content=\"4 minutes\" \/>\n<script type=\"application\/ld+json\" class=\"yoast-schema-graph\">{\"@context\":\"https:\\\/\\\/schema.org\",\"@graph\":[{\"@type\":\"WebPage\",\"@id\":\"https:\\\/\\\/www.fld-lille.fr\\\/en\\\/le-career-center\\\/\",\"url\":\"https:\\\/\\\/www.fld-lille.fr\\\/en\\\/le-career-center\\\/\",\"name\":\"The Career Center - Facult\u00e9 de droit\",\"isPartOf\":{\"@id\":\"https:\\\/\\\/www.fld-lille.fr\\\/#website\"},\"datePublished\":\"2023-01-05T08:52:09+00:00\",\"dateModified\":\"2024-02-14T10:48:27+00:00\",\"breadcrumb\":{\"@id\":\"https:\\\/\\\/www.fld-lille.fr\\\/en\\\/le-career-center\\\/#breadcrumb\"},\"inLanguage\":\"en-US\",\"potentialAction\":[{\"@type\":\"ReadAction\",\"target\":[\"https:\\\/\\\/www.fld-lille.fr\\\/en\\\/le-career-center\\\/\"]}]},{\"@type\":\"BreadcrumbList\",\"@id\":\"https:\\\/\\\/www.fld-lille.fr\\\/en\\\/le-career-center\\\/#breadcrumb\",\"itemListElement\":[{\"@type\":\"ListItem\",\"position\":1,\"name\":\"Accueil\",\"item\":\"https:\\\/\\\/www.fld-lille.fr\\\/en\\\/\"},{\"@type\":\"ListItem\",\"position\":2,\"name\":\"The Career Center\"}]},{\"@type\":\"WebSite\",\"@id\":\"https:\\\/\\\/www.fld-lille.fr\\\/#website\",\"url\":\"https:\\\/\\\/www.fld-lille.fr\\\/\",\"name\":\"Facult\u00e9 de droit\",\"description\":\"Les facult\u00e9s de l&#039;Universit\u00e9 Catholique de Lille\",\"potentialAction\":[{\"@type\":\"SearchAction\",\"target\":{\"@type\":\"EntryPoint\",\"urlTemplate\":\"https:\\\/\\\/www.fld-lille.fr\\\/?s={search_term_string}\"},\"query-input\":{\"@type\":\"PropertyValueSpecification\",\"valueRequired\":true,\"valueName\":\"search_term_string\"}}],\"inLanguage\":\"en-US\"}]}<\/script>\n<!-- \/ Yoast SEO plugin. -->","yoast_head_json":{"title":"The Career Center - Facult\u00e9 de droit","robots":{"index":"index","follow":"follow","max-snippet":"max-snippet:-1","max-image-preview":"max-image-preview:large","max-video-preview":"max-video-preview:-1"},"canonical":"https:\/\/www.fld-lille.fr\/en\/le-career-center\/","og_locale":"en_US","og_type":"article","og_title":"The Career Center - Facult\u00e9 de droit","og_description":"[vc_row][vc_column][vc_column_text] The Career Center [\/vc_column_text][vc_column_text] The Career Center is a place dedicated to all students and graduates of the faculties of the Universit\u00e9 Catholique de Lille. The aim is to support them in defining and shaping their professional project and their career. [\/vc_column_text][vc_row_inner][vc_column_inner width=&#8221;1\/2&#8243;][vc_column_text]Available as soon as you start studying at the Universit\u00e9 Catholique de [&hellip;]","og_url":"https:\/\/www.fld-lille.fr\/en\/le-career-center\/","og_site_name":"Facult\u00e9 de droit","article_publisher":"https:\/\/www.facebook.com\/FLDLilleParis\/","article_modified_time":"2024-02-14T10:48:27+00:00","twitter_card":"summary_large_image","twitter_misc":{"Est. reading time":"4 minutes"},"schema":{"@context":"https:\/\/schema.org","@graph":[{"@type":"WebPage","@id":"https:\/\/www.fld-lille.fr\/en\/le-career-center\/","url":"https:\/\/www.fld-lille.fr\/en\/le-career-center\/","name":"The Career Center - Facult\u00e9 de droit","isPartOf":{"@id":"https:\/\/www.fld-lille.fr\/#website"},"datePublished":"2023-01-05T08:52:09+00:00","dateModified":"2024-02-14T10:48:27+00:00","breadcrumb":{"@id":"https:\/\/www.fld-lille.fr\/en\/le-career-center\/#breadcrumb"},"inLanguage":"en-US","potentialAction":[{"@type":"ReadAction","target":["https:\/\/www.fld-lille.fr\/en\/le-career-center\/"]}]},{"@type":"BreadcrumbList","@id":"https:\/\/www.fld-lille.fr\/en\/le-career-center\/#breadcrumb","itemListElement":[{"@type":"ListItem","position":1,"name":"Accueil","item":"https:\/\/www.fld-lille.fr\/en\/"},{"@type":"ListItem","position":2,"name":"The Career Center"}]},{"@type":"WebSite","@id":"https:\/\/www.fld-lille.fr\/#website","url":"https:\/\/www.fld-lille.fr\/","name":"Facult\u00e9 de droit","description":"Les facult\u00e9s de l&#039;Universit\u00e9 Catholique de Lille","potentialAction":[{"@type":"SearchAction","target":{"@type":"EntryPoint","urlTemplate":"https:\/\/www.fld-lille.fr\/?s={search_term_string}"},"query-input":{"@type":"PropertyValueSpecification","valueRequired":true,"valueName":"search_term_string"}}],"inLanguage":"en-US"}]}},"_links":{"self":[{"href":"https:\/\/www.fld-lille.fr\/en\/wp-json\/wp\/v2\/pages\/22291","targetHints":{"allow":["GET"]}}],"collection":[{"href":"https:\/\/www.fld-lille.fr\/en\/wp-json\/wp\/v2\/pages"}],"about":[{"href":"https:\/\/www.fld-lille.fr\/en\/wp-json\/wp\/v2\/types\/page"}],"author":[{"embeddable":true,"href":"https:\/\/www.fld-lille.fr\/en\/wp-json\/wp\/v2\/users\/38"}],"replies":[{"embeddable":true,"href":"https:\/\/www.fld-lille.fr\/en\/wp-json\/wp\/v2\/comments?post=22291"}],"version-history":[{"count":6,"href":"https:\/\/www.fld-lille.fr\/en\/wp-json\/wp\/v2\/pages\/22291\/revisions"}],"predecessor-version":[{"id":26526,"href":"https:\/\/www.fld-lille.fr\/en\/wp-json\/wp\/v2\/pages\/22291\/revisions\/26526"}],"wp:attachment":[{"href":"https:\/\/www.fld-lille.fr\/en\/wp-json\/wp\/v2\/media?parent=22291"}],"curies":[{"name":"wp","href":"https:\/\/api.w.org\/{rel}","templated":true}]}}