{"id":22290,"date":"2023-01-05T09:52:41","date_gmt":"2023-01-05T08:52:41","guid":{"rendered":"https:\/\/www.fld-lille.fr\/?page_id=22290"},"modified":"2023-01-10T14:55:27","modified_gmt":"2023-01-10T13:55:27","slug":"faq-professionalization","status":"publish","type":"page","link":"https:\/\/www.fld-lille.fr\/en\/faqs\/faq-professionalization\/","title":{"rendered":"FAQ Professionalization"},"content":{"rendered":"<div class=\"wpb-content-wrapper\"><p>[vc_row el_id=&#8221;tranche grand titre de page&#8221;][vc_column][vc_column_text]<\/p>\n<h1>FAQ Professionalization<\/h1>\n<p>Because the professional perspectives in legal studies are so diverse, our students are accompanied throughout their studies at the FLD in the construction and the concretisation of their professional project.[\/vc_column_text][\/vc_column][\/vc_row][vc_row el_id=&#8221;tranche 1 question&#8221;][vc_column][vc_column_text]<\/p>\n<h2>How long are internships?<\/h2>\n<p>[\/vc_column_text][vc_column_text]Students must complete a minimum of 8 weeks of work experience <strong>over the 3 years of their bachelors degree<\/strong>. They can choose to split this period according to their placement opportunities. It is a minimum of 8 weeks, so they also have the possibility of extending their internships (e.g. one month in 1st year, then one month in 2nd year and finally one month in 3rd year).<\/p>\n<p>At Master&#8217;s level, depending on the course followed, the duration of the internship will vary from 2 to 3 months and up to a maximum of 6 months.[\/vc_column_text][vc_separator el_id=&#8221;separateur marquant la fin du contenu de la question&#8221;][\/vc_column][\/vc_row][vc_row][vc_column][vc_column_text]<\/p>\n<h2>Do I have to find my own work placements?<\/h2>\n<p>[\/vc_column_text][vc_column_text]The Career Center can help you find internship offers. However, it is not the Faculty that will impose an offer on you, it is up to you to make the arrangements.<br \/>\nMore information on <a href=\"https:\/\/www.fld-lille.fr\/en\/le-career-center\/\" target=\"_blank\" rel=\"noopener noreferrer\">the Career Center by clicking here<\/a><\/p>\n<p>[\/vc_column_text][vc_separator][\/vc_column][\/vc_row][vc_row][vc_column][vc_column_text]<\/p>\n<h2>What is the Career Center?<\/h2>\n<p>[\/vc_column_text][vc_column_text]The Career Center is a service of the Universit\u00e9 Catholique de Lille, fully dedicated in helping students and graduates develop their professionnal career. Everything is done to enable students to build their professional project in a progressive manner. In addition to the several professional immersions it offers to students, the Career Center has also set up a number of tools in order to help them build their career plan: CV\/cover letter workshops, job fairs, individual meetings and advice, and Jobdating.<\/p>\n<p>As a professional, you can also contact the Career Center is you are looking for interns or apprentices, or if you have a position to fill. The Career Center teams are in regular contact with our alumni.<\/p>\n<p>[\/vc_column_text][vc_separator][\/vc_column][\/vc_row]<\/p>\n<\/div>","protected":false},"excerpt":{"rendered":"<p>[vc_row el_id=&#8221;tranche grand titre de page&#8221;][vc_column][vc_column_text] FAQ Professionalization Because the professional perspectives in legal studies are so diverse, our students are accompanied throughout their studies at the FLD in the construction and the concretisation of their professional project.[\/vc_column_text][\/vc_column][\/vc_row][vc_row el_id=&#8221;tranche 1 question&#8221;][vc_column][vc_column_text] How long are internships? [\/vc_column_text][vc_column_text]Students must complete a minimum of 8 weeks of work [&hellip;]<\/p>\n","protected":false},"author":38,"featured_media":0,"parent":22283,"menu_order":7,"comment_status":"closed","ping_status":"closed","template":"","meta":{"_acf_changed":false,"footnotes":""},"class_list":["post-22290","page","type-page","status-publish","hentry"],"acf":[],"yoast_head":"<!-- This site is optimized with the Yoast SEO plugin v27.3 - https:\/\/yoast.com\/product\/yoast-seo-wordpress\/ -->\n<title>FAQ Professionalization - Facult\u00e9 de droit<\/title>\n<meta name=\"robots\" content=\"index, follow, max-snippet:-1, max-image-preview:large, max-video-preview:-1\" \/>\n<link rel=\"canonical\" href=\"https:\/\/www.fld-lille.fr\/en\/faqs\/faq-professionalization\/\" \/>\n<meta property=\"og:locale\" content=\"en_US\" \/>\n<meta property=\"og:type\" content=\"article\" \/>\n<meta property=\"og:title\" content=\"FAQ Professionalization - Facult\u00e9 de droit\" \/>\n<meta property=\"og:description\" content=\"[vc_row el_id=&#8221;tranche grand titre de page&#8221;][vc_column][vc_column_text] FAQ Professionalization Because the professional perspectives in legal studies are so diverse, our students are accompanied throughout their studies at the FLD in the construction and the concretisation of their professional project.[\/vc_column_text][\/vc_column][\/vc_row][vc_row el_id=&#8221;tranche 1 question&#8221;][vc_column][vc_column_text] How long are internships? [\/vc_column_text][vc_column_text]Students must complete a minimum of 8 weeks of work [&hellip;]\" \/>\n<meta property=\"og:url\" content=\"https:\/\/www.fld-lille.fr\/en\/faqs\/faq-professionalization\/\" \/>\n<meta property=\"og:site_name\" content=\"Facult\u00e9 de droit\" \/>\n<meta property=\"article:publisher\" content=\"https:\/\/www.facebook.com\/FLDLilleParis\/\" \/>\n<meta property=\"article:modified_time\" content=\"2023-01-10T13:55:27+00:00\" \/>\n<meta name=\"twitter:card\" content=\"summary_large_image\" \/>\n<meta name=\"twitter:label1\" content=\"Est. reading time\" \/>\n\t<meta name=\"twitter:data1\" content=\"2 minutes\" \/>\n<script type=\"application\/ld+json\" class=\"yoast-schema-graph\">{\"@context\":\"https:\\\/\\\/schema.org\",\"@graph\":[{\"@type\":\"WebPage\",\"@id\":\"https:\\\/\\\/www.fld-lille.fr\\\/en\\\/faqs\\\/faq-professionalization\\\/\",\"url\":\"https:\\\/\\\/www.fld-lille.fr\\\/en\\\/faqs\\\/faq-professionalization\\\/\",\"name\":\"FAQ Professionalization - Facult\u00e9 de droit\",\"isPartOf\":{\"@id\":\"https:\\\/\\\/www.fld-lille.fr\\\/#website\"},\"datePublished\":\"2023-01-05T08:52:41+00:00\",\"dateModified\":\"2023-01-10T13:55:27+00:00\",\"breadcrumb\":{\"@id\":\"https:\\\/\\\/www.fld-lille.fr\\\/en\\\/faqs\\\/faq-professionalization\\\/#breadcrumb\"},\"inLanguage\":\"en-US\",\"potentialAction\":[{\"@type\":\"ReadAction\",\"target\":[\"https:\\\/\\\/www.fld-lille.fr\\\/en\\\/faqs\\\/faq-professionalization\\\/\"]}]},{\"@type\":\"BreadcrumbList\",\"@id\":\"https:\\\/\\\/www.fld-lille.fr\\\/en\\\/faqs\\\/faq-professionalization\\\/#breadcrumb\",\"itemListElement\":[{\"@type\":\"ListItem\",\"position\":1,\"name\":\"Accueil\",\"item\":\"https:\\\/\\\/www.fld-lille.fr\\\/en\\\/\"},{\"@type\":\"ListItem\",\"position\":2,\"name\":\"FAQs\",\"item\":\"https:\\\/\\\/www.fld-lille.fr\\\/en\\\/faqs\\\/\"},{\"@type\":\"ListItem\",\"position\":3,\"name\":\"FAQ Professionalization\"}]},{\"@type\":\"WebSite\",\"@id\":\"https:\\\/\\\/www.fld-lille.fr\\\/#website\",\"url\":\"https:\\\/\\\/www.fld-lille.fr\\\/\",\"name\":\"Facult\u00e9 de droit\",\"description\":\"Les facult\u00e9s de l&#039;Universit\u00e9 Catholique de Lille\",\"potentialAction\":[{\"@type\":\"SearchAction\",\"target\":{\"@type\":\"EntryPoint\",\"urlTemplate\":\"https:\\\/\\\/www.fld-lille.fr\\\/?s={search_term_string}\"},\"query-input\":{\"@type\":\"PropertyValueSpecification\",\"valueRequired\":true,\"valueName\":\"search_term_string\"}}],\"inLanguage\":\"en-US\"}]}<\/script>\n<!-- \/ Yoast SEO plugin. -->","yoast_head_json":{"title":"FAQ Professionalization - Facult\u00e9 de droit","robots":{"index":"index","follow":"follow","max-snippet":"max-snippet:-1","max-image-preview":"max-image-preview:large","max-video-preview":"max-video-preview:-1"},"canonical":"https:\/\/www.fld-lille.fr\/en\/faqs\/faq-professionalization\/","og_locale":"en_US","og_type":"article","og_title":"FAQ Professionalization - Facult\u00e9 de droit","og_description":"[vc_row el_id=&#8221;tranche grand titre de page&#8221;][vc_column][vc_column_text] FAQ Professionalization Because the professional perspectives in legal studies are so diverse, our students are accompanied throughout their studies at the FLD in the construction and the concretisation of their professional project.[\/vc_column_text][\/vc_column][\/vc_row][vc_row el_id=&#8221;tranche 1 question&#8221;][vc_column][vc_column_text] How long are internships? [\/vc_column_text][vc_column_text]Students must complete a minimum of 8 weeks of work [&hellip;]","og_url":"https:\/\/www.fld-lille.fr\/en\/faqs\/faq-professionalization\/","og_site_name":"Facult\u00e9 de droit","article_publisher":"https:\/\/www.facebook.com\/FLDLilleParis\/","article_modified_time":"2023-01-10T13:55:27+00:00","twitter_card":"summary_large_image","twitter_misc":{"Est. reading time":"2 minutes"},"schema":{"@context":"https:\/\/schema.org","@graph":[{"@type":"WebPage","@id":"https:\/\/www.fld-lille.fr\/en\/faqs\/faq-professionalization\/","url":"https:\/\/www.fld-lille.fr\/en\/faqs\/faq-professionalization\/","name":"FAQ Professionalization - Facult\u00e9 de droit","isPartOf":{"@id":"https:\/\/www.fld-lille.fr\/#website"},"datePublished":"2023-01-05T08:52:41+00:00","dateModified":"2023-01-10T13:55:27+00:00","breadcrumb":{"@id":"https:\/\/www.fld-lille.fr\/en\/faqs\/faq-professionalization\/#breadcrumb"},"inLanguage":"en-US","potentialAction":[{"@type":"ReadAction","target":["https:\/\/www.fld-lille.fr\/en\/faqs\/faq-professionalization\/"]}]},{"@type":"BreadcrumbList","@id":"https:\/\/www.fld-lille.fr\/en\/faqs\/faq-professionalization\/#breadcrumb","itemListElement":[{"@type":"ListItem","position":1,"name":"Accueil","item":"https:\/\/www.fld-lille.fr\/en\/"},{"@type":"ListItem","position":2,"name":"FAQs","item":"https:\/\/www.fld-lille.fr\/en\/faqs\/"},{"@type":"ListItem","position":3,"name":"FAQ Professionalization"}]},{"@type":"WebSite","@id":"https:\/\/www.fld-lille.fr\/#website","url":"https:\/\/www.fld-lille.fr\/","name":"Facult\u00e9 de droit","description":"Les facult\u00e9s de l&#039;Universit\u00e9 Catholique de Lille","potentialAction":[{"@type":"SearchAction","target":{"@type":"EntryPoint","urlTemplate":"https:\/\/www.fld-lille.fr\/?s={search_term_string}"},"query-input":{"@type":"PropertyValueSpecification","valueRequired":true,"valueName":"search_term_string"}}],"inLanguage":"en-US"}]}},"_links":{"self":[{"href":"https:\/\/www.fld-lille.fr\/en\/wp-json\/wp\/v2\/pages\/22290","targetHints":{"allow":["GET"]}}],"collection":[{"href":"https:\/\/www.fld-lille.fr\/en\/wp-json\/wp\/v2\/pages"}],"about":[{"href":"https:\/\/www.fld-lille.fr\/en\/wp-json\/wp\/v2\/types\/page"}],"author":[{"embeddable":true,"href":"https:\/\/www.fld-lille.fr\/en\/wp-json\/wp\/v2\/users\/38"}],"replies":[{"embeddable":true,"href":"https:\/\/www.fld-lille.fr\/en\/wp-json\/wp\/v2\/comments?post=22290"}],"version-history":[{"count":4,"href":"https:\/\/www.fld-lille.fr\/en\/wp-json\/wp\/v2\/pages\/22290\/revisions"}],"predecessor-version":[{"id":22725,"href":"https:\/\/www.fld-lille.fr\/en\/wp-json\/wp\/v2\/pages\/22290\/revisions\/22725"}],"up":[{"embeddable":true,"href":"https:\/\/www.fld-lille.fr\/en\/wp-json\/wp\/v2\/pages\/22283"}],"wp:attachment":[{"href":"https:\/\/www.fld-lille.fr\/en\/wp-json\/wp\/v2\/media?parent=22290"}],"curies":[{"name":"wp","href":"https:\/\/api.w.org\/{rel}","templated":true}]}}