{"id":22283,"date":"2023-01-05T09:42:13","date_gmt":"2023-01-05T08:42:13","guid":{"rendered":"https:\/\/www.fld-lille.fr\/?page_id=22283"},"modified":"2023-01-05T12:15:15","modified_gmt":"2023-01-05T11:15:15","slug":"faqs","status":"publish","type":"page","link":"https:\/\/www.fld-lille.fr\/en\/faqs\/","title":{"rendered":"FAQs"},"content":{"rendered":"<div class=\"wpb-content-wrapper\"><p>[vc_row][vc_column][vc_column_text]<\/p>\n<h1><span style=\"color: #333333;\">FAQ<\/span><\/h1>\n<p>[\/vc_column_text][\/vc_column][\/vc_row][vc_row][vc_column width=&#8221;1\/2&#8243;][vc_column_text]<a href=\"https:\/\/www.fld-lille.fr\/en\/les-faqs\/faq-funding-your-studies\/\" target=\"_blank\" rel=\"noopener\">FAQ Funding your studies<\/a><br \/>\nThe FLD, a private higher education institution, cannot function without the contribution of families.\u00a0 All questions related to the financing of studies are in this FAQ.[\/vc_column_text][\/vc_column][vc_column width=&#8221;1\/2&#8243;][vc_column_text]<a href=\"https:\/\/www.fld-lille.fr\/en\/les-faqs\/faq-student-services-student-life\/\" target=\"_blank\" rel=\"noopener\"><span class=\"title\">FAQ Student services \/ Student life<\/span><\/a><br \/>\nThe Faculty has a very rich community life which strengthens the bonds of solidarity between students. Numerous services are offered to students to enable them to be fulfilled during their studies. All the answers to your questions on these two topics are in this FAQ.[\/vc_column_text][\/vc_column][\/vc_row][vc_row][vc_column width=&#8221;1\/2&#8243;][vc_column_text]<a href=\"https:\/\/www.fld-lille.fr\/en\/les-faqs\/faq-professionalization\/\" target=\"_blank\" rel=\"noopener\"><span class=\"title\">FAQ Professionalization<\/span><\/a><br \/>\nOur students are supported and placed at the heart of the construction of their professional project. They benefit from the assistance of the Career Center, which offers them numerous support mechanisms to help them build their future. All your questions are here in this FAQ.[\/vc_column_text][\/vc_column][vc_column width=&#8221;1\/2&#8243;][vc_column_text]<a href=\"https:\/\/www.fld-lille.fr\/en\/faqs\/faq-admissions-registration\/\" target=\"_blank\" rel=\"noopener\"><span class=\"title\">FAQ Admissions\/Registration<\/span><\/a><br \/>\nAdmission and registration are the first two steps in starting your university year. Here you will find all the questions you might have about this.[\/vc_column_text][\/vc_column][\/vc_row][vc_row][vc_column width=&#8221;1\/2&#8243;][vc_column_text]<a href=\"https:\/\/www.fld-lille.fr\/en\/les-faqs\/faq-apprenticeship\/\" target=\"_blank\" rel=\"noopener\"><span class=\"title\">FAQ Apprenticeship<\/span><\/a><br \/>\nAt the FLD, some Masters are alternating courses. They allow students to pursue a university career while integrating the professional world through a 24-month work-study contract or an apprenticeship contract (or 12 months if integration begins in M2). All your questions are here in this FAQ[\/vc_column_text][\/vc_column][vc_column width=&#8221;1\/2&#8243;][vc_column_text]<a href=\"https:\/\/www.fld-lille.fr\/en\/les-faqs\/faq-studying-at-the-fld\/\" target=\"_blank\" rel=\"noopener\"><span class=\"title\">FAQ Studying at the FLD<\/span><\/a><br \/>\n&#8220;Studying at the FLD means joining a centre of excellence and high standards in the field of legal education. Our training programmes reflect the diversity and the evolution of the legal sector to which it is adapted&#8221; &#8211; Ioannis Panoussis Dean of the FLD. All questions about our programmes are available in this FAQ.[\/vc_column_text][\/vc_column][\/vc_row][vc_row][vc_column width=&#8221;1\/2&#8243;][vc_column_text]<a href=\"https:\/\/www.fld-lille.fr\/en\/les-faqs\/faq-divers\/\" target=\"_blank\" rel=\"noopener\">FAQ Other topics<\/a><br \/>\nHere you will find the FAQ for all the questions we did not manage to put in the previous sections. The FLD should now have no secrets for you. However, if necessary, we have provided a contact form so that we can really answer all your questions.[\/vc_column_text][\/vc_column][vc_column width=&#8221;1\/2&#8243;][\/vc_column][\/vc_row]<\/p>\n<\/div>","protected":false},"excerpt":{"rendered":"<p>[vc_row][vc_column][vc_column_text] FAQ [\/vc_column_text][\/vc_column][\/vc_row][vc_row][vc_column width=&#8221;1\/2&#8243;][vc_column_text]FAQ Funding your studies The FLD, a private higher education institution, cannot function without the contribution of families.\u00a0 All questions related to the financing of studies are in this FAQ.[\/vc_column_text][\/vc_column][vc_column width=&#8221;1\/2&#8243;][vc_column_text]FAQ Student services \/ Student life The Faculty has a very rich community life which strengthens the bonds of solidarity between students. [&hellip;]<\/p>\n","protected":false},"author":38,"featured_media":0,"parent":0,"menu_order":8,"comment_status":"closed","ping_status":"closed","template":"","meta":{"_acf_changed":false,"footnotes":""},"class_list":["post-22283","page","type-page","status-publish","hentry"],"acf":[],"yoast_head":"<!-- This site is optimized with the Yoast SEO plugin v27.3 - https:\/\/yoast.com\/product\/yoast-seo-wordpress\/ -->\n<title>FAQs - Facult\u00e9 de droit<\/title>\n<meta name=\"robots\" content=\"index, follow, max-snippet:-1, max-image-preview:large, max-video-preview:-1\" \/>\n<link rel=\"canonical\" href=\"https:\/\/www.fld-lille.fr\/en\/faqs\/\" \/>\n<meta property=\"og:locale\" content=\"en_US\" \/>\n<meta property=\"og:type\" content=\"article\" \/>\n<meta property=\"og:title\" content=\"FAQs - Facult\u00e9 de droit\" \/>\n<meta property=\"og:description\" content=\"[vc_row][vc_column][vc_column_text] FAQ [\/vc_column_text][\/vc_column][\/vc_row][vc_row][vc_column width=&#8221;1\/2&#8243;][vc_column_text]FAQ Funding your studies The FLD, a private higher education institution, cannot function without the contribution of families.\u00a0 All questions related to the financing of studies are in this FAQ.[\/vc_column_text][\/vc_column][vc_column width=&#8221;1\/2&#8243;][vc_column_text]FAQ Student services \/ Student life The Faculty has a very rich community life which strengthens the bonds of solidarity between students. [&hellip;]\" \/>\n<meta property=\"og:url\" content=\"https:\/\/www.fld-lille.fr\/en\/faqs\/\" \/>\n<meta property=\"og:site_name\" content=\"Facult\u00e9 de droit\" \/>\n<meta property=\"article:publisher\" content=\"https:\/\/www.facebook.com\/FLDLilleParis\/\" \/>\n<meta property=\"article:modified_time\" content=\"2023-01-05T11:15:15+00:00\" \/>\n<meta name=\"twitter:card\" content=\"summary_large_image\" \/>\n<meta name=\"twitter:label1\" content=\"Est. reading time\" \/>\n\t<meta name=\"twitter:data1\" content=\"2 minutes\" \/>\n<script type=\"application\/ld+json\" class=\"yoast-schema-graph\">{\"@context\":\"https:\\\/\\\/schema.org\",\"@graph\":[{\"@type\":\"WebPage\",\"@id\":\"https:\\\/\\\/www.fld-lille.fr\\\/en\\\/faqs\\\/\",\"url\":\"https:\\\/\\\/www.fld-lille.fr\\\/en\\\/faqs\\\/\",\"name\":\"FAQs - Facult\u00e9 de droit\",\"isPartOf\":{\"@id\":\"https:\\\/\\\/www.fld-lille.fr\\\/#website\"},\"datePublished\":\"2023-01-05T08:42:13+00:00\",\"dateModified\":\"2023-01-05T11:15:15+00:00\",\"breadcrumb\":{\"@id\":\"https:\\\/\\\/www.fld-lille.fr\\\/en\\\/faqs\\\/#breadcrumb\"},\"inLanguage\":\"en-US\",\"potentialAction\":[{\"@type\":\"ReadAction\",\"target\":[\"https:\\\/\\\/www.fld-lille.fr\\\/en\\\/faqs\\\/\"]}]},{\"@type\":\"BreadcrumbList\",\"@id\":\"https:\\\/\\\/www.fld-lille.fr\\\/en\\\/faqs\\\/#breadcrumb\",\"itemListElement\":[{\"@type\":\"ListItem\",\"position\":1,\"name\":\"Accueil\",\"item\":\"https:\\\/\\\/www.fld-lille.fr\\\/en\\\/\"},{\"@type\":\"ListItem\",\"position\":2,\"name\":\"FAQs\"}]},{\"@type\":\"WebSite\",\"@id\":\"https:\\\/\\\/www.fld-lille.fr\\\/#website\",\"url\":\"https:\\\/\\\/www.fld-lille.fr\\\/\",\"name\":\"Facult\u00e9 de droit\",\"description\":\"Les facult\u00e9s de l&#039;Universit\u00e9 Catholique de Lille\",\"potentialAction\":[{\"@type\":\"SearchAction\",\"target\":{\"@type\":\"EntryPoint\",\"urlTemplate\":\"https:\\\/\\\/www.fld-lille.fr\\\/?s={search_term_string}\"},\"query-input\":{\"@type\":\"PropertyValueSpecification\",\"valueRequired\":true,\"valueName\":\"search_term_string\"}}],\"inLanguage\":\"en-US\"}]}<\/script>\n<!-- \/ Yoast SEO plugin. -->","yoast_head_json":{"title":"FAQs - Facult\u00e9 de droit","robots":{"index":"index","follow":"follow","max-snippet":"max-snippet:-1","max-image-preview":"max-image-preview:large","max-video-preview":"max-video-preview:-1"},"canonical":"https:\/\/www.fld-lille.fr\/en\/faqs\/","og_locale":"en_US","og_type":"article","og_title":"FAQs - Facult\u00e9 de droit","og_description":"[vc_row][vc_column][vc_column_text] FAQ [\/vc_column_text][\/vc_column][\/vc_row][vc_row][vc_column width=&#8221;1\/2&#8243;][vc_column_text]FAQ Funding your studies The FLD, a private higher education institution, cannot function without the contribution of families.\u00a0 All questions related to the financing of studies are in this FAQ.[\/vc_column_text][\/vc_column][vc_column width=&#8221;1\/2&#8243;][vc_column_text]FAQ Student services \/ Student life The Faculty has a very rich community life which strengthens the bonds of solidarity between students. [&hellip;]","og_url":"https:\/\/www.fld-lille.fr\/en\/faqs\/","og_site_name":"Facult\u00e9 de droit","article_publisher":"https:\/\/www.facebook.com\/FLDLilleParis\/","article_modified_time":"2023-01-05T11:15:15+00:00","twitter_card":"summary_large_image","twitter_misc":{"Est. reading time":"2 minutes"},"schema":{"@context":"https:\/\/schema.org","@graph":[{"@type":"WebPage","@id":"https:\/\/www.fld-lille.fr\/en\/faqs\/","url":"https:\/\/www.fld-lille.fr\/en\/faqs\/","name":"FAQs - Facult\u00e9 de droit","isPartOf":{"@id":"https:\/\/www.fld-lille.fr\/#website"},"datePublished":"2023-01-05T08:42:13+00:00","dateModified":"2023-01-05T11:15:15+00:00","breadcrumb":{"@id":"https:\/\/www.fld-lille.fr\/en\/faqs\/#breadcrumb"},"inLanguage":"en-US","potentialAction":[{"@type":"ReadAction","target":["https:\/\/www.fld-lille.fr\/en\/faqs\/"]}]},{"@type":"BreadcrumbList","@id":"https:\/\/www.fld-lille.fr\/en\/faqs\/#breadcrumb","itemListElement":[{"@type":"ListItem","position":1,"name":"Accueil","item":"https:\/\/www.fld-lille.fr\/en\/"},{"@type":"ListItem","position":2,"name":"FAQs"}]},{"@type":"WebSite","@id":"https:\/\/www.fld-lille.fr\/#website","url":"https:\/\/www.fld-lille.fr\/","name":"Facult\u00e9 de droit","description":"Les facult\u00e9s de l&#039;Universit\u00e9 Catholique de Lille","potentialAction":[{"@type":"SearchAction","target":{"@type":"EntryPoint","urlTemplate":"https:\/\/www.fld-lille.fr\/?s={search_term_string}"},"query-input":{"@type":"PropertyValueSpecification","valueRequired":true,"valueName":"search_term_string"}}],"inLanguage":"en-US"}]}},"_links":{"self":[{"href":"https:\/\/www.fld-lille.fr\/en\/wp-json\/wp\/v2\/pages\/22283","targetHints":{"allow":["GET"]}}],"collection":[{"href":"https:\/\/www.fld-lille.fr\/en\/wp-json\/wp\/v2\/pages"}],"about":[{"href":"https:\/\/www.fld-lille.fr\/en\/wp-json\/wp\/v2\/types\/page"}],"author":[{"embeddable":true,"href":"https:\/\/www.fld-lille.fr\/en\/wp-json\/wp\/v2\/users\/38"}],"replies":[{"embeddable":true,"href":"https:\/\/www.fld-lille.fr\/en\/wp-json\/wp\/v2\/comments?post=22283"}],"version-history":[{"count":16,"href":"https:\/\/www.fld-lille.fr\/en\/wp-json\/wp\/v2\/pages\/22283\/revisions"}],"predecessor-version":[{"id":22395,"href":"https:\/\/www.fld-lille.fr\/en\/wp-json\/wp\/v2\/pages\/22283\/revisions\/22395"}],"wp:attachment":[{"href":"https:\/\/www.fld-lille.fr\/en\/wp-json\/wp\/v2\/media?parent=22283"}],"curies":[{"name":"wp","href":"https:\/\/api.w.org\/{rel}","templated":true}]}}