{"id":16278,"date":"2021-06-10T15:22:07","date_gmt":"2021-06-10T14:22:07","guid":{"rendered":"https:\/\/www.fld-lille.fr\/?page_id=16278"},"modified":"2021-06-10T15:22:07","modified_gmt":"2021-06-10T14:22:07","slug":"sitemap","status":"publish","type":"page","link":"https:\/\/www.fld-lille.fr\/en\/sitemap\/","title":{"rendered":"Sitemap"},"content":{"rendered":"<div class=\"wpb-content-wrapper\"><p>[vc_row][vc_column][vc_column_text]<\/p>\n<h1>Sitemap<\/h1>\n<div class=\"wsp-container\"><ul class=\"wsp-pages-list\">\n<li class=\"page_item page-item-31979\"><a href=\"https:\/\/www.fld-lille.fr\/en\/courses\/\">Courses<\/a><\/li>\n<li class=\"page_item page-item-16032\"><a href=\"https:\/\/www.fld-lille.fr\/en\/\">Page d&#8217;accueil<\/a><\/li>\n<li class=\"page_item page-item-15443\"><a href=\"https:\/\/www.fld-lille.fr\/en\/tuition-fees-financial-help\/\">Tuition fees &#038; financial help<\/a><\/li>\n<li class=\"page_item page-item-15883\"><a href=\"https:\/\/www.fld-lille.fr\/en\/our-erasmus-engagements\/\">Our Erasmus+ Engagements<\/a><\/li>\n<li class=\"page_item page-item-22291\"><a href=\"https:\/\/www.fld-lille.fr\/en\/le-career-center\/\">The Career Center<\/a><\/li>\n<li class=\"page_item page-item-15898 page_item_has_children\"><a href=\"https:\/\/www.fld-lille.fr\/en\/application-for-international-students\/\">Application<\/a>\n<ul class='children'>\n\t<li class=\"page_item page-item-15919\"><a href=\"https:\/\/www.fld-lille.fr\/en\/application-for-international-students\/you-are-not-european-or-living-in-a-country-concerned-by-the-studying-in-france-procedure\/\">You are not European or living in a country concerned by the \u201cStudying in France\u201d procedure<\/a><\/li>\n\t<li class=\"page_item page-item-15900\"><a href=\"https:\/\/www.fld-lille.fr\/en\/application-for-international-students\/you-are-a-non-european-living-in-europe\/\">You are a non-european living in Europe<\/a><\/li>\n\t<li class=\"page_item page-item-15912\"><a href=\"https:\/\/www.fld-lille.fr\/en\/application-for-international-students\/you-reside-in-a-country-affected-by-the-studying-in-france-procedure\/\">You are living in a country covered by the \u201cStudy in France\u201d procedure<\/a><\/li>\n\t<li class=\"page_item page-item-15904\"><a href=\"https:\/\/www.fld-lille.fr\/en\/application-for-international-students\/you-are-a-european-student\/\">You are a european student<\/a><\/li>\n<\/ul>\n<\/li>\n<li class=\"page_item page-item-22947\"><a href=\"https:\/\/www.fld-lille.fr\/en\/employment-at-fld\/\">Employment at the FLD<\/a><\/li>\n<li class=\"page_item page-item-15289\"><a href=\"https:\/\/www.fld-lille.fr\/en\/events\/\">News &#038; Events<\/a><\/li>\n<li class=\"page_item page-item-15292\"><a href=\"https:\/\/www.fld-lille.fr\/en\/the-team\/\">FLD Team<\/a><\/li>\n<li class=\"page_item page-item-15313\"><a href=\"https:\/\/www.fld-lille.fr\/en\/iels-international-and-european-law-school-2\/\">IELS<\/a><\/li>\n<li class=\"page_item page-item-15690\"><a href=\"https:\/\/www.fld-lille.fr\/en\/practical-informations\/\">Practical information<\/a><\/li>\n<li class=\"page_item page-item-22968\"><a href=\"https:\/\/www.fld-lille.fr\/en\/what-about-our-graduates\/\">What about our graduates?<\/a><\/li>\n<li class=\"page_item page-item-15296\"><a href=\"https:\/\/www.fld-lille.fr\/en\/the-c3rd\/\">The C3RD<\/a><\/li>\n<li class=\"page_item page-item-15301\"><a href=\"https:\/\/www.fld-lille.fr\/en\/issy-les-moulineaux-campus\/\">Issy-les-Moulineaux Campus<\/a><\/li>\n<li class=\"page_item page-item-26513\"><a href=\"https:\/\/www.fld-lille.fr\/en\/lille-campus\/\">Lille Campus<\/a><\/li>\n<li class=\"page_item page-item-15586\"><a href=\"https:\/\/www.fld-lille.fr\/en\/higher-education-in-france\/\">Before your arrival<\/a><\/li>\n<li class=\"page_item page-item-22283 page_item_has_children\"><a href=\"https:\/\/www.fld-lille.fr\/en\/faqs\/\">FAQs<\/a>\n<ul class='children'>\n\t<li class=\"page_item page-item-22322\"><a href=\"https:\/\/www.fld-lille.fr\/en\/faqs\/faq-apprenticeship\/\">FAQ Apprenticeship<\/a><\/li>\n\t<li class=\"page_item page-item-22387\"><a href=\"https:\/\/www.fld-lille.fr\/en\/faqs\/faq-funding-your-studies\/\">FAQ Funding your studies<\/a><\/li>\n\t<li class=\"page_item page-item-22308\"><a href=\"https:\/\/www.fld-lille.fr\/en\/faqs\/faq-student-services-student-life\/\">FAQ Student services \/ Student life<\/a><\/li>\n\t<li class=\"page_item page-item-22392\"><a href=\"https:\/\/www.fld-lille.fr\/en\/faqs\/faq-admissions-registration\/\">FAQ Admissions\/Registration<\/a><\/li>\n\t<li class=\"page_item page-item-22319\"><a href=\"https:\/\/www.fld-lille.fr\/en\/faqs\/faq-studying-at-the-fld\/\">FAQ Studying at the FLD<\/a><\/li>\n\t<li class=\"page_item page-item-22290\"><a href=\"https:\/\/www.fld-lille.fr\/en\/faqs\/faq-professionalization\/\">FAQ Professionalization<\/a><\/li>\n\t<li class=\"page_item page-item-22301\"><a href=\"https:\/\/www.fld-lille.fr\/en\/faqs\/faq-other-topics\/\">FAQ Other topics<\/a><\/li>\n<\/ul>\n<\/li>\n<li class=\"page_item page-item-29031\"><a href=\"https:\/\/www.fld-lille.fr\/en\/news\/\">News<\/a><\/li>\n<li class=\"page_item page-item-15357\"><a href=\"https:\/\/www.fld-lille.fr\/en\/about-the-fld\/\">About the FLD<\/a><\/li>\n<li class=\"page_item page-item-15298\"><a href=\"https:\/\/www.fld-lille.fr\/en\/c3rd-team\/\">C3RD Team<\/a><\/li>\n<li class=\"page_item page-item-15308\"><a href=\"https:\/\/www.fld-lille.fr\/en\/reseaux-sociaux\/\">Follow us !<\/a><\/li>\n<li class=\"page_item page-item-16275\"><a href=\"https:\/\/www.fld-lille.fr\/en\/mentions-legales\/\">Disclaimer<\/a><\/li>\n<li class=\"page_item page-item-15303\"><a href=\"https:\/\/www.fld-lille.fr\/en\/15303-2\/\">Student community and clubs<\/a><\/li>\n<li class=\"page_item page-item-15311\"><a href=\"https:\/\/www.fld-lille.fr\/en\/jobs-careers\/\">Jobs &#038; Careers<\/a><\/li>\n<li class=\"page_item page-item-15591\"><a href=\"https:\/\/www.fld-lille.fr\/en\/immigration\/\">Going abroad<\/a><\/li>\n<li class=\"page_item page-item-14598\"><a href=\"https:\/\/www.fld-lille.fr\/en\/academics\/\">ACADEMICS<\/a><\/li>\n<li class=\"page_item page-item-14594\"><a href=\"https:\/\/www.fld-lille.fr\/en\/the-fld\/\">THE FLD<\/a><\/li>\n<li class=\"page_item page-item-14600\"><a href=\"https:\/\/www.fld-lille.fr\/en\/research\/\">RESEARCH<\/a><\/li>\n<li class=\"page_item page-item-15896 page_item_has_children\"><a href=\"https:\/\/www.fld-lille.fr\/en\/i-am\/\">I am<\/a>\n<ul class='children'>\n\t<li class=\"page_item page-item-21006\"><a href=\"https:\/\/www.fld-lille.fr\/en\/i-am\/future-student\/\">A future student<\/a><\/li>\n\t<li class=\"page_item page-item-21012\"><a href=\"https:\/\/www.fld-lille.fr\/en\/i-am\/international-student\/\">An international student<\/a><\/li>\n\t<li class=\"page_item page-item-21015\"><a href=\"https:\/\/www.fld-lille.fr\/en\/i-am\/parent\/\">A Parent<\/a><\/li>\n\t<li class=\"page_item page-item-21031\"><a href=\"https:\/\/www.fld-lille.fr\/en\/i-am\/professionnel\/\">A professional<\/a><\/li>\n<\/ul>\n<\/li>\n<li class=\"page_item page-item-14602\"><a href=\"https:\/\/www.fld-lille.fr\/en\/life-at-fld\/\">LIFE AT FLD<\/a><\/li>\n<li class=\"page_item page-item-14604\"><a href=\"https:\/\/www.fld-lille.fr\/en\/welcome-to-france\/\">WELCOME TO FRANCE<\/a><\/li>\n<li class=\"page_item page-item-15317\"><a href=\"https:\/\/www.fld-lille.fr\/en\/page-daccueil\/course-catalogue\/\">Course Catalogue<\/a><\/li>\n<li class=\"page_item page-item-21097\"><a href=\"https:\/\/www.fld-lille.fr\/en\/page-daccueil\/contacter-un-ambassadeur\/\">Contacter un ambassadeur<\/a><\/li>\n<li class=\"page_item page-item-16203\"><a href=\"https:\/\/www.fld-lille.fr\/en\/page-daccueil\/contact\/\">Contact<\/a><\/li>\n<li class=\"page_item page-item-21024\"><a href=\"https:\/\/www.fld-lille.fr\/en\/page-daccueil\/our-student-ambassadors\/\">Student ambassadors<\/a><\/li>\n<\/ul>\n<\/div>[\/vc_column_text][\/vc_column][\/vc_row]<\/p>\n<\/div>","protected":false},"excerpt":{"rendered":"<p>[vc_row][vc_column][vc_column_text] Sitemap [\/vc_column_text][\/vc_column][\/vc_row]<\/p>\n","protected":false},"author":38,"featured_media":0,"parent":0,"menu_order":12,"comment_status":"closed","ping_status":"closed","template":"","meta":{"_acf_changed":false,"footnotes":""},"class_list":["post-16278","page","type-page","status-publish","hentry"],"acf":[],"yoast_head":"<!-- This site is optimized with the Yoast SEO plugin v27.3 - https:\/\/yoast.com\/product\/yoast-seo-wordpress\/ -->\n<title>Sitemap - Facult\u00e9 de droit<\/title>\n<meta name=\"robots\" content=\"index, follow, max-snippet:-1, max-image-preview:large, max-video-preview:-1\" \/>\n<link rel=\"canonical\" href=\"https:\/\/www.fld-lille.fr\/en\/sitemap\/\" \/>\n<meta property=\"og:locale\" content=\"en_US\" \/>\n<meta property=\"og:type\" content=\"article\" \/>\n<meta property=\"og:title\" content=\"Sitemap - Facult\u00e9 de droit\" \/>\n<meta property=\"og:description\" content=\"[vc_row][vc_column][vc_column_text] Sitemap [\/vc_column_text][\/vc_column][\/vc_row]\" \/>\n<meta property=\"og:url\" content=\"https:\/\/www.fld-lille.fr\/en\/sitemap\/\" \/>\n<meta property=\"og:site_name\" content=\"Facult\u00e9 de droit\" \/>\n<meta property=\"article:publisher\" content=\"https:\/\/www.facebook.com\/FLDLilleParis\/\" \/>\n<meta name=\"twitter:card\" content=\"summary_large_image\" \/>\n<script type=\"application\/ld+json\" class=\"yoast-schema-graph\">{\"@context\":\"https:\\\/\\\/schema.org\",\"@graph\":[{\"@type\":\"WebPage\",\"@id\":\"https:\\\/\\\/www.fld-lille.fr\\\/en\\\/sitemap\\\/\",\"url\":\"https:\\\/\\\/www.fld-lille.fr\\\/en\\\/sitemap\\\/\",\"name\":\"Sitemap - Facult\u00e9 de droit\",\"isPartOf\":{\"@id\":\"https:\\\/\\\/www.fld-lille.fr\\\/#website\"},\"datePublished\":\"2021-06-10T14:22:07+00:00\",\"breadcrumb\":{\"@id\":\"https:\\\/\\\/www.fld-lille.fr\\\/en\\\/sitemap\\\/#breadcrumb\"},\"inLanguage\":\"en-US\",\"potentialAction\":[{\"@type\":\"ReadAction\",\"target\":[\"https:\\\/\\\/www.fld-lille.fr\\\/en\\\/sitemap\\\/\"]}]},{\"@type\":\"BreadcrumbList\",\"@id\":\"https:\\\/\\\/www.fld-lille.fr\\\/en\\\/sitemap\\\/#breadcrumb\",\"itemListElement\":[{\"@type\":\"ListItem\",\"position\":1,\"name\":\"Accueil\",\"item\":\"https:\\\/\\\/www.fld-lille.fr\\\/en\\\/\"},{\"@type\":\"ListItem\",\"position\":2,\"name\":\"Sitemap\"}]},{\"@type\":\"WebSite\",\"@id\":\"https:\\\/\\\/www.fld-lille.fr\\\/#website\",\"url\":\"https:\\\/\\\/www.fld-lille.fr\\\/\",\"name\":\"Facult\u00e9 de droit\",\"description\":\"Les facult\u00e9s de l&#039;Universit\u00e9 Catholique de Lille\",\"potentialAction\":[{\"@type\":\"SearchAction\",\"target\":{\"@type\":\"EntryPoint\",\"urlTemplate\":\"https:\\\/\\\/www.fld-lille.fr\\\/?s={search_term_string}\"},\"query-input\":{\"@type\":\"PropertyValueSpecification\",\"valueRequired\":true,\"valueName\":\"search_term_string\"}}],\"inLanguage\":\"en-US\"}]}<\/script>\n<!-- \/ Yoast SEO plugin. -->","yoast_head_json":{"title":"Sitemap - Facult\u00e9 de droit","robots":{"index":"index","follow":"follow","max-snippet":"max-snippet:-1","max-image-preview":"max-image-preview:large","max-video-preview":"max-video-preview:-1"},"canonical":"https:\/\/www.fld-lille.fr\/en\/sitemap\/","og_locale":"en_US","og_type":"article","og_title":"Sitemap - Facult\u00e9 de droit","og_description":"[vc_row][vc_column][vc_column_text] Sitemap [\/vc_column_text][\/vc_column][\/vc_row]","og_url":"https:\/\/www.fld-lille.fr\/en\/sitemap\/","og_site_name":"Facult\u00e9 de droit","article_publisher":"https:\/\/www.facebook.com\/FLDLilleParis\/","twitter_card":"summary_large_image","schema":{"@context":"https:\/\/schema.org","@graph":[{"@type":"WebPage","@id":"https:\/\/www.fld-lille.fr\/en\/sitemap\/","url":"https:\/\/www.fld-lille.fr\/en\/sitemap\/","name":"Sitemap - Facult\u00e9 de droit","isPartOf":{"@id":"https:\/\/www.fld-lille.fr\/#website"},"datePublished":"2021-06-10T14:22:07+00:00","breadcrumb":{"@id":"https:\/\/www.fld-lille.fr\/en\/sitemap\/#breadcrumb"},"inLanguage":"en-US","potentialAction":[{"@type":"ReadAction","target":["https:\/\/www.fld-lille.fr\/en\/sitemap\/"]}]},{"@type":"BreadcrumbList","@id":"https:\/\/www.fld-lille.fr\/en\/sitemap\/#breadcrumb","itemListElement":[{"@type":"ListItem","position":1,"name":"Accueil","item":"https:\/\/www.fld-lille.fr\/en\/"},{"@type":"ListItem","position":2,"name":"Sitemap"}]},{"@type":"WebSite","@id":"https:\/\/www.fld-lille.fr\/#website","url":"https:\/\/www.fld-lille.fr\/","name":"Facult\u00e9 de droit","description":"Les facult\u00e9s de l&#039;Universit\u00e9 Catholique de Lille","potentialAction":[{"@type":"SearchAction","target":{"@type":"EntryPoint","urlTemplate":"https:\/\/www.fld-lille.fr\/?s={search_term_string}"},"query-input":{"@type":"PropertyValueSpecification","valueRequired":true,"valueName":"search_term_string"}}],"inLanguage":"en-US"}]}},"_links":{"self":[{"href":"https:\/\/www.fld-lille.fr\/en\/wp-json\/wp\/v2\/pages\/16278","targetHints":{"allow":["GET"]}}],"collection":[{"href":"https:\/\/www.fld-lille.fr\/en\/wp-json\/wp\/v2\/pages"}],"about":[{"href":"https:\/\/www.fld-lille.fr\/en\/wp-json\/wp\/v2\/types\/page"}],"author":[{"embeddable":true,"href":"https:\/\/www.fld-lille.fr\/en\/wp-json\/wp\/v2\/users\/38"}],"replies":[{"embeddable":true,"href":"https:\/\/www.fld-lille.fr\/en\/wp-json\/wp\/v2\/comments?post=16278"}],"version-history":[{"count":1,"href":"https:\/\/www.fld-lille.fr\/en\/wp-json\/wp\/v2\/pages\/16278\/revisions"}],"predecessor-version":[{"id":16279,"href":"https:\/\/www.fld-lille.fr\/en\/wp-json\/wp\/v2\/pages\/16278\/revisions\/16279"}],"wp:attachment":[{"href":"https:\/\/www.fld-lille.fr\/en\/wp-json\/wp\/v2\/media?parent=16278"}],"curies":[{"name":"wp","href":"https:\/\/api.w.org\/{rel}","templated":true}]}}