{"id":16275,"date":"2021-06-10T15:10:44","date_gmt":"2021-06-10T14:10:44","guid":{"rendered":"https:\/\/www.fld-lille.fr\/?page_id=16275"},"modified":"2022-03-24T12:08:58","modified_gmt":"2022-03-24T11:08:58","slug":"mentions-legales","status":"publish","type":"page","link":"https:\/\/www.fld-lille.fr\/en\/mentions-legales\/","title":{"rendered":"Disclaimer"},"content":{"rendered":"<div class=\"wpb-content-wrapper\"><p>[vc_row][vc_column][vc_column_text]<\/p>\n<div id=\"c2505\" class=\"csc-default\">\n<h2>Disclaimer<\/h2>\n<\/div>\n<div id=\"c2502\" class=\"csc-default\">\n<p><span style=\"font-weight: 400;\">Disclaimer for site www.fld-lille.fr<br \/>\n<\/span>This is the official website of <strong>the<\/strong> <strong>Facult\u00e9 de Droit.<\/strong><\/p>\n<p><span style=\"font-weight: 400;\">Facult\u00e9 de Droit \u2013 Institut Catholique de Lille, Registered charity for public utility<\/span><\/p>\n<p class=\"bodytext\">60 boulevard Vauban \u2013 cs40109 \u2013 59016 Lille cedex \u2013 France<\/p>\n<p class=\"bodytext\">T\u00e9l. : 03.20.13.41.00 \/ e-mail : <a>fld@univ-catholille.fr<\/a><\/p>\n<p><span style=\"font-weight: 400;\">Siret 775.624.240 000 13 \u2013 Code APE 8542 Z \u2013 N\u00b0 TVA intracommunautaire FR 66 775 624 240 \u2013 Educational establishment, registered under n\u00b031 59 00468 59, this registration does not constitute accreditation by the state.<\/span><\/p>\n<p class=\"bodytext\"><span style=\"font-weight: 400;\">In accordance with articles 39 and following. of the Information Technology and Freedom of information Law (<\/span><i><span style=\"font-weight: 400;\">loi informatique et libert\u00e9s<\/span><\/i><span style=\"font-weight: 400;\">) of the 6th of January 1978, modified the 06th August 2004. The right to access and rectification of information concerning your person shall be exercised by application through the person legally responsible for IT Freedom of Informations of the Institut Catholique de Lille.<\/span><\/p>\n<p><span style=\"font-weight: 400;\">Website host : Agence INOUIT \u2013 76 bd Jean Baptiste Lebas \u2013 F \u2013 59000 Lille \/ Tel\u00a0: +33(0)320021391<\/span><\/p>\n<p><span style=\"font-weight: 400;\">For information relating to the use and operation of this website please contact the communication department by e-mail: isabelle.daniel@univ-catholille.fr, or by post at the following address :<\/span><\/p>\n<p class=\"bodytext\">Facult\u00e9 de Droit<\/p>\n<\/div>\n<div id=\"c2503\" class=\"csc-default\">\n<div class=\"contact\">\n<p class=\"bodytext\">Service Communication<br \/>\n60 boulevard Vauban<br \/>\nCS40109<br \/>\n59016 LILLE Cedex<\/p>\n<\/div>\n<\/div>\n<div id=\"c2501\" class=\"csc-default\">\n<h3><span style=\"font-weight: 400;\">Intellectual property<\/span><\/h3>\n<p class=\"bodytext\"><span style=\"font-weight: 400;\"><strong>Publication director<\/strong>\u00a0<\/span>: Ioannis Panoussis<\/p>\n<p class=\"bodytext\">Editor in chief : Florane Morat<\/p>\n<p class=\"bodytext\">Editors : Armelle Leroy, Arnaud Bogaert, Lucy Spacey, Florence Buissart.<\/p>\n<p class=\"bodytext\"><span style=\"font-weight: 400;\">This present website is the property of the Facult\u00e9 de Droit, who shall be recognized as the author in accordance with articles L. 111.1 and following of the Code of intellectual property. All photographs, texts, slogans, designs, images, animations and\/or accompanying sound files as well as any work contained within the website are property of The Facult\u00e9 de Droit or third parties having authorised use of their work by Facult\u00e9 de Droit. The reproduction on paper or by an electronic device of this website is authorised on the strict condition that it shall be reserved for personal use only, and not for the purposes of advertising and\/or commercial and\/or provision of information, and that it shall be in accordance with article L122-5 of the \u201e<\/span><i><span style=\"font-weight: 400;\">Code de la Propri\u00e9t\u00e9 Intellectuelle\u201d<\/span><\/i><span style=\"font-weight: 400;\">. With the exception of the concessions mentioned herein above, all reproduction, representation, use or modification by any means or on any format of any part of this website, of all or part of the contents making up this site without written prior permission from The Facult\u00e9 de Droit, is strictly prohibited and subject to criminal prosecution.<\/span><\/p>\n<h3>Hyperlink<\/h3>\n<p class=\"bodytext\"><span style=\"font-weight: 400;\">The website of the Facult\u00e9 de Droit authorizes any Internet site or other to cite or to establish hyperlinks leading to its content on the condition that<\/span><\/p>\n<ul>\n<li><span style=\"font-weight: 400;\">that, the page reached not be interlinked inside other pages, particularly with frames, the website www.fld-lille.fr shall not be interlinked with pages of another site but accessible by the opening of a window; <\/span><\/li>\n<li><span style=\"font-weight: 400;\">that the source be mentioned (site internet of the Facult\u00e9 de Droit) for each link, particularly in cases of a direct link to a part of the site;<\/span><\/li>\n<li><span style=\"font-weight: 400;\">that access to pages containing links to the site www.facult\u00e9-libre-de-droit.com be completely free of charge.<\/span><\/li>\n<\/ul>\n<p><span style=\"font-weight: 400;\">This authorisation does not extend to sites diffusing information of a polemic, pornographic, xenophobic, or other nature that could be considered damaging to the sensibilities of any society, religion, gender, or group of persons and\/or individual(s). The Facult\u00e9 de Droit reserves the right to ask to delete any link that it believes does not conform to its editorial line.<br \/>\n<\/span><span style=\"font-weight: 400;\">The Facult\u00e9 de Droit can under no circumstances be held responsible for the accessibility to other sites by hyperlink and cannot be held responsible for the contents, products, services etc. available or proposed on such sites.<\/span><\/p>\n<h3>CNIL<\/h3>\n<p><span style=\"font-weight: 400;\">In accordance with the law n\u00b0 78-17 of the 6th January 1978 relating to information technology, the sharing of information, we wish to inform you that under no circumstances can information collected on any forms or questionnaires be transmitted to any third party .<br \/>\n<\/span><span style=\"font-weight: 400;\">You have the right to access any information that concerns you at any time and you may request modification or removal by sending an e-mail to cil@icl-lille.fr<br \/>\n<\/span><span style=\"font-weight: 400;\">Any information concerning you is intended purely for the context of knowing more about you in order to provide you with the best quality of service at all times. <\/span><\/p>\n<\/div>\n<div id=\"c14924\" class=\"csc-default\">\n<h3>Cookies<\/h3>\n<p class=\"bodytext\"><span style=\"font-weight: 400;\">The term <\/span><i><span style=\"font-weight: 400;\">cookies<\/span><\/i><span style=\"font-weight: 400;\"> is defined as \u00a0\u00ab\u00a0all tracers held during the consultation of an internet site or the consultation of electronic messages\u00a0\u00bb. The web site of the Facult\u00e9 de Droit makes use of such solutions in order to measure site traffic (Google Analytics) and may generate cookies linked to sharing buttons with social networks. You can refuse cookies by through the settings menu of your navigator. <\/span><\/p>\n<\/div>\n<p>[\/vc_column_text][\/vc_column][\/vc_row]<\/p>\n<\/div>","protected":false},"excerpt":{"rendered":"<p>[vc_row][vc_column][vc_column_text] Disclaimer Disclaimer for site www.fld-lille.fr This is the official website of the Facult\u00e9 de Droit. Facult\u00e9 de Droit \u2013 Institut Catholique de Lille, Registered charity for public utility 60 boulevard Vauban \u2013 cs40109 \u2013 59016 Lille cedex \u2013 France T\u00e9l. : 03.20.13.41.00 \/ e-mail : fld@univ-catholille.fr Siret 775.624.240 000 13 \u2013 Code APE 8542 [&hellip;]<\/p>\n","protected":false},"author":38,"featured_media":0,"parent":0,"menu_order":12,"comment_status":"closed","ping_status":"closed","template":"","meta":{"_acf_changed":false,"footnotes":""},"class_list":["post-16275","page","type-page","status-publish","hentry"],"acf":[],"yoast_head":"<!-- This site is optimized with the Yoast SEO plugin v27.4 - https:\/\/yoast.com\/product\/yoast-seo-wordpress\/ -->\n<title>Disclaimer - Facult\u00e9 de droit<\/title>\n<meta name=\"robots\" content=\"noindex, follow\" \/>\n<meta property=\"og:locale\" content=\"en_US\" \/>\n<meta property=\"og:type\" content=\"article\" \/>\n<meta property=\"og:title\" content=\"Disclaimer - Facult\u00e9 de droit\" \/>\n<meta property=\"og:description\" content=\"[vc_row][vc_column][vc_column_text] Disclaimer Disclaimer for site www.fld-lille.fr This is the official website of the Facult\u00e9 de Droit. Facult\u00e9 de Droit \u2013 Institut Catholique de Lille, Registered charity for public utility 60 boulevard Vauban \u2013 cs40109 \u2013 59016 Lille cedex \u2013 France T\u00e9l. : 03.20.13.41.00 \/ e-mail : fld@univ-catholille.fr Siret 775.624.240 000 13 \u2013 Code APE 8542 [&hellip;]\" \/>\n<meta property=\"og:url\" content=\"https:\/\/www.fld-lille.fr\/en\/mentions-legales\/\" \/>\n<meta property=\"og:site_name\" content=\"Facult\u00e9 de droit\" \/>\n<meta property=\"article:publisher\" content=\"https:\/\/www.facebook.com\/FLDLilleParis\/\" \/>\n<meta property=\"article:modified_time\" content=\"2022-03-24T11:08:58+00:00\" \/>\n<meta name=\"twitter:card\" content=\"summary_large_image\" \/>\n<meta name=\"twitter:label1\" content=\"Est. reading time\" \/>\n\t<meta name=\"twitter:data1\" content=\"4 minutes\" \/>\n<script type=\"application\/ld+json\" class=\"yoast-schema-graph\">{\"@context\":\"https:\\\/\\\/schema.org\",\"@graph\":[{\"@type\":\"WebPage\",\"@id\":\"https:\\\/\\\/www.fld-lille.fr\\\/en\\\/mentions-legales\\\/\",\"url\":\"https:\\\/\\\/www.fld-lille.fr\\\/en\\\/mentions-legales\\\/\",\"name\":\"Disclaimer - Facult\u00e9 de droit\",\"isPartOf\":{\"@id\":\"https:\\\/\\\/www.fld-lille.fr\\\/#website\"},\"datePublished\":\"2021-06-10T14:10:44+00:00\",\"dateModified\":\"2022-03-24T11:08:58+00:00\",\"breadcrumb\":{\"@id\":\"https:\\\/\\\/www.fld-lille.fr\\\/en\\\/mentions-legales\\\/#breadcrumb\"},\"inLanguage\":\"en-US\",\"potentialAction\":[{\"@type\":\"ReadAction\",\"target\":[\"https:\\\/\\\/www.fld-lille.fr\\\/en\\\/mentions-legales\\\/\"]}]},{\"@type\":\"BreadcrumbList\",\"@id\":\"https:\\\/\\\/www.fld-lille.fr\\\/en\\\/mentions-legales\\\/#breadcrumb\",\"itemListElement\":[{\"@type\":\"ListItem\",\"position\":1,\"name\":\"Accueil\",\"item\":\"https:\\\/\\\/www.fld-lille.fr\\\/en\\\/\"},{\"@type\":\"ListItem\",\"position\":2,\"name\":\"Disclaimer\"}]},{\"@type\":\"WebSite\",\"@id\":\"https:\\\/\\\/www.fld-lille.fr\\\/#website\",\"url\":\"https:\\\/\\\/www.fld-lille.fr\\\/\",\"name\":\"Facult\u00e9 de droit\",\"description\":\"Les facult\u00e9s de l&#039;Universit\u00e9 Catholique de Lille\",\"potentialAction\":[{\"@type\":\"SearchAction\",\"target\":{\"@type\":\"EntryPoint\",\"urlTemplate\":\"https:\\\/\\\/www.fld-lille.fr\\\/?s={search_term_string}\"},\"query-input\":{\"@type\":\"PropertyValueSpecification\",\"valueRequired\":true,\"valueName\":\"search_term_string\"}}],\"inLanguage\":\"en-US\"}]}<\/script>\n<!-- \/ Yoast SEO plugin. -->","yoast_head_json":{"title":"Disclaimer - Facult\u00e9 de droit","robots":{"index":"noindex","follow":"follow"},"og_locale":"en_US","og_type":"article","og_title":"Disclaimer - Facult\u00e9 de droit","og_description":"[vc_row][vc_column][vc_column_text] Disclaimer Disclaimer for site www.fld-lille.fr This is the official website of the Facult\u00e9 de Droit. Facult\u00e9 de Droit \u2013 Institut Catholique de Lille, Registered charity for public utility 60 boulevard Vauban \u2013 cs40109 \u2013 59016 Lille cedex \u2013 France T\u00e9l. : 03.20.13.41.00 \/ e-mail : fld@univ-catholille.fr Siret 775.624.240 000 13 \u2013 Code APE 8542 [&hellip;]","og_url":"https:\/\/www.fld-lille.fr\/en\/mentions-legales\/","og_site_name":"Facult\u00e9 de droit","article_publisher":"https:\/\/www.facebook.com\/FLDLilleParis\/","article_modified_time":"2022-03-24T11:08:58+00:00","twitter_card":"summary_large_image","twitter_misc":{"Est. reading time":"4 minutes"},"schema":{"@context":"https:\/\/schema.org","@graph":[{"@type":"WebPage","@id":"https:\/\/www.fld-lille.fr\/en\/mentions-legales\/","url":"https:\/\/www.fld-lille.fr\/en\/mentions-legales\/","name":"Disclaimer - Facult\u00e9 de droit","isPartOf":{"@id":"https:\/\/www.fld-lille.fr\/#website"},"datePublished":"2021-06-10T14:10:44+00:00","dateModified":"2022-03-24T11:08:58+00:00","breadcrumb":{"@id":"https:\/\/www.fld-lille.fr\/en\/mentions-legales\/#breadcrumb"},"inLanguage":"en-US","potentialAction":[{"@type":"ReadAction","target":["https:\/\/www.fld-lille.fr\/en\/mentions-legales\/"]}]},{"@type":"BreadcrumbList","@id":"https:\/\/www.fld-lille.fr\/en\/mentions-legales\/#breadcrumb","itemListElement":[{"@type":"ListItem","position":1,"name":"Accueil","item":"https:\/\/www.fld-lille.fr\/en\/"},{"@type":"ListItem","position":2,"name":"Disclaimer"}]},{"@type":"WebSite","@id":"https:\/\/www.fld-lille.fr\/#website","url":"https:\/\/www.fld-lille.fr\/","name":"Facult\u00e9 de droit","description":"Les facult\u00e9s de l&#039;Universit\u00e9 Catholique de Lille","potentialAction":[{"@type":"SearchAction","target":{"@type":"EntryPoint","urlTemplate":"https:\/\/www.fld-lille.fr\/?s={search_term_string}"},"query-input":{"@type":"PropertyValueSpecification","valueRequired":true,"valueName":"search_term_string"}}],"inLanguage":"en-US"}]}},"_links":{"self":[{"href":"https:\/\/www.fld-lille.fr\/en\/wp-json\/wp\/v2\/pages\/16275","targetHints":{"allow":["GET"]}}],"collection":[{"href":"https:\/\/www.fld-lille.fr\/en\/wp-json\/wp\/v2\/pages"}],"about":[{"href":"https:\/\/www.fld-lille.fr\/en\/wp-json\/wp\/v2\/types\/page"}],"author":[{"embeddable":true,"href":"https:\/\/www.fld-lille.fr\/en\/wp-json\/wp\/v2\/users\/38"}],"replies":[{"embeddable":true,"href":"https:\/\/www.fld-lille.fr\/en\/wp-json\/wp\/v2\/comments?post=16275"}],"version-history":[{"count":4,"href":"https:\/\/www.fld-lille.fr\/en\/wp-json\/wp\/v2\/pages\/16275\/revisions"}],"predecessor-version":[{"id":19136,"href":"https:\/\/www.fld-lille.fr\/en\/wp-json\/wp\/v2\/pages\/16275\/revisions\/19136"}],"wp:attachment":[{"href":"https:\/\/www.fld-lille.fr\/en\/wp-json\/wp\/v2\/media?parent=16275"}],"curies":[{"name":"wp","href":"https:\/\/api.w.org\/{rel}","templated":true}]}}