{"id":15912,"date":"2021-05-20T14:08:55","date_gmt":"2021-05-20T13:08:55","guid":{"rendered":"https:\/\/www.fld-lille.fr\/?page_id=15912"},"modified":"2025-10-28T17:43:42","modified_gmt":"2025-10-28T16:43:42","slug":"you-reside-in-a-country-affected-by-the-studying-in-france-procedure","status":"publish","type":"page","link":"https:\/\/www.fld-lille.fr\/en\/application-for-international-students\/you-reside-in-a-country-affected-by-the-studying-in-france-procedure\/","title":{"rendered":"You are living in a country covered by the \u201cStudy in France\u201d procedure"},"content":{"rendered":"<div class=\"wpb-content-wrapper\"><p>[vc_row][vc_column][vc_row_inner][vc_column_inner width=&#8221;2\/3&#8243;][vc_column_text]<\/p>\n<h1>You are living in a country covered by the \u201cStudy in France\u201d procedure<\/h1>\n<h4>Countries :<\/h4>\n<p><i>South Africa, Algeria, Saudi Arabia, Argentina, Azerba\u00efdjan, Bahre\u00efn, Benin, Bolivia, Brasil, Burkina Faso, Burundi, Cambodia, Cameroun, Canada, Chili, China, Colombia, Comores, Congo (Brazzaville), South Corea, Ivory Coast, Djibouti, Egypt, UAE, Ecuador, USA, Ethiopia, Gabon, Georgia, Ghana, Guinea, Ha\u00efti, Hong-Kong, India, Indonesia, Iran, Isra\u00ebl, Japan, Jordan, Kenya, Kowe\u00eft, Lebanon, Madagascar, Malaisia, Mali, Morocco, Maurice, Mauritanie, Mexico, Nepal, Niger, Nigeria, Pakistan, Perou, Qatar, Democratic Republic of Congo, Dominican Republic, United-Kingdom, Russia, Senegal, Singapore, Ta\u00efwan, Tchad, Thailand, Togo, Tunisia, Turkey, Ukraine, Vietnam.<\/i><\/p>\n<h4>A single online service<\/h4>\n<p><strong>The\u00a0<\/strong><a href=\"https:\/\/pastel.diplomatie.gouv.fr\/etudesenfrance\/dyn\/public\/authentification\/login.html\" target=\"_blank\" rel=\"noopener\"><strong>Study in France platform<\/strong><\/a><strong>\u00a0is completely dematerialised and manages all of the enrolment procedures for an institute of higher education<\/strong>\u00a0up until the visa request<strong>.<\/strong>\u00a0Just create a private electronic file and follow the instructions.<\/p>\n<p>You can also\u00a0<strong>file your enrolment applications<\/strong>,\u00a0<strong>talk with the Campus France space<\/strong>\u00a0for your country and\u00a0<strong>communicate with the institute\u00a0<\/strong>you wish to enrol in.<\/p>\n<p>You will be asked to\u00a0<strong>pay a fee<\/strong>\u00a0for this assistance.<\/p>\n<h4>Test of Knowledge in French (TCF)<\/h4>\n<p>A test will verify applicants\u2019 language level in French (level B2 or TCF superior or equal to 450 points)<\/p>\n<p>Applicants from the following countries are exempt from French test:<\/p>\n<ul>\n<li>Students coming from countries where French is an official language (Benin, Burkina Faso, Congo Brazzaville, Cote d\u2019Ivoire, Democratic Republic of Congo, Gabon, Guinea Conakry, Mali, Madagascar, Mauritania, Niger,, Senegal, Togo)<\/li>\n<li>Holders of DELF B2, DALF (Dipl\u00f4me Approfondi de Langue Fran\u00e7aise) or new certificates DALF C1 &amp; C2.<\/li>\n<li>Students graduating from french bilingual or francophone sections of secondary education<\/li>\n<\/ul>\n<p>[\/vc_column_text][\/vc_column_inner][vc_column_inner width=&#8221;1\/3&#8243;][vc_single_image image=&#8221;6197&#8243; img_size=&#8221;large&#8221; alignment=&#8221;center&#8221;][vc_column_text]<\/p>\n<p style=\"text-align: center;\"><a class=\"button\" href=\"https:\/\/www.fld-lille.fr\/en\/application-for-international-students\/\" target=\"_blank\" rel=\"noopener noreferrer\">CHANGE STATUS<\/a><\/p>\n<p style=\"text-align: center;\"><a class=\"button-secondary\" href=\"https:\/\/www.fld-lille.fr\/en\/course-catalogue\/\" target=\"_blank\" rel=\"noopener noreferrer\">\u00a0CHOOSE A PROGRAMME<\/a><\/p>\n<p style=\"text-align: center;\"><a class=\"button\" href=\"https:\/\/www.fld-lille.fr\/en\/tuition-fees-financial-help\/\" target=\"_blank\" rel=\"noopener noreferrer\">READ MORE ABOUT OUR TUITION FEES<\/a><\/p>\n<p style=\"text-align: center;\"><a class=\"button-secondary\" href=\"https:\/\/www.fld-lille.fr\/en\/iels-2\/\" target=\"_blank\" rel=\"noopener noreferrer\">\u00a0 IELS &#8211; THE INTERNATIONAL AND EUROPEAN LAW SCHOOL\u00a0<\/a><\/p>\n<p>[\/vc_column_text][\/vc_column_inner][\/vc_row_inner][\/vc_column][\/vc_row][vc_row][vc_column][vc_column_text]<\/p>\n<h2 class=\"red\">Apply for 1st year of Bachelor<\/h2>\n<p>[\/vc_column_text][vc_row_inner][vc_column_inner width=&#8221;1\/2&#8243;][vc_column_text]<\/p>\n<h4 class=\"red\">Admission conditions<\/h4>\n<p>(Future) holder of the French Baccalaur\u00e9at or equivalent (DEC, A-Levels, High School Diploma, Abitur, Bachillerato\/PAU\u2026)<\/p>\n<ul>\n<li><b>Bachelors of law &#8211; bilingual programme (Lille campus) :<\/b> Application file + interview (English, Basic knowledge in Spanish or German, international and general knowledge)<\/li>\n<li><b>Bachelors of law &#8211; trilingual programme (Issy-les-Moulineaux Campus) :<\/b> Aapplication file + interview (English, Good level in Spanish or German, international and general knowledge)<\/li>\n<\/ul>\n<p>[\/vc_column_text][vc_column_text css=&#8221;&#8221;]<\/p>\n<h4 class=\"red\">Application process<\/h4>\n<ul>\n<li>\n<h5>Situation 1 : You are preparing a french baccalaur\u00e9ate<\/h5>\n<\/li>\n<\/ul>\n<p>You should follow the french admission process and enter your academic choices on the <a href=\"https:\/\/www.parcoursup.fr\/\" target=\"_blank\" rel=\"noopener\">\u201cParcoursup\u201d platform<\/a> <strong>until March 12th 2026.<\/strong><\/p>\n<ul>\n<li>\n<h5>Situation 2 : If you are preparing another degree, you must make a Preliminary Admission Request\u00a0(DAP \/ White File \u2013 read\u00a0<a href=\"https:\/\/www.formulaires.modernisation.gouv.fr\/gf\/getNotice.do?cerfaNotice=50845&amp;cerfaFormulaire=11443\">instructions<\/a>) and follow the\u00a0<a href=\"https:\/\/pastel.diplomatie.gouv.fr\/etudesenfrance\/dyn\/public\/authentification\/login.html?_csrf=e6d13d92-00e7-4561-8de3-64890034f8ed&amp;codeLangue=EN\" target=\"_blank\" rel=\"noopener\">\u201cStudy in France\u201d<\/a> process.<\/h5>\n<\/li>\n<\/ul>\n<p>1- <strong>Before December 15th 2025<\/strong>\u00a0: Apply on the \u00ab <a href=\"https:\/\/pastel.diplomatie.gouv.fr\/etudesenfrance\/dyn\/public\/authentification\/login.html\" target=\"_blank\" rel=\"noopener\">Study in France<\/a> \u00bb platform sous le nom \u00ab Universit\u00e9 Catholique de Lille \u2013 Facult\u00e9 de Droit \u00bb<br \/>\n<strong>2- Before March 2026<\/strong>\u00a0: Apply on <a href=\"https:\/\/espaceadmission.univ-catholille.fr\/\" target=\"_blank\" rel=\"noopener\">https:\/\/espaceadmission.univ-catholille.fr<\/a>[\/vc_column_text][\/vc_column_inner][vc_column_inner width=&#8221;1\/2&#8243;][vc_column_text]<\/p>\n<div class=\"wpb_text_column wpb_content_element \">\n<div class=\"wpb_wrapper\">\n<p><span style=\"color: #d0232a; font-family: serif;\">Documents to be sent<\/span><\/p>\n<ul>\n<li>Cover letter in English<\/li>\n<li>Photocopies of A-level\/leaving cert. grades transcript for each semester of last 2 years of study (for non Parcoursup applications).<\/li>\n<li>Photocopies of A-level\/leaving cert. grades transcript + grades transcript higher education years passed (for classic Parcoursup applications)<\/li>\n<li>Language Tests results (TOEFL, TOEIC, IELTS, first certificate in english, Cervantes, Goethe\u2026) : B2 level according to the <a href=\"https:\/\/rm.coe.int\/CoERMPublicCommonSearchServices\/DisplayDCTMContent?documentId=090000168045bb52\">Common European Framework<\/a><\/li>\n<li>English teacher\u2019s reference letter (optional)<\/li>\n<\/ul>\n<\/div>\n<\/div>\n<div class=\"wpb_text_column wpb_content_element \">\n<h4 class=\"wpb_wrapper\">Academic administrative registration<\/h4>\n<p>If your application is approved\/held, register yourself on\u00a0<a href=\"https:\/\/espaceadmission.univ-catholille.fr\/\" target=\"_blank\" rel=\"noopener\">Espace Admission<\/a>.<\/p>\n<ul>\n<li>Read the\u00a0<a href=\"https:\/\/lesfacultes.univ-catholille.fr\/fr\/sinscrire\/autres-candidatures\" target=\"_blank\" rel=\"noopener\">details of procedure<\/a>\u00a0(steps 5 to 8)<\/li>\n<li>Your registration will be approved on condition of receipting documents to be enclosed.<\/li>\n<\/ul>\n<\/div>\n<p>[\/vc_column_text][\/vc_column_inner][\/vc_row_inner][vc_separator][\/vc_column][\/vc_row][vc_row][vc_column][vc_column_text]<\/p>\n<h2 class=\"red\">Apply for 2nd or 3rd year of Bachelor<\/h2>\n<p>[\/vc_column_text][vc_row_inner][vc_column_inner width=&#8221;1\/2&#8243;][vc_column_text]<\/p>\n<div class=\"wpb_text_column wpb_content_element \">\n<div class=\"wpb_wrapper\">\n<h4 class=\"red\">Admission conditions<\/h4>\n<p>Holder of the French Baccalaur\u00e9at or an equivalent (DEC, A-Levels, High School Diploma, Abitur, Bachillerato\/PAU\u2026) + any higher education years studied<\/p>\n<ul>\n<li><b>European Bachelors of Law &#8211; bilingual programme (Lille campus) :<\/b> Application file + interview (English, Basic knowledge in Spanish or German [B2], international and general knowledge)<\/li>\n<li><b>European Bachelors of Law &#8211; trilingual programme (Issy-les-Moulineaux campus) :<\/b> Application file + interview (English, Good level in Spanish or German [B2-C1], international and general knowledge)<\/li>\n<\/ul>\n<\/div>\n<\/div>\n<div class=\"wpb_text_column wpb_content_element \">\n<div class=\"wpb_wrapper\"><\/div>\n<\/div>\n<p>[\/vc_column_text][vc_column_text css=&#8221;&#8221;]<\/p>\n<h4 class=\"red\">Application process<\/h4>\n<p>You should apply on the <a href=\"https:\/\/pastel.diplomatie.gouv.fr\/etudesenfrance\/dyn\/public\/authentification\/login.html?codeLangue=EN\" target=\"_blank\" rel=\"noopener\">Etudes en France<\/a> platform <strong>before December 15th 2025<\/strong>.<\/p>\n<p>At the same time, all students should also apply on <a href=\"https:\/\/espaceadmission.univ-catholille.fr\" target=\"_blank\" rel=\"noopener\">espaceadmission<\/a> <strong>between February and March 2026.<\/strong><\/p>\n<ul>\n<li>Read the\u00a0<a href=\"https:\/\/lesfacultes.univ-catholille.fr\/fr\/sinscrire\/autres-candidatures\" target=\"_blank\" rel=\"noopener\">details of the procedure<\/a>\u00a0(steps 1 to 4)<\/li>\n<li>We will examine every application on condition of receiving the whole documents to be enclosed.<\/li>\n<li>Applications are considered with regard in particular to the level of English and knowledge in a second foreign language and international general knowledge (application file + interview + test).<\/li>\n<\/ul>\n<p>[\/vc_column_text][\/vc_column_inner][vc_column_inner width=&#8221;1\/2&#8243;][vc_column_text css=&#8221;&#8221;]<\/p>\n<h4 class=\"red\">Documents to be sent<\/h4>\n<p><strong>Our faculty needs your proofs of entitlement before 15th December 2025. The date of receipt is valider than the date of sending.<\/strong><\/p>\n<ul>\n<li>Cover letter in English<\/li>\n<li>Curriculum Vitae<\/li>\n<li>Copies of A-level\/leaving cert. grades transcript + grades transcript higher education years passed<\/li>\n<li>Language Tests results (TOEFL, TOEIC, IELTS, First Certificate in english, Cervantes, Goethe\u2026) : C1 level according to the <a href=\"https:\/\/rm.coe.int\/CoERMPublicCommonSearchServices\/DisplayDCTMContent?documentId=090000168045bb52\">Common European Framework<\/a><\/li>\n<li>\u20ac85 for application fee (credit card)<\/li>\n<li>Summary of your online application (available on <a href=\"https:\/\/espaceadmission.univ-catholille.fr\/isacademia\/!formInscrs.connection?ww_c_formulaire=CANDIDATURE\" target=\"_blank\" rel=\"noopener\">Espace Admission<\/a>)<\/li>\n<li>English teacher\u2019s reference letter (optional)<\/li>\n<li>Report or thesis in relation to the diploma prepared (optional)<\/li>\n<\/ul>\n<p>[\/vc_column_text][vc_column_text]<\/p>\n<h4 class=\"red\">Administrative registration<\/h4>\n<p>Your application is accepted ?<\/p>\n<ul>\n<li>Register on <a href=\"https:\/\/espaceadmission.univ-catholille.fr\/\" target=\"_blank\" rel=\"noopener\">Espace Admission<\/a><\/li>\n<li>Read the\u00a0<a href=\"https:\/\/lesfacultes.univ-catholille.fr\/fr\/sinscrire\/autres-candidatures\" target=\"_blank\" rel=\"noopener\">details of procedure<\/a>\u00a0(steps 5 to 8)<\/li>\n<li>Your registration will be approved on condition of receiving your documents.<\/li>\n<\/ul>\n<p>[\/vc_column_text][\/vc_column_inner][\/vc_row_inner][vc_separator][\/vc_column][\/vc_row][vc_row][vc_column][vc_column_text]<\/p>\n<h2 class=\"red\">Apply for 1st or 2nd year of Masters<\/h2>\n<p>[\/vc_column_text][vc_row_inner][vc_column_inner width=&#8221;1\/2&#8243;][vc_column_text]<\/p>\n<h4 class=\"red\">Admission conditions<\/h4>\n<p><b>1st year Master :<\/b><\/p>\n<ul>\n<li>(Future) holder of a Bachelors in Law or an equivalent programme<\/li>\n<li>Based on application file + interview<\/li>\n<\/ul>\n<p><strong>2<\/strong><b>nd year Master :<\/b><\/p>\n<ul>\n<li>(Future) holder of a Masters in Law or an equivalent programme<\/li>\n<li>Based on application file + interview<\/li>\n<\/ul>\n<p>[\/vc_column_text][vc_column_text css=&#8221;&#8221;]<\/p>\n<h4 class=\"red\">Application process<\/h4>\n<p>You should apply on the <a href=\"https:\/\/pastel.diplomatie.gouv.fr\/etudesenfrance\/dyn\/public\/authentification\/login.html?codeLangue=EN\" target=\"_blank\" rel=\"noopener\">Etudes en France<\/a> platform <strong>before December 15th 2025<\/strong>.<\/p>\n<p>At the same time, all students should also apply on <a href=\"https:\/\/espaceadmission.univ-catholille.fr\" target=\"_blank\" rel=\"noopener\">espaceadmission<\/a> <strong>between February and March 2026.<\/strong><\/p>\n<ul>\n<li>Read the\u00a0<a href=\"https:\/\/lesfacultes.univ-catholille.fr\/fr\/sinscrire\/autres-candidatures\" target=\"_blank\" rel=\"noopener\">details of the procedure<\/a>\u00a0(steps 1 to 4)<\/li>\n<li>We will examine every application on condition of receiving the whole documents to be enclosed.<\/li>\n<li>Applications are considered with regard in particular to the level of English and knowledge in a second foreign language and international general knowledge (application file + interview + test).<\/li>\n<\/ul>\n<p>[\/vc_column_text][\/vc_column_inner][vc_column_inner width=&#8221;1\/2&#8243;][vc_column_text css=&#8221;&#8221;]<\/p>\n<h4 class=\"red\">Documents to be sent<\/h4>\n<p><strong>Our faculty needs your proofs of entitlement before 15th December 2025. The date of receipt is valider than the date of sending.<\/strong><\/p>\n<ul>\n<li>Cover letter in English<\/li>\n<li>Curriculum Vitae<\/li>\n<li>Copies of A-level\/leaving cert. grades transcript + grades transcript higher education years passed<\/li>\n<li>Language Tests results (TOEFL, TOEIC, IELTS, First Certificate in english, Cervantes, Goethe\u2026) : C1 level according to the <a href=\"https:\/\/rm.coe.int\/CoERMPublicCommonSearchServices\/DisplayDCTMContent?documentId=090000168045bb52\">Common European Framework<\/a><\/li>\n<li>\u20ac85 for application fee (credit card)<\/li>\n<li>Summary of your online application (available on <a href=\"https:\/\/espaceadmission.univ-catholille.fr\/isacademia\/!formInscrs.connection?ww_c_formulaire=CANDIDATURE\" target=\"_blank\" rel=\"noopener\">Espace Admission<\/a>)<\/li>\n<li>English teacher\u2019s reference letter (optional)<\/li>\n<li>Report or thesis in relation to the diploma prepared (optional)<\/li>\n<\/ul>\n<p>[\/vc_column_text][vc_column_text]<\/p>\n<h4 class=\"red\">Administrative registration<\/h4>\n<p>Your application is accepted ?<\/p>\n<ul>\n<li>Register on <a href=\"https:\/\/espaceadmission.univ-catholille.fr\/\" target=\"_blank\" rel=\"noopener\">Espace Admission<\/a>.<\/li>\n<li>Read the\u00a0<a href=\"https:\/\/lesfacultes.univ-catholille.fr\/fr\/sinscrire\/autres-candidatures\" target=\"_blank\" rel=\"noopener\">details of procedure<\/a>\u00a0(steps 5 to 8)<\/li>\n<li>Your registration will be approved on condition of receiving your documents.<\/li>\n<\/ul>\n<p>[\/vc_column_text][\/vc_column_inner][\/vc_row_inner][vc_separator][\/vc_column][\/vc_row]<\/p>\n<\/div>","protected":false},"excerpt":{"rendered":"<p>[vc_row][vc_column][vc_row_inner][vc_column_inner width=&#8221;2\/3&#8243;][vc_column_text] You are living in a country covered by the \u201cStudy in France\u201d procedure Countries : South Africa, Algeria, Saudi Arabia, Argentina, Azerba\u00efdjan, Bahre\u00efn, Benin, Bolivia, Brasil, Burkina Faso, Burundi, Cambodia, Cameroun, Canada, Chili, China, Colombia, Comores, Congo (Brazzaville), South Corea, Ivory Coast, Djibouti, Egypt, UAE, Ecuador, USA, Ethiopia, Gabon, Georgia, Ghana, Guinea, Ha\u00efti, [&hellip;]<\/p>\n","protected":false},"author":38,"featured_media":0,"parent":15898,"menu_order":2,"comment_status":"closed","ping_status":"closed","template":"","meta":{"_acf_changed":false,"footnotes":""},"class_list":["post-15912","page","type-page","status-publish","hentry"],"acf":[],"yoast_head":"<!-- This site is optimized with the Yoast SEO plugin v27.3 - https:\/\/yoast.com\/product\/yoast-seo-wordpress\/ -->\n<title>You are living in a country covered by the \u201cStudy in France\u201d procedure - Facult\u00e9 de droit<\/title>\n<meta name=\"robots\" content=\"index, follow, max-snippet:-1, max-image-preview:large, max-video-preview:-1\" \/>\n<link rel=\"canonical\" href=\"https:\/\/www.fld-lille.fr\/en\/application-for-international-students\/you-reside-in-a-country-affected-by-the-studying-in-france-procedure\/\" \/>\n<meta property=\"og:locale\" content=\"en_US\" \/>\n<meta property=\"og:type\" content=\"article\" \/>\n<meta property=\"og:title\" content=\"You are living in a country covered by the \u201cStudy in France\u201d procedure - Facult\u00e9 de droit\" \/>\n<meta property=\"og:description\" content=\"[vc_row][vc_column][vc_row_inner][vc_column_inner width=&#8221;2\/3&#8243;][vc_column_text] You are living in a country covered by the \u201cStudy in France\u201d procedure Countries : South Africa, Algeria, Saudi Arabia, Argentina, Azerba\u00efdjan, Bahre\u00efn, Benin, Bolivia, Brasil, Burkina Faso, Burundi, Cambodia, Cameroun, Canada, Chili, China, Colombia, Comores, Congo (Brazzaville), South Corea, Ivory Coast, Djibouti, Egypt, UAE, Ecuador, USA, Ethiopia, Gabon, Georgia, Ghana, Guinea, Ha\u00efti, [&hellip;]\" \/>\n<meta property=\"og:url\" content=\"https:\/\/www.fld-lille.fr\/en\/application-for-international-students\/you-reside-in-a-country-affected-by-the-studying-in-france-procedure\/\" \/>\n<meta property=\"og:site_name\" content=\"Facult\u00e9 de droit\" \/>\n<meta property=\"article:publisher\" content=\"https:\/\/www.facebook.com\/FLDLilleParis\/\" \/>\n<meta property=\"article:modified_time\" content=\"2025-10-28T16:43:42+00:00\" \/>\n<meta name=\"twitter:card\" content=\"summary_large_image\" \/>\n<meta name=\"twitter:label1\" content=\"Est. reading time\" \/>\n\t<meta name=\"twitter:data1\" content=\"6 minutes\" \/>\n<script type=\"application\/ld+json\" class=\"yoast-schema-graph\">{\"@context\":\"https:\\\/\\\/schema.org\",\"@graph\":[{\"@type\":\"WebPage\",\"@id\":\"https:\\\/\\\/www.fld-lille.fr\\\/en\\\/application-for-international-students\\\/you-reside-in-a-country-affected-by-the-studying-in-france-procedure\\\/\",\"url\":\"https:\\\/\\\/www.fld-lille.fr\\\/en\\\/application-for-international-students\\\/you-reside-in-a-country-affected-by-the-studying-in-france-procedure\\\/\",\"name\":\"You are living in a country covered by the \u201cStudy in France\u201d procedure - Facult\u00e9 de droit\",\"isPartOf\":{\"@id\":\"https:\\\/\\\/www.fld-lille.fr\\\/#website\"},\"datePublished\":\"2021-05-20T13:08:55+00:00\",\"dateModified\":\"2025-10-28T16:43:42+00:00\",\"breadcrumb\":{\"@id\":\"https:\\\/\\\/www.fld-lille.fr\\\/en\\\/application-for-international-students\\\/you-reside-in-a-country-affected-by-the-studying-in-france-procedure\\\/#breadcrumb\"},\"inLanguage\":\"en-US\",\"potentialAction\":[{\"@type\":\"ReadAction\",\"target\":[\"https:\\\/\\\/www.fld-lille.fr\\\/en\\\/application-for-international-students\\\/you-reside-in-a-country-affected-by-the-studying-in-france-procedure\\\/\"]}]},{\"@type\":\"BreadcrumbList\",\"@id\":\"https:\\\/\\\/www.fld-lille.fr\\\/en\\\/application-for-international-students\\\/you-reside-in-a-country-affected-by-the-studying-in-france-procedure\\\/#breadcrumb\",\"itemListElement\":[{\"@type\":\"ListItem\",\"position\":1,\"name\":\"Accueil\",\"item\":\"https:\\\/\\\/www.fld-lille.fr\\\/en\\\/\"},{\"@type\":\"ListItem\",\"position\":2,\"name\":\"Application\",\"item\":\"https:\\\/\\\/www.fld-lille.fr\\\/en\\\/application-for-international-students\\\/\"},{\"@type\":\"ListItem\",\"position\":3,\"name\":\"You are living in a country covered by the \u201cStudy in France\u201d procedure\"}]},{\"@type\":\"WebSite\",\"@id\":\"https:\\\/\\\/www.fld-lille.fr\\\/#website\",\"url\":\"https:\\\/\\\/www.fld-lille.fr\\\/\",\"name\":\"Facult\u00e9 de droit\",\"description\":\"Les facult\u00e9s de l&#039;Universit\u00e9 Catholique de Lille\",\"potentialAction\":[{\"@type\":\"SearchAction\",\"target\":{\"@type\":\"EntryPoint\",\"urlTemplate\":\"https:\\\/\\\/www.fld-lille.fr\\\/?s={search_term_string}\"},\"query-input\":{\"@type\":\"PropertyValueSpecification\",\"valueRequired\":true,\"valueName\":\"search_term_string\"}}],\"inLanguage\":\"en-US\"}]}<\/script>\n<!-- \/ Yoast SEO plugin. -->","yoast_head_json":{"title":"You are living in a country covered by the \u201cStudy in France\u201d procedure - Facult\u00e9 de droit","robots":{"index":"index","follow":"follow","max-snippet":"max-snippet:-1","max-image-preview":"max-image-preview:large","max-video-preview":"max-video-preview:-1"},"canonical":"https:\/\/www.fld-lille.fr\/en\/application-for-international-students\/you-reside-in-a-country-affected-by-the-studying-in-france-procedure\/","og_locale":"en_US","og_type":"article","og_title":"You are living in a country covered by the \u201cStudy in France\u201d procedure - Facult\u00e9 de droit","og_description":"[vc_row][vc_column][vc_row_inner][vc_column_inner width=&#8221;2\/3&#8243;][vc_column_text] You are living in a country covered by the \u201cStudy in France\u201d procedure Countries : South Africa, Algeria, Saudi Arabia, Argentina, Azerba\u00efdjan, Bahre\u00efn, Benin, Bolivia, Brasil, Burkina Faso, Burundi, Cambodia, Cameroun, Canada, Chili, China, Colombia, Comores, Congo (Brazzaville), South Corea, Ivory Coast, Djibouti, Egypt, UAE, Ecuador, USA, Ethiopia, Gabon, Georgia, Ghana, Guinea, Ha\u00efti, [&hellip;]","og_url":"https:\/\/www.fld-lille.fr\/en\/application-for-international-students\/you-reside-in-a-country-affected-by-the-studying-in-france-procedure\/","og_site_name":"Facult\u00e9 de droit","article_publisher":"https:\/\/www.facebook.com\/FLDLilleParis\/","article_modified_time":"2025-10-28T16:43:42+00:00","twitter_card":"summary_large_image","twitter_misc":{"Est. reading time":"6 minutes"},"schema":{"@context":"https:\/\/schema.org","@graph":[{"@type":"WebPage","@id":"https:\/\/www.fld-lille.fr\/en\/application-for-international-students\/you-reside-in-a-country-affected-by-the-studying-in-france-procedure\/","url":"https:\/\/www.fld-lille.fr\/en\/application-for-international-students\/you-reside-in-a-country-affected-by-the-studying-in-france-procedure\/","name":"You are living in a country covered by the \u201cStudy in France\u201d procedure - Facult\u00e9 de droit","isPartOf":{"@id":"https:\/\/www.fld-lille.fr\/#website"},"datePublished":"2021-05-20T13:08:55+00:00","dateModified":"2025-10-28T16:43:42+00:00","breadcrumb":{"@id":"https:\/\/www.fld-lille.fr\/en\/application-for-international-students\/you-reside-in-a-country-affected-by-the-studying-in-france-procedure\/#breadcrumb"},"inLanguage":"en-US","potentialAction":[{"@type":"ReadAction","target":["https:\/\/www.fld-lille.fr\/en\/application-for-international-students\/you-reside-in-a-country-affected-by-the-studying-in-france-procedure\/"]}]},{"@type":"BreadcrumbList","@id":"https:\/\/www.fld-lille.fr\/en\/application-for-international-students\/you-reside-in-a-country-affected-by-the-studying-in-france-procedure\/#breadcrumb","itemListElement":[{"@type":"ListItem","position":1,"name":"Accueil","item":"https:\/\/www.fld-lille.fr\/en\/"},{"@type":"ListItem","position":2,"name":"Application","item":"https:\/\/www.fld-lille.fr\/en\/application-for-international-students\/"},{"@type":"ListItem","position":3,"name":"You are living in a country covered by the \u201cStudy in France\u201d procedure"}]},{"@type":"WebSite","@id":"https:\/\/www.fld-lille.fr\/#website","url":"https:\/\/www.fld-lille.fr\/","name":"Facult\u00e9 de droit","description":"Les facult\u00e9s de l&#039;Universit\u00e9 Catholique de Lille","potentialAction":[{"@type":"SearchAction","target":{"@type":"EntryPoint","urlTemplate":"https:\/\/www.fld-lille.fr\/?s={search_term_string}"},"query-input":{"@type":"PropertyValueSpecification","valueRequired":true,"valueName":"search_term_string"}}],"inLanguage":"en-US"}]}},"_links":{"self":[{"href":"https:\/\/www.fld-lille.fr\/en\/wp-json\/wp\/v2\/pages\/15912","targetHints":{"allow":["GET"]}}],"collection":[{"href":"https:\/\/www.fld-lille.fr\/en\/wp-json\/wp\/v2\/pages"}],"about":[{"href":"https:\/\/www.fld-lille.fr\/en\/wp-json\/wp\/v2\/types\/page"}],"author":[{"embeddable":true,"href":"https:\/\/www.fld-lille.fr\/en\/wp-json\/wp\/v2\/users\/38"}],"replies":[{"embeddable":true,"href":"https:\/\/www.fld-lille.fr\/en\/wp-json\/wp\/v2\/comments?post=15912"}],"version-history":[{"count":18,"href":"https:\/\/www.fld-lille.fr\/en\/wp-json\/wp\/v2\/pages\/15912\/revisions"}],"predecessor-version":[{"id":33830,"href":"https:\/\/www.fld-lille.fr\/en\/wp-json\/wp\/v2\/pages\/15912\/revisions\/33830"}],"up":[{"embeddable":true,"href":"https:\/\/www.fld-lille.fr\/en\/wp-json\/wp\/v2\/pages\/15898"}],"wp:attachment":[{"href":"https:\/\/www.fld-lille.fr\/en\/wp-json\/wp\/v2\/media?parent=15912"}],"curies":[{"name":"wp","href":"https:\/\/api.w.org\/{rel}","templated":true}]}}