{"id":15904,"date":"2021-05-20T13:53:39","date_gmt":"2021-05-20T12:53:39","guid":{"rendered":"https:\/\/www.fld-lille.fr\/?page_id=15904"},"modified":"2025-10-28T17:35:23","modified_gmt":"2025-10-28T16:35:23","slug":"you-are-a-european-student","status":"publish","type":"page","link":"https:\/\/www.fld-lille.fr\/en\/application-for-international-students\/you-are-a-european-student\/","title":{"rendered":"You are a european student"},"content":{"rendered":"<div class=\"wpb-content-wrapper\"><p>[vc_row][vc_column][vc_row_inner][vc_column_inner width=&#8221;2\/3&#8243;][vc_column_text]<\/p>\n<h1>You are a european student<\/h1>\n<h4>\u201cEU students\u201d are students with a nationality from :<\/h4>\n<ul>\n<li>one of the 27 countries of the EU<\/li>\n<li>a country included in the EEA : EU, Norway, Iceland, Liechtenstein<\/li>\n<li>Switzerland<\/li>\n<li>Monaco or Andorra<\/li>\n<\/ul>\n<h4>The Test of Knowledge in French (TCF)<\/h4>\n<p>A test will verify applicants\u2019 language level in French (level B2 or TCF superior or equal to 450 points)<\/p>\n<p>Applicants from the following countries are exempt from French test:<\/p>\n<ul>\n<li>Students coming from countries where French is an official language (Benin, Burkina Faso, Congo Brazzaville, Cote d\u2019Ivoire, Democratic Republic of Congo, Gabon, Guinea Conakry, Mali, Madagascar, Mauritania, Niger,, Senegal, Togo)<\/li>\n<li>Holders of DELF B2, DALF (Dipl\u00f4me Approfondi de Langue Fran\u00e7aise) or new certificates DALF C1 &amp; C2.<\/li>\n<li>Students graduating from french bilingual or francophone sections of secondary education<\/li>\n<\/ul>\n<p>[\/vc_column_text][\/vc_column_inner][vc_column_inner width=&#8221;1\/3&#8243;][vc_column_text]<\/p>\n<p style=\"text-align: center;\"><a class=\"button\" href=\"https:\/\/www.fld-lille.fr\/en\/application-for-international-students\/\" target=\"_blank\" rel=\"noopener noreferrer\">MOVE TO ANOTHER STATUS<\/a><\/p>\n<p style=\"text-align: center;\"><a class=\"button-secondary\" href=\"https:\/\/www.fld-lille.fr\/formations\/catalogue-des-formations\/\" target=\"_blank\" rel=\"noopener noreferrer\">CHOOSE A PROGRAMME<\/a><\/p>\n<p style=\"text-align: center;\"><a class=\"button\" href=\"https:\/\/www.fld-lille.fr\/formations\/frais-de-scolarite-et-aides-financieres\/\" target=\"_blank\" rel=\"noopener noreferrer\">READ MORE ABOUT OUR TUITION FEES<\/a><\/p>\n<p style=\"text-align: center;\"><a class=\"button-secondary\" href=\"https:\/\/www.fld-lille.fr\/en\/iels-international-and-european-law-school\/\" target=\"_blank\" rel=\"noopener noreferrer\">\u00a0 IELS &#8211; THE INTERNATIONAL AND EUROPEAN LAW SCHOOL\u00a0<\/a><\/p>\n<p>[\/vc_column_text][\/vc_column_inner][\/vc_row_inner][\/vc_column][\/vc_row][vc_row][vc_column][vc_column_text]<\/p>\n<h2 class=\"red\">Apply for 1st year of Bachelor \/ LL.B.<\/h2>\n<p>[\/vc_column_text][vc_row_inner][vc_column_inner width=&#8221;1\/2&#8243;][vc_column_text]<\/p>\n<div class=\"wpb_text_column wpb_content_element \">\n<div class=\"wpb_wrapper\">\n<h4 class=\"red\">1) Admission conditions<\/h4>\n<p>(Future) holder of the Baccalaur\u00e9at or equivalent (DEC, A-Levels, High School Diploma, Abitur, Bachillerato\/PAU\u2026)<\/p>\n<ul>\n<li><b>European LL.B. in Law \u2013 Lille Campus :<\/b>\u00a0Based on application file + interview (English, Basic knowledge in Spanish or German, international and general knowledge)<\/li>\n<li><b>European LL.B. in Law \u2013 Issy-les-Moulineaux Campus :<\/b>\u00a0Based on application file + interview (English, Good level in Spanish or German, international and general knowledge)<\/li>\n<\/ul>\n<\/div>\n<\/div>\n<div class=\"wpb_text_column wpb_content_element \">\n<div class=\"wpb_wrapper\"><\/div>\n<\/div>\n<div class=\"wpb_text_column wpb_content_element \">\n<div class=\"wpb_wrapper\"><\/div>\n<\/div>\n<p>[\/vc_column_text][vc_column_text css=&#8221;&#8221;]<\/p>\n<div class=\"wpb_text_column wpb_content_element \">\n<h4 class=\"red\">Calendar<\/h4>\n<p><b>December 25 2025: <\/b>Parcoursup plateform Opening<br \/>\n<b>From January 19 to March 12 2026: <\/b>The applicant creates an account and expresses 10 wishes<br \/>\n<strong>Until April 1, 2026 11:59 pm:<\/strong> Confirmation of wishes<br \/>\n<strong>From June 02 2026 : <\/strong>each applicant receives a response to the various wishes made<br \/>\n<strong>July 2026:<\/strong> Administrative registration with the Faculty<\/p>\n<\/div>\n<div class=\"wpb_text_column wpb_content_element \">\n<div class=\"wpb_wrapper\">\n<h4 class=\"red\">2) Application : Parcoursup platform<\/h4>\n<ul>\n<li>If you want to join the 1st year of Bachelor programme, you have to create an account on\u00a0<a href=\"https:\/\/www.parcoursup.fr\/\">Parcoursup<\/a>.<\/li>\n<li>We will examine every application on condition of receiving the whole documents to be enclosed.<\/li>\n<li>Applications are considered with regard in particular to the level of English and knowledge in a second foreign language and international general knowledge (application file + General knowledge test).<\/li>\n<\/ul>\n<\/div>\n<\/div>\n<p>[\/vc_column_text][\/vc_column_inner][vc_column_inner width=&#8221;1\/2&#8243;][vc_single_image image=&#8221;6023&#8243; img_size=&#8221;large&#8221; alignment=&#8221;center&#8221;][vc_column_text]<\/p>\n<h4 class=\"red\">3) Documents to be enclosed : complete your application on Parcoursup<\/h4>\n<ul>\n<li>Cover letter<\/li>\n<li>Cover letter in English<\/li>\n<li>Photocopies of A-level\/leaving cert. grades transcript for each semester of last 2 years of study (for non Parcoursup applications).<\/li>\n<li>Photocopies of A-level\/leaving cert. grades transcript + grades transcript higher education years passed (for classic Parcoursup applications)<\/li>\n<li>The Fiche Avenir (depending on Secondary schools)<\/li>\n<li>Language Tests results (TOEFL, TOEIC, IELTS, first certificate in English, Cervantes, GOETHE\u2026) : B2 level according to the <a href=\"https:\/\/rm.coe.int\/CoERMPublicCommonSearchServices\/DisplayDCTMContent?documentId=090000168045bb52\">Common European Framework<\/a><\/li>\n<li>English teacher\u2019s reference letter (optional)<\/li>\n<\/ul>\n<p>[\/vc_column_text][vc_column_text]<\/p>\n<h4 class=\"red\">4) Academic administrative registration<\/h4>\n<p>If your application is approved\/held, register yourself on\u00a0<a href=\"https:\/\/espaceadmission.univ-catholille.fr\/\" target=\"_blank\" rel=\"noopener\">Espace Admission<\/a>.<\/p>\n<ul>\n<li>Read the\u00a0<a href=\"https:\/\/lesfacultes.univ-catholille.fr\/fr\/sinscrire\/parcoursup\" target=\"_blank\" rel=\"noopener\">details of procedure<\/a>\u00a0(steps 6 to 9)<\/li>\n<li>Your registration will be approved on condition of receipeting documents to be enclosed.<\/li>\n<\/ul>\n<p>[\/vc_column_text][\/vc_column_inner][\/vc_row_inner][vc_separator][\/vc_column][\/vc_row][vc_row][vc_column][vc_column_text]<\/p>\n<h2 class=\"red\">Apply for 2nd or 3rd year of Bachelor<\/h2>\n<p>[\/vc_column_text][vc_row_inner][vc_column_inner width=&#8221;1\/2&#8243;][vc_column_text]<\/p>\n<h4 class=\"red\">1) Admission requirements<\/h4>\n<p>Holder of the Baccalaur\u00e9at or equivalent (DEC, A-Levels, High School Diploma, Abitur, Bachillerato\/PAU\u2026) + any higher education years studied<\/p>\n<ul>\n<li><b>European LL.B. in Law \u2013 Lille Campus:<\/b>\u00a0Based on application file + interview (English, Basic knowledge in Spanish or German [B2], international and general knowledge)<\/li>\n<li><b>European LL.B. in Law \u2013 Issy-les-Moulineaux Campus:<\/b>\u00a0Based on application file + interview (English, Good level in Spanish or German [B2-C1], international and general knowledge)<\/li>\n<\/ul>\n<p>[\/vc_column_text][vc_column_text]<\/p>\n<h4 class=\"red\">2) Application<\/h4>\n<p>If you want to join the 2nd or the 3rd year programme, you have to apply on\u00a0\u00a0<a href=\"https:\/\/espaceadmission.univ-catholille.fr\/\">Espace Admission des Facult\u00e9s de l\u2019Universit\u00e9 Catholique de Lille<\/a>.<\/p>\n<ul>\n<li>Read the\u00a0<a href=\"https:\/\/lesfacultes.univ-catholille.fr\/fr\/sinscrire\/autres-candidatures\" target=\"_blank\" rel=\"noopener\">details of the procedure<\/a>\u00a0(steps 1 to 4)<\/li>\n<li>We will examine every application on condition of receiving the whole documents to be enclosed.<\/li>\n<li>Applications are considered with regard in particular to the level of English and knowledge in a second foreign language and international general knowledge (application file + interview + test).<\/li>\n<\/ul>\n<p>[\/vc_column_text][\/vc_column_inner][vc_column_inner width=&#8221;1\/2&#8243;][vc_column_text css=&#8221;&#8221;]<\/p>\n<h4 class=\"red\">3) Documents to be enclosed<\/h4>\n<p><strong>Our faculty needs your proofs of entitlement before May 2026. The date of receipt is valider than the date of sending.<\/strong><\/p>\n<ul>\n<li>Cover letter<\/li>\n<li>Cover letter in English<\/li>\n<li>Curriculum Vitae<\/li>\n<li>Photocopies of A-level\/leaving cert. grades transcript + grades transcript higher education years passed<\/li>\n<li>Language Tests results (TOEFL, TOEIC, IELTS, first certificate in english, Cervantes, Goethe\u2026) : C1 level according to the <a href=\"https:\/\/rm.coe.int\/CoERMPublicCommonSearchServices\/DisplayDCTMContent?documentId=090000168045bb52\">Common European Framework<\/a><\/li>\n<li>\u20ac85 for application fee (credit card)<\/li>\n<li>Summary of your application online (available on Espace Admission)<\/li>\n<li>English teacher\u2019s reference letter (facultative)<\/li>\n<li>Report or thesis in relation to the diploma prepared (facultative)<\/li>\n<\/ul>\n<p>[\/vc_column_text][vc_column_text]<\/p>\n<h4 class=\"red\">4) Administrative registration<\/h4>\n<p>If your application is approved\/held, register yourself on\u00a0<a href=\"https:\/\/espaceadmission.univ-catholille.fr\/\" target=\"_blank\" rel=\"noopener\">Espace Admission<\/a>.<\/p>\n<ul>\n<li>Read the\u00a0<a href=\"https:\/\/lesfacultes.univ-catholille.fr\/fr\/sinscrire\/autres-candidatures\" target=\"_blank\" rel=\"noopener\">details of procedure<\/a>\u00a0(steps 5 to 8)<\/li>\n<li>Your registration will be approved on condition of receipeting documents to be enclosed.<\/li>\n<\/ul>\n<p>[\/vc_column_text][\/vc_column_inner][\/vc_row_inner][vc_separator][\/vc_column][\/vc_row][vc_row][vc_column][vc_column_text]<\/p>\n<h2 class=\"red\">Apply for 1st or 2nd year of Master<\/h2>\n<p>[\/vc_column_text][vc_row_inner][vc_column_inner width=&#8221;1\/2&#8243;][vc_column_text]<\/p>\n<h4 class=\"red\">1) Admission requirements<\/h4>\n<p><b>1st year Master :<\/b><\/p>\n<ul>\n<li>(Future) holder of a Bachelor in Law or equivalent<\/li>\n<li>Based on application file + interview (English, Good level in Spanish or German [C1], international and general knowledge)<\/li>\n<\/ul>\n<p><strong>2<\/strong><b>nd year Master :<\/b><\/p>\n<ul>\n<li>(Future) holder of a Master in Law or equivalent<\/li>\n<li>Based on application file + interview (English, Good level in Spanish or German [C1], international and general knowledge)<\/li>\n<\/ul>\n<p>[\/vc_column_text][vc_column_text]<\/p>\n<h4 class=\"red\">2) Application<\/h4>\n<p>If you want to join the 1st or the 2nd year programme, you have to apply on\u00a0\u00a0<a href=\"https:\/\/espaceadmission.univ-catholille.fr\/\">Espace Admission des Facult\u00e9s de l\u2019Universit\u00e9 Catholique de Lille<\/a>.<\/p>\n<ul>\n<li>Read the\u00a0<a href=\"https:\/\/lesfacultes.univ-catholille.fr\/fr\/sinscrire\/autres-candidatures\" target=\"_blank\" rel=\"noopener\">details of the procedure<\/a>\u00a0(steps 1 to 4)<\/li>\n<li>We will examine every application on condition of receiving the whole documents to be enclosed.<\/li>\n<li>Applications are considered with regard in particular to the level of English and knowledge in a second foreign language and international general knowledge (application file + interview + test).<\/li>\n<\/ul>\n<p>[\/vc_column_text][\/vc_column_inner][vc_column_inner width=&#8221;1\/2&#8243;][vc_column_text css=&#8221;&#8221;]<\/p>\n<h4 class=\"red\">3) Documents to be enclosed<\/h4>\n<p><strong>Our faculty needs your proofs of entitlement before May 2026. The date of receipt is valider than the date of sending.<\/strong><\/p>\n<ul>\n<li>Cover letter<\/li>\n<li>Cover letter in English<\/li>\n<li>Curriculum Vitae<\/li>\n<li>Photocopies of A-level\/leaving cert. grades transcript + grades transcript higher education years passed<\/li>\n<li>Language Tests results (toefl, toeic, ielts, first certificate in english, cervantes, goethe\u2026) : C1 level according to the\u00a0<a href=\"https:\/\/rm.coe.int\/CoERMPublicCommonSearchServices\/DisplayDCTMContent?documentId=090000168045bb52\">Common European Framework<\/a><\/li>\n<li>\u20ac85 for application fee (credit card)<\/li>\n<li>Summary of your application online (available on Espace Admission)<\/li>\n<li>English teacher\u2019s reference letter (facultative)<\/li>\n<li>Report or thesis in relation to the diploma prepared (facultative)<\/li>\n<\/ul>\n<p>[\/vc_column_text][vc_column_text]<\/p>\n<h4 class=\"red\">4) Academic registration<\/h4>\n<p>If your application is approved\/held, register yourself on\u00a0<a href=\"https:\/\/espaceadmission.univ-catholille.fr\/\" target=\"_blank\" rel=\"noopener\">Espace Admission<\/a>.<\/p>\n<ul>\n<li>Read the\u00a0<a href=\"https:\/\/lesfacultes.univ-catholille.fr\/fr\/sinscrire\/autres-candidatures\" target=\"_blank\" rel=\"noopener\">details of procedure<\/a>\u00a0(steps 5 to 8)<\/li>\n<li>Your registration will be approved on condition of receipeting documents to be enclosed.<\/li>\n<\/ul>\n<p>[\/vc_column_text][\/vc_column_inner][\/vc_row_inner][vc_separator][\/vc_column][\/vc_row]<\/p>\n<\/div>","protected":false},"excerpt":{"rendered":"<p>[vc_row][vc_column][vc_row_inner][vc_column_inner width=&#8221;2\/3&#8243;][vc_column_text] You are a european student \u201cEU students\u201d are students with a nationality from : one of the 27 countries of the EU a country included in the EEA : EU, Norway, Iceland, Liechtenstein Switzerland Monaco or Andorra The Test of Knowledge in French (TCF) A test will verify applicants\u2019 language level in French [&hellip;]<\/p>\n","protected":false},"author":38,"featured_media":0,"parent":15898,"menu_order":3,"comment_status":"closed","ping_status":"closed","template":"","meta":{"_acf_changed":false,"footnotes":""},"class_list":["post-15904","page","type-page","status-publish","hentry"],"acf":[],"yoast_head":"<!-- This site is optimized with the Yoast SEO plugin v27.4 - https:\/\/yoast.com\/product\/yoast-seo-wordpress\/ -->\n<title>You are a european student - Facult\u00e9 de droit<\/title>\n<meta name=\"robots\" content=\"index, follow, max-snippet:-1, max-image-preview:large, max-video-preview:-1\" \/>\n<link rel=\"canonical\" href=\"https:\/\/www.fld-lille.fr\/en\/application-for-international-students\/you-are-a-european-student\/\" \/>\n<meta property=\"og:locale\" content=\"en_US\" \/>\n<meta property=\"og:type\" content=\"article\" \/>\n<meta property=\"og:title\" content=\"You are a european student - Facult\u00e9 de droit\" \/>\n<meta property=\"og:description\" content=\"[vc_row][vc_column][vc_row_inner][vc_column_inner width=&#8221;2\/3&#8243;][vc_column_text] You are a european student \u201cEU students\u201d are students with a nationality from : one of the 27 countries of the EU a country included in the EEA : EU, Norway, Iceland, Liechtenstein Switzerland Monaco or Andorra The Test of Knowledge in French (TCF) A test will verify applicants\u2019 language level in French [&hellip;]\" \/>\n<meta property=\"og:url\" content=\"https:\/\/www.fld-lille.fr\/en\/application-for-international-students\/you-are-a-european-student\/\" \/>\n<meta property=\"og:site_name\" content=\"Facult\u00e9 de droit\" \/>\n<meta property=\"article:publisher\" content=\"https:\/\/www.facebook.com\/FLDLilleParis\/\" \/>\n<meta property=\"article:modified_time\" content=\"2025-10-28T16:35:23+00:00\" \/>\n<meta name=\"twitter:card\" content=\"summary_large_image\" \/>\n<meta name=\"twitter:label1\" content=\"Est. reading time\" \/>\n\t<meta name=\"twitter:data1\" content=\"6 minutes\" \/>\n<script type=\"application\/ld+json\" class=\"yoast-schema-graph\">{\"@context\":\"https:\\\/\\\/schema.org\",\"@graph\":[{\"@type\":\"WebPage\",\"@id\":\"https:\\\/\\\/www.fld-lille.fr\\\/en\\\/application-for-international-students\\\/you-are-a-european-student\\\/\",\"url\":\"https:\\\/\\\/www.fld-lille.fr\\\/en\\\/application-for-international-students\\\/you-are-a-european-student\\\/\",\"name\":\"You are a european student - Facult\u00e9 de droit\",\"isPartOf\":{\"@id\":\"https:\\\/\\\/www.fld-lille.fr\\\/#website\"},\"datePublished\":\"2021-05-20T12:53:39+00:00\",\"dateModified\":\"2025-10-28T16:35:23+00:00\",\"breadcrumb\":{\"@id\":\"https:\\\/\\\/www.fld-lille.fr\\\/en\\\/application-for-international-students\\\/you-are-a-european-student\\\/#breadcrumb\"},\"inLanguage\":\"en-US\",\"potentialAction\":[{\"@type\":\"ReadAction\",\"target\":[\"https:\\\/\\\/www.fld-lille.fr\\\/en\\\/application-for-international-students\\\/you-are-a-european-student\\\/\"]}]},{\"@type\":\"BreadcrumbList\",\"@id\":\"https:\\\/\\\/www.fld-lille.fr\\\/en\\\/application-for-international-students\\\/you-are-a-european-student\\\/#breadcrumb\",\"itemListElement\":[{\"@type\":\"ListItem\",\"position\":1,\"name\":\"Accueil\",\"item\":\"https:\\\/\\\/www.fld-lille.fr\\\/en\\\/\"},{\"@type\":\"ListItem\",\"position\":2,\"name\":\"Application\",\"item\":\"https:\\\/\\\/www.fld-lille.fr\\\/en\\\/application-for-international-students\\\/\"},{\"@type\":\"ListItem\",\"position\":3,\"name\":\"You are a european student\"}]},{\"@type\":\"WebSite\",\"@id\":\"https:\\\/\\\/www.fld-lille.fr\\\/#website\",\"url\":\"https:\\\/\\\/www.fld-lille.fr\\\/\",\"name\":\"Facult\u00e9 de droit\",\"description\":\"Les facult\u00e9s de l&#039;Universit\u00e9 Catholique de Lille\",\"potentialAction\":[{\"@type\":\"SearchAction\",\"target\":{\"@type\":\"EntryPoint\",\"urlTemplate\":\"https:\\\/\\\/www.fld-lille.fr\\\/?s={search_term_string}\"},\"query-input\":{\"@type\":\"PropertyValueSpecification\",\"valueRequired\":true,\"valueName\":\"search_term_string\"}}],\"inLanguage\":\"en-US\"}]}<\/script>\n<!-- \/ Yoast SEO plugin. -->","yoast_head_json":{"title":"You are a european student - Facult\u00e9 de droit","robots":{"index":"index","follow":"follow","max-snippet":"max-snippet:-1","max-image-preview":"max-image-preview:large","max-video-preview":"max-video-preview:-1"},"canonical":"https:\/\/www.fld-lille.fr\/en\/application-for-international-students\/you-are-a-european-student\/","og_locale":"en_US","og_type":"article","og_title":"You are a european student - Facult\u00e9 de droit","og_description":"[vc_row][vc_column][vc_row_inner][vc_column_inner width=&#8221;2\/3&#8243;][vc_column_text] You are a european student \u201cEU students\u201d are students with a nationality from : one of the 27 countries of the EU a country included in the EEA : EU, Norway, Iceland, Liechtenstein Switzerland Monaco or Andorra The Test of Knowledge in French (TCF) A test will verify applicants\u2019 language level in French [&hellip;]","og_url":"https:\/\/www.fld-lille.fr\/en\/application-for-international-students\/you-are-a-european-student\/","og_site_name":"Facult\u00e9 de droit","article_publisher":"https:\/\/www.facebook.com\/FLDLilleParis\/","article_modified_time":"2025-10-28T16:35:23+00:00","twitter_card":"summary_large_image","twitter_misc":{"Est. reading time":"6 minutes"},"schema":{"@context":"https:\/\/schema.org","@graph":[{"@type":"WebPage","@id":"https:\/\/www.fld-lille.fr\/en\/application-for-international-students\/you-are-a-european-student\/","url":"https:\/\/www.fld-lille.fr\/en\/application-for-international-students\/you-are-a-european-student\/","name":"You are a european student - Facult\u00e9 de droit","isPartOf":{"@id":"https:\/\/www.fld-lille.fr\/#website"},"datePublished":"2021-05-20T12:53:39+00:00","dateModified":"2025-10-28T16:35:23+00:00","breadcrumb":{"@id":"https:\/\/www.fld-lille.fr\/en\/application-for-international-students\/you-are-a-european-student\/#breadcrumb"},"inLanguage":"en-US","potentialAction":[{"@type":"ReadAction","target":["https:\/\/www.fld-lille.fr\/en\/application-for-international-students\/you-are-a-european-student\/"]}]},{"@type":"BreadcrumbList","@id":"https:\/\/www.fld-lille.fr\/en\/application-for-international-students\/you-are-a-european-student\/#breadcrumb","itemListElement":[{"@type":"ListItem","position":1,"name":"Accueil","item":"https:\/\/www.fld-lille.fr\/en\/"},{"@type":"ListItem","position":2,"name":"Application","item":"https:\/\/www.fld-lille.fr\/en\/application-for-international-students\/"},{"@type":"ListItem","position":3,"name":"You are a european student"}]},{"@type":"WebSite","@id":"https:\/\/www.fld-lille.fr\/#website","url":"https:\/\/www.fld-lille.fr\/","name":"Facult\u00e9 de droit","description":"Les facult\u00e9s de l&#039;Universit\u00e9 Catholique de Lille","potentialAction":[{"@type":"SearchAction","target":{"@type":"EntryPoint","urlTemplate":"https:\/\/www.fld-lille.fr\/?s={search_term_string}"},"query-input":{"@type":"PropertyValueSpecification","valueRequired":true,"valueName":"search_term_string"}}],"inLanguage":"en-US"}]}},"_links":{"self":[{"href":"https:\/\/www.fld-lille.fr\/en\/wp-json\/wp\/v2\/pages\/15904","targetHints":{"allow":["GET"]}}],"collection":[{"href":"https:\/\/www.fld-lille.fr\/en\/wp-json\/wp\/v2\/pages"}],"about":[{"href":"https:\/\/www.fld-lille.fr\/en\/wp-json\/wp\/v2\/types\/page"}],"author":[{"embeddable":true,"href":"https:\/\/www.fld-lille.fr\/en\/wp-json\/wp\/v2\/users\/38"}],"replies":[{"embeddable":true,"href":"https:\/\/www.fld-lille.fr\/en\/wp-json\/wp\/v2\/comments?post=15904"}],"version-history":[{"count":25,"href":"https:\/\/www.fld-lille.fr\/en\/wp-json\/wp\/v2\/pages\/15904\/revisions"}],"predecessor-version":[{"id":33827,"href":"https:\/\/www.fld-lille.fr\/en\/wp-json\/wp\/v2\/pages\/15904\/revisions\/33827"}],"up":[{"embeddable":true,"href":"https:\/\/www.fld-lille.fr\/en\/wp-json\/wp\/v2\/pages\/15898"}],"wp:attachment":[{"href":"https:\/\/www.fld-lille.fr\/en\/wp-json\/wp\/v2\/media?parent=15904"}],"curies":[{"name":"wp","href":"https:\/\/api.w.org\/{rel}","templated":true}]}}