{"id":15900,"date":"2021-05-20T13:31:35","date_gmt":"2021-05-20T12:31:35","guid":{"rendered":"https:\/\/www.fld-lille.fr\/?page_id=15900"},"modified":"2025-11-07T14:57:57","modified_gmt":"2025-11-07T13:57:57","slug":"you-are-a-non-european-living-in-europe","status":"publish","type":"page","link":"https:\/\/www.fld-lille.fr\/en\/application-for-international-students\/you-are-a-non-european-living-in-europe\/","title":{"rendered":"You are a non-european living in Europe"},"content":{"rendered":"<div class=\"wpb-content-wrapper\"><p>[vc_row][vc_column][vc_row_inner][vc_column_inner width=&#8221;2\/3&#8243;][vc_column_text]<\/p>\n<h1>You are a non-european living in Europe<\/h1>\n<p>A test will verify applicants\u2019 language level in French (level B2 or TCF superior or equal to 450 points)<\/p>\n<p>Applicants from the following countries are exempt from French test:<\/p>\n<ul>\n<li>Students coming from countries where French is an official language (Benin, Burkina Faso, Congo Brazzaville, Cote d\u2019Ivoire, Democratic Republic of Congo, Gabon,Guinea Conakry, Mali, Madagascar, Mauritania, Nigeria, Senegal, Togo)<\/li>\n<li>Holders of DELF B2, DALF (Dipl\u00f4me Approfondi de Langue Fran\u00e7aise) or new certificates DALF C1 &amp; C2.<\/li>\n<li>Students graduating from french bilingual or francophone sections<\/li>\n<\/ul>\n<p>[\/vc_column_text][\/vc_column_inner][vc_column_inner width=&#8221;1\/3&#8243;][vc_column_text]<\/p>\n<p style=\"text-align: center;\"><a class=\"button\" href=\"https:\/\/www.fld-lille.fr\/en\/tuition-fees-financial-help\/\" target=\"_blank\" rel=\"noopener noreferrer\">READ MORE ABOUT OUR TUITION FEES<\/a><\/p>\n<p style=\"text-align: center;\"><a class=\"button-secondary\" href=\"https:\/\/www.fld-lille.fr\/en\/iels-2\/\" target=\"_blank\" rel=\"noopener noreferrer\">\u00a0 IELS &#8211; THE INTERNATIONAL AND EUROPEAN LAW SCHOOL<\/a><\/p>\n<p>[\/vc_column_text][\/vc_column_inner][\/vc_row_inner][\/vc_column][\/vc_row][vc_row][vc_column][vc_column_text]<\/p>\n<h2 class=\"red\">Apply for a 1st year of Bachelor<\/h2>\n<p>[\/vc_column_text][vc_row_inner][vc_column_inner width=&#8221;1\/2&#8243;]<div class=\"frame\">\n  <div class=\"wpb_text_column wpb_content_element \">\n<div class=\"wpb_wrapper\">\n<ul>\n<li>\n<p class=\"red\">Conditions of admission<\/p>\n<\/li>\n<li>(Future) holder of the Baccalaur\u00e9at or equivalent (DEC, A-Levels, High School Diploma, Abitur, Bachillerato\/PAU\u2026)<\/li>\n<li><b>Bilingual European LL.B. in Law \u2013 Lille Campus :<\/b>\u00a0Based on application file + interview (English, Basic knowledge in Spanish or German, international and general knowledge)<\/li>\n<li><b>Trilingual European LL.B. in Law \u2013 Issy-les-Moulineaux Campus :<\/b> Based on application file + interview (English, Good level in Spanish or German, international and general knowledge)<\/li>\n<\/ul>\n<\/div>\n<\/div>\n\n<\/div>\n[vc_column_text][\/vc_column_text]<div class=\"frame\">\n  <ul>\n<li>\n<h4 class=\"red\">Application : step 1<\/h4>\n<h5><strong>You are living in Europe (except France) :<br \/>\nfile a\u00a0<a href=\"http:\/\/www.enseignementsup-recherche.gouv.fr\/cid24144\/-dossier-blanc-demande-d-admission-prealable-inscription-en-premiere-annee-de-licence.html\" target=\"_blank\" rel=\"noopener\">preliminary request for admission<\/a><br \/>\n(DAP \/ Dossier Blanc \u2013 White File)<\/strong><\/h5>\n<ul>\n<li>Download the\u00a0<a href=\"https:\/\/www.formulaires.modernisation.gouv.fr\/gf\/cerfa_11443.do\">White File<\/a><\/li>\n<li>Completion deadline : 15th December 2025<\/li>\n<li>Drop-off location : Department of Cooperation and Cultural Action at the French Embassy in your country (SCAC)<\/li>\n<li>Need help ? Download\u00a0<a href=\"https:\/\/www.formulaires.modernisation.gouv.fr\/gf\/getNotice.do?cerfaNotice=50845&amp;cerfaFormulaire=11443\">instructions<\/a><\/li>\n<\/ul>\n<h5><strong>You are living in France :<br \/>\nfile a\u00a0<a href=\"http:\/\/www.enseignementsup-recherche.gouv.fr\/cid24146\/-dossier-vert-demande-prealable-a-une-inscription-en-premier-cycle.html\">preliminary request for admission<\/a><\/strong><br \/>\n<strong>(DAP \/ Dossier Vert \u2013 Green File)<\/strong><\/h5>\n<ul>\n<li>Download the\u00a0<a href=\"https:\/\/www.formulaires.modernisation.gouv.fr\/gf\/cerfa_11126.do\">Green File<\/a><\/li>\n<li>Completion deadline : 15th December 2025<\/li>\n<li>Drop-off location : <em>Facult\u00e9 de Droit (FLD) de l\u2019Universit\u00e9 Catholique de Lille, Service des Relations Internationales, 60 boulevard Vauban,CS40109 59016 Lille cedex<\/em>.<\/li>\n<li>Need help ? Download\u00a0<a href=\"https:\/\/www.formulaires.modernisation.gouv.fr\/gf\/getNotice.do?cerfaNotice=50676&amp;cerfaFormulaire=11126\">instructions<\/a><\/li>\n<\/ul>\n<\/li>\n<\/ul>\n\n<\/div>\n[\/vc_column_inner][vc_column_inner width=&#8221;1\/2&#8243;]<div class=\"frame\">\n  <div class=\"wpb_text_column wpb_content_element \">\n<div class=\"wpb_wrapper\">\n<div class=\"wpb_text_column wpb_content_element \">\n<div class=\"wpb_wrapper\">\n<h4 class=\"red\">Application : step 2<\/h4>\n<p>If you want to join the 1st year programme, you have to apply on\u00a0\u00a0<a href=\"https:\/\/espaceadmission.univ-catholille.fr\/\">Espace Admission des Facult\u00e9s de l\u2019Universit\u00e9 Catholique de Lille<\/a>.<\/p>\n<ul>\n<li>Read the\u00a0<a href=\"https:\/\/lesfacultes.univ-catholille.fr\/fr\/sinscrire\/autres-candidatures\" target=\"_blank\" rel=\"noopener\">details of the procedure<\/a>\u00a0(steps 1 to 4)<\/li>\n<li>We will examine every application on condition of receiving the whole documents to be enclosed.<\/li>\n<li>Applications are considered with regard in particular to the level of English and knowledge in a second foreign language and international general knowledge (application file + interview + test).<\/li>\n<\/ul>\n<h4 class=\"red\">Documents to be enclosed<\/h4>\n<p><strong>Our faculty needs your proofs of entitlement before 15th December 2025. The date of receipt is valider than the date of sending.<\/strong><\/p>\n<ul>\n<li>Cover letter<\/li>\n<li>Cover letter in English<\/li>\n<li>Photocopies of A-level\/leaving cert. grades transcript for each semester of last 2 years of study (for non Parcoursup applications).<\/li>\n<li>Photocopies of A-level\/leaving cert. grades transcript + grades transcript higher education years passed (for classic Parcoursup applications)<\/li>\n<li>Language Tests results (toefl, toeic, ielts, first certificate in english, cervantes, goethe\u2026) : B2 level according to the\u00a0<a href=\"https:\/\/rm.coe.int\/CoERMPublicCommonSearchServices\/DisplayDCTMContent?documentId=090000168045bb52\">Common European Framework<\/a><\/li>\n<li>English teacher\u2019s reference letter (facultative)<\/li>\n<\/ul>\n<\/div>\n<\/div>\n<div class=\"wpb_text_column wpb_content_element \">\n<div class=\"wpb_wrapper\">\n<h4 class=\"red\">Academic administrative registration<\/h4>\n<p>If your application is approved\/held, register yourself on\u00a0<a href=\"https:\/\/espaceadmission.univ-catholille.fr\/\" target=\"_blank\" rel=\"noopener\">Espace Admission<\/a>.<\/p>\n<ul>\n<li>Read the\u00a0<a href=\"https:\/\/lesfacultes.univ-catholille.fr\/fr\/sinscrire\/autres-candidatures\" target=\"_blank\" rel=\"noopener\">details of procedure<\/a>\u00a0(steps 5 to 8)<\/li>\n<li>Your registration will be approved on condition of receipting documents to be enclosed.<\/li>\n<\/ul>\n<\/div>\n<\/div>\n<\/div>\n<\/div>\n\n<\/div>\n[\/vc_column_inner][\/vc_row_inner][vc_separator][\/vc_column][\/vc_row][vc_row][vc_column][vc_column_text]<\/p>\n<h2 class=\"red\">Apply for a 2nd or 3rd year of Bachelor<\/h2>\n<p>[\/vc_column_text][vc_row_inner][vc_column_inner width=&#8221;1\/2&#8243;][vc_column_text css=&#8221;&#8221;]<\/p>\n<div class=\"wpb_text_column wpb_content_element \">\n<div class=\"wpb_wrapper\">\n<h4 class=\"red\">1) Conditions of admission<\/h4>\n<p>Holder of the Baccalaur\u00e9at or equivalent (DEC, A-Levels, High School Diploma, Abitur, Bachillerato\/PAU\u2026) + any higher education years studied<\/p>\n<ul>\n<li><b>Bilingual bachelors of European law \u2013 Lille campus :<\/b>\u00a0Based on application file + interview (English, Basic knowledge in Spanish or German [B2], international and general knowledge)<\/li>\n<li><b>Trilingual bachelors of European law \u2013 Issy-les-Moulineaux campus :<\/b>\u00a0Based on application file + interview (English, Good level in Spanish or German [B2-C1], international and general knowledge)<\/li>\n<\/ul>\n<\/div>\n<\/div>\n<div class=\"wpb_text_column wpb_content_element \">\n<div class=\"wpb_wrapper\">\n<h4 class=\"red\">2) Application<\/h4>\n<p>If you want to join the 2nd or the 3rd year programme, you have to apply on\u00a0\u00a0<a href=\"https:\/\/espaceadmission.univ-catholille.fr\/\">Espace Admission<\/a>.<\/p>\n<ul>\n<li>Read the\u00a0<a href=\"https:\/\/lesfacultes.univ-catholille.fr\/fr\/sinscrire\/autres-candidatures\" target=\"_blank\" rel=\"noopener\">details of the procedure<\/a>\u00a0(steps 1 to 4)<\/li>\n<li>We will examine every application on condition of receiving the whole documents to be enclosed.<\/li>\n<li>Applications are considered with regard in particular to the level of English and knowledge in a second foreign language and international general knowledge (application file + interview + test).<\/li>\n<\/ul>\n<\/div>\n<\/div>\n<p>[\/vc_column_text][\/vc_column_inner][vc_column_inner width=&#8221;1\/2&#8243;][vc_column_text css=&#8221;&#8221;]<\/p>\n<h4 class=\"red\">3) Documents to be enclosed<\/h4>\n<p><strong>Our faculty needs your proofs of entitlement before March. The date of receipt is valider than the date of sending.<\/strong><\/p>\n<ul>\n<li>Cover letter<\/li>\n<li>Cover letter in English<\/li>\n<li>CV<\/li>\n<li>Photocopies of A-level\/leaving cert. grades transcript + grades transcript higher education years passed<\/li>\n<li>Language Tests results (TOEFL, TOEIC, IELTS, first certificate in english, cervantes, goethe\u2026) : B2-C1 level according to the <a href=\"https:\/\/rm.coe.int\/CoERMPublicCommonSearchServices\/DisplayDCTMContent?documentId=090000168045bb52\">Common European Framework<\/a><\/li>\n<li>\u20ac85 for application fee (credit card)<\/li>\n<li>Summary of your application online (available on Espace Admission)<\/li>\n<li>English teacher\u2019s reference letter (facultative)<\/li>\n<li>Report or thesis in relation to the diploma prepared (facultative)<\/li>\n<\/ul>\n<p>[\/vc_column_text][vc_column_text]<\/p>\n<h4 class=\"red\">4) Academic administrative registration<\/h4>\n<p>If your application is accepted, you will receive a document confirming your admission. From that point on, you will be able to undertake the procedures with the French Consulate in your country of residence to obtain a student visa.<\/p>\n<ul>\n<li>Register yourself on\u00a0<a href=\"https:\/\/espaceadmission.univ-catholille.fr\/\" target=\"_blank\" rel=\"noopener\">Espace Admission<\/a>.<\/li>\n<li>Read the\u00a0<a href=\"https:\/\/lesfacultes.univ-catholille.fr\/fr\/sinscrire\/autres-candidatures\" target=\"_blank\" rel=\"noopener\">details of procedure<\/a>\u00a0(steps 5 to 8)<\/li>\n<li>Your registration will be approved on condition of receipting documents to be enclosed.<\/li>\n<\/ul>\n<p>[\/vc_column_text][\/vc_column_inner][\/vc_row_inner][vc_separator][\/vc_column][\/vc_row][vc_row][vc_column][vc_column_text]<\/p>\n<h2 class=\"red\">Apply for a 1st or 2nd year of Master<\/h2>\n<p>[\/vc_column_text][vc_row_inner][vc_column_inner width=&#8221;1\/2&#8243;][vc_column_text]<\/p>\n<h4 class=\"red\">1) Conditions of admission<\/h4>\n<p><b>1st year Master :<\/b><\/p>\n<ul>\n<li>(Future) holder of a Bachelor of Law or equivalent<\/li>\n<li>Based on application file + interview (English, Good level in Spanish or German [C1], international and general knowledge)<\/li>\n<\/ul>\n<p><strong>2<\/strong><b>nd year Master :<\/b><\/p>\n<ul>\n<li>(Future) holder of a Master of Law or equivalent<\/li>\n<li>Based on application file + interview (English, Good level in Spanish or German [C1], international and general knowledge)<\/li>\n<\/ul>\n<p>[\/vc_column_text][vc_column_text css=&#8221;&#8221;]<\/p>\n<h4 class=\"red\">2) Application<\/h4>\n<p>All applications for 1st year Masters must be completed on our <a href=\"https:\/\/espaceadmission.univ-catholille.fr\/\" target=\"_blank\" rel=\"noopener\">Admission Platform<\/a> before March 2026.<br \/>\nAll applications for 2nd year Masters must be completed on our <a href=\"https:\/\/espaceadmission.univ-catholille.fr\/\" target=\"_blank\" rel=\"noopener\">Admission Platform<\/a>, Platform May 2026.<\/p>\n<ul>\n<li>Read the\u00a0<a href=\"https:\/\/lesfacultes.univ-catholille.fr\/fr\/sinscrire\/autres-candidatures\" target=\"_blank\" rel=\"noopener\">details of the procedure<\/a>\u00a0(steps 1 to 4)<\/li>\n<li>We will review every application on condition of receiving the whole documents to be enclosed.<\/li>\n<li>Applications are considered with regard in particular to the level of English and knowledge in a second foreign language and international general knowledge (application file + interview + test).<\/li>\n<\/ul>\n<p>[\/vc_column_text][\/vc_column_inner][vc_column_inner width=&#8221;1\/2&#8243;][vc_column_text]<\/p>\n<h4 class=\"red\">3) Documents to be enclosed<\/h4>\n<ul>\n<li>Cover letter<\/li>\n<li>Cover letter in English<\/li>\n<li>Curriculum Vitae<\/li>\n<li>Photocopies of A-level\/leaving cert. grades transcript + grades transcript higher education years passed<\/li>\n<li>Language Tests results (toefl, toeic, ielts, first certificate in english, cervantes, goethe\u2026) : C1 level according to the\u00a0<a href=\"https:\/\/rm.coe.int\/CoERMPublicCommonSearchServices\/DisplayDCTMContent?documentId=090000168045bb52\">Common European Framework<\/a><\/li>\n<li>\u20ac85 for application fee (credit card)<\/li>\n<li>Summary of your application online (available on Espace Admission)<\/li>\n<li>English teacher\u2019s reference letter (facultative)<\/li>\n<li>Report or thesis in relation to the diploma prepared (facultative)<\/li>\n<\/ul>\n<p><strong>Additional documents for Masters in International Law (to be provided at the selection interview):<\/strong><br \/>\nLetter of motivation in English<br \/>\nResults of language tests (toefl, toeic, ielts, first certificate in english, cervantes, Goethe&#8230;) attesting to a level of competence in foreign languages (B2\/C1 according to the European grid)<br \/>\nLetter of recommendation from an English teacher (optional)<br \/>\nReport, dissertation or study related to the nature of the degree being prepared (optional)[\/vc_column_text][vc_column_text]<\/p>\n<h4 class=\"red\">4) Academic administrative registration<\/h4>\n<p>If your application is accepted, you will receive a document confirming your admission. From that point on, you will be able to undertake the procedures with the French Consulate in your country of residence to obtain a student visa.<\/p>\n<ul>\n<li>Register yourself on\u00a0<a href=\"https:\/\/espaceadmission.univ-catholille.fr\/\" target=\"_blank\" rel=\"noopener\">Espace Admission<\/a>.<\/li>\n<li>Read the\u00a0<a href=\"https:\/\/lesfacultes.univ-catholille.fr\/fr\/sinscrire\/autres-candidatures\" target=\"_blank\" rel=\"noopener\">details of procedure<\/a>\u00a0(steps 5 to 8)<\/li>\n<li>Your registration will be approved on condition of receipting documents to be enclosed.<\/li>\n<\/ul>\n<p>[\/vc_column_text][\/vc_column_inner][\/vc_row_inner][vc_separator][\/vc_column][\/vc_row]<\/p>\n<\/div>","protected":false},"excerpt":{"rendered":"<p>[vc_row][vc_column][vc_row_inner][vc_column_inner width=&#8221;2\/3&#8243;][vc_column_text] You are a non-european living in Europe A test will verify applicants\u2019 language level in French (level B2 or TCF superior or equal to 450 points) Applicants from the following countries are exempt from French test: Students coming from countries where French is an official language (Benin, Burkina Faso, Congo Brazzaville, Cote d\u2019Ivoire, [&hellip;]<\/p>\n","protected":false},"author":38,"featured_media":0,"parent":15898,"menu_order":1,"comment_status":"closed","ping_status":"closed","template":"","meta":{"_acf_changed":false,"footnotes":""},"class_list":["post-15900","page","type-page","status-publish","hentry"],"acf":[],"yoast_head":"<!-- This site is optimized with the Yoast SEO plugin v27.3 - https:\/\/yoast.com\/product\/yoast-seo-wordpress\/ -->\n<title>You are a non-european living in Europe - Facult\u00e9 de droit<\/title>\n<meta name=\"robots\" content=\"index, follow, max-snippet:-1, max-image-preview:large, max-video-preview:-1\" \/>\n<link rel=\"canonical\" href=\"https:\/\/www.fld-lille.fr\/en\/application-for-international-students\/you-are-a-non-european-living-in-europe\/\" \/>\n<meta property=\"og:locale\" content=\"en_US\" \/>\n<meta property=\"og:type\" content=\"article\" \/>\n<meta property=\"og:title\" content=\"You are a non-european living in Europe - Facult\u00e9 de droit\" \/>\n<meta property=\"og:description\" content=\"[vc_row][vc_column][vc_row_inner][vc_column_inner width=&#8221;2\/3&#8243;][vc_column_text] You are a non-european living in Europe A test will verify applicants\u2019 language level in French (level B2 or TCF superior or equal to 450 points) Applicants from the following countries are exempt from French test: Students coming from countries where French is an official language (Benin, Burkina Faso, Congo Brazzaville, Cote d\u2019Ivoire, [&hellip;]\" \/>\n<meta property=\"og:url\" content=\"https:\/\/www.fld-lille.fr\/en\/application-for-international-students\/you-are-a-non-european-living-in-europe\/\" \/>\n<meta property=\"og:site_name\" content=\"Facult\u00e9 de droit\" \/>\n<meta property=\"article:publisher\" content=\"https:\/\/www.facebook.com\/FLDLilleParis\/\" \/>\n<meta property=\"article:modified_time\" content=\"2025-11-07T13:57:57+00:00\" \/>\n<meta name=\"twitter:card\" content=\"summary_large_image\" \/>\n<meta name=\"twitter:label1\" content=\"Est. reading time\" \/>\n\t<meta name=\"twitter:data1\" content=\"7 minutes\" \/>\n<script type=\"application\/ld+json\" class=\"yoast-schema-graph\">{\"@context\":\"https:\\\/\\\/schema.org\",\"@graph\":[{\"@type\":\"WebPage\",\"@id\":\"https:\\\/\\\/www.fld-lille.fr\\\/en\\\/application-for-international-students\\\/you-are-a-non-european-living-in-europe\\\/\",\"url\":\"https:\\\/\\\/www.fld-lille.fr\\\/en\\\/application-for-international-students\\\/you-are-a-non-european-living-in-europe\\\/\",\"name\":\"You are a non-european living in Europe - Facult\u00e9 de droit\",\"isPartOf\":{\"@id\":\"https:\\\/\\\/www.fld-lille.fr\\\/#website\"},\"datePublished\":\"2021-05-20T12:31:35+00:00\",\"dateModified\":\"2025-11-07T13:57:57+00:00\",\"breadcrumb\":{\"@id\":\"https:\\\/\\\/www.fld-lille.fr\\\/en\\\/application-for-international-students\\\/you-are-a-non-european-living-in-europe\\\/#breadcrumb\"},\"inLanguage\":\"en-US\",\"potentialAction\":[{\"@type\":\"ReadAction\",\"target\":[\"https:\\\/\\\/www.fld-lille.fr\\\/en\\\/application-for-international-students\\\/you-are-a-non-european-living-in-europe\\\/\"]}]},{\"@type\":\"BreadcrumbList\",\"@id\":\"https:\\\/\\\/www.fld-lille.fr\\\/en\\\/application-for-international-students\\\/you-are-a-non-european-living-in-europe\\\/#breadcrumb\",\"itemListElement\":[{\"@type\":\"ListItem\",\"position\":1,\"name\":\"Accueil\",\"item\":\"https:\\\/\\\/www.fld-lille.fr\\\/en\\\/\"},{\"@type\":\"ListItem\",\"position\":2,\"name\":\"Application\",\"item\":\"https:\\\/\\\/www.fld-lille.fr\\\/en\\\/application-for-international-students\\\/\"},{\"@type\":\"ListItem\",\"position\":3,\"name\":\"You are a non-european living in Europe\"}]},{\"@type\":\"WebSite\",\"@id\":\"https:\\\/\\\/www.fld-lille.fr\\\/#website\",\"url\":\"https:\\\/\\\/www.fld-lille.fr\\\/\",\"name\":\"Facult\u00e9 de droit\",\"description\":\"Les facult\u00e9s de l&#039;Universit\u00e9 Catholique de Lille\",\"potentialAction\":[{\"@type\":\"SearchAction\",\"target\":{\"@type\":\"EntryPoint\",\"urlTemplate\":\"https:\\\/\\\/www.fld-lille.fr\\\/?s={search_term_string}\"},\"query-input\":{\"@type\":\"PropertyValueSpecification\",\"valueRequired\":true,\"valueName\":\"search_term_string\"}}],\"inLanguage\":\"en-US\"}]}<\/script>\n<!-- \/ Yoast SEO plugin. -->","yoast_head_json":{"title":"You are a non-european living in Europe - Facult\u00e9 de droit","robots":{"index":"index","follow":"follow","max-snippet":"max-snippet:-1","max-image-preview":"max-image-preview:large","max-video-preview":"max-video-preview:-1"},"canonical":"https:\/\/www.fld-lille.fr\/en\/application-for-international-students\/you-are-a-non-european-living-in-europe\/","og_locale":"en_US","og_type":"article","og_title":"You are a non-european living in Europe - Facult\u00e9 de droit","og_description":"[vc_row][vc_column][vc_row_inner][vc_column_inner width=&#8221;2\/3&#8243;][vc_column_text] You are a non-european living in Europe A test will verify applicants\u2019 language level in French (level B2 or TCF superior or equal to 450 points) Applicants from the following countries are exempt from French test: Students coming from countries where French is an official language (Benin, Burkina Faso, Congo Brazzaville, Cote d\u2019Ivoire, [&hellip;]","og_url":"https:\/\/www.fld-lille.fr\/en\/application-for-international-students\/you-are-a-non-european-living-in-europe\/","og_site_name":"Facult\u00e9 de droit","article_publisher":"https:\/\/www.facebook.com\/FLDLilleParis\/","article_modified_time":"2025-11-07T13:57:57+00:00","twitter_card":"summary_large_image","twitter_misc":{"Est. reading time":"7 minutes"},"schema":{"@context":"https:\/\/schema.org","@graph":[{"@type":"WebPage","@id":"https:\/\/www.fld-lille.fr\/en\/application-for-international-students\/you-are-a-non-european-living-in-europe\/","url":"https:\/\/www.fld-lille.fr\/en\/application-for-international-students\/you-are-a-non-european-living-in-europe\/","name":"You are a non-european living in Europe - Facult\u00e9 de droit","isPartOf":{"@id":"https:\/\/www.fld-lille.fr\/#website"},"datePublished":"2021-05-20T12:31:35+00:00","dateModified":"2025-11-07T13:57:57+00:00","breadcrumb":{"@id":"https:\/\/www.fld-lille.fr\/en\/application-for-international-students\/you-are-a-non-european-living-in-europe\/#breadcrumb"},"inLanguage":"en-US","potentialAction":[{"@type":"ReadAction","target":["https:\/\/www.fld-lille.fr\/en\/application-for-international-students\/you-are-a-non-european-living-in-europe\/"]}]},{"@type":"BreadcrumbList","@id":"https:\/\/www.fld-lille.fr\/en\/application-for-international-students\/you-are-a-non-european-living-in-europe\/#breadcrumb","itemListElement":[{"@type":"ListItem","position":1,"name":"Accueil","item":"https:\/\/www.fld-lille.fr\/en\/"},{"@type":"ListItem","position":2,"name":"Application","item":"https:\/\/www.fld-lille.fr\/en\/application-for-international-students\/"},{"@type":"ListItem","position":3,"name":"You are a non-european living in Europe"}]},{"@type":"WebSite","@id":"https:\/\/www.fld-lille.fr\/#website","url":"https:\/\/www.fld-lille.fr\/","name":"Facult\u00e9 de droit","description":"Les facult\u00e9s de l&#039;Universit\u00e9 Catholique de Lille","potentialAction":[{"@type":"SearchAction","target":{"@type":"EntryPoint","urlTemplate":"https:\/\/www.fld-lille.fr\/?s={search_term_string}"},"query-input":{"@type":"PropertyValueSpecification","valueRequired":true,"valueName":"search_term_string"}}],"inLanguage":"en-US"}]}},"_links":{"self":[{"href":"https:\/\/www.fld-lille.fr\/en\/wp-json\/wp\/v2\/pages\/15900","targetHints":{"allow":["GET"]}}],"collection":[{"href":"https:\/\/www.fld-lille.fr\/en\/wp-json\/wp\/v2\/pages"}],"about":[{"href":"https:\/\/www.fld-lille.fr\/en\/wp-json\/wp\/v2\/types\/page"}],"author":[{"embeddable":true,"href":"https:\/\/www.fld-lille.fr\/en\/wp-json\/wp\/v2\/users\/38"}],"replies":[{"embeddable":true,"href":"https:\/\/www.fld-lille.fr\/en\/wp-json\/wp\/v2\/comments?post=15900"}],"version-history":[{"count":18,"href":"https:\/\/www.fld-lille.fr\/en\/wp-json\/wp\/v2\/pages\/15900\/revisions"}],"predecessor-version":[{"id":33934,"href":"https:\/\/www.fld-lille.fr\/en\/wp-json\/wp\/v2\/pages\/15900\/revisions\/33934"}],"up":[{"embeddable":true,"href":"https:\/\/www.fld-lille.fr\/en\/wp-json\/wp\/v2\/pages\/15898"}],"wp:attachment":[{"href":"https:\/\/www.fld-lille.fr\/en\/wp-json\/wp\/v2\/media?parent=15900"}],"curies":[{"name":"wp","href":"https:\/\/api.w.org\/{rel}","templated":true}]}}