{"id":15896,"date":"2017-01-02T15:36:00","date_gmt":"2017-01-02T14:36:00","guid":{"rendered":"https:\/\/www.fld-lille.fr\/je-suis\/"},"modified":"2023-01-27T16:52:11","modified_gmt":"2023-01-27T15:52:11","slug":"i-am","status":"publish","type":"page","link":"https:\/\/www.fld-lille.fr\/en\/i-am\/","title":{"rendered":"I am"},"content":{"rendered":"<div class=\"wpb-content-wrapper\"><p>[vc_row][vc_column][vc_column_text]<\/p>\n<h1>I am&#8230;<\/h1>\n<p>[\/vc_column_text][\/vc_column][\/vc_row][vc_row][vc_column width=&#8221;2\/3&#8243;][vc_row_inner][vc_column_inner width=&#8221;1\/2&#8243;]<div class=\"frame\">\n  <h2><a href=\"https:\/\/www.fld-lille.fr\/en\/i-am\/future-student\/\" target=\"_blank\" rel=\"noopener\">A future student&#8230;<\/a><\/h2>\n\n<\/div>\n[\/vc_column_inner][vc_column_inner width=&#8221;1\/2&#8243;]<div class=\"frame\">\n  <h2><a href=\"https:\/\/www.fld-lille.fr\/en\/i-am\/parent\/\" target=\"_blank\" rel=\"noopener\">A parent&#8230;<\/a><\/h2>\n\n<\/div>\n[\/vc_column_inner][\/vc_row_inner][vc_row_inner][vc_column_inner width=&#8221;1\/2&#8243; css=&#8221;.vc_custom_1483459473871{padding-top: 5px !important;}&#8221;]<div class=\"frame\">\n  <h2><a href=\"https:\/\/www.fld-lille.fr\/en\/i-am\/international-student\/\" target=\"_blank\" rel=\"noopener\">An international student&#8230;<\/a><\/h2>\n\n<\/div>\n[\/vc_column_inner][vc_column_inner width=&#8221;1\/2&#8243; css=&#8221;.vc_custom_1483459485488{padding-top: 5px !important;}&#8221;]<div class=\"frame\">\n  <h2><a href=\"https:\/\/www.fld-lille.fr\/en\/i-am\/professionnel\/\" target=\"_blank\" rel=\"noopener\">A professional, an employee&#8230;<\/a><\/h2>\n\n<\/div>\n[\/vc_column_inner][\/vc_row_inner][\/vc_column][vc_column width=&#8221;1\/3&#8243;][vc_single_image image=&#8221;1160&#8243; img_size=&#8221;full&#8221;][\/vc_column][\/vc_row]<\/p>\n<\/div>","protected":false},"excerpt":{"rendered":"<p>[vc_row][vc_column][vc_column_text] I am&#8230; [\/vc_column_text][\/vc_column][\/vc_row][vc_row][vc_column width=&#8221;2\/3&#8243;][vc_row_inner][vc_column_inner width=&#8221;1\/2&#8243;][\/vc_column_inner][vc_column_inner width=&#8221;1\/2&#8243;][\/vc_column_inner][\/vc_row_inner][vc_row_inner][vc_column_inner width=&#8221;1\/2&#8243; css=&#8221;.vc_custom_1483459473871{padding-top: 5px !important;}&#8221;][\/vc_column_inner][vc_column_inner width=&#8221;1\/2&#8243; css=&#8221;.vc_custom_1483459485488{padding-top: 5px !important;}&#8221;][\/vc_column_inner][\/vc_row_inner][\/vc_column][vc_column width=&#8221;1\/3&#8243;][vc_single_image image=&#8221;1160&#8243; img_size=&#8221;full&#8221;][\/vc_column][\/vc_row]<\/p>\n","protected":false},"author":38,"featured_media":0,"parent":0,"menu_order":19,"comment_status":"closed","ping_status":"closed","template":"","meta":{"_acf_changed":false,"footnotes":""},"class_list":["post-15896","page","type-page","status-publish","hentry"],"acf":[],"yoast_head":"<!-- This site is optimized with the Yoast SEO plugin v27.3 - https:\/\/yoast.com\/product\/yoast-seo-wordpress\/ -->\n<title>I am - Facult\u00e9 de droit<\/title>\n<meta name=\"description\" content=\"Facult\u00e9 de Droit de l&#039;Universit\u00e9 Catholique de Lille campus de Lille et de Issy-les-Moulineaux. D\u00e9couvrez nos formations et pr\u00e9parez votre arriv\u00e9e chez nous.\" \/>\n<meta name=\"robots\" content=\"index, follow, max-snippet:-1, max-image-preview:large, max-video-preview:-1\" \/>\n<link rel=\"canonical\" href=\"https:\/\/www.fld-lille.fr\/en\/i-am\/\" \/>\n<meta property=\"og:locale\" content=\"en_US\" \/>\n<meta property=\"og:type\" content=\"article\" \/>\n<meta property=\"og:title\" content=\"I am - Facult\u00e9 de droit\" \/>\n<meta property=\"og:description\" content=\"Facult\u00e9 de Droit de l&#039;Universit\u00e9 Catholique de Lille campus de Lille et de Issy-les-Moulineaux. D\u00e9couvrez nos formations et pr\u00e9parez votre arriv\u00e9e chez nous.\" \/>\n<meta property=\"og:url\" content=\"https:\/\/www.fld-lille.fr\/en\/i-am\/\" \/>\n<meta property=\"og:site_name\" content=\"Facult\u00e9 de droit\" \/>\n<meta property=\"article:publisher\" content=\"https:\/\/www.facebook.com\/FLDLilleParis\/\" \/>\n<meta property=\"article:modified_time\" content=\"2023-01-27T15:52:11+00:00\" \/>\n<meta name=\"twitter:card\" content=\"summary_large_image\" \/>\n<meta name=\"twitter:label1\" content=\"Est. reading time\" \/>\n\t<meta name=\"twitter:data1\" content=\"1 minute\" \/>\n<script type=\"application\/ld+json\" class=\"yoast-schema-graph\">{\"@context\":\"https:\\\/\\\/schema.org\",\"@graph\":[{\"@type\":\"WebPage\",\"@id\":\"https:\\\/\\\/www.fld-lille.fr\\\/en\\\/i-am\\\/\",\"url\":\"https:\\\/\\\/www.fld-lille.fr\\\/en\\\/i-am\\\/\",\"name\":\"I am - Facult\u00e9 de droit\",\"isPartOf\":{\"@id\":\"https:\\\/\\\/www.fld-lille.fr\\\/#website\"},\"datePublished\":\"2017-01-02T14:36:00+00:00\",\"dateModified\":\"2023-01-27T15:52:11+00:00\",\"description\":\"Facult\u00e9 de Droit de l'Universit\u00e9 Catholique de Lille campus de Lille et de Issy-les-Moulineaux. D\u00e9couvrez nos formations et pr\u00e9parez votre arriv\u00e9e chez nous.\",\"breadcrumb\":{\"@id\":\"https:\\\/\\\/www.fld-lille.fr\\\/en\\\/i-am\\\/#breadcrumb\"},\"inLanguage\":\"en-US\",\"potentialAction\":[{\"@type\":\"ReadAction\",\"target\":[\"https:\\\/\\\/www.fld-lille.fr\\\/en\\\/i-am\\\/\"]}]},{\"@type\":\"BreadcrumbList\",\"@id\":\"https:\\\/\\\/www.fld-lille.fr\\\/en\\\/i-am\\\/#breadcrumb\",\"itemListElement\":[{\"@type\":\"ListItem\",\"position\":1,\"name\":\"Accueil\",\"item\":\"https:\\\/\\\/www.fld-lille.fr\\\/en\\\/\"},{\"@type\":\"ListItem\",\"position\":2,\"name\":\"I am\"}]},{\"@type\":\"WebSite\",\"@id\":\"https:\\\/\\\/www.fld-lille.fr\\\/#website\",\"url\":\"https:\\\/\\\/www.fld-lille.fr\\\/\",\"name\":\"Facult\u00e9 de droit\",\"description\":\"Les facult\u00e9s de l&#039;Universit\u00e9 Catholique de Lille\",\"potentialAction\":[{\"@type\":\"SearchAction\",\"target\":{\"@type\":\"EntryPoint\",\"urlTemplate\":\"https:\\\/\\\/www.fld-lille.fr\\\/?s={search_term_string}\"},\"query-input\":{\"@type\":\"PropertyValueSpecification\",\"valueRequired\":true,\"valueName\":\"search_term_string\"}}],\"inLanguage\":\"en-US\"}]}<\/script>\n<!-- \/ Yoast SEO plugin. -->","yoast_head_json":{"title":"I am - Facult\u00e9 de droit","description":"Facult\u00e9 de Droit de l'Universit\u00e9 Catholique de Lille campus de Lille et de Issy-les-Moulineaux. D\u00e9couvrez nos formations et pr\u00e9parez votre arriv\u00e9e chez nous.","robots":{"index":"index","follow":"follow","max-snippet":"max-snippet:-1","max-image-preview":"max-image-preview:large","max-video-preview":"max-video-preview:-1"},"canonical":"https:\/\/www.fld-lille.fr\/en\/i-am\/","og_locale":"en_US","og_type":"article","og_title":"I am - Facult\u00e9 de droit","og_description":"Facult\u00e9 de Droit de l'Universit\u00e9 Catholique de Lille campus de Lille et de Issy-les-Moulineaux. D\u00e9couvrez nos formations et pr\u00e9parez votre arriv\u00e9e chez nous.","og_url":"https:\/\/www.fld-lille.fr\/en\/i-am\/","og_site_name":"Facult\u00e9 de droit","article_publisher":"https:\/\/www.facebook.com\/FLDLilleParis\/","article_modified_time":"2023-01-27T15:52:11+00:00","twitter_card":"summary_large_image","twitter_misc":{"Est. reading time":"1 minute"},"schema":{"@context":"https:\/\/schema.org","@graph":[{"@type":"WebPage","@id":"https:\/\/www.fld-lille.fr\/en\/i-am\/","url":"https:\/\/www.fld-lille.fr\/en\/i-am\/","name":"I am - Facult\u00e9 de droit","isPartOf":{"@id":"https:\/\/www.fld-lille.fr\/#website"},"datePublished":"2017-01-02T14:36:00+00:00","dateModified":"2023-01-27T15:52:11+00:00","description":"Facult\u00e9 de Droit de l'Universit\u00e9 Catholique de Lille campus de Lille et de Issy-les-Moulineaux. D\u00e9couvrez nos formations et pr\u00e9parez votre arriv\u00e9e chez nous.","breadcrumb":{"@id":"https:\/\/www.fld-lille.fr\/en\/i-am\/#breadcrumb"},"inLanguage":"en-US","potentialAction":[{"@type":"ReadAction","target":["https:\/\/www.fld-lille.fr\/en\/i-am\/"]}]},{"@type":"BreadcrumbList","@id":"https:\/\/www.fld-lille.fr\/en\/i-am\/#breadcrumb","itemListElement":[{"@type":"ListItem","position":1,"name":"Accueil","item":"https:\/\/www.fld-lille.fr\/en\/"},{"@type":"ListItem","position":2,"name":"I am"}]},{"@type":"WebSite","@id":"https:\/\/www.fld-lille.fr\/#website","url":"https:\/\/www.fld-lille.fr\/","name":"Facult\u00e9 de droit","description":"Les facult\u00e9s de l&#039;Universit\u00e9 Catholique de Lille","potentialAction":[{"@type":"SearchAction","target":{"@type":"EntryPoint","urlTemplate":"https:\/\/www.fld-lille.fr\/?s={search_term_string}"},"query-input":{"@type":"PropertyValueSpecification","valueRequired":true,"valueName":"search_term_string"}}],"inLanguage":"en-US"}]}},"_links":{"self":[{"href":"https:\/\/www.fld-lille.fr\/en\/wp-json\/wp\/v2\/pages\/15896","targetHints":{"allow":["GET"]}}],"collection":[{"href":"https:\/\/www.fld-lille.fr\/en\/wp-json\/wp\/v2\/pages"}],"about":[{"href":"https:\/\/www.fld-lille.fr\/en\/wp-json\/wp\/v2\/types\/page"}],"author":[{"embeddable":true,"href":"https:\/\/www.fld-lille.fr\/en\/wp-json\/wp\/v2\/users\/38"}],"replies":[{"embeddable":true,"href":"https:\/\/www.fld-lille.fr\/en\/wp-json\/wp\/v2\/comments?post=15896"}],"version-history":[{"count":6,"href":"https:\/\/www.fld-lille.fr\/en\/wp-json\/wp\/v2\/pages\/15896\/revisions"}],"predecessor-version":[{"id":22958,"href":"https:\/\/www.fld-lille.fr\/en\/wp-json\/wp\/v2\/pages\/15896\/revisions\/22958"}],"wp:attachment":[{"href":"https:\/\/www.fld-lille.fr\/en\/wp-json\/wp\/v2\/media?parent=15896"}],"curies":[{"name":"wp","href":"https:\/\/api.w.org\/{rel}","templated":true}]}}