{"id":15883,"date":"2021-05-19T17:16:03","date_gmt":"2021-05-19T16:16:03","guid":{"rendered":"https:\/\/www.fld-lille.fr\/?page_id=15883"},"modified":"2025-10-22T15:25:01","modified_gmt":"2025-10-22T14:25:01","slug":"our-erasmus-engagements","status":"publish","type":"page","link":"https:\/\/www.fld-lille.fr\/en\/our-erasmus-engagements\/","title":{"rendered":"Our Erasmus+ Engagements"},"content":{"rendered":"<div class=\"wpb-content-wrapper\"><p>[vc_row][vc_column][vc_column_text]<a href=\"https:\/\/www.fld-lille.fr\/wp-content\/uploads\/2021\/06\/logo-erasmus-plus.png\"><br \/>\n<img loading=\"lazy\" decoding=\"async\" class=\"wp-image-16163 aligncenter\" src=\"https:\/\/www.fld-lille.fr\/wp-content\/uploads\/2021\/06\/logo-erasmus-plus-300x61.png\" alt=\"\" width=\"481\" height=\"98\" srcset=\"https:\/\/www.fld-lille.fr\/wp-content\/uploads\/2021\/06\/logo-erasmus-plus-300x61.png 300w, https:\/\/www.fld-lille.fr\/wp-content\/uploads\/2021\/06\/logo-erasmus-plus-1024x209.png 1024w, https:\/\/www.fld-lille.fr\/wp-content\/uploads\/2021\/06\/logo-erasmus-plus-768x156.png 768w, https:\/\/www.fld-lille.fr\/wp-content\/uploads\/2021\/06\/logo-erasmus-plus-1536x313.png 1536w, https:\/\/www.fld-lille.fr\/wp-content\/uploads\/2021\/06\/logo-erasmus-plus.png 1758w\" sizes=\"auto, (max-width: 481px) 100vw, 481px\" \/><\/a><\/p>\n<p>&nbsp;<\/p>\n<h3><strong><a href=\"https:\/\/www.fld-lille.fr\/wp-content\/uploads\/2021\/07\/strategie-charte-ERASMUS-ICL-2021.pdf\">Download the ICL Erasmus+ Charter<\/a><\/strong><\/h3>\n<h3><a href=\"https:\/\/www.fld-lille.fr\/wp-content\/uploads\/2021\/07\/signee_erasmus_charter_for_higher_education_2021-2027_icl.pdf\"><strong>Download the Erasmus 2021-2027 Strategy Statement of the Institut Catholique de Lille<\/strong><\/a><\/h3>\n<p>[\/vc_column_text][\/vc_column][\/vc_row][vc_row][vc_column][vc_column_text css=&#8221;&#8221;]<\/p>\n<p style=\"text-align: center;\"><a class=\"button-secondary\" href=\"https:\/\/www.univ-catholille.fr\/en\/our-international-policy\/international-projects\/\" target=\"_blank\" rel=\"noopener\">More information<\/a><\/p>\n<p>[\/vc_column_text][\/vc_column][\/vc_row]<\/p>\n<\/div>","protected":false},"excerpt":{"rendered":"<p>[vc_row][vc_column][vc_column_text] &nbsp; Download the ICL Erasmus+ Charter Download the Erasmus 2021-2027 Strategy Statement of the Institut Catholique de Lille [\/vc_column_text][\/vc_column][\/vc_row][vc_row][vc_column][vc_column_text css=&#8221;&#8221;] More information [\/vc_column_text][\/vc_column][\/vc_row]<\/p>\n","protected":false},"author":38,"featured_media":0,"parent":0,"menu_order":1,"comment_status":"closed","ping_status":"closed","template":"","meta":{"_acf_changed":false,"footnotes":""},"class_list":["post-15883","page","type-page","status-publish","hentry"],"acf":[],"yoast_head":"<!-- This site is optimized with the Yoast SEO plugin v27.3 - https:\/\/yoast.com\/product\/yoast-seo-wordpress\/ -->\n<title>Our Erasmus+ Engagements - Facult\u00e9 de droit<\/title>\n<meta name=\"robots\" content=\"index, follow, max-snippet:-1, max-image-preview:large, max-video-preview:-1\" \/>\n<link rel=\"canonical\" href=\"https:\/\/www.fld-lille.fr\/en\/our-erasmus-engagements\/\" \/>\n<meta property=\"og:locale\" content=\"en_US\" \/>\n<meta property=\"og:type\" content=\"article\" \/>\n<meta property=\"og:title\" content=\"Our Erasmus+ Engagements - Facult\u00e9 de droit\" \/>\n<meta property=\"og:description\" content=\"[vc_row][vc_column][vc_column_text] &nbsp; Download the ICL Erasmus+ Charter Download the Erasmus 2021-2027 Strategy Statement of the Institut Catholique de Lille [\/vc_column_text][\/vc_column][\/vc_row][vc_row][vc_column][vc_column_text css=&#8221;&#8221;] More information [\/vc_column_text][\/vc_column][\/vc_row]\" \/>\n<meta property=\"og:url\" content=\"https:\/\/www.fld-lille.fr\/en\/our-erasmus-engagements\/\" \/>\n<meta property=\"og:site_name\" content=\"Facult\u00e9 de droit\" \/>\n<meta property=\"article:publisher\" content=\"https:\/\/www.facebook.com\/FLDLilleParis\/\" \/>\n<meta property=\"article:modified_time\" content=\"2025-10-22T14:25:01+00:00\" \/>\n<meta property=\"og:image\" content=\"https:\/\/www.fld-lille.fr\/wp-content\/uploads\/2021\/06\/logo-erasmus-plus.png\" \/>\n\t<meta property=\"og:image:width\" content=\"1758\" \/>\n\t<meta property=\"og:image:height\" content=\"358\" \/>\n\t<meta property=\"og:image:type\" content=\"image\/png\" \/>\n<meta name=\"twitter:card\" content=\"summary_large_image\" \/>\n<meta name=\"twitter:label1\" content=\"Est. reading time\" \/>\n\t<meta name=\"twitter:data1\" content=\"1 minute\" \/>\n<script type=\"application\/ld+json\" class=\"yoast-schema-graph\">{\"@context\":\"https:\\\/\\\/schema.org\",\"@graph\":[{\"@type\":\"WebPage\",\"@id\":\"https:\\\/\\\/www.fld-lille.fr\\\/en\\\/our-erasmus-engagements\\\/\",\"url\":\"https:\\\/\\\/www.fld-lille.fr\\\/en\\\/our-erasmus-engagements\\\/\",\"name\":\"Our Erasmus+ Engagements - Facult\u00e9 de droit\",\"isPartOf\":{\"@id\":\"https:\\\/\\\/www.fld-lille.fr\\\/#website\"},\"primaryImageOfPage\":{\"@id\":\"https:\\\/\\\/www.fld-lille.fr\\\/en\\\/our-erasmus-engagements\\\/#primaryimage\"},\"image\":{\"@id\":\"https:\\\/\\\/www.fld-lille.fr\\\/en\\\/our-erasmus-engagements\\\/#primaryimage\"},\"thumbnailUrl\":\"https:\\\/\\\/www.fld-lille.fr\\\/wp-content\\\/uploads\\\/2021\\\/06\\\/logo-erasmus-plus-300x61.png\",\"datePublished\":\"2021-05-19T16:16:03+00:00\",\"dateModified\":\"2025-10-22T14:25:01+00:00\",\"breadcrumb\":{\"@id\":\"https:\\\/\\\/www.fld-lille.fr\\\/en\\\/our-erasmus-engagements\\\/#breadcrumb\"},\"inLanguage\":\"en-US\",\"potentialAction\":[{\"@type\":\"ReadAction\",\"target\":[\"https:\\\/\\\/www.fld-lille.fr\\\/en\\\/our-erasmus-engagements\\\/\"]}]},{\"@type\":\"ImageObject\",\"inLanguage\":\"en-US\",\"@id\":\"https:\\\/\\\/www.fld-lille.fr\\\/en\\\/our-erasmus-engagements\\\/#primaryimage\",\"url\":\"https:\\\/\\\/www.fld-lille.fr\\\/wp-content\\\/uploads\\\/2021\\\/06\\\/logo-erasmus-plus-300x61.png\",\"contentUrl\":\"https:\\\/\\\/www.fld-lille.fr\\\/wp-content\\\/uploads\\\/2021\\\/06\\\/logo-erasmus-plus-300x61.png\"},{\"@type\":\"BreadcrumbList\",\"@id\":\"https:\\\/\\\/www.fld-lille.fr\\\/en\\\/our-erasmus-engagements\\\/#breadcrumb\",\"itemListElement\":[{\"@type\":\"ListItem\",\"position\":1,\"name\":\"Accueil\",\"item\":\"https:\\\/\\\/www.fld-lille.fr\\\/en\\\/\"},{\"@type\":\"ListItem\",\"position\":2,\"name\":\"Our Erasmus+ Engagements\"}]},{\"@type\":\"WebSite\",\"@id\":\"https:\\\/\\\/www.fld-lille.fr\\\/#website\",\"url\":\"https:\\\/\\\/www.fld-lille.fr\\\/\",\"name\":\"Facult\u00e9 de droit\",\"description\":\"Les facult\u00e9s de l&#039;Universit\u00e9 Catholique de Lille\",\"potentialAction\":[{\"@type\":\"SearchAction\",\"target\":{\"@type\":\"EntryPoint\",\"urlTemplate\":\"https:\\\/\\\/www.fld-lille.fr\\\/?s={search_term_string}\"},\"query-input\":{\"@type\":\"PropertyValueSpecification\",\"valueRequired\":true,\"valueName\":\"search_term_string\"}}],\"inLanguage\":\"en-US\"}]}<\/script>\n<!-- \/ Yoast SEO plugin. -->","yoast_head_json":{"title":"Our Erasmus+ Engagements - Facult\u00e9 de droit","robots":{"index":"index","follow":"follow","max-snippet":"max-snippet:-1","max-image-preview":"max-image-preview:large","max-video-preview":"max-video-preview:-1"},"canonical":"https:\/\/www.fld-lille.fr\/en\/our-erasmus-engagements\/","og_locale":"en_US","og_type":"article","og_title":"Our Erasmus+ Engagements - Facult\u00e9 de droit","og_description":"[vc_row][vc_column][vc_column_text] &nbsp; Download the ICL Erasmus+ Charter Download the Erasmus 2021-2027 Strategy Statement of the Institut Catholique de Lille [\/vc_column_text][\/vc_column][\/vc_row][vc_row][vc_column][vc_column_text css=&#8221;&#8221;] More information [\/vc_column_text][\/vc_column][\/vc_row]","og_url":"https:\/\/www.fld-lille.fr\/en\/our-erasmus-engagements\/","og_site_name":"Facult\u00e9 de droit","article_publisher":"https:\/\/www.facebook.com\/FLDLilleParis\/","article_modified_time":"2025-10-22T14:25:01+00:00","og_image":[{"width":1758,"height":358,"url":"https:\/\/www.fld-lille.fr\/wp-content\/uploads\/2021\/06\/logo-erasmus-plus.png","type":"image\/png"}],"twitter_card":"summary_large_image","twitter_misc":{"Est. reading time":"1 minute"},"schema":{"@context":"https:\/\/schema.org","@graph":[{"@type":"WebPage","@id":"https:\/\/www.fld-lille.fr\/en\/our-erasmus-engagements\/","url":"https:\/\/www.fld-lille.fr\/en\/our-erasmus-engagements\/","name":"Our Erasmus+ Engagements - Facult\u00e9 de droit","isPartOf":{"@id":"https:\/\/www.fld-lille.fr\/#website"},"primaryImageOfPage":{"@id":"https:\/\/www.fld-lille.fr\/en\/our-erasmus-engagements\/#primaryimage"},"image":{"@id":"https:\/\/www.fld-lille.fr\/en\/our-erasmus-engagements\/#primaryimage"},"thumbnailUrl":"https:\/\/www.fld-lille.fr\/wp-content\/uploads\/2021\/06\/logo-erasmus-plus-300x61.png","datePublished":"2021-05-19T16:16:03+00:00","dateModified":"2025-10-22T14:25:01+00:00","breadcrumb":{"@id":"https:\/\/www.fld-lille.fr\/en\/our-erasmus-engagements\/#breadcrumb"},"inLanguage":"en-US","potentialAction":[{"@type":"ReadAction","target":["https:\/\/www.fld-lille.fr\/en\/our-erasmus-engagements\/"]}]},{"@type":"ImageObject","inLanguage":"en-US","@id":"https:\/\/www.fld-lille.fr\/en\/our-erasmus-engagements\/#primaryimage","url":"https:\/\/www.fld-lille.fr\/wp-content\/uploads\/2021\/06\/logo-erasmus-plus-300x61.png","contentUrl":"https:\/\/www.fld-lille.fr\/wp-content\/uploads\/2021\/06\/logo-erasmus-plus-300x61.png"},{"@type":"BreadcrumbList","@id":"https:\/\/www.fld-lille.fr\/en\/our-erasmus-engagements\/#breadcrumb","itemListElement":[{"@type":"ListItem","position":1,"name":"Accueil","item":"https:\/\/www.fld-lille.fr\/en\/"},{"@type":"ListItem","position":2,"name":"Our Erasmus+ Engagements"}]},{"@type":"WebSite","@id":"https:\/\/www.fld-lille.fr\/#website","url":"https:\/\/www.fld-lille.fr\/","name":"Facult\u00e9 de droit","description":"Les facult\u00e9s de l&#039;Universit\u00e9 Catholique de Lille","potentialAction":[{"@type":"SearchAction","target":{"@type":"EntryPoint","urlTemplate":"https:\/\/www.fld-lille.fr\/?s={search_term_string}"},"query-input":{"@type":"PropertyValueSpecification","valueRequired":true,"valueName":"search_term_string"}}],"inLanguage":"en-US"}]}},"_links":{"self":[{"href":"https:\/\/www.fld-lille.fr\/en\/wp-json\/wp\/v2\/pages\/15883","targetHints":{"allow":["GET"]}}],"collection":[{"href":"https:\/\/www.fld-lille.fr\/en\/wp-json\/wp\/v2\/pages"}],"about":[{"href":"https:\/\/www.fld-lille.fr\/en\/wp-json\/wp\/v2\/types\/page"}],"author":[{"embeddable":true,"href":"https:\/\/www.fld-lille.fr\/en\/wp-json\/wp\/v2\/users\/38"}],"replies":[{"embeddable":true,"href":"https:\/\/www.fld-lille.fr\/en\/wp-json\/wp\/v2\/comments?post=15883"}],"version-history":[{"count":9,"href":"https:\/\/www.fld-lille.fr\/en\/wp-json\/wp\/v2\/pages\/15883\/revisions"}],"predecessor-version":[{"id":33785,"href":"https:\/\/www.fld-lille.fr\/en\/wp-json\/wp\/v2\/pages\/15883\/revisions\/33785"}],"wp:attachment":[{"href":"https:\/\/www.fld-lille.fr\/en\/wp-json\/wp\/v2\/media?parent=15883"}],"curies":[{"name":"wp","href":"https:\/\/api.w.org\/{rel}","templated":true}]}}