{"id":15690,"date":"2021-05-06T18:10:00","date_gmt":"2021-05-06T17:10:00","guid":{"rendered":"https:\/\/www.fld-lille.fr\/?page_id=15690"},"modified":"2025-10-22T15:23:13","modified_gmt":"2025-10-22T14:23:13","slug":"practical-informations","status":"publish","type":"page","link":"https:\/\/www.fld-lille.fr\/en\/practical-informations\/","title":{"rendered":"Practical information"},"content":{"rendered":"<div class=\"wpb-content-wrapper\"><p>[vc_row][vc_column][vc_column_text]<\/p>\n<h1>Practical information<\/h1>\n<p>[\/vc_column_text][\/vc_column][\/vc_row][vc_row][vc_column width=&#8221;1\/2&#8243;][vc_column_text]<\/p>\n<h3>ACCOMODATION<\/h3>\n<p>[\/vc_column_text][vc_column_text css=&#8221;&#8221;]<\/p>\n<p class=\"p1\"><span class=\"s1\">The accommodation service of the\u00a0<i>Association d\u2019Entraide Universitaire (AEU)\u00a0<\/i>offers access to 10 university halls of residence (1 200 rooms, from 205 to 420\u20ac) close to the Lille campus.<br \/>\nFor further information please contact:<br \/>\nAccueil de l\u2019AEU 47 bd Vauban \u2013 59000 Lille<br \/>\nTel : 03 20 15 97 70 \u2013\u00a0<a href=\"http:\/\/www.aeu.asso.fr\/\"><span class=\"s2\">www.aeu.asso.fr<\/span><\/a><\/span><\/p>\n<p class=\"p2\"><span class=\"s1\">Other solutions also proposed by the Universit\u00e9 Catholique de Lille are available to both French and International students.<\/span><\/p>\n<p>[\/vc_column_text][\/vc_column][vc_column width=&#8221;1\/2&#8243;][vc_column_text]<\/p>\n<h3>LIBRARY<\/h3>\n<p>[\/vc_column_text][vc_column_text]<\/p>\n<ul>\n<li>The Biblioth\u00e8que Vauban,\u00a0<i>Vauban Library<\/i> is an excellent place to study, carry out research or borrow documents. It is accessible to all students of the university, to professor-researchers and administrative personnel of the Universit\u00e9 Catholique de Lille.<\/li>\n<li>Many workrooms are open to students on campus. These allow students to study alone or in groups.<\/li>\n<\/ul>\n<p><strong>Opening hours:\u00a0<\/strong>From Monday to Friday,<br \/>\n8.30am to 8pm, Saturday 8.30am to 5pm<\/p>\n<p>Electronic resources available 24\/7<\/p>\n<p>Contact:<br \/>\n60 rue du Port \u2013 59040 LILLE cedex<br \/>\nT\u00e9l. 03.59.56.69.79<br \/>\n<a href=\"mailto:bibliotheque@univ-catholille.fr\">Send e-mail<\/a><\/p>\n<p><a class=\"button-secondary\" href=\"https:\/\/lol.univ-catholille.fr\/fr\" target=\"_blank\" rel=\"noopener\">FIND OUT MORE<\/a>[\/vc_column_text][\/vc_column][\/vc_row][vc_row disable_element=&#8221;yes&#8221;][vc_column][vc_column_text]<\/p>\n<h3>ACCOMODATION<\/h3>\n<p>[\/vc_column_text][vc_column_text css=&#8221;&#8221;]<\/p>\n<p class=\"p2\"><span class=\"s1\">To find out more, do not hesitate to visit the website of the Universit\u00e9 Catholique de Lille :<\/span><\/p>\n<p><a class=\"button-secondary\" href=\"https:\/\/lesfacultes.univ-catholille.fr\/en\/discover\/accommodation\" target=\"_blank\" rel=\"noopener\">FIND OUT MORE<\/a><\/p>\n<p><a class=\"button\" href=\"https:\/\/lesfacultes.univ-catholille.fr\/en\/discover\/student-life-and-living-lille\" target=\"_blank\" rel=\"noopener\">LIFE IN LILLE<\/a>[\/vc_column_text][\/vc_column][\/vc_row][vc_row][vc_column width=&#8221;1\/2&#8243;][vc_column_text css=&#8221;&#8221;]<\/p>\n<h3>STUDENT SOCIAL SECURITY<\/h3>\n<h3><a href=\"https:\/\/www.fld-lille.fr\/wp-content\/uploads\/2025\/10\/ASSURANCE_MALADIE.svg_.png\"><img loading=\"lazy\" decoding=\"async\" class=\"alignnone wp-image-33777\" src=\"https:\/\/www.fld-lille.fr\/wp-content\/uploads\/2025\/10\/ASSURANCE_MALADIE.svg_-300x88.png\" alt=\"\" width=\"181\" height=\"53\" srcset=\"https:\/\/www.fld-lille.fr\/wp-content\/uploads\/2025\/10\/ASSURANCE_MALADIE.svg_-300x88.png 300w, https:\/\/www.fld-lille.fr\/wp-content\/uploads\/2025\/10\/ASSURANCE_MALADIE.svg_-1024x302.png 1024w, https:\/\/www.fld-lille.fr\/wp-content\/uploads\/2025\/10\/ASSURANCE_MALADIE.svg_-768x227.png 768w, https:\/\/www.fld-lille.fr\/wp-content\/uploads\/2025\/10\/ASSURANCE_MALADIE.svg_-1536x453.png 1536w, https:\/\/www.fld-lille.fr\/wp-content\/uploads\/2025\/10\/ASSURANCE_MALADIE.svg_-2048x604.png 2048w\" sizes=\"auto, (max-width: 181px) 100vw, 181px\" \/><\/a><\/h3>\n<p>[\/vc_column_text][vc_column_text css=&#8221;&#8221;]Studying in a higher education establishment requires the mandatory subscription to the student social security scheme. <a href=\"https:\/\/etudiant-etranger.ameli.fr\/assistance\" target=\"_blank\" rel=\"noopener\">Student social security<\/a> is either free or not depending on age and \u00a0particular case. Students can have the choice between two complementary insurance schemes: <a href=\"https:\/\/www.smeno.com\/\">SMENO<\/a>\u00a0or the\u00a0<a href=\"http:\/\/lmde.fr\/\">LMDE<\/a>. The affiliation takes place when you register. The student must choose a \u00ab\u00a0centre de remboursement\u00a0\u00bb ( refund center) and declare his or her situation.<\/p>\n<p>&nbsp;<\/p>\n<p style=\"text-align: center;\"><a class=\"button-secondary\" href=\"https:\/\/etudiant-etranger.ameli.fr\/assistance\" target=\"_blank\" rel=\"noopener\">More information<\/a><\/p>\n<p>[\/vc_column_text][\/vc_column][vc_column width=&#8221;1\/2&#8243;][vc_column_text css=&#8221;&#8221;]<\/p>\n<h3>SPORTS<br \/>\n<img loading=\"lazy\" decoding=\"async\" class=\"\" src=\"https:\/\/www.fld-lille.fr\/wp-content\/uploads\/2025\/10\/all.png\" width=\"63\" height=\"63\" \/><\/h3>\n<p>[\/vc_column_text][vc_column_text]Le All sport own 3 sports centres :<br \/>\n\u25cf A fitness room: bodybuilding and cardio training space, and a open space for classes given by certified coaches (Abs and Thighs, Zumba, Boxing, Yoga\u2026)<br \/>\n\u25cf A Gymnasium: open to sports clubs and schools, located in rue Colson.<br \/>\n\u25cf A sports Centre at Enneti\u00e8res en Weppes : rugby, football, volleyball, tennis, bowls, two indoor halls (badminton, table<br \/>\ntennis, basketball\u2026)[\/vc_column_text][vc_column_text]<a class=\"button\" href=\"https:\/\/www.all-lacatho.fr\/en\/gym-membership?id_category=9\" target=\"_blank\" rel=\"noopener\">FIND OUT MORE<\/a>[\/vc_column_text][\/vc_column][\/vc_row][vc_row][vc_column width=&#8221;1\/2&#8243;][vc_column_text]<\/p>\n<h3>HEALTH &amp; ACCESSIBILITY<\/h3>\n<p>[\/vc_column_text][vc_column_text]The Faculty pays particular attention to people with disabilities. The Mission Accueil Handicap (MAH) has been set up to ensure that all students can pursue their university studies in the best possible conditions.[\/vc_column_text][vc_column_text]<\/p>\n<h3 class=\"after-line\">Contact<\/h3>\n<div class=\"field field--name-field-texte field--type-text-long field--label-hidden field--item\">\n<p><strong>CPSU \u2013\u00a0<em>Centre Polyvalent de Sant\u00e9 Universitaire<\/em><\/strong><br \/>\n47 bis rue du Port \u2013 Lille<br \/>\nOpen from Monday to Thursday 8 am &#8211; 7 pm and Friday from 9 am to 6 pm.<br \/>\nClosed during university holidays.<\/p>\n<\/div>\n<p>[\/vc_column_text][vc_column_text]<a class=\"button\" href=\"https:\/\/www.all-lacatho.fr\/en\/content\/22-health\" target=\"_blank\" rel=\"noopener\">More information<\/a>[\/vc_column_text][\/vc_column][vc_column width=&#8221;1\/2&#8243;][\/vc_column][\/vc_row]<\/p>\n<\/div>","protected":false},"excerpt":{"rendered":"<p>[vc_row][vc_column][vc_column_text] Practical information [\/vc_column_text][\/vc_column][\/vc_row][vc_row][vc_column width=&#8221;1\/2&#8243;][vc_column_text] ACCOMODATION [\/vc_column_text][vc_column_text css=&#8221;&#8221;] The accommodation service of the\u00a0Association d\u2019Entraide Universitaire (AEU)\u00a0offers access to 10 university halls of residence (1 200 rooms, from 205 to 420\u20ac) close to the Lille campus. For further information please contact: Accueil de l\u2019AEU 47 bd Vauban \u2013 59000 Lille Tel : 03 20 15 97 [&hellip;]<\/p>\n","protected":false},"author":38,"featured_media":0,"parent":0,"menu_order":3,"comment_status":"closed","ping_status":"closed","template":"","meta":{"_acf_changed":false,"footnotes":""},"class_list":["post-15690","page","type-page","status-publish","hentry"],"acf":[],"yoast_head":"<!-- This site is optimized with the Yoast SEO plugin v27.4 - https:\/\/yoast.com\/product\/yoast-seo-wordpress\/ -->\n<title>Practical information - Facult\u00e9 de droit<\/title>\n<meta name=\"robots\" content=\"index, follow, max-snippet:-1, max-image-preview:large, max-video-preview:-1\" \/>\n<link rel=\"canonical\" href=\"https:\/\/www.fld-lille.fr\/en\/practical-informations\/\" \/>\n<meta property=\"og:locale\" content=\"en_US\" \/>\n<meta property=\"og:type\" content=\"article\" \/>\n<meta property=\"og:title\" content=\"Practical information - Facult\u00e9 de droit\" \/>\n<meta property=\"og:description\" content=\"[vc_row][vc_column][vc_column_text] Practical information [\/vc_column_text][\/vc_column][\/vc_row][vc_row][vc_column width=&#8221;1\/2&#8243;][vc_column_text] ACCOMODATION [\/vc_column_text][vc_column_text css=&#8221;&#8221;] The accommodation service of the\u00a0Association d\u2019Entraide Universitaire (AEU)\u00a0offers access to 10 university halls of residence (1 200 rooms, from 205 to 420\u20ac) close to the Lille campus. For further information please contact: Accueil de l\u2019AEU 47 bd Vauban \u2013 59000 Lille Tel : 03 20 15 97 [&hellip;]\" \/>\n<meta property=\"og:url\" content=\"https:\/\/www.fld-lille.fr\/en\/practical-informations\/\" \/>\n<meta property=\"og:site_name\" content=\"Facult\u00e9 de droit\" \/>\n<meta property=\"article:publisher\" content=\"https:\/\/www.facebook.com\/FLDLilleParis\/\" \/>\n<meta property=\"article:modified_time\" content=\"2025-10-22T14:23:13+00:00\" \/>\n<meta property=\"og:image\" content=\"https:\/\/www.fld-lille.fr\/wp-content\/uploads\/2025\/10\/ASSURANCE_MALADIE.svg_.png\" \/>\n\t<meta property=\"og:image:width\" content=\"2560\" \/>\n\t<meta property=\"og:image:height\" content=\"755\" \/>\n\t<meta property=\"og:image:type\" content=\"image\/png\" \/>\n<meta name=\"twitter:card\" content=\"summary_large_image\" \/>\n<meta name=\"twitter:label1\" content=\"Est. reading time\" \/>\n\t<meta name=\"twitter:data1\" content=\"3 minutes\" \/>\n<script type=\"application\/ld+json\" class=\"yoast-schema-graph\">{\"@context\":\"https:\\\/\\\/schema.org\",\"@graph\":[{\"@type\":\"WebPage\",\"@id\":\"https:\\\/\\\/www.fld-lille.fr\\\/en\\\/practical-informations\\\/\",\"url\":\"https:\\\/\\\/www.fld-lille.fr\\\/en\\\/practical-informations\\\/\",\"name\":\"Practical information - Facult\u00e9 de droit\",\"isPartOf\":{\"@id\":\"https:\\\/\\\/www.fld-lille.fr\\\/#website\"},\"primaryImageOfPage\":{\"@id\":\"https:\\\/\\\/www.fld-lille.fr\\\/en\\\/practical-informations\\\/#primaryimage\"},\"image\":{\"@id\":\"https:\\\/\\\/www.fld-lille.fr\\\/en\\\/practical-informations\\\/#primaryimage\"},\"thumbnailUrl\":\"https:\\\/\\\/www.fld-lille.fr\\\/wp-content\\\/uploads\\\/2025\\\/10\\\/ASSURANCE_MALADIE.svg_-300x88.png\",\"datePublished\":\"2021-05-06T17:10:00+00:00\",\"dateModified\":\"2025-10-22T14:23:13+00:00\",\"breadcrumb\":{\"@id\":\"https:\\\/\\\/www.fld-lille.fr\\\/en\\\/practical-informations\\\/#breadcrumb\"},\"inLanguage\":\"en-US\",\"potentialAction\":[{\"@type\":\"ReadAction\",\"target\":[\"https:\\\/\\\/www.fld-lille.fr\\\/en\\\/practical-informations\\\/\"]}]},{\"@type\":\"ImageObject\",\"inLanguage\":\"en-US\",\"@id\":\"https:\\\/\\\/www.fld-lille.fr\\\/en\\\/practical-informations\\\/#primaryimage\",\"url\":\"https:\\\/\\\/www.fld-lille.fr\\\/wp-content\\\/uploads\\\/2025\\\/10\\\/ASSURANCE_MALADIE.svg_-300x88.png\",\"contentUrl\":\"https:\\\/\\\/www.fld-lille.fr\\\/wp-content\\\/uploads\\\/2025\\\/10\\\/ASSURANCE_MALADIE.svg_-300x88.png\"},{\"@type\":\"BreadcrumbList\",\"@id\":\"https:\\\/\\\/www.fld-lille.fr\\\/en\\\/practical-informations\\\/#breadcrumb\",\"itemListElement\":[{\"@type\":\"ListItem\",\"position\":1,\"name\":\"Accueil\",\"item\":\"https:\\\/\\\/www.fld-lille.fr\\\/en\\\/\"},{\"@type\":\"ListItem\",\"position\":2,\"name\":\"Practical information\"}]},{\"@type\":\"WebSite\",\"@id\":\"https:\\\/\\\/www.fld-lille.fr\\\/#website\",\"url\":\"https:\\\/\\\/www.fld-lille.fr\\\/\",\"name\":\"Facult\u00e9 de droit\",\"description\":\"Les facult\u00e9s de l&#039;Universit\u00e9 Catholique de Lille\",\"potentialAction\":[{\"@type\":\"SearchAction\",\"target\":{\"@type\":\"EntryPoint\",\"urlTemplate\":\"https:\\\/\\\/www.fld-lille.fr\\\/?s={search_term_string}\"},\"query-input\":{\"@type\":\"PropertyValueSpecification\",\"valueRequired\":true,\"valueName\":\"search_term_string\"}}],\"inLanguage\":\"en-US\"}]}<\/script>\n<!-- \/ Yoast SEO plugin. -->","yoast_head_json":{"title":"Practical information - Facult\u00e9 de droit","robots":{"index":"index","follow":"follow","max-snippet":"max-snippet:-1","max-image-preview":"max-image-preview:large","max-video-preview":"max-video-preview:-1"},"canonical":"https:\/\/www.fld-lille.fr\/en\/practical-informations\/","og_locale":"en_US","og_type":"article","og_title":"Practical information - Facult\u00e9 de droit","og_description":"[vc_row][vc_column][vc_column_text] Practical information [\/vc_column_text][\/vc_column][\/vc_row][vc_row][vc_column width=&#8221;1\/2&#8243;][vc_column_text] ACCOMODATION [\/vc_column_text][vc_column_text css=&#8221;&#8221;] The accommodation service of the\u00a0Association d\u2019Entraide Universitaire (AEU)\u00a0offers access to 10 university halls of residence (1 200 rooms, from 205 to 420\u20ac) close to the Lille campus. For further information please contact: Accueil de l\u2019AEU 47 bd Vauban \u2013 59000 Lille Tel : 03 20 15 97 [&hellip;]","og_url":"https:\/\/www.fld-lille.fr\/en\/practical-informations\/","og_site_name":"Facult\u00e9 de droit","article_publisher":"https:\/\/www.facebook.com\/FLDLilleParis\/","article_modified_time":"2025-10-22T14:23:13+00:00","og_image":[{"width":2560,"height":755,"url":"https:\/\/www.fld-lille.fr\/wp-content\/uploads\/2025\/10\/ASSURANCE_MALADIE.svg_.png","type":"image\/png"}],"twitter_card":"summary_large_image","twitter_misc":{"Est. reading time":"3 minutes"},"schema":{"@context":"https:\/\/schema.org","@graph":[{"@type":"WebPage","@id":"https:\/\/www.fld-lille.fr\/en\/practical-informations\/","url":"https:\/\/www.fld-lille.fr\/en\/practical-informations\/","name":"Practical information - Facult\u00e9 de droit","isPartOf":{"@id":"https:\/\/www.fld-lille.fr\/#website"},"primaryImageOfPage":{"@id":"https:\/\/www.fld-lille.fr\/en\/practical-informations\/#primaryimage"},"image":{"@id":"https:\/\/www.fld-lille.fr\/en\/practical-informations\/#primaryimage"},"thumbnailUrl":"https:\/\/www.fld-lille.fr\/wp-content\/uploads\/2025\/10\/ASSURANCE_MALADIE.svg_-300x88.png","datePublished":"2021-05-06T17:10:00+00:00","dateModified":"2025-10-22T14:23:13+00:00","breadcrumb":{"@id":"https:\/\/www.fld-lille.fr\/en\/practical-informations\/#breadcrumb"},"inLanguage":"en-US","potentialAction":[{"@type":"ReadAction","target":["https:\/\/www.fld-lille.fr\/en\/practical-informations\/"]}]},{"@type":"ImageObject","inLanguage":"en-US","@id":"https:\/\/www.fld-lille.fr\/en\/practical-informations\/#primaryimage","url":"https:\/\/www.fld-lille.fr\/wp-content\/uploads\/2025\/10\/ASSURANCE_MALADIE.svg_-300x88.png","contentUrl":"https:\/\/www.fld-lille.fr\/wp-content\/uploads\/2025\/10\/ASSURANCE_MALADIE.svg_-300x88.png"},{"@type":"BreadcrumbList","@id":"https:\/\/www.fld-lille.fr\/en\/practical-informations\/#breadcrumb","itemListElement":[{"@type":"ListItem","position":1,"name":"Accueil","item":"https:\/\/www.fld-lille.fr\/en\/"},{"@type":"ListItem","position":2,"name":"Practical information"}]},{"@type":"WebSite","@id":"https:\/\/www.fld-lille.fr\/#website","url":"https:\/\/www.fld-lille.fr\/","name":"Facult\u00e9 de droit","description":"Les facult\u00e9s de l&#039;Universit\u00e9 Catholique de Lille","potentialAction":[{"@type":"SearchAction","target":{"@type":"EntryPoint","urlTemplate":"https:\/\/www.fld-lille.fr\/?s={search_term_string}"},"query-input":{"@type":"PropertyValueSpecification","valueRequired":true,"valueName":"search_term_string"}}],"inLanguage":"en-US"}]}},"_links":{"self":[{"href":"https:\/\/www.fld-lille.fr\/en\/wp-json\/wp\/v2\/pages\/15690","targetHints":{"allow":["GET"]}}],"collection":[{"href":"https:\/\/www.fld-lille.fr\/en\/wp-json\/wp\/v2\/pages"}],"about":[{"href":"https:\/\/www.fld-lille.fr\/en\/wp-json\/wp\/v2\/types\/page"}],"author":[{"embeddable":true,"href":"https:\/\/www.fld-lille.fr\/en\/wp-json\/wp\/v2\/users\/38"}],"replies":[{"embeddable":true,"href":"https:\/\/www.fld-lille.fr\/en\/wp-json\/wp\/v2\/comments?post=15690"}],"version-history":[{"count":23,"href":"https:\/\/www.fld-lille.fr\/en\/wp-json\/wp\/v2\/pages\/15690\/revisions"}],"predecessor-version":[{"id":33783,"href":"https:\/\/www.fld-lille.fr\/en\/wp-json\/wp\/v2\/pages\/15690\/revisions\/33783"}],"wp:attachment":[{"href":"https:\/\/www.fld-lille.fr\/en\/wp-json\/wp\/v2\/media?parent=15690"}],"curies":[{"name":"wp","href":"https:\/\/api.w.org\/{rel}","templated":true}]}}