{"id":15591,"date":"2021-05-06T17:26:00","date_gmt":"2021-05-06T16:26:00","guid":{"rendered":"https:\/\/www.fld-lille.fr\/?page_id=15591"},"modified":"2025-04-28T18:51:04","modified_gmt":"2025-04-28T17:51:04","slug":"immigration","status":"publish","type":"page","link":"https:\/\/www.fld-lille.fr\/en\/immigration\/","title":{"rendered":"Going abroad"},"content":{"rendered":"<div class=\"wpb-content-wrapper\"><p>[vc_row][vc_column][vc_column_text]<\/p>\n<h1>Going abroad during your studies<\/h1>\n<p>[\/vc_column_text][\/vc_column][\/vc_row][vc_row][vc_column][vc_column_text]<\/p>\n<h3><span style=\"color: #ff0000;\">When can I go?\u00a0<\/span><\/h3>\n<p>[\/vc_column_text][\/vc_column][\/vc_row][vc_row][vc_column width=&#8221;1\/2&#8243;][vc_column_text]Thanks to numerous partnerships forged by the faculty, students have the possibility to study a \u00a0semester or a whole year abroad with the ERASMUS scheme or other global agreements.<\/p>\n<ul>\n<li><strong>For Bachelors students:<\/strong> departure for an entire year is possible in the 3rd year<\/li>\n<li><strong>For Masters students<\/strong> (4th and 5th years): it is also possible but will depend on the Masters currently followed<\/li>\n<\/ul>\n<p>[\/vc_column_text][\/vc_column][vc_column width=&#8221;1\/2&#8243;][vc_column_text]<strong>Students must create an application that will give them access to the different departure possibilities.<\/strong> They will then have the opportunity to leave for the destinations for which they have previously applied, depending on the places available and, of course, on the application file.[\/vc_column_text][\/vc_column][\/vc_row][vc_row][vc_column width=&#8221;1\/2&#8243;][vc_column_text]<\/p>\n<h3><span style=\"color: #ff0000;\">Where to go?<\/span><\/h3>\n<p>[\/vc_column_text][vc_column_text]The Faculty of Law and the Universit\u00e9 Catholique de Lille have several partnerships across the world. Through the ERASMUS programme as well as other global and bilateral agreements, students can choose from a large number of destinations all over the world: Germany, Estonia, Spain, USA, Turkey, Australia\u2026[\/vc_column_text][vc_row_inner][vc_column_inner][\/vc_column_inner][\/vc_row_inner][\/vc_column][vc_column width=&#8221;1\/2&#8243;][vc_single_image image=&#8221;31331&#8243; img_size=&#8221;full&#8221; alignment=&#8221;center&#8221; css=&#8221;&#8221;][\/vc_column][\/vc_row][vc_row disable_element=&#8221;yes&#8221;][vc_column width=&#8221;1\/2&#8243;][vc_row_inner][vc_column_inner][\/vc_column_inner][\/vc_row_inner][\/vc_column][vc_column width=&#8221;1\/2&#8243;][vc_raw_html css=&#8221;&#8221;]JTNDc2NyaXB0JTIwdHlwZSUzRCUyMnRleHQlMkZqYXZhc2NyaXB0JTIyJTNFJTBBJTA5ZG9jdW1lbnQuYWRkRXZlbnRMaXN0ZW5lciUyOCUyMkRPTUNvbnRlbnRMb2FkZWQlMjIlMkMlMjAlMjglMjklMjAlM0QlM0UlMjAlN0IlMEElMDklMDklMkYlMkYlMjB2YXIlMjBuYW1lJTIwJTNEJTIwJTIyY29va2llc1ZhbGlkYXRpb24lM0QlMjIlM0IlMEElMDklMDklMkYlMkYlMjB2YXIlMjBkZWNvZGVkQ29va2llJTIwJTNEJTIwZGVjb2RlVVJJQ29tcG9uZW50JTI4ZG9jdW1lbnQuY29va2llJTI5LnNwbGl0JTI4bmFtZSUyOSUzQiUwQSUwOSUwOSUyRiUyRiUyMGlmJTIwJTI4JTIwZGVjb2RlZENvb2tpZSUyMCUyNiUyNiUyMGRlY29kZWRDb29raWUubGVuZ3RoJTIwJTNFJTIwMSUyMCUyNiUyNiUyMCUyOGRlY29kZWRDb29raWUlNUIxJTVELmluZGV4T2YlMjglMjJnb29nbGVtYXBzJTNEdHJ1ZSUyMiUyOSUyMCUzRSUyMDAlMjAlMjklMjAlMjklMjAlN0IlMEElMDklMDklMDklMjQlMjglMjcuZ29vZ2xlTWFwSWZyYW1lJTI3JTI5Lmh0bWwlMjglMjclM0NpZnJhbWUlMjBzcmMlM0QlMjJodHRwcyUzQSUyRiUyRnd3dy5nb29nbGUuY29tJTJGbWFwcyUyRmQlMkZlbWJlZCUzRm1pZCUzRDF2SFgtaThkaXo2bW0zWVlNVHhsVG5KT3I2NGxQWmNVJTI2aGwlM0RmciUyNmVoYmMlM0QyRTMxMkYlMjIlMjB3aWR0aCUzRCUyMjY0MCUyMiUyMGhlaWdodCUzRCUyMjQ4MCUyMiUzRSUzQyUyRmlmcmFtZSUzRSUyNyUyOSUzQiUwQSUwOSUwOSUyRiUyRiUyMCU3RCUwQSUwOSU3RCUyOSUzQiUwQSUzQyUyRnNjcmlwdCUzRSUwQSUzQ2RpdiUyMGNsYXNzJTNEJTIyZ29vZ2xlTWFwSWZyYW1lJTIyJTNFJTNDJTJGZGl2JTNF[\/vc_raw_html][\/vc_column][\/vc_row][vc_row][vc_column][vc_column_text]<\/p>\n<h3><span style=\"color: #ff0000;\">How to apply?<\/span><\/h3>\n<p>[\/vc_column_text][vc_row_inner][vc_column_inner width=&#8221;1\/2&#8243;][vc_column_text]<\/p>\n<p style=\"text-align: left;\"><strong>An application must be filled in and submitted before mid-december, this application must contain:<\/strong><\/p>\n<ul style=\"text-align: left;\">\n<li>Bachelors grades transcripts,<\/li>\n<li>Curriculum vitae,<\/li>\n<li>Cover letter written in the language in which the courses are to be taught<\/li>\n<\/ul>\n<p style=\"text-align: left;\">Depending on the number of applications, the results obtained since 1st year and language tests according to universities, an interview with the International Relations coordinator and the assessor in charge of international development may be necessary.<\/p>\n<p>[\/vc_column_text][\/vc_column_inner][vc_column_inner width=&#8221;1\/2&#8243;][vc_column_text]The Faculty offers students the possibility of applying for a maximum of two courses per language of instruction. When filling out the application form, the student must make sure to prioritize his or her choices in order to highlight the University for which he or she wishes to receive a favorable opinion.<\/p>\n<p><strong>If the first choice is not awarded to the student, he\/she will be directed to the second choice formulated in his\/her application.<\/strong>[\/vc_column_text][vc_column_text][\/vc_column_text][vc_single_image image=&#8221;23597&#8243; img_size=&#8221;large&#8221;][\/vc_column_inner][\/vc_row_inner][\/vc_column][\/vc_row][vc_row][vc_column][vc_column_text]<\/p>\n<hr \/>\n<p style=\"text-align: center;\"><strong>Contact:<\/strong><\/p>\n<p style=\"text-align: center;\">Isabelle MINEZ, In Charge of International Relations<br \/>\nIsabelle.minez@univ-catholille.fr<\/p>\n<hr \/>\n<p>[\/vc_column_text][\/vc_column][\/vc_row]<\/p>\n<\/div>","protected":false},"excerpt":{"rendered":"<p>[vc_row][vc_column][vc_column_text] Going abroad during your studies [\/vc_column_text][\/vc_column][\/vc_row][vc_row][vc_column][vc_column_text] When can I go?\u00a0 [\/vc_column_text][\/vc_column][\/vc_row][vc_row][vc_column width=&#8221;1\/2&#8243;][vc_column_text]Thanks to numerous partnerships forged by the faculty, students have the possibility to study a \u00a0semester or a whole year abroad with the ERASMUS scheme or other global agreements. For Bachelors students: departure for an entire year is possible in the 3rd year [&hellip;]<\/p>\n","protected":false},"author":38,"featured_media":0,"parent":0,"menu_order":14,"comment_status":"closed","ping_status":"closed","template":"","meta":{"_acf_changed":false,"footnotes":""},"class_list":["post-15591","page","type-page","status-publish","hentry"],"acf":[],"yoast_head":"<!-- This site is optimized with the Yoast SEO plugin v27.3 - https:\/\/yoast.com\/product\/yoast-seo-wordpress\/ -->\n<title>Going abroad - Facult\u00e9 de droit<\/title>\n<meta name=\"robots\" content=\"index, follow, max-snippet:-1, max-image-preview:large, max-video-preview:-1\" \/>\n<link rel=\"canonical\" href=\"https:\/\/www.fld-lille.fr\/en\/immigration\/\" \/>\n<meta property=\"og:locale\" content=\"en_US\" \/>\n<meta property=\"og:type\" content=\"article\" \/>\n<meta property=\"og:title\" content=\"Going abroad - Facult\u00e9 de droit\" \/>\n<meta property=\"og:description\" content=\"[vc_row][vc_column][vc_column_text] Going abroad during your studies [\/vc_column_text][\/vc_column][\/vc_row][vc_row][vc_column][vc_column_text] When can I go?\u00a0 [\/vc_column_text][\/vc_column][\/vc_row][vc_row][vc_column width=&#8221;1\/2&#8243;][vc_column_text]Thanks to numerous partnerships forged by the faculty, students have the possibility to study a \u00a0semester or a whole year abroad with the ERASMUS scheme or other global agreements. For Bachelors students: departure for an entire year is possible in the 3rd year [&hellip;]\" \/>\n<meta property=\"og:url\" content=\"https:\/\/www.fld-lille.fr\/en\/immigration\/\" \/>\n<meta property=\"og:site_name\" content=\"Facult\u00e9 de droit\" \/>\n<meta property=\"article:publisher\" content=\"https:\/\/www.facebook.com\/FLDLilleParis\/\" \/>\n<meta property=\"article:modified_time\" content=\"2025-04-28T17:51:04+00:00\" \/>\n<meta name=\"twitter:card\" content=\"summary_large_image\" \/>\n<meta name=\"twitter:label1\" content=\"Est. reading time\" \/>\n\t<meta name=\"twitter:data1\" content=\"3 minutes\" \/>\n<script type=\"application\/ld+json\" class=\"yoast-schema-graph\">{\"@context\":\"https:\\\/\\\/schema.org\",\"@graph\":[{\"@type\":\"WebPage\",\"@id\":\"https:\\\/\\\/www.fld-lille.fr\\\/en\\\/immigration\\\/\",\"url\":\"https:\\\/\\\/www.fld-lille.fr\\\/en\\\/immigration\\\/\",\"name\":\"Going abroad - Facult\u00e9 de droit\",\"isPartOf\":{\"@id\":\"https:\\\/\\\/www.fld-lille.fr\\\/#website\"},\"datePublished\":\"2021-05-06T16:26:00+00:00\",\"dateModified\":\"2025-04-28T17:51:04+00:00\",\"breadcrumb\":{\"@id\":\"https:\\\/\\\/www.fld-lille.fr\\\/en\\\/immigration\\\/#breadcrumb\"},\"inLanguage\":\"en-US\",\"potentialAction\":[{\"@type\":\"ReadAction\",\"target\":[\"https:\\\/\\\/www.fld-lille.fr\\\/en\\\/immigration\\\/\"]}]},{\"@type\":\"BreadcrumbList\",\"@id\":\"https:\\\/\\\/www.fld-lille.fr\\\/en\\\/immigration\\\/#breadcrumb\",\"itemListElement\":[{\"@type\":\"ListItem\",\"position\":1,\"name\":\"Accueil\",\"item\":\"https:\\\/\\\/www.fld-lille.fr\\\/en\\\/\"},{\"@type\":\"ListItem\",\"position\":2,\"name\":\"Going abroad\"}]},{\"@type\":\"WebSite\",\"@id\":\"https:\\\/\\\/www.fld-lille.fr\\\/#website\",\"url\":\"https:\\\/\\\/www.fld-lille.fr\\\/\",\"name\":\"Facult\u00e9 de droit\",\"description\":\"Les facult\u00e9s de l&#039;Universit\u00e9 Catholique de Lille\",\"potentialAction\":[{\"@type\":\"SearchAction\",\"target\":{\"@type\":\"EntryPoint\",\"urlTemplate\":\"https:\\\/\\\/www.fld-lille.fr\\\/?s={search_term_string}\"},\"query-input\":{\"@type\":\"PropertyValueSpecification\",\"valueRequired\":true,\"valueName\":\"search_term_string\"}}],\"inLanguage\":\"en-US\"}]}<\/script>\n<!-- \/ Yoast SEO plugin. -->","yoast_head_json":{"title":"Going abroad - Facult\u00e9 de droit","robots":{"index":"index","follow":"follow","max-snippet":"max-snippet:-1","max-image-preview":"max-image-preview:large","max-video-preview":"max-video-preview:-1"},"canonical":"https:\/\/www.fld-lille.fr\/en\/immigration\/","og_locale":"en_US","og_type":"article","og_title":"Going abroad - Facult\u00e9 de droit","og_description":"[vc_row][vc_column][vc_column_text] Going abroad during your studies [\/vc_column_text][\/vc_column][\/vc_row][vc_row][vc_column][vc_column_text] When can I go?\u00a0 [\/vc_column_text][\/vc_column][\/vc_row][vc_row][vc_column width=&#8221;1\/2&#8243;][vc_column_text]Thanks to numerous partnerships forged by the faculty, students have the possibility to study a \u00a0semester or a whole year abroad with the ERASMUS scheme or other global agreements. For Bachelors students: departure for an entire year is possible in the 3rd year [&hellip;]","og_url":"https:\/\/www.fld-lille.fr\/en\/immigration\/","og_site_name":"Facult\u00e9 de droit","article_publisher":"https:\/\/www.facebook.com\/FLDLilleParis\/","article_modified_time":"2025-04-28T17:51:04+00:00","twitter_card":"summary_large_image","twitter_misc":{"Est. reading time":"3 minutes"},"schema":{"@context":"https:\/\/schema.org","@graph":[{"@type":"WebPage","@id":"https:\/\/www.fld-lille.fr\/en\/immigration\/","url":"https:\/\/www.fld-lille.fr\/en\/immigration\/","name":"Going abroad - Facult\u00e9 de droit","isPartOf":{"@id":"https:\/\/www.fld-lille.fr\/#website"},"datePublished":"2021-05-06T16:26:00+00:00","dateModified":"2025-04-28T17:51:04+00:00","breadcrumb":{"@id":"https:\/\/www.fld-lille.fr\/en\/immigration\/#breadcrumb"},"inLanguage":"en-US","potentialAction":[{"@type":"ReadAction","target":["https:\/\/www.fld-lille.fr\/en\/immigration\/"]}]},{"@type":"BreadcrumbList","@id":"https:\/\/www.fld-lille.fr\/en\/immigration\/#breadcrumb","itemListElement":[{"@type":"ListItem","position":1,"name":"Accueil","item":"https:\/\/www.fld-lille.fr\/en\/"},{"@type":"ListItem","position":2,"name":"Going abroad"}]},{"@type":"WebSite","@id":"https:\/\/www.fld-lille.fr\/#website","url":"https:\/\/www.fld-lille.fr\/","name":"Facult\u00e9 de droit","description":"Les facult\u00e9s de l&#039;Universit\u00e9 Catholique de Lille","potentialAction":[{"@type":"SearchAction","target":{"@type":"EntryPoint","urlTemplate":"https:\/\/www.fld-lille.fr\/?s={search_term_string}"},"query-input":{"@type":"PropertyValueSpecification","valueRequired":true,"valueName":"search_term_string"}}],"inLanguage":"en-US"}]}},"_links":{"self":[{"href":"https:\/\/www.fld-lille.fr\/en\/wp-json\/wp\/v2\/pages\/15591","targetHints":{"allow":["GET"]}}],"collection":[{"href":"https:\/\/www.fld-lille.fr\/en\/wp-json\/wp\/v2\/pages"}],"about":[{"href":"https:\/\/www.fld-lille.fr\/en\/wp-json\/wp\/v2\/types\/page"}],"author":[{"embeddable":true,"href":"https:\/\/www.fld-lille.fr\/en\/wp-json\/wp\/v2\/users\/38"}],"replies":[{"embeddable":true,"href":"https:\/\/www.fld-lille.fr\/en\/wp-json\/wp\/v2\/comments?post=15591"}],"version-history":[{"count":11,"href":"https:\/\/www.fld-lille.fr\/en\/wp-json\/wp\/v2\/pages\/15591\/revisions"}],"predecessor-version":[{"id":31333,"href":"https:\/\/www.fld-lille.fr\/en\/wp-json\/wp\/v2\/pages\/15591\/revisions\/31333"}],"wp:attachment":[{"href":"https:\/\/www.fld-lille.fr\/en\/wp-json\/wp\/v2\/media?parent=15591"}],"curies":[{"name":"wp","href":"https:\/\/api.w.org\/{rel}","templated":true}]}}