{"id":15443,"date":"2021-05-06T16:53:57","date_gmt":"2021-05-06T15:53:57","guid":{"rendered":"https:\/\/www.fld-lille.fr\/?page_id=15443"},"modified":"2025-10-22T14:22:45","modified_gmt":"2025-10-22T13:22:45","slug":"tuition-fees-financial-help","status":"publish","type":"page","link":"https:\/\/www.fld-lille.fr\/en\/tuition-fees-financial-help\/","title":{"rendered":"Tuition fees &#038; financial help"},"content":{"rendered":"<div class=\"wpb-content-wrapper\"><p>[vc_row][vc_column][vc_column_text css=&#8221;&#8221;]<\/p>\n<h1 class=\"red\">Tuition fees<\/h1>\n<p>[\/vc_column_text][vc_row_inner][vc_column_inner width=&#8221;1\/2&#8243;][vc_column_text css=&#8221;&#8221;]The Faculty of Law is a private higher education institution.<br \/>\nIn order to avoid a heavy burden on families, we invest a great deal of time and effort in seeking <strong>donations<\/strong> and in allocating <strong>the apprenticeship tax<\/strong>.<br \/>\nNevertheless, our faculty cannot function without the <strong>joint contribution of families<\/strong>. Solidarity therefore leads us to modulate the amounts of contributions according to income.<br \/>\nWe reinvest the totality of the contributions in the improvement of the teaching within the Universit\u00e9 Catholique de Lille, for the benefit of our students.[\/vc_column_text][\/vc_column_inner][vc_column_inner width=&#8221;1\/2&#8243;]<div class=\"frame\">\n  <h3 style=\"text-align: center;\">You can get a direct estimation of your tuition fees online:<\/h3>\n<p style=\"text-align: center;\"><a class=\"button-secondary\" href=\"http:\/\/lesfacultes.univ-catholille.fr\/sinscrire\/estimer-vos-frais-de-scolarite\" target=\"_blank\" rel=\"noopener noreferrer\">BY CONNECTING HERE<\/a><\/p>\n\n<\/div>\n[\/vc_column_inner][\/vc_row_inner][\/vc_column][\/vc_row][vc_row][vc_column][vc_row_inner disable_element=&#8221;yes&#8221;][vc_column_inner width=&#8221;1\/2&#8243;][vc_column_text css=&#8221;&#8221;]<strong>Bachelors &amp; Masters Programmes &#8211; Lille campus:<\/strong> average price of 6360 \u20ac (3000 \u20ac to 10 500 \u20ac depending on income and CROUS levels).<\/p>\n<p><strong>Bachelors &amp; Masters Programmes &#8211; Issy-les-Moulineaux Campus:<\/strong> average price of 7620 \u20ac (4020\u20ac to 11940\u20ac depending on income and CROUS levels)[\/vc_column_text][\/vc_column_inner][vc_column_inner width=&#8221;1\/2&#8243;][vc_column_text]<\/p>\n<ul>\n<li><strong>Work-study Masters in Law (apprenticeship contract) :<br \/>\n<\/strong>For apprenticeship contracts, tuition fees are covered by the company. Applicants have to find their company and apprenticeship contract otherwise they will have to pay \u20ac5625 yearly and validate their student year with an internship.<strong><br \/>\n<\/strong><\/li>\n<li><strong>Work-Study Masters in Law (internships) :<br \/>\n<\/strong>\u20ac5625 per year<\/li>\n<\/ul>\n<p>[\/vc_column_text][\/vc_column_inner][\/vc_row_inner][vc_row_inner disable_element=&#8221;yes&#8221;][vc_column_inner width=&#8221;1\/2&#8243;][vc_column_text]*Rates shown are intended to be indicators and are liable to change. During registration, the applied scale lasts the length of the degree program and cannot be increased by more than 3% per year. In case of financial difficulties and significant changes in means, the student must compile a dossier to be addressed to and examined by the solidarity committee (\u201ccommission de solidarit\u00e9\u201d).[\/vc_column_text][\/vc_column_inner][vc_column_inner width=&#8221;1\/2&#8243;][vc_column_text]Please note that this price does not cover \u201ccontribution of student community and campus\u201d CVEC (\u20ac90), student services (students projects \u20ac40 + application fees (except Parcoursup) \u20ac85), campus services (\u20ac50), legal fees (\u20ac100). Multiple payment fees (\u20ac41). These supplementary charges do not apply to students on apprenticeship contracts.[\/vc_column_text][\/vc_column_inner][\/vc_row_inner][\/vc_column][\/vc_row][vc_row][vc_column][vc_column_text css=&#8221;&#8221;]<\/p>\n<h1 class=\"red\">Financial help<\/h1>\n<p>[\/vc_column_text][vc_column_text css=&#8221;&#8221;]<\/p>\n<h3><span style=\"text-decoration: underline;\">Eiffel scholarship programme of excellence<\/span><\/h3>\n<p>[\/vc_column_text][\/vc_column][\/vc_row][vc_row][vc_column][vc_column_text css=&#8221;&#8221;]<\/p>\n<div class=\"vc_row wpb_row vc_row-fluid\">\n<div class=\"wpb_column vc_column_container vc_col-sm-10\">\n<div class=\"vc_column-inner\">\n<div class=\"wpb_wrapper\">\n<div class=\"wpb_text_column wpb_content_element \">\n<div class=\"wpb_wrapper\">\n<p>The Eiffel Excellence Scholarship Program was created by the French Ministry for Europe and Foreign Affairs in 1999. It enabled top foreign students to enroll in Masters programmes in France (Master 1 and Master 2).<strong>Applicants must be 25 years of age or younger.<\/strong><\/p>\n<p><strong>First, applications for the academic year must be submitted <u>BEFORE December<\/u>. Contact\u00a0:\u00a0<\/strong><a href=\"mailto:isabelle.minez@univ-catholille.fr\"><strong>isabelle.minez@univ-catholille.fr<\/strong><\/a><\/p>\n<p><span style=\"text-decoration: underline;\">Required documents\u00a0:<\/span><\/p>\n<ul>\n<li style=\"list-style-type: none;\">\n<ul>\n<li>Resume or Curriculum Vitae\u00a0<strong><u>with your current postal address, phone number and email address<\/u><\/strong>. Besides, please specifiy mentions in diploma, ranking, \u2026<\/li>\n<li>\u00a0A cover letter\u00a0of 1or 2 pages, presenting your career plan, why you choose to study in France and in our Faculty, in relation with your former studies and your professional project\u2026 Please indicate clearly which of our programmes you apply in\u00a0!<\/li>\n<li>A certificate of French Language (a B2 level is required). For programmes with courses taught in English, supply any certificate or score report (TOEIC, TOEFL, IELTS\u2026)<\/li>\n<li>Your Transcript of Records of the last 3 years (higher education transcripts).<\/li>\n<li>A copy of degrees or diplomas until now, with mention of the date, speciality.<\/li>\n<li>A copy of your passport.<\/li>\n<li>If you wish, you can enclose letters of recommendation from your Lecturers, former Internship Tutors\u2026<\/li>\n<\/ul>\n<\/li>\n<\/ul>\n<p>&nbsp;<\/p>\n<ul>\n<li><strong>Secondly, the accepted applicant forms will be submitted online by our Faculty before <\/strong><strong><u>January<\/u><\/strong>.<\/li>\n<\/ul>\n<\/div>\n<\/div>\n<\/div>\n<\/div>\n<\/div>\n<\/div>\n<p>[\/vc_column_text][vc_column_text css=&#8221;&#8221;]<\/p>\n<h3><span style=\"text-decoration: underline;\">Other financial helps<\/span><\/h3>\n<p>[\/vc_column_text][vc_column_text css=&#8221;&#8221;]<a class=\"button button-secondary\" href=\"https:\/\/www.univ-catholille.fr\/en\/international-student-support\/financial-aid-scholarships\/\" target=\"_blank\" rel=\"noopener noreferrer\">EVERYTHING YOU SHOULD KNOW ABOUT GRANTS AND OTHER FINANCIAL HELP<\/a>[\/vc_column_text][\/vc_column][\/vc_row]<\/p>\n<\/div>","protected":false},"excerpt":{"rendered":"<p>[vc_row][vc_column][vc_column_text css=&#8221;&#8221;] Tuition fees [\/vc_column_text][vc_row_inner][vc_column_inner width=&#8221;1\/2&#8243;][vc_column_text css=&#8221;&#8221;]The Faculty of Law is a private higher education institution. In order to avoid a heavy burden on families, we invest a great deal of time and effort in seeking donations and in allocating the apprenticeship tax. Nevertheless, our faculty cannot function without the joint contribution of families. Solidarity [&hellip;]<\/p>\n","protected":false},"author":38,"featured_media":0,"parent":0,"menu_order":0,"comment_status":"closed","ping_status":"closed","template":"","meta":{"_acf_changed":false,"footnotes":""},"class_list":["post-15443","page","type-page","status-publish","hentry"],"acf":[],"yoast_head":"<!-- This site is optimized with the Yoast SEO plugin v27.4 - https:\/\/yoast.com\/product\/yoast-seo-wordpress\/ -->\n<title>Tuition fees &amp; financial help - Facult\u00e9 de droit<\/title>\n<meta name=\"robots\" content=\"index, follow, max-snippet:-1, max-image-preview:large, max-video-preview:-1\" \/>\n<link rel=\"canonical\" href=\"https:\/\/www.fld-lille.fr\/en\/tuition-fees-financial-help\/\" \/>\n<meta property=\"og:locale\" content=\"en_US\" \/>\n<meta property=\"og:type\" content=\"article\" \/>\n<meta property=\"og:title\" content=\"Tuition fees &amp; financial help - Facult\u00e9 de droit\" \/>\n<meta property=\"og:description\" content=\"[vc_row][vc_column][vc_column_text css=&#8221;&#8221;] Tuition fees [\/vc_column_text][vc_row_inner][vc_column_inner width=&#8221;1\/2&#8243;][vc_column_text css=&#8221;&#8221;]The Faculty of Law is a private higher education institution. In order to avoid a heavy burden on families, we invest a great deal of time and effort in seeking donations and in allocating the apprenticeship tax. Nevertheless, our faculty cannot function without the joint contribution of families. Solidarity [&hellip;]\" \/>\n<meta property=\"og:url\" content=\"https:\/\/www.fld-lille.fr\/en\/tuition-fees-financial-help\/\" \/>\n<meta property=\"og:site_name\" content=\"Facult\u00e9 de droit\" \/>\n<meta property=\"article:publisher\" content=\"https:\/\/www.facebook.com\/FLDLilleParis\/\" \/>\n<meta property=\"article:modified_time\" content=\"2025-10-22T13:22:45+00:00\" \/>\n<meta name=\"twitter:card\" content=\"summary_large_image\" \/>\n<meta name=\"twitter:label1\" content=\"Est. reading time\" \/>\n\t<meta name=\"twitter:data1\" content=\"3 minutes\" \/>\n<script type=\"application\/ld+json\" class=\"yoast-schema-graph\">{\"@context\":\"https:\\\/\\\/schema.org\",\"@graph\":[{\"@type\":\"WebPage\",\"@id\":\"https:\\\/\\\/www.fld-lille.fr\\\/en\\\/tuition-fees-financial-help\\\/\",\"url\":\"https:\\\/\\\/www.fld-lille.fr\\\/en\\\/tuition-fees-financial-help\\\/\",\"name\":\"Tuition fees & financial help - Facult\u00e9 de droit\",\"isPartOf\":{\"@id\":\"https:\\\/\\\/www.fld-lille.fr\\\/#website\"},\"datePublished\":\"2021-05-06T15:53:57+00:00\",\"dateModified\":\"2025-10-22T13:22:45+00:00\",\"breadcrumb\":{\"@id\":\"https:\\\/\\\/www.fld-lille.fr\\\/en\\\/tuition-fees-financial-help\\\/#breadcrumb\"},\"inLanguage\":\"en-US\",\"potentialAction\":[{\"@type\":\"ReadAction\",\"target\":[\"https:\\\/\\\/www.fld-lille.fr\\\/en\\\/tuition-fees-financial-help\\\/\"]}]},{\"@type\":\"BreadcrumbList\",\"@id\":\"https:\\\/\\\/www.fld-lille.fr\\\/en\\\/tuition-fees-financial-help\\\/#breadcrumb\",\"itemListElement\":[{\"@type\":\"ListItem\",\"position\":1,\"name\":\"Accueil\",\"item\":\"https:\\\/\\\/www.fld-lille.fr\\\/en\\\/\"},{\"@type\":\"ListItem\",\"position\":2,\"name\":\"Tuition fees &#038; financial help\"}]},{\"@type\":\"WebSite\",\"@id\":\"https:\\\/\\\/www.fld-lille.fr\\\/#website\",\"url\":\"https:\\\/\\\/www.fld-lille.fr\\\/\",\"name\":\"Facult\u00e9 de droit\",\"description\":\"Les facult\u00e9s de l&#039;Universit\u00e9 Catholique de Lille\",\"potentialAction\":[{\"@type\":\"SearchAction\",\"target\":{\"@type\":\"EntryPoint\",\"urlTemplate\":\"https:\\\/\\\/www.fld-lille.fr\\\/?s={search_term_string}\"},\"query-input\":{\"@type\":\"PropertyValueSpecification\",\"valueRequired\":true,\"valueName\":\"search_term_string\"}}],\"inLanguage\":\"en-US\"}]}<\/script>\n<!-- \/ Yoast SEO plugin. -->","yoast_head_json":{"title":"Tuition fees & financial help - Facult\u00e9 de droit","robots":{"index":"index","follow":"follow","max-snippet":"max-snippet:-1","max-image-preview":"max-image-preview:large","max-video-preview":"max-video-preview:-1"},"canonical":"https:\/\/www.fld-lille.fr\/en\/tuition-fees-financial-help\/","og_locale":"en_US","og_type":"article","og_title":"Tuition fees & financial help - Facult\u00e9 de droit","og_description":"[vc_row][vc_column][vc_column_text css=&#8221;&#8221;] Tuition fees [\/vc_column_text][vc_row_inner][vc_column_inner width=&#8221;1\/2&#8243;][vc_column_text css=&#8221;&#8221;]The Faculty of Law is a private higher education institution. In order to avoid a heavy burden on families, we invest a great deal of time and effort in seeking donations and in allocating the apprenticeship tax. Nevertheless, our faculty cannot function without the joint contribution of families. Solidarity [&hellip;]","og_url":"https:\/\/www.fld-lille.fr\/en\/tuition-fees-financial-help\/","og_site_name":"Facult\u00e9 de droit","article_publisher":"https:\/\/www.facebook.com\/FLDLilleParis\/","article_modified_time":"2025-10-22T13:22:45+00:00","twitter_card":"summary_large_image","twitter_misc":{"Est. reading time":"3 minutes"},"schema":{"@context":"https:\/\/schema.org","@graph":[{"@type":"WebPage","@id":"https:\/\/www.fld-lille.fr\/en\/tuition-fees-financial-help\/","url":"https:\/\/www.fld-lille.fr\/en\/tuition-fees-financial-help\/","name":"Tuition fees & financial help - Facult\u00e9 de droit","isPartOf":{"@id":"https:\/\/www.fld-lille.fr\/#website"},"datePublished":"2021-05-06T15:53:57+00:00","dateModified":"2025-10-22T13:22:45+00:00","breadcrumb":{"@id":"https:\/\/www.fld-lille.fr\/en\/tuition-fees-financial-help\/#breadcrumb"},"inLanguage":"en-US","potentialAction":[{"@type":"ReadAction","target":["https:\/\/www.fld-lille.fr\/en\/tuition-fees-financial-help\/"]}]},{"@type":"BreadcrumbList","@id":"https:\/\/www.fld-lille.fr\/en\/tuition-fees-financial-help\/#breadcrumb","itemListElement":[{"@type":"ListItem","position":1,"name":"Accueil","item":"https:\/\/www.fld-lille.fr\/en\/"},{"@type":"ListItem","position":2,"name":"Tuition fees &#038; financial help"}]},{"@type":"WebSite","@id":"https:\/\/www.fld-lille.fr\/#website","url":"https:\/\/www.fld-lille.fr\/","name":"Facult\u00e9 de droit","description":"Les facult\u00e9s de l&#039;Universit\u00e9 Catholique de Lille","potentialAction":[{"@type":"SearchAction","target":{"@type":"EntryPoint","urlTemplate":"https:\/\/www.fld-lille.fr\/?s={search_term_string}"},"query-input":{"@type":"PropertyValueSpecification","valueRequired":true,"valueName":"search_term_string"}}],"inLanguage":"en-US"}]}},"_links":{"self":[{"href":"https:\/\/www.fld-lille.fr\/en\/wp-json\/wp\/v2\/pages\/15443","targetHints":{"allow":["GET"]}}],"collection":[{"href":"https:\/\/www.fld-lille.fr\/en\/wp-json\/wp\/v2\/pages"}],"about":[{"href":"https:\/\/www.fld-lille.fr\/en\/wp-json\/wp\/v2\/types\/page"}],"author":[{"embeddable":true,"href":"https:\/\/www.fld-lille.fr\/en\/wp-json\/wp\/v2\/users\/38"}],"replies":[{"embeddable":true,"href":"https:\/\/www.fld-lille.fr\/en\/wp-json\/wp\/v2\/comments?post=15443"}],"version-history":[{"count":18,"href":"https:\/\/www.fld-lille.fr\/en\/wp-json\/wp\/v2\/pages\/15443\/revisions"}],"predecessor-version":[{"id":33763,"href":"https:\/\/www.fld-lille.fr\/en\/wp-json\/wp\/v2\/pages\/15443\/revisions\/33763"}],"wp:attachment":[{"href":"https:\/\/www.fld-lille.fr\/en\/wp-json\/wp\/v2\/media?parent=15443"}],"curies":[{"name":"wp","href":"https:\/\/api.w.org\/{rel}","templated":true}]}}