{"id":15311,"date":"2021-05-06T15:11:15","date_gmt":"2021-05-06T14:11:15","guid":{"rendered":"https:\/\/www.fld-lille.fr\/?page_id=15311"},"modified":"2022-10-14T15:52:09","modified_gmt":"2022-10-14T14:52:09","slug":"jobs-careers","status":"publish","type":"page","link":"https:\/\/www.fld-lille.fr\/en\/jobs-careers\/","title":{"rendered":"Jobs &#038; Careers"},"content":{"rendered":"<h2><b>Send a spontaneous application<\/b><\/h2>\n<p><em>CV \/ Letter of intent to be addressed to:<\/em><\/p>\n<div id=\"c2482\" class=\"csc-default\">\n<p>Direction des Ressources Humaines de l\u2019Institut Catholique de Lille<br \/>\nMadame Yolande MAGRIT &#8211; Directeur des Ressources Humaines<br \/>\n60 Bd Vauban \u2013 CS 40109 \u2013 59016 Lille Cedex<\/p>\n<\/div>\n<div id=\"c2483\" class=\"csc-default\">\n<p class=\"bodytext\">T\/ +33 (0)3 59 31 50 11<br \/>\nM\/ <a href=\"mailto:carine.ledoux@univ-catholille.fr\">carine.ledoux@univ-catholille.fr<\/a><\/p>\n<\/div>\n","protected":false},"excerpt":{"rendered":"<p>Send a spontaneous application CV \/ Letter of intent to be addressed to: Direction des Ressources Humaines de l\u2019Institut Catholique de Lille Madame Yolande MAGRIT &#8211; Directeur des Ressources Humaines 60 Bd Vauban \u2013 CS 40109 \u2013 59016 Lille Cedex T\/ +33 (0)3 59 31 50 11 M\/ carine.ledoux@univ-catholille.fr<\/p>\n","protected":false},"author":38,"featured_media":0,"parent":0,"menu_order":13,"comment_status":"closed","ping_status":"closed","template":"","meta":{"_acf_changed":false,"footnotes":""},"class_list":["post-15311","page","type-page","status-publish","hentry"],"acf":[],"yoast_head":"<!-- This site is optimized with the Yoast SEO plugin v27.3 - https:\/\/yoast.com\/product\/yoast-seo-wordpress\/ -->\n<title>Jobs &amp; Careers - Facult\u00e9 de droit<\/title>\n<meta name=\"robots\" content=\"index, follow, max-snippet:-1, max-image-preview:large, max-video-preview:-1\" \/>\n<link rel=\"canonical\" href=\"https:\/\/www.fld-lille.fr\/en\/jobs-careers\/\" \/>\n<meta property=\"og:locale\" content=\"en_US\" \/>\n<meta property=\"og:type\" content=\"article\" \/>\n<meta property=\"og:title\" content=\"Jobs &amp; Careers - Facult\u00e9 de droit\" \/>\n<meta property=\"og:description\" content=\"Send a spontaneous application CV \/ Letter of intent to be addressed to: Direction des Ressources Humaines de l\u2019Institut Catholique de Lille Madame Yolande MAGRIT &#8211; Directeur des Ressources Humaines 60 Bd Vauban \u2013 CS 40109 \u2013 59016 Lille Cedex T\/ +33 (0)3 59 31 50 11 M\/ carine.ledoux@univ-catholille.fr\" \/>\n<meta property=\"og:url\" content=\"https:\/\/www.fld-lille.fr\/en\/jobs-careers\/\" \/>\n<meta property=\"og:site_name\" content=\"Facult\u00e9 de droit\" \/>\n<meta property=\"article:publisher\" content=\"https:\/\/www.facebook.com\/FLDLilleParis\/\" \/>\n<meta property=\"article:modified_time\" content=\"2022-10-14T14:52:09+00:00\" \/>\n<meta name=\"twitter:card\" content=\"summary_large_image\" \/>\n<meta name=\"twitter:label1\" content=\"Est. reading time\" \/>\n\t<meta name=\"twitter:data1\" content=\"1 minute\" \/>\n<script type=\"application\/ld+json\" class=\"yoast-schema-graph\">{\"@context\":\"https:\\\/\\\/schema.org\",\"@graph\":[{\"@type\":\"WebPage\",\"@id\":\"https:\\\/\\\/www.fld-lille.fr\\\/en\\\/jobs-careers\\\/\",\"url\":\"https:\\\/\\\/www.fld-lille.fr\\\/en\\\/jobs-careers\\\/\",\"name\":\"Jobs & Careers - Facult\u00e9 de droit\",\"isPartOf\":{\"@id\":\"https:\\\/\\\/www.fld-lille.fr\\\/#website\"},\"datePublished\":\"2021-05-06T14:11:15+00:00\",\"dateModified\":\"2022-10-14T14:52:09+00:00\",\"breadcrumb\":{\"@id\":\"https:\\\/\\\/www.fld-lille.fr\\\/en\\\/jobs-careers\\\/#breadcrumb\"},\"inLanguage\":\"en-US\",\"potentialAction\":[{\"@type\":\"ReadAction\",\"target\":[\"https:\\\/\\\/www.fld-lille.fr\\\/en\\\/jobs-careers\\\/\"]}]},{\"@type\":\"BreadcrumbList\",\"@id\":\"https:\\\/\\\/www.fld-lille.fr\\\/en\\\/jobs-careers\\\/#breadcrumb\",\"itemListElement\":[{\"@type\":\"ListItem\",\"position\":1,\"name\":\"Accueil\",\"item\":\"https:\\\/\\\/www.fld-lille.fr\\\/en\\\/\"},{\"@type\":\"ListItem\",\"position\":2,\"name\":\"Jobs &#038; Careers\"}]},{\"@type\":\"WebSite\",\"@id\":\"https:\\\/\\\/www.fld-lille.fr\\\/#website\",\"url\":\"https:\\\/\\\/www.fld-lille.fr\\\/\",\"name\":\"Facult\u00e9 de droit\",\"description\":\"Les facult\u00e9s de l&#039;Universit\u00e9 Catholique de Lille\",\"potentialAction\":[{\"@type\":\"SearchAction\",\"target\":{\"@type\":\"EntryPoint\",\"urlTemplate\":\"https:\\\/\\\/www.fld-lille.fr\\\/?s={search_term_string}\"},\"query-input\":{\"@type\":\"PropertyValueSpecification\",\"valueRequired\":true,\"valueName\":\"search_term_string\"}}],\"inLanguage\":\"en-US\"}]}<\/script>\n<!-- \/ Yoast SEO plugin. -->","yoast_head_json":{"title":"Jobs & Careers - Facult\u00e9 de droit","robots":{"index":"index","follow":"follow","max-snippet":"max-snippet:-1","max-image-preview":"max-image-preview:large","max-video-preview":"max-video-preview:-1"},"canonical":"https:\/\/www.fld-lille.fr\/en\/jobs-careers\/","og_locale":"en_US","og_type":"article","og_title":"Jobs & Careers - Facult\u00e9 de droit","og_description":"Send a spontaneous application CV \/ Letter of intent to be addressed to: Direction des Ressources Humaines de l\u2019Institut Catholique de Lille Madame Yolande MAGRIT &#8211; Directeur des Ressources Humaines 60 Bd Vauban \u2013 CS 40109 \u2013 59016 Lille Cedex T\/ +33 (0)3 59 31 50 11 M\/ carine.ledoux@univ-catholille.fr","og_url":"https:\/\/www.fld-lille.fr\/en\/jobs-careers\/","og_site_name":"Facult\u00e9 de droit","article_publisher":"https:\/\/www.facebook.com\/FLDLilleParis\/","article_modified_time":"2022-10-14T14:52:09+00:00","twitter_card":"summary_large_image","twitter_misc":{"Est. reading time":"1 minute"},"schema":{"@context":"https:\/\/schema.org","@graph":[{"@type":"WebPage","@id":"https:\/\/www.fld-lille.fr\/en\/jobs-careers\/","url":"https:\/\/www.fld-lille.fr\/en\/jobs-careers\/","name":"Jobs & Careers - Facult\u00e9 de droit","isPartOf":{"@id":"https:\/\/www.fld-lille.fr\/#website"},"datePublished":"2021-05-06T14:11:15+00:00","dateModified":"2022-10-14T14:52:09+00:00","breadcrumb":{"@id":"https:\/\/www.fld-lille.fr\/en\/jobs-careers\/#breadcrumb"},"inLanguage":"en-US","potentialAction":[{"@type":"ReadAction","target":["https:\/\/www.fld-lille.fr\/en\/jobs-careers\/"]}]},{"@type":"BreadcrumbList","@id":"https:\/\/www.fld-lille.fr\/en\/jobs-careers\/#breadcrumb","itemListElement":[{"@type":"ListItem","position":1,"name":"Accueil","item":"https:\/\/www.fld-lille.fr\/en\/"},{"@type":"ListItem","position":2,"name":"Jobs &#038; Careers"}]},{"@type":"WebSite","@id":"https:\/\/www.fld-lille.fr\/#website","url":"https:\/\/www.fld-lille.fr\/","name":"Facult\u00e9 de droit","description":"Les facult\u00e9s de l&#039;Universit\u00e9 Catholique de Lille","potentialAction":[{"@type":"SearchAction","target":{"@type":"EntryPoint","urlTemplate":"https:\/\/www.fld-lille.fr\/?s={search_term_string}"},"query-input":{"@type":"PropertyValueSpecification","valueRequired":true,"valueName":"search_term_string"}}],"inLanguage":"en-US"}]}},"_links":{"self":[{"href":"https:\/\/www.fld-lille.fr\/en\/wp-json\/wp\/v2\/pages\/15311","targetHints":{"allow":["GET"]}}],"collection":[{"href":"https:\/\/www.fld-lille.fr\/en\/wp-json\/wp\/v2\/pages"}],"about":[{"href":"https:\/\/www.fld-lille.fr\/en\/wp-json\/wp\/v2\/types\/page"}],"author":[{"embeddable":true,"href":"https:\/\/www.fld-lille.fr\/en\/wp-json\/wp\/v2\/users\/38"}],"replies":[{"embeddable":true,"href":"https:\/\/www.fld-lille.fr\/en\/wp-json\/wp\/v2\/comments?post=15311"}],"version-history":[{"count":5,"href":"https:\/\/www.fld-lille.fr\/en\/wp-json\/wp\/v2\/pages\/15311\/revisions"}],"predecessor-version":[{"id":21394,"href":"https:\/\/www.fld-lille.fr\/en\/wp-json\/wp\/v2\/pages\/15311\/revisions\/21394"}],"wp:attachment":[{"href":"https:\/\/www.fld-lille.fr\/en\/wp-json\/wp\/v2\/media?parent=15311"}],"curies":[{"name":"wp","href":"https:\/\/api.w.org\/{rel}","templated":true}]}}