{"id":15301,"date":"2021-05-06T15:02:05","date_gmt":"2021-05-06T14:02:05","guid":{"rendered":"https:\/\/www.fld-lille.fr\/?page_id=15301"},"modified":"2026-01-20T14:54:59","modified_gmt":"2026-01-20T13:54:59","slug":"issy-les-moulineaux-campus","status":"publish","type":"page","link":"https:\/\/www.fld-lille.fr\/en\/issy-les-moulineaux-campus\/","title":{"rendered":"Issy-les-Moulineaux Campus"},"content":{"rendered":"<div class=\"wpb-content-wrapper\"><p>[vc_row][vc_column][vc_column_text css=&#8221;&#8221;]<\/p>\n<h4><span style=\"color: #ff0000;\">Issy-les-Moulineaux Campus<\/span><\/h4>\n<p><iframe loading=\"lazy\" src=\"\/\/www.youtube.com\/embed\/m3hEt4JbAW0\" width=\"560\" height=\"314\" allowfullscreen=\"allowfullscreen\"><\/iframe>[\/vc_column_text][\/vc_column][\/vc_row][vc_row][vc_column][vc_column_text]<\/p>\n<h3>WHY STUDY AT ISSY-LES-MOULINEAUX?<\/h3>\n<ul>\n<li>Issy-les-Moulineaux is a very pleasant town, with the advantage of being close to Paris, but without its disadvantages.<\/li>\n<li>It has excellent public transport links, with direct access to Paris by metro, tram, bus and train.<\/li>\n<li>Issy-les-Moulineaux has a wide choice of sports and cultural activities, thanks to the <a href=\"https:\/\/www.clavim.asso.fr\/\" target=\"_blank\" rel=\"noopener\">Clavim<\/a>, the town&#8217;s facilities and associations.<\/li>\n<li>There are plenty of parks close to the campus, and you can enjoy the banks of the Seine.<\/li>\n<\/ul>\n<p>[\/vc_column_text][\/vc_column][\/vc_row][vc_row][vc_column width=&#8221;1\/2&#8243;][vc_column_text]<\/p>\n<h3 style=\"text-align: center;\">STUDYING<\/h3>\n<ul>\n<li>There are many work areas available on campus for students to study (in groups on their own)<\/li>\n<li>A resource centre allows students to work in a calm and quiet atmosphere as well as to carry out documentary research<\/li>\n<li>IT rooms are at students\u2019 disposal and are open to all<\/li>\n<\/ul>\n<p>[\/vc_column_text][vc_column_text]<\/p>\n<h3 style=\"text-align: center;\">EATING<\/h3>\n<ul>\n<li>There is a school restaurant on campus serving many varied and balanced meals. Students may also use the available microwaves.<\/li>\n<\/ul>\n<p>[\/vc_column_text][vc_column_text]<\/p>\n<h3 style=\"text-align: center;\">LIFE ON CAMPUS<\/h3>\n<ul>\n<li>Accommodation is available for students on the <a href=\"http:\/\/housing.univ-catholille.fr\/fr\/login\" target=\"_blank\" rel=\"noopener\">http:\/\/housing.univ-catholille.fr\/fr\/login<\/a> platform (use the accommodation platform by simply requesting a code from the <a href=\"mailto:lesfacultes@univ-catholille.fr\" target=\"_blank\" rel=\"noopener\">lesfacultes@univ-catholille.fr<\/a> email address).<\/li>\n<li>The FLD Issy-les-Moulineaux campus is located just a few minutes from a number of parks, allowing students to play sports or simply go for a walk.<\/li>\n<\/ul>\n<p>[\/vc_column_text][\/vc_column][vc_column width=&#8221;1\/2&#8243;][vc_column_text]<\/p>\n<h3 style=\"text-align: center;\">TRANSPORTS<\/h3>\n<p>The campus is served by a wide range of transport services, all of which are less than 10 minutes away.<\/p>\n<h6>RER is 6 minutes away<\/h6>\n<ul>\n<li>RER C \u2013 Issy<\/li>\n<\/ul>\n<h6>Metro is 12 minutes away<\/h6>\n<ul>\n<li>Line 9 \u2013 Marcel Sembat<\/li>\n<\/ul>\n<h6>Tram is 8 minutes away<\/h6>\n<ul>\n<li>T2 \u2013 Les Moulineaux<\/li>\n<\/ul>\n<h6>Bus stop is 5 mins away<\/h6>\n<ul>\n<li>Bus 260 \u2013 stop at \u00cele Saint Germain<\/li>\n<li>Bus 289 \u2013 stop at \u00cele Saint Germain<\/li>\n<li>Bus 123 \u2013 stop at \u00cele Saint Germain<\/li>\n<li>Bus 389 \u2013 stop at \u00cele Saint Germain<\/li>\n<li style=\"list-style-type: none;\"><\/li>\n<\/ul>\n<p>[\/vc_column_text][\/vc_column][\/vc_row][vc_row][vc_column][vc_column_text]<\/p>\n<h3>CAMPUS STUDENTS ASSOCIATIONS<\/h3>\n<ul>\n<li>\n<h4><span style=\"color: #ff0000;\"><strong>Nemesis: <\/strong><\/span><span style=\"color: #ff0000;\"><strong>Students Union<\/strong><\/span><\/h4>\n<ul>\n<li>To make your student life at the FLD as enjoyable as possible, the Student Office is committed to offering you a range of activities throughout the year. It supports students in their extra-curricular life through a variety of events to help them fulfil their potential within the university!<\/li>\n<\/ul>\n<\/li>\n<li>\n<h4><span style=\"color: #ff0000;\"><strong>Social &amp; cultural associations<\/strong><\/span><\/h4>\n<ul>\n<li>Les Tribuns : This eloquence association organises debates, lectures and eloquence competitions at the Facult\u00e9 de Droit to promote public speaking among students.<\/li>\n<li>ResPublica : This association aims to raise awareness of political life among students on the Issy-Les-Moulineaux campus. On the programme: meetings, encounters with political figures, after-works, etc.<\/li>\n<li>Le Cercle : This is the think tank of the faculty! It organises debates and reflection sessions for students on campus and promotes passionate speakers.<\/li>\n<li>L\u2019Edit : This is a medium for students at the Faculty of Law. It is written by students from different classes, on a wide range of topical subjects and in different formats (publications, podcasts, social networks, newspapers, videos, etc.).<\/li>\n<li>La Tribune de l\u2019Europe : The purpose of this FLD association is to publish a journal of the same name, organise conferences and student meetings, and set up a website and digital and audio-visual means of communication.<\/li>\n<li>Lawmonerie : This campus association offers students the opportunity to share and exchange ideas, so that all students who wish to do so can live out their spirituality.<\/li>\n<\/ul>\n<\/li>\n<li>\n<h4><span style=\"color: #ff0000;\"><strong>Programme associations<\/strong><\/span><\/h4>\n<ul>\n<li>Lawrop\u00e9enne : This is the student association of the faculty&#8217;s Bachelors of european law. It offers activities on the theme of Europe throughout the year, as well as organising MUNs (Model United Nations) and conferences.<\/li>\n<li>World and Law : This is the student association of the FLD&#8217;s Law and Legal Culture degree. It offers students lectures, debates, seminars and round tables on legal, global and economic issues.<\/li>\n<\/ul>\n<\/li>\n<li>\n<h4><span style=\"color: #ff0000;\"><strong>Artistic association<\/strong><\/span><\/h4>\n<ul>\n<li>Jurid\u2019Art : This is the faculty&#8217;s artistic and cultural association. Throughout the year, it presents exhibitions, films, plays and literary outings to students and covers current cultural events in the form of articles, podcasts, interviews, reports, etc.<\/li>\n<\/ul>\n<\/li>\n<\/ul>\n<ul>\n<li>\n<h4><span style=\"color: #ff0000;\"><strong>Humanitarian association<\/strong><\/span><\/h4>\n<ul>\n<li>Issy solidaire : The aim of this FLD association is to help people in need throughout the year: humanitarian collections, roadshows, solidarity second-hand shops, etc. They are motivated and full of resources and plans to help others!<\/li>\n<\/ul>\n<\/li>\n<li>\n<h4><span style=\"color: #ff0000;\"><strong>Sports association<\/strong><\/span><\/h4>\n<ul>\n<li>\u2022 Lawbron James Sports office : this association organises activities for students on campus to give them access to sport throughout the year.<\/li>\n<\/ul>\n<\/li>\n<\/ul>\n<h3>ALUMNI ASSOCIATION<\/h3>\n<ul>\n<li>It association aims to create a network between students, former students of the Faculty and professionals.<\/li>\n<\/ul>\n<p>[\/vc_column_text][\/vc_column][\/vc_row]<\/p>\n<\/div>","protected":false},"excerpt":{"rendered":"<p>[vc_row][vc_column][vc_column_text css=&#8221;&#8221;] Issy-les-Moulineaux Campus [\/vc_column_text][\/vc_column][\/vc_row][vc_row][vc_column][vc_column_text] WHY STUDY AT ISSY-LES-MOULINEAUX? Issy-les-Moulineaux is a very pleasant town, with the advantage of being close to Paris, but without its disadvantages. It has excellent public transport links, with direct access to Paris by metro, tram, bus and train. Issy-les-Moulineaux has a wide choice of sports and cultural activities, thanks [&hellip;]<\/p>\n","protected":false},"author":38,"featured_media":0,"parent":0,"menu_order":6,"comment_status":"closed","ping_status":"closed","template":"","meta":{"_acf_changed":false,"footnotes":""},"class_list":["post-15301","page","type-page","status-publish","hentry"],"acf":[],"yoast_head":"<!-- This site is optimized with the Yoast SEO plugin v27.4 - https:\/\/yoast.com\/product\/yoast-seo-wordpress\/ -->\n<title>Issy-les-Moulineaux Campus - Facult\u00e9 de droit<\/title>\n<meta name=\"robots\" content=\"index, follow, max-snippet:-1, max-image-preview:large, max-video-preview:-1\" \/>\n<link rel=\"canonical\" href=\"https:\/\/www.fld-lille.fr\/en\/issy-les-moulineaux-campus\/\" \/>\n<meta property=\"og:locale\" content=\"en_US\" \/>\n<meta property=\"og:type\" content=\"article\" \/>\n<meta property=\"og:title\" content=\"Issy-les-Moulineaux Campus - Facult\u00e9 de droit\" \/>\n<meta property=\"og:description\" content=\"[vc_row][vc_column][vc_column_text css=&#8221;&#8221;] Issy-les-Moulineaux Campus [\/vc_column_text][\/vc_column][\/vc_row][vc_row][vc_column][vc_column_text] WHY STUDY AT ISSY-LES-MOULINEAUX? Issy-les-Moulineaux is a very pleasant town, with the advantage of being close to Paris, but without its disadvantages. It has excellent public transport links, with direct access to Paris by metro, tram, bus and train. Issy-les-Moulineaux has a wide choice of sports and cultural activities, thanks [&hellip;]\" \/>\n<meta property=\"og:url\" content=\"https:\/\/www.fld-lille.fr\/en\/issy-les-moulineaux-campus\/\" \/>\n<meta property=\"og:site_name\" content=\"Facult\u00e9 de droit\" \/>\n<meta property=\"article:publisher\" content=\"https:\/\/www.facebook.com\/FLDLilleParis\/\" \/>\n<meta property=\"article:modified_time\" content=\"2026-01-20T13:54:59+00:00\" \/>\n<meta name=\"twitter:card\" content=\"summary_large_image\" \/>\n<meta name=\"twitter:label1\" content=\"Est. reading time\" \/>\n\t<meta name=\"twitter:data1\" content=\"4 minutes\" \/>\n<script type=\"application\/ld+json\" class=\"yoast-schema-graph\">{\"@context\":\"https:\\\/\\\/schema.org\",\"@graph\":[{\"@type\":\"WebPage\",\"@id\":\"https:\\\/\\\/www.fld-lille.fr\\\/en\\\/issy-les-moulineaux-campus\\\/\",\"url\":\"https:\\\/\\\/www.fld-lille.fr\\\/en\\\/issy-les-moulineaux-campus\\\/\",\"name\":\"Issy-les-Moulineaux Campus - Facult\u00e9 de droit\",\"isPartOf\":{\"@id\":\"https:\\\/\\\/www.fld-lille.fr\\\/#website\"},\"datePublished\":\"2021-05-06T14:02:05+00:00\",\"dateModified\":\"2026-01-20T13:54:59+00:00\",\"breadcrumb\":{\"@id\":\"https:\\\/\\\/www.fld-lille.fr\\\/en\\\/issy-les-moulineaux-campus\\\/#breadcrumb\"},\"inLanguage\":\"en-US\",\"potentialAction\":[{\"@type\":\"ReadAction\",\"target\":[\"https:\\\/\\\/www.fld-lille.fr\\\/en\\\/issy-les-moulineaux-campus\\\/\"]}]},{\"@type\":\"BreadcrumbList\",\"@id\":\"https:\\\/\\\/www.fld-lille.fr\\\/en\\\/issy-les-moulineaux-campus\\\/#breadcrumb\",\"itemListElement\":[{\"@type\":\"ListItem\",\"position\":1,\"name\":\"Accueil\",\"item\":\"https:\\\/\\\/www.fld-lille.fr\\\/en\\\/\"},{\"@type\":\"ListItem\",\"position\":2,\"name\":\"Issy-les-Moulineaux Campus\"}]},{\"@type\":\"WebSite\",\"@id\":\"https:\\\/\\\/www.fld-lille.fr\\\/#website\",\"url\":\"https:\\\/\\\/www.fld-lille.fr\\\/\",\"name\":\"Facult\u00e9 de droit\",\"description\":\"Les facult\u00e9s de l&#039;Universit\u00e9 Catholique de Lille\",\"potentialAction\":[{\"@type\":\"SearchAction\",\"target\":{\"@type\":\"EntryPoint\",\"urlTemplate\":\"https:\\\/\\\/www.fld-lille.fr\\\/?s={search_term_string}\"},\"query-input\":{\"@type\":\"PropertyValueSpecification\",\"valueRequired\":true,\"valueName\":\"search_term_string\"}}],\"inLanguage\":\"en-US\"}]}<\/script>\n<!-- \/ Yoast SEO plugin. -->","yoast_head_json":{"title":"Issy-les-Moulineaux Campus - Facult\u00e9 de droit","robots":{"index":"index","follow":"follow","max-snippet":"max-snippet:-1","max-image-preview":"max-image-preview:large","max-video-preview":"max-video-preview:-1"},"canonical":"https:\/\/www.fld-lille.fr\/en\/issy-les-moulineaux-campus\/","og_locale":"en_US","og_type":"article","og_title":"Issy-les-Moulineaux Campus - Facult\u00e9 de droit","og_description":"[vc_row][vc_column][vc_column_text css=&#8221;&#8221;] Issy-les-Moulineaux Campus [\/vc_column_text][\/vc_column][\/vc_row][vc_row][vc_column][vc_column_text] WHY STUDY AT ISSY-LES-MOULINEAUX? Issy-les-Moulineaux is a very pleasant town, with the advantage of being close to Paris, but without its disadvantages. It has excellent public transport links, with direct access to Paris by metro, tram, bus and train. Issy-les-Moulineaux has a wide choice of sports and cultural activities, thanks [&hellip;]","og_url":"https:\/\/www.fld-lille.fr\/en\/issy-les-moulineaux-campus\/","og_site_name":"Facult\u00e9 de droit","article_publisher":"https:\/\/www.facebook.com\/FLDLilleParis\/","article_modified_time":"2026-01-20T13:54:59+00:00","twitter_card":"summary_large_image","twitter_misc":{"Est. reading time":"4 minutes"},"schema":{"@context":"https:\/\/schema.org","@graph":[{"@type":"WebPage","@id":"https:\/\/www.fld-lille.fr\/en\/issy-les-moulineaux-campus\/","url":"https:\/\/www.fld-lille.fr\/en\/issy-les-moulineaux-campus\/","name":"Issy-les-Moulineaux Campus - Facult\u00e9 de droit","isPartOf":{"@id":"https:\/\/www.fld-lille.fr\/#website"},"datePublished":"2021-05-06T14:02:05+00:00","dateModified":"2026-01-20T13:54:59+00:00","breadcrumb":{"@id":"https:\/\/www.fld-lille.fr\/en\/issy-les-moulineaux-campus\/#breadcrumb"},"inLanguage":"en-US","potentialAction":[{"@type":"ReadAction","target":["https:\/\/www.fld-lille.fr\/en\/issy-les-moulineaux-campus\/"]}]},{"@type":"BreadcrumbList","@id":"https:\/\/www.fld-lille.fr\/en\/issy-les-moulineaux-campus\/#breadcrumb","itemListElement":[{"@type":"ListItem","position":1,"name":"Accueil","item":"https:\/\/www.fld-lille.fr\/en\/"},{"@type":"ListItem","position":2,"name":"Issy-les-Moulineaux Campus"}]},{"@type":"WebSite","@id":"https:\/\/www.fld-lille.fr\/#website","url":"https:\/\/www.fld-lille.fr\/","name":"Facult\u00e9 de droit","description":"Les facult\u00e9s de l&#039;Universit\u00e9 Catholique de Lille","potentialAction":[{"@type":"SearchAction","target":{"@type":"EntryPoint","urlTemplate":"https:\/\/www.fld-lille.fr\/?s={search_term_string}"},"query-input":{"@type":"PropertyValueSpecification","valueRequired":true,"valueName":"search_term_string"}}],"inLanguage":"en-US"}]}},"_links":{"self":[{"href":"https:\/\/www.fld-lille.fr\/en\/wp-json\/wp\/v2\/pages\/15301","targetHints":{"allow":["GET"]}}],"collection":[{"href":"https:\/\/www.fld-lille.fr\/en\/wp-json\/wp\/v2\/pages"}],"about":[{"href":"https:\/\/www.fld-lille.fr\/en\/wp-json\/wp\/v2\/types\/page"}],"author":[{"embeddable":true,"href":"https:\/\/www.fld-lille.fr\/en\/wp-json\/wp\/v2\/users\/38"}],"replies":[{"embeddable":true,"href":"https:\/\/www.fld-lille.fr\/en\/wp-json\/wp\/v2\/comments?post=15301"}],"version-history":[{"count":15,"href":"https:\/\/www.fld-lille.fr\/en\/wp-json\/wp\/v2\/pages\/15301\/revisions"}],"predecessor-version":[{"id":34595,"href":"https:\/\/www.fld-lille.fr\/en\/wp-json\/wp\/v2\/pages\/15301\/revisions\/34595"}],"wp:attachment":[{"href":"https:\/\/www.fld-lille.fr\/en\/wp-json\/wp\/v2\/media?parent=15301"}],"curies":[{"name":"wp","href":"https:\/\/api.w.org\/{rel}","templated":true}]}}