{"id":15296,"date":"2021-05-06T14:23:41","date_gmt":"2021-05-06T13:23:41","guid":{"rendered":"https:\/\/www.fld-lille.fr\/?page_id=15296"},"modified":"2023-04-28T16:04:56","modified_gmt":"2023-04-28T15:04:56","slug":"the-c3rd","status":"publish","type":"page","link":"https:\/\/www.fld-lille.fr\/en\/the-c3rd\/","title":{"rendered":"The C3RD"},"content":{"rendered":"<div class=\"wpb-content-wrapper\"><p>[vc_row][vc_column][vc_column_text]<\/p>\n<h1 class=\"red\">The C3RD Research Centre<\/h1>\n<p>[\/vc_column_text][vc_column_text]<span style=\"font-weight: 400;\"><a href=\"https:\/\/www.c3rd.fr\/\" target=\"_blank\" rel=\"noopener\">The C3RD<\/a> is the <\/span><i><span style=\"font-weight: 400;\">Research Centre on the Relations between Risks and Law<\/span><\/i><span style=\"font-weight: 400;\">, of the Faculty of Law of the Universit\u00e9 Catholique de Lille. It was created in 2006 and counts almost 40 professors and researchers from the Faculty who coordinate their research activities within their areas of expertise.<\/span>[\/vc_column_text][vc_row_inner][vc_column_inner width=&#8221;1\/2&#8243;][vc_column_text]<span style=\"font-weight: 400;\"><strong>The C3RD is both multidisciplinary<\/strong> (public law, private law, international law, history of law, political science, economics) and <strong>transversal<\/strong> (human rights, sustainable development, enterprise, new technologies, health, religion\u2026). <\/span>[\/vc_column_text][\/vc_column_inner][vc_column_inner width=&#8221;1\/2&#8243;][vc_column_text]<span style=\"font-weight: 400;\">The C3RD has a few keywords concerning the relationship between risk and law and that are at the heart of the center\u2019s priority: <strong>Legal security, safety, prudence, compensation, responsibility. <\/strong><\/span>[\/vc_column_text][\/vc_column_inner][\/vc_row_inner][\/vc_column][\/vc_row][vc_row][vc_column][vc_column_text]<\/p>\n<h2 class=\"red\"><span style=\"font-weight: 400;\">Research domains<\/span><\/h2>\n<p>[\/vc_column_text][vc_row_inner][vc_column_inner width=&#8221;1\/2&#8243;][vc_column_text]<span style=\"font-weight: 400;\">C3RD aims to achieve its goals by structuring its members\u2019 research around two principal axes:<\/span><\/p>\n<ul>\n<li><span style=\"font-weight: 400;\">risks managed by the law (emerging risks, transfer of rights\u2019 generators)<\/span><\/li>\n<li><span style=\"font-weight: 400;\">risques created by law (transfer of rights, new risks\u2019 generators)<\/span><\/li>\n<\/ul>\n<p>[\/vc_column_text][\/vc_column_inner][vc_column_inner width=&#8221;1\/2&#8243;][vc_column_text]<span style=\"font-weight: 400;\">By its own definition, risk reveals itself to be a polysemous concept. Result of a danger -or a hazard- and of vulnerability. It conveys an incidence of rupture that swings between an active approach founded on the risks taken and a passive approach founded on risks undergone.<\/span><\/p>\n<p><span style=\"font-weight: 400;\">On the other hand, law provides the set of rules that regulate interactions in a given society or population. In this way, law brings us back to the control of time and space. Notions of risk and law can be seen <\/span><i><span style=\"font-weight: 400;\">prima facie<\/span><\/i><span style=\"font-weight: 400;\"> to be mutually exclusive. <strong>However, in reality this is not evident as risk and law are in constant interaction with each other.<\/strong> <\/span>[\/vc_column_text][\/vc_column_inner][\/vc_row_inner][\/vc_column][\/vc_row][vc_row][vc_column][vc_column_text]<\/p>\n<h2 class=\"red\">Structure<br \/>\n<b> <\/b><\/h2>\n<p>[\/vc_column_text][vc_row_inner][vc_column_inner][vc_column_text]<span style=\"font-weight: 400;\">With a strong desire to be at the very heart of the great questions of society, the C3RD structures its research in line with current events and society themes such as :<\/span>[\/vc_column_text][\/vc_column_inner][\/vc_row_inner][vc_row_inner css=&#8221;.vc_custom_1478620052921{margin-top: 40px !important;}&#8221;][vc_column_inner width=&#8221;1\/2&#8243;][vc_column_text]<\/p>\n<h3>Ringing the alarm bell<\/h3>\n<p>[\/vc_column_text][vc_column_text]<\/p>\n<ul>\n<li><span style=\"font-weight: 400;\">Whistleblowing and professional ethics in the public sector (01\/02\/2016)<\/span><\/li>\n<li>Whistleblowing and professional ethics in the private sector (forthcoming)<\/li>\n<li>Professional whistleblowers (forthcoming)<\/li>\n<li>Work in progress on whistleblowing. Co-directed by Delphine POLLET-PANOUSSIS et Mathieu DISANT, LGDJ (publication by members of the C3RD and other contributors both French and from other countries)<\/li>\n<\/ul>\n<p>[\/vc_column_text][\/vc_column_inner][vc_column_inner width=&#8221;1\/2&#8243;][vc_column_text]<\/p>\n<h3>Homeland and international security<\/h3>\n<p>[\/vc_column_text][vc_column_text]<\/p>\n<ul>\n<li><span style=\"font-weight: 400;\">\u00ab Justice facing terrorism and its national and international risks\u00bb<\/span><\/li>\n<li>\u00ab Prevention of terrorism \u00bb<\/li>\n<li>\u00ab The role of the judge \u00bb<\/li>\n<li>\u00ab Ways and means in the fight against organized crime and terrorism \u00bb<\/li>\n<\/ul>\n<p><em><span style=\"font-weight: 400;\">Conferences and debates between January and March 2017<\/span><\/em>[\/vc_column_text][\/vc_column_inner][\/vc_row_inner][vc_row_inner css=&#8221;.vc_custom_1478620036222{margin-top: 40px !important;}&#8221;][vc_column_inner width=&#8221;1\/2&#8243;][vc_column_text]<\/p>\n<h3>Vulnerable people (children, prisoners and refugees\u2026)<\/h3>\n<p>[\/vc_column_text][vc_column_text]<\/p>\n<ul>\n<li><span style=\"font-weight: 400;\">Audition of the child in the family court, official launch of project 1st Octobre 2016 coordinated by Blandine MALLEVAEY, supported by GIP Justice Cooperation Internationale ( International Judicial Cooperation)\u00a0<\/span>Recruitment : 2 research assistants to help with this project.<\/li>\n<li><span style=\"font-weight: 400;\">Cycle of research on \u00ab Child Protection\u00bb : Inaugural Conference , by Monsieur Jean-Ren\u00e9 LECERF, pr\u00e9sident of C<\/span><i><span style=\"font-weight: 400;\">onseil D\u00e9partemental du Nord<\/span><\/i><span style=\"font-weight: 400;\">, 18th November 2016 and study day: \u00ab Law of 14th March 2016 : reinforcing child protection \u00bb<\/span><\/li>\n<\/ul>\n<p>[\/vc_column_text][\/vc_column_inner][vc_column_inner width=&#8221;1\/2&#8243;][vc_column_text]<\/p>\n<h3>Emerging risks (sanitary, environmental, new technologies \u2026)<\/h3>\n<p>[\/vc_column_text][vc_column_text]<span style=\"font-weight: 400;\">Artificial intelligence: What Future for Jurists? A few months ago a robot lawyer was hired by an American law firm. More recently, a young Englishman created an intelligent programme that allows motorists to cancel parking tickets. New technologies now allow us to carry out and fulfill certain judicial tasks. <\/span><\/p>\n<p><em><span style=\"font-weight: 400;\">In partnership with Association Fran\u00e7aise des Juristes d\u2019Entreprise (AFJE) and Cabinet d\u2019avocats Cornet Vincent Segurel (CVS)<\/span><\/em>[\/vc_column_text][\/vc_column_inner][\/vc_row_inner][\/vc_column][\/vc_row][vc_row][vc_column]<div class=\"quote-light\">\n  <p class=\"quote-light-text\">C3RD includes 2 structured entities :<br \/>\nThe International and European Law School (IELS)<br \/>\nThe Teaching and research chair of Rights and interests of Children<\/p>\n  <p class=\"quote-light-attribution\"><\/p>\n<\/div>\n[\/vc_column][\/vc_row][vc_row][vc_column]<div class=\"inouit-posts-list vc_row\">\n\t\t\t<div class=\"vc_col-sm-4\">\n\t\t\t<div class=\"inouit-posts-list-post\">\n\t\t\t\t\t\t\t\t\t<a class=\"inouit-posts-list-img-link\" href=\"https:\/\/www.fld-lille.fr\/en\/the-c3rd-driving-legal-research-forward\/\" title=\"The C3RD: driving legal research forward\"><img decoding=\"async\" src=\"https:\/\/www.fld-lille.fr\/wp-content\/uploads\/2025\/08\/ACTUS-SITE-FLD-2025-08-27T112530.455-375x198-c-1.png\" alt=\"\"><\/a>\n\t\t\t\t\t\t\t\t<p class=\"inouit-posts-list-categories\">\n\t\t\t\t\t\t\t\t\t\t\t\t\t\t\t\t\t\t<span class=\"inouit-posts-list-category-link\" href=\"https:\/\/www.fld-lille.fr\/en\/category\/research\/\">Research<\/span>\n\t\t\t\t\t\t\t\t\t\t\t\t\t\t\t\t\t\t\t\t\t\t<\/p>\n\t\t\t\t<h3 class=\"inouit-posts-list-title\">\n\t\t\t\t\t<a class=\"inouit-posts-list-title-link\" href=\"https:\/\/www.fld-lille.fr\/en\/the-c3rd-driving-legal-research-forward\/\" title=\"The C3RD: driving legal research forward\">The C3RD: driving legal research forward<\/a>\n\t\t\t\t<\/h3>\n\t\t\t\t<p class=\"inouit-posts-list-excerpt\">At the Facult\u00e9 de Droit of the Universit\u00e9 Catholique de Lille, research plays a central&hellip;<\/p>\n\t\t\t<\/div>\n\t\t<\/div>\n\t\t\t\t\t<div class=\"vc_col-sm-4\">\n\t\t\t<div class=\"inouit-posts-list-post\">\n\t\t\t\t\t\t\t\t\t<a class=\"inouit-posts-list-img-link\" href=\"https:\/\/www.fld-lille.fr\/en\/a-leading-voice-of-the-belarusian-opposition-sets-the-tone-for-the-masterclass\/\" title=\"A leading voice of the Belarusian opposition sets the tone for the Masterclass\"><img decoding=\"async\" src=\"https:\/\/www.fld-lille.fr\/wp-content\/uploads\/2025\/09\/ACTUS-SITE-FLD-2025-09-22T115111.673-375x198-c-1.png\" alt=\"\"><\/a>\n\t\t\t\t\t\t\t\t<p class=\"inouit-posts-list-categories\">\n\t\t\t\t\t\t\t\t\t\t\t\t\t\t\t\t\t\t<span class=\"inouit-posts-list-category-link\" href=\"https:\/\/www.fld-lille.fr\/en\/category\/international-en\/\">International<\/span>\n\t\t\t\t\t\t\t\t\t\t\t\t\t\t\t\/\n\t\t\t\t\t\t\t\t\t\t\t\t\t\t\t\t\t\t\t\t\t\t\t\t\t\t\t\t\t\t\t<span class=\"inouit-posts-list-category-link\" href=\"https:\/\/www.fld-lille.fr\/en\/category\/research\/\">Research<\/span>\n\t\t\t\t\t\t\t\t\t\t\t\t\t\t\t\t\t\t\t\t\t\t<\/p>\n\t\t\t\t<h3 class=\"inouit-posts-list-title\">\n\t\t\t\t\t<a class=\"inouit-posts-list-title-link\" href=\"https:\/\/www.fld-lille.fr\/en\/a-leading-voice-of-the-belarusian-opposition-sets-the-tone-for-the-masterclass\/\" title=\"A leading voice of the Belarusian opposition sets the tone for the Masterclass\">A leading voice of the Belarusian opposition sets the tone for the Masterclass<\/a>\n\t\t\t\t<\/h3>\n\t\t\t\t<p class=\"inouit-posts-list-excerpt\">The ninth edition of the Global Actors for Peace Masterclass, organised by the C3RD, Centre&hellip;<\/p>\n\t\t\t<\/div>\n\t\t<\/div>\n\t\t\t\t\t<div class=\"vc_col-sm-4\">\n\t\t\t<div class=\"inouit-posts-list-post\">\n\t\t\t\t\t\t\t\t\t<a class=\"inouit-posts-list-img-link\" href=\"https:\/\/www.fld-lille.fr\/en\/masterclass-global-actors-for-peace-a-9th-edition-dedicated-to-democracy-in-times-of-crisis\/\" title=\"Masterclass Global Actors for Peace: a 9th edition dedicated to democracy in times of crisis\"><img decoding=\"async\" src=\"https:\/\/www.fld-lille.fr\/wp-content\/uploads\/2025\/06\/FLD-masterclass-2025-ecran-1920x1080-2-scaled-375x198-c-1.jpg\" alt=\"\"><\/a>\n\t\t\t\t\t\t\t\t<p class=\"inouit-posts-list-categories\">\n\t\t\t\t\t\t\t\t\t\t\t\t\t\t\t\t\t\t<span class=\"inouit-posts-list-category-link\" href=\"https:\/\/www.fld-lille.fr\/en\/category\/research\/\">Research<\/span>\n\t\t\t\t\t\t\t\t\t\t\t\t\t\t\t\t\t\t\t\t\t\t<\/p>\n\t\t\t\t<h3 class=\"inouit-posts-list-title\">\n\t\t\t\t\t<a class=\"inouit-posts-list-title-link\" href=\"https:\/\/www.fld-lille.fr\/en\/masterclass-global-actors-for-peace-a-9th-edition-dedicated-to-democracy-in-times-of-crisis\/\" title=\"Masterclass Global Actors for Peace: a 9th edition dedicated to democracy in times of crisis\">Masterclass Global Actors for Peace: a 9th edition dedicated to democracy in times of crisis<\/a>\n\t\t\t\t<\/h3>\n\t\t\t\t<p class=\"inouit-posts-list-excerpt\">From 22 to 26 September 2025, the Faculty of Law of the Universit\u00e9 Catholique de&hellip;<\/p>\n\t\t\t<\/div>\n\t\t<\/div>\n\t\t\t\t\t\t\t\t<div class=\"vc_clearfix\"><\/div>\n\t\t\t\t\t\t<div class=\"vc_clearfix\"><\/div>\n\t\t  <ul class=\"pagination list-horizontal row\">\n                <li class=\"pagination-item\">\n                            <span class=\"pagination-link page-number page-numbers current\">1<\/span>\n                    <\/li>\n            <li class=\"pagination-item\">\n                            <a href=\"https:\/\/www.fld-lille.fr\/en\/wp-json\/wp\/v2\/pages\/15296\/page\/2\/\" data-page=\"2\" class=\"pagination-link page-number page-numbers\">2<\/a>\n                    <\/li>\n            <li class=\"pagination-item\">\n                            <a href=\"https:\/\/www.fld-lille.fr\/en\/wp-json\/wp\/v2\/pages\/15296\/page\/3\/\" data-page=\"3\" class=\"pagination-link page-number page-numbers\">3<\/a>\n                    <\/li>\n            <li class=\"pagination-item\">\n                            <a href=\"https:\/\/www.fld-lille.fr\/en\/wp-json\/wp\/v2\/pages\/15296\/page\/4\/\" data-page=\"4\" class=\"pagination-link page-number page-numbers\">4<\/a>\n                    <\/li>\n            <li class=\"pagination-item\">\n                            <a href=\"https:\/\/www.fld-lille.fr\/en\/wp-json\/wp\/v2\/pages\/15296\/page\/5\/\" data-page=\"5\" class=\"pagination-link page-number page-numbers\">5<\/a>\n                    <\/li>\n            <li class=\"pagination-item\">\n                            <a href=\"https:\/\/www.fld-lille.fr\/en\/wp-json\/wp\/v2\/pages\/15296\/page\/6\/\" data-page=\"6\" class=\"pagination-link page-number page-numbers\">6<\/a>\n                    <\/li>\n            <li class=\"pagination-item pagination-item-right\">\n      <a href=\"https:\/\/www.fld-lille.fr\/en\/wp-json\/wp\/v2\/pages\/15296\/page\/2\/\" data-page=\"2\" class=\"pagination-link prev\">><\/a>\n    <\/li>\n      <\/ul>\n\t\t<\/div>\n[\/vc_column][\/vc_row]<\/p>\n<\/div>","protected":false},"excerpt":{"rendered":"<p>[vc_row][vc_column][vc_column_text] The C3RD Research Centre [\/vc_column_text][vc_column_text]The C3RD is the Research Centre on the Relations between Risks and Law, of the Faculty of Law of the Universit\u00e9 Catholique de Lille. It was created in 2006 and counts almost 40 professors and researchers from the Faculty who coordinate their research activities within their areas of expertise.[\/vc_column_text][vc_row_inner][vc_column_inner width=&#8221;1\/2&#8243;][vc_column_text]The [&hellip;]<\/p>\n","protected":false},"author":38,"featured_media":0,"parent":0,"menu_order":5,"comment_status":"closed","ping_status":"closed","template":"","meta":{"_acf_changed":false,"footnotes":""},"class_list":["post-15296","page","type-page","status-publish","hentry"],"acf":[],"yoast_head":"<!-- This site is optimized with the Yoast SEO plugin v27.3 - https:\/\/yoast.com\/product\/yoast-seo-wordpress\/ -->\n<title>The C3RD - Facult\u00e9 de droit<\/title>\n<meta name=\"robots\" content=\"index, follow, max-snippet:-1, max-image-preview:large, max-video-preview:-1\" \/>\n<link rel=\"canonical\" href=\"https:\/\/www.fld-lille.fr\/en\/the-c3rd\/\" \/>\n<meta property=\"og:locale\" content=\"en_US\" \/>\n<meta property=\"og:type\" content=\"article\" \/>\n<meta property=\"og:title\" content=\"The C3RD - Facult\u00e9 de droit\" \/>\n<meta property=\"og:description\" content=\"[vc_row][vc_column][vc_column_text] The C3RD Research Centre [\/vc_column_text][vc_column_text]The C3RD is the Research Centre on the Relations between Risks and Law, of the Faculty of Law of the Universit\u00e9 Catholique de Lille. It was created in 2006 and counts almost 40 professors and researchers from the Faculty who coordinate their research activities within their areas of expertise.[\/vc_column_text][vc_row_inner][vc_column_inner width=&#8221;1\/2&#8243;][vc_column_text]The [&hellip;]\" \/>\n<meta property=\"og:url\" content=\"https:\/\/www.fld-lille.fr\/en\/the-c3rd\/\" \/>\n<meta property=\"og:site_name\" content=\"Facult\u00e9 de droit\" \/>\n<meta property=\"article:publisher\" content=\"https:\/\/www.facebook.com\/FLDLilleParis\/\" \/>\n<meta property=\"article:modified_time\" content=\"2023-04-28T15:04:56+00:00\" \/>\n<meta name=\"twitter:card\" content=\"summary_large_image\" \/>\n<meta name=\"twitter:label1\" content=\"Est. reading time\" \/>\n\t<meta name=\"twitter:data1\" content=\"4 minutes\" \/>\n<script type=\"application\/ld+json\" class=\"yoast-schema-graph\">{\"@context\":\"https:\\\/\\\/schema.org\",\"@graph\":[{\"@type\":\"WebPage\",\"@id\":\"https:\\\/\\\/www.fld-lille.fr\\\/en\\\/the-c3rd\\\/\",\"url\":\"https:\\\/\\\/www.fld-lille.fr\\\/en\\\/the-c3rd\\\/\",\"name\":\"The C3RD - Facult\u00e9 de droit\",\"isPartOf\":{\"@id\":\"https:\\\/\\\/www.fld-lille.fr\\\/#website\"},\"datePublished\":\"2021-05-06T13:23:41+00:00\",\"dateModified\":\"2023-04-28T15:04:56+00:00\",\"breadcrumb\":{\"@id\":\"https:\\\/\\\/www.fld-lille.fr\\\/en\\\/the-c3rd\\\/#breadcrumb\"},\"inLanguage\":\"en-US\",\"potentialAction\":[{\"@type\":\"ReadAction\",\"target\":[\"https:\\\/\\\/www.fld-lille.fr\\\/en\\\/the-c3rd\\\/\"]}]},{\"@type\":\"BreadcrumbList\",\"@id\":\"https:\\\/\\\/www.fld-lille.fr\\\/en\\\/the-c3rd\\\/#breadcrumb\",\"itemListElement\":[{\"@type\":\"ListItem\",\"position\":1,\"name\":\"Accueil\",\"item\":\"https:\\\/\\\/www.fld-lille.fr\\\/en\\\/\"},{\"@type\":\"ListItem\",\"position\":2,\"name\":\"The C3RD\"}]},{\"@type\":\"WebSite\",\"@id\":\"https:\\\/\\\/www.fld-lille.fr\\\/#website\",\"url\":\"https:\\\/\\\/www.fld-lille.fr\\\/\",\"name\":\"Facult\u00e9 de droit\",\"description\":\"Les facult\u00e9s de l&#039;Universit\u00e9 Catholique de Lille\",\"potentialAction\":[{\"@type\":\"SearchAction\",\"target\":{\"@type\":\"EntryPoint\",\"urlTemplate\":\"https:\\\/\\\/www.fld-lille.fr\\\/?s={search_term_string}\"},\"query-input\":{\"@type\":\"PropertyValueSpecification\",\"valueRequired\":true,\"valueName\":\"search_term_string\"}}],\"inLanguage\":\"en-US\"}]}<\/script>\n<!-- \/ Yoast SEO plugin. -->","yoast_head_json":{"title":"The C3RD - Facult\u00e9 de droit","robots":{"index":"index","follow":"follow","max-snippet":"max-snippet:-1","max-image-preview":"max-image-preview:large","max-video-preview":"max-video-preview:-1"},"canonical":"https:\/\/www.fld-lille.fr\/en\/the-c3rd\/","og_locale":"en_US","og_type":"article","og_title":"The C3RD - Facult\u00e9 de droit","og_description":"[vc_row][vc_column][vc_column_text] The C3RD Research Centre [\/vc_column_text][vc_column_text]The C3RD is the Research Centre on the Relations between Risks and Law, of the Faculty of Law of the Universit\u00e9 Catholique de Lille. It was created in 2006 and counts almost 40 professors and researchers from the Faculty who coordinate their research activities within their areas of expertise.[\/vc_column_text][vc_row_inner][vc_column_inner width=&#8221;1\/2&#8243;][vc_column_text]The [&hellip;]","og_url":"https:\/\/www.fld-lille.fr\/en\/the-c3rd\/","og_site_name":"Facult\u00e9 de droit","article_publisher":"https:\/\/www.facebook.com\/FLDLilleParis\/","article_modified_time":"2023-04-28T15:04:56+00:00","twitter_card":"summary_large_image","twitter_misc":{"Est. reading time":"4 minutes"},"schema":{"@context":"https:\/\/schema.org","@graph":[{"@type":"WebPage","@id":"https:\/\/www.fld-lille.fr\/en\/the-c3rd\/","url":"https:\/\/www.fld-lille.fr\/en\/the-c3rd\/","name":"The C3RD - Facult\u00e9 de droit","isPartOf":{"@id":"https:\/\/www.fld-lille.fr\/#website"},"datePublished":"2021-05-06T13:23:41+00:00","dateModified":"2023-04-28T15:04:56+00:00","breadcrumb":{"@id":"https:\/\/www.fld-lille.fr\/en\/the-c3rd\/#breadcrumb"},"inLanguage":"en-US","potentialAction":[{"@type":"ReadAction","target":["https:\/\/www.fld-lille.fr\/en\/the-c3rd\/"]}]},{"@type":"BreadcrumbList","@id":"https:\/\/www.fld-lille.fr\/en\/the-c3rd\/#breadcrumb","itemListElement":[{"@type":"ListItem","position":1,"name":"Accueil","item":"https:\/\/www.fld-lille.fr\/en\/"},{"@type":"ListItem","position":2,"name":"The C3RD"}]},{"@type":"WebSite","@id":"https:\/\/www.fld-lille.fr\/#website","url":"https:\/\/www.fld-lille.fr\/","name":"Facult\u00e9 de droit","description":"Les facult\u00e9s de l&#039;Universit\u00e9 Catholique de Lille","potentialAction":[{"@type":"SearchAction","target":{"@type":"EntryPoint","urlTemplate":"https:\/\/www.fld-lille.fr\/?s={search_term_string}"},"query-input":{"@type":"PropertyValueSpecification","valueRequired":true,"valueName":"search_term_string"}}],"inLanguage":"en-US"}]}},"_links":{"self":[{"href":"https:\/\/www.fld-lille.fr\/en\/wp-json\/wp\/v2\/pages\/15296","targetHints":{"allow":["GET"]}}],"collection":[{"href":"https:\/\/www.fld-lille.fr\/en\/wp-json\/wp\/v2\/pages"}],"about":[{"href":"https:\/\/www.fld-lille.fr\/en\/wp-json\/wp\/v2\/types\/page"}],"author":[{"embeddable":true,"href":"https:\/\/www.fld-lille.fr\/en\/wp-json\/wp\/v2\/users\/38"}],"replies":[{"embeddable":true,"href":"https:\/\/www.fld-lille.fr\/en\/wp-json\/wp\/v2\/comments?post=15296"}],"version-history":[{"count":6,"href":"https:\/\/www.fld-lille.fr\/en\/wp-json\/wp\/v2\/pages\/15296\/revisions"}],"predecessor-version":[{"id":24020,"href":"https:\/\/www.fld-lille.fr\/en\/wp-json\/wp\/v2\/pages\/15296\/revisions\/24020"}],"wp:attachment":[{"href":"https:\/\/www.fld-lille.fr\/en\/wp-json\/wp\/v2\/media?parent=15296"}],"curies":[{"name":"wp","href":"https:\/\/api.w.org\/{rel}","templated":true}]}}